{"id":10093,"date":"2022-07-05T20:04:46","date_gmt":"2022-07-05T18:04:46","guid":{"rendered":"https:\/\/easyoriginal.com\/?post_type=product&#038;p=10093"},"modified":"2024-01-04T13:49:15","modified_gmt":"2024-01-04T12:49:15","slug":"el-castillo-de-iras-y-no-volveras-the-castle-of-you-will-go-and-not-return","status":"publish","type":"product","link":"https:\/\/easyoriginal.com\/en\/shop\/spanisch-englisch\/el-castillo-de-iras-y-no-volveras-the-castle-of-you-will-go-and-not-return\/","title":{"rendered":"El \u00abCastillo de Ir\u00e1s y No Volver\u00e1s\u00bb \/ The Castle of \u2018You-will-go-and-not-return\u2019"},"content":{"rendered":"<div class=\"adapted-container\">\n<p class=\"Adapted\" lang=\"de-DE\"><span class=\"Bold CharOverride-1\">\u00c9rase que se era <\/span><span class=\"Translation CharOverride-1\">(once upon a time there lived: &quot;<\/span><span class=\"No-Break\"><span class=\"Translation CharOverride-1\">\/i<\/span><\/span><span class=\"Translation CharOverride-1\">t<\/span><span class=\"No-Break\"><span class=\"Translation CharOverride-1\">\/ <\/span><\/span><span class=\"Translation CharOverride-1\">was that it was&quot;)<\/span><span class=\"Bold CharOverride-1\"> un pobrecito pescador <\/span><span class=\"Translation CharOverride-1\">(a poor little fisherma<\/span><span class=\"No-Break\"><span class=\"Translation CharOverride-1\">n;<\/span><\/span><span class=\"Translation\"><span class=\"Comment-Words CharOverride-1\"> pobre<\/span><\/span><span class=\"Translation\"><span class=\"No-Break\"><span class=\"Comment-Words CharOverride-1\"> <\/span><\/span><\/span><span class=\"No-Break\"><span class=\"Translation CharOverride-1\">\u2014<\/span><\/span><span class=\"Translation\"><span class=\"Comment-Words CharOverride-1\"> <\/span><\/span><span class=\"Translation\"><span class=\"Comments CharOverride-1\">poor<\/span><\/span><span class=\"Translation CharOverride-1\">)<\/span><span class=\"Bold CharOverride-1\"> que viv\u00eda en una choza miserable <\/span><span class=\"Translation CharOverride-1\">(who lived in a miserable hu<\/span><span class=\"No-Break\"><span class=\"Translation CharOverride-1\">t;<\/span><\/span><span class=\"Translation CharOverride-1\"> <\/span><span class=\"Translation\"><span class=\"Comments CharOverride-1\">vivir<\/span><\/span><span class=\"Translation CharOverride-1\">)<\/span><span class=\"Bold CharOverride-1\"> acompa\u00f1ado de su mujer y tres hijos <\/span><span class=\"Translation CharOverride-1\">(together with: &quot;accompanied by&quot; his wife and three sons)<\/span><span class=\"Bold CharOverride-1\">, y sin m\u00e1s bienes de fortuna <\/span><span class=\"Translation CharOverride-1\">(and no more belongings: &quot;goods of fortune&quot;<\/span><span class=\"Translation CharOverride-1\">)<\/span><span class=\"Bold CharOverride-1\"> que una red remendada por cien sitios <\/span><span class=\"Translation CharOverride-1\">(than a net patched<\/span><span class=\"No-Break\"><span class=\"Translation CharOverride-1\">\/m<\/span><\/span><span class=\"Translation CharOverride-1\">ended in a hundred place<\/span><span class=\"No-Break\"><span class=\"Translation CharOverride-1\">s;<\/span><\/span><span class=\"Translation\"><span class=\"Comment-Words CharOverride-1\"> remendar<\/span><\/span><span class=\"Translation\"><span class=\"No-Break\"><span class=\"Comment-Words CharOverride-1\"> <\/span><\/span><\/span><span class=\"No-Break\"><span class=\"Translation CharOverride-1\">\u2014<\/span><\/span><span class=\"Translation\"><span class=\"Comment-Words CharOverride-1\"> <\/span><\/span><span class=\"Translation\"><span class=\"Comments CharOverride-1\">to patch up, mend<\/span><\/span><span class=\"Translation CharOverride-1\">)<\/span><span class=\"Bold CharOverride-1\">, una ca\u00f1a larga <\/span><span class=\"Translation CharOverride-1\">(a long fishing ro<\/span><span class=\"No-Break\"><span class=\"Translation CharOverride-1\">d;<\/span><\/span><span class=\"Translation CharOverride-1\"> <\/span><span class=\"Translation\"><span class=\"Comment-Words CharOverride-1\">ca\u00f1a<\/span><\/span><span class=\"Translation\"><span class=\"Gender CharOverride-2\">f<\/span><\/span><span class=\"Translation\"><span class=\"No-Break\"><span class=\"Comments CharOverride-1\"> \u2014<\/span><\/span><\/span><span class=\"Translation\"><span class=\"Comments CharOverride-1\"> rod, cane<\/span><\/span><span class=\"Translation CharOverride-1\">)<\/span><span class=\"Bold CharOverride-1\">, su aparejo y su anzuelo <\/span><span class=\"Translation CharOverride-1\">(his tackle and his <\/span><span class=\"No-Break\"><span class=\"Translation CharOverride-1\">\/f<\/span><\/span><span class=\"Translation CharOverride-1\">ish<\/span><span class=\"No-Break\"><span class=\"Translation CharOverride-1\">\/ <\/span><\/span><span class=\"Translation CharOverride-1\">hook)<\/span><span class=\"Bold CharOverride-1\">.<\/span><\/p>\n<p class=\"Adapted\" lang=\"de-DE\"><span class=\"Bold CharOverride-1\">Una ma\u00f1ana <\/span><span class=\"Translation CharOverride-1\">(one morning)<\/span><span class=\"Bold CharOverride-1\">, muy temprano <\/span><span class=\"Translation CharOverride-1\">(very early)<\/span><span class=\"Bold CharOverride-1\">, sali\u00f3 el pescador camino de la playa <\/span><span class=\"Translation CharOverride-1\">(the fisherman set out <\/span><span class=\"No-Break\"><span class=\"Translation CharOverride-1\">\/o<\/span><\/span><span class=\"Translation CharOverride-1\">n the<\/span><span class=\"No-Break\"><span class=\"Translation CharOverride-1\">\/ <\/span><\/span><span class=\"Translation CharOverride-1\">path to the beac<\/span><span class=\"No-Break\"><span class=\"Translation CharOverride-1\">h;<\/span><\/span><span class=\"Translation\"><span class=\"Comment-Words CharOverride-1\"> salir<\/span><\/span><span class=\"Translation\"><span class=\"No-Break\"><span class=\"Comment-Words CharOverride-1\"> <\/span><\/span><\/span><span class=\"No-Break\"><span class=\"Translation CharOverride-1\">\u2014<\/span><\/span><span class=\"Translation\"><span class=\"Comment-Words CharOverride-1\"> <\/span><\/span><span class=\"Translation\"><span class=\"Comments CharOverride-1\">to leave, go out<\/span><\/span><span class=\"Translation CharOverride-1\">)<\/span><span class=\"Bold CharOverride-1\"> con el est\u00f3mago vac\u00edo <\/span><span class=\"Translation CharOverride-1\">(with an empty stomach)<\/span><span class=\"Bold CharOverride-1\">, la cabeza baja <\/span><span class=\"Translation CharOverride-1\">(<\/span><span class=\"No-Break\"><span class=\"Translation CharOverride-1\">\/h<\/span><\/span><span class=\"Translation CharOverride-1\">is<\/span><span class=\"No-Break\"><span class=\"Translation CharOverride-1\">\/ <\/span><\/span><span class=\"Translation CharOverride-1\">head dow<\/span><span class=\"No-Break\"><span class=\"Translation CharOverride-1\">n;<\/span><\/span><span class=\"Translation\"><span class=\"Comment-Words CharOverride-1\"> bajo<\/span><\/span><span class=\"Translation\"><span class=\"No-Break\"><span class=\"Comment-Words CharOverride-1\"> <\/span><\/span><\/span><span class=\"No-Break\"><span class=\"Translation CharOverride-1\">\u2014<\/span><\/span><span class=\"Translation\"><span class=\"Comment-Words CharOverride-1\"> <\/span><\/span><span class=\"Translation\"><span class=\"Comments CharOverride-1\">low<\/span><\/span><span class=\"Translation CharOverride-1\">)<\/span><span class=\"Bold CharOverride-1\">, descorazonado <\/span><span class=\"Translation CharOverride-1\">(disheartene<\/span><span class=\"No-Break\"><span class=\"Translation CharOverride-1\">d;<\/span><\/span><span class=\"Translation\"><span class=\"Comment-Words CharOverride-1\"> coraz\u00f3n<\/span><\/span><span class=\"Translation\"><span class=\"Gender CharOverride-2\">m<\/span><\/span><span class=\"Translation\"><span class=\"No-Break\"><span class=\"Comment-Words CharOverride-1\"> <\/span><\/span><\/span><span class=\"No-Break\"><span class=\"Translation CharOverride-1\">\u2014<\/span><\/span><span class=\"Translation\"><span class=\"Comment-Words CharOverride-1\"> <\/span><\/span><span class=\"Translation\"><span class=\"Comments CharOverride-1\">hear<\/span><\/span><span class=\"Translation\"><span class=\"No-Break\"><span class=\"Comments CharOverride-1\">t;<\/span><\/span><\/span><span class=\"Translation\"><span class=\"Comments CharOverride-1\"> descorazonar<\/span><\/span><span class=\"Translation CharOverride-1\">)<\/span><span class=\"Bold CharOverride-1\">, y cargado con los trebejos de pescar <\/span><span class=\"Translation CharOverride-1\">(and loaded with <\/span><span class=\"No-Break\"><span class=\"Translation CharOverride-1\">\/h<\/span><\/span><span class=\"Translation CharOverride-1\">is<\/span><span class=\"No-Break\"><span class=\"Translation CharOverride-1\">\/t<\/span><\/span><span class=\"Translation CharOverride-1\">ools for fishin<\/span><span class=\"No-Break\"><span class=\"Translation CharOverride-1\">g;<\/span><\/span><span class=\"Translation\"><span class=\"Comment-Words CharOverride-1\"> pez<\/span><\/span><span class=\"Translation\"><span class=\"Gender CharOverride-2\">m<\/span><\/span><span class=\"Translation\"><span class=\"No-Break\"><span class=\"Comment-Words CharOverride-1\"> <\/span><\/span><\/span><span class=\"No-Break\"><span class=\"Translation CharOverride-1\">\u2014<\/span><\/span><span class=\"Translation\"><span class=\"Comment-Words CharOverride-1\"> <\/span><\/span><span class=\"Translation\"><span class=\"Comments CharOverride-1\">fis<\/span><\/span><span class=\"Translation\"><span class=\"No-Break\"><span class=\"Comments CharOverride-1\">h<\/span><\/span><\/span><span class=\"No-Break\"><span class=\"Translation CharOverride-1\">;<\/span><\/span><span class=\"Translation\"><span class=\"Comment-Words CharOverride-1\"> pescar<\/span><\/span><span class=\"Translation\"><span class=\"No-Break\"><span class=\"Comment-Words CharOverride-1\"> <\/span><\/span><\/span><span class=\"No-Break\"><span class=\"Translation CharOverride-1\">\u2014<\/span><\/span><span class=\"Translation\"><span class=\"Comment-Words CharOverride-1\"> <\/span><\/span><span class=\"Translation\"><span class=\"Comments CharOverride-1\">to fish, net<\/span><\/span><span class=\"Translation CharOverride-1\">)<\/span><span class=\"Bold CharOverride-1\">.<\/span><\/p>\n<\/div>\n<audio class=\"wp-audio-shortcode\" id=\"audio-10093-1\" preload=\"none\" style=\"width: 100%;\" controls=\"controls\"><source type=\"audio\/mpeg\" src=\"https:\/\/easyoriginal1.s3.eu-central-1.amazonaws.com\/spanisch\/s8\/1.mp3?_=1\" \/><a href=\"https:\/\/easyoriginal1.s3.eu-central-1.amazonaws.com\/spanisch\/s8\/1.mp3\">https:\/\/easyoriginal1.s3.eu-central-1.amazonaws.com\/spanisch\/s8\/1.mp3<\/a><\/audio>\n<div class=\"original-container\">\n<p class=\"Original\"><span class=\"CharOverride-1\">\u00c9rase que se era un pobrecito pescador que viv\u00eda en una choza miserable acompa\u00f1ado de su mujer y tres hijos, y sin m\u00e1s bienes de fortuna que una red remendada por cien sitios, una ca\u00f1a larga, su aparejo y su anzuelo.<\/span><\/p>\n<p class=\"Original\"><span class=\"CharOverride-1\">Una ma\u00f1ana, muy temprano, sali\u00f3 el pescador camino de la playa con el est\u00f3mago vac\u00edo, la cabeza baja, descorazonado, y cargado con los trebejos de pescar.<\/span><\/p>\n<\/div>","protected":false},"excerpt":{"rendered":"<p>Spanish fairy tale &#8211; &#8222;El \u00abCastillo de Ir\u00e1s y No Volver\u00e1s\u00bb&#8220; (&#8222;The Castle of \u2018You-will-go-and-not-return\u2019&#8220;).<br \/>\nUnabridged original text. Bilingual book Spanish-English.<\/p>\n<p><a class=\"lpdf\" href=\"\/sample\/cuentos_El_Castillo_Sample_EasyOriginal-com.pdf\" target=\"_blank\" rel=\"noopener noreferrer\">Reading Sample (PDF)<\/a><\/p>","protected":false},"featured_media":10053,"comment_status":"open","ping_status":"closed","template":"","meta":{"_acf_changed":false,"_et_pb_use_builder":"off","_et_pb_old_content":"<div class=\"adapted-container\">\r\n<p class=\"Adapted\"><span class=\"Bold\">Hace mucho tiempo que ten\u00eda ganas de escribir <\/span><span class=\"Translation\">(seit langer Zeit hatte ich Lust zu schreiben; <\/span><span class=\"Translation\"><span class=\"Comment-Words\">tener<\/span><\/span><span class=\"Translation\"><span class=\"Comments\"> \u2014 haben<\/span><\/span><span class=\"Translation\">)<\/span><span class=\"Bold\"> cualquier cosa con este t\u00edtulo <\/span><span class=\"Translation\">(irgendetwas mit diesem Titel)<\/span><span class=\"Bold\">.<\/span><\/p>\r\n<p class=\"Adapted\"><span class=\"Bold\">Hoy<a id=\"_idTextAnchor001\"><\/a>, que se me ha presentado ocasi\u00f3n <\/span><span class=\"Translation\">(heute, wo sich mir \/eine\/ Gelegenheit geboten hat; <\/span><span class=\"Translation\"><span class=\"Comment-Words\">presentar<\/span><\/span><span class=\"Translation\"><span class=\"Comments\"> \u2014 zeigen; vorstellen<\/span><\/span><span class=\"Translation\">)<\/span><span class=\"Bold\">, lo he puesto con letras grandes <\/span><span class=\"Translation\">(das habe ich in gro\u00dfen Buchstaben gesetzt = habe ich es in Gro\u00dfbuchstaben gesetzt; <\/span><span class=\"Translation\"><span class=\"Comment-Words\">poner<\/span><\/span><span class=\"Translation\"><span class=\"Comments\"> \u2014 setzen; stellen; legen<\/span><\/span><span class=\"Translation\">)<\/span><span class=\"Bold\"> en la primera cuartilla de papel <\/span><span class=\"Translation\">(auf das erste Blatt: \u00abauf das erste Viertelpapier\u00bb; <\/span><span class=\"Translation\"><span class=\"Comment-Words\">cuarto<\/span><\/span><span class=\"Translation\"><span class=\"Gender _idGenCharOverride-1\">m <\/span><\/span><span class=\"Translation\"><span class=\"Comments\">\u2014 Viertel<\/span><\/span><span class=\"Translation\">)<\/span><span class=\"Bold\">, y luego he dejado a capricho volar la pluma <\/span><span class=\"Translation\">(und dann habe ich nach Belieben die Feder fliegen lassen; <\/span><span class=\"Translation\"><span class=\"Comment-Words\">dejar<\/span><\/span><span class=\"Translation\"><span class=\"Comments\"> \u2014 lassen; <\/span><\/span><span class=\"Translation\"><span class=\"Comment-Words\">capricho<\/span><\/span><span class=\"Translation\"><span class=\"Gender _idGenCharOverride-1\">m <\/span><\/span><span class=\"Translation\"><span class=\"Comments\">\u2014 Laune<\/span><\/span><span class=\"Translation\">)<\/span><span class=\"Bold\">.<\/span><\/p>\r\n\r\n<\/div>\r\n[audio mp3=\"https:\/\/easyoriginal1.s3.eu-central-1.amazonaws.com\/spanisch\/s1\/1.mp3\"][\/audio]\r\n<div class=\"original-container\">\r\n<p class=\"Original\">Hace mucho tiempo que ten\u00eda ganas de escribir cualquier cosa con este t\u00edtulo.<\/p>\r\n<p class=\"Original\">Hoy, que se me ha presentado ocasi\u00f3n, lo he puesto con letras grandes en la primera cuartilla de papel, y luego he dejado a capricho volar la pluma.<\/p>\r\n\r\n<\/div>\r\n<a class=\"weiter\" href=\"\/webreader\/los-ojos-verdes\/fragment\/1-4-2\/\">weiter lesen<\/a>","_et_gb_content_width":""},"product_brand":[],"product_cat":[190],"product_tag":[],"class_list":{"0":"post-10093","1":"product","2":"type-product","3":"status-publish","4":"has-post-thumbnail","6":"product_cat-spanisch-englisch","8":"first","9":"instock","10":"taxable","11":"shipping-taxable","12":"purchasable","13":"product-type-variable"},"acf":[],"yoast_head":"<!-- This site is optimized with the Yoast SEO plugin v27.3 - https:\/\/yoast.com\/product\/yoast-seo-wordpress\/ -->\n<title>El \u00abCastillo de Ir\u00e1s y No Volver\u00e1s\u00bb \/ The Castle of \u2018You-will-go-and-not-return\u2019 - EasyOriginal.com<\/title>\n<meta name=\"robots\" content=\"index, follow, max-snippet:-1, max-image-preview:large, max-video-preview:-1\" \/>\n<link rel=\"canonical\" href=\"https:\/\/easyoriginal.com\/en\/shop\/spanisch-englisch\/el-castillo-de-iras-y-no-volveras-the-castle-of-you-will-go-and-not-return\/\" \/>\n<meta property=\"og:locale\" content=\"en_GB\" \/>\n<meta property=\"og:type\" content=\"article\" \/>\n<meta property=\"og:title\" content=\"El \u00abCastillo de Ir\u00e1s y No Volver\u00e1s\u00bb \/ The Castle of \u2018You-will-go-and-not-return\u2019 - EasyOriginal.com\" \/>\n<meta property=\"og:description\" content=\"Spanish fairy tale - &quot;El \u00abCastillo de Ir\u00e1s y No Volver\u00e1s\u00bb&quot; (&quot;The Castle of \u2018You-will-go-and-not-return\u2019&quot;). Unabridged original text. Bilingual book Spanish-English.  Reading Sample (PDF)\" \/>\n<meta property=\"og:url\" content=\"https:\/\/easyoriginal.com\/en\/shop\/spanisch-englisch\/el-castillo-de-iras-y-no-volveras-the-castle-of-you-will-go-and-not-return\/\" \/>\n<meta property=\"og:site_name\" content=\"EasyOriginal.com\" \/>\n<meta property=\"article:modified_time\" content=\"2024-01-04T12:49:15+00:00\" \/>\n<meta property=\"og:image\" content=\"https:\/\/easyoriginal.com\/wp-content\/uploads\/cuentos_El_Castillo.jpg\" \/>\n\t<meta property=\"og:image:width\" content=\"468\" \/>\n\t<meta property=\"og:image:height\" content=\"702\" \/>\n\t<meta property=\"og:image:type\" content=\"image\/jpeg\" \/>\n<meta name=\"twitter:card\" content=\"summary_large_image\" \/>\n<meta name=\"twitter:label1\" content=\"Estimated reading time\" \/>\n\t<meta name=\"twitter:data1\" content=\"2 minutes\" \/>\n<script type=\"application\/ld+json\" class=\"yoast-schema-graph\">{\"@context\":\"https:\\\/\\\/schema.org\",\"@graph\":[{\"@type\":\"WebPage\",\"@id\":\"https:\\\/\\\/easyoriginal.com\\\/shop\\\/spanisch-englisch\\\/el-castillo-de-iras-y-no-volveras-the-castle-of-you-will-go-and-not-return\\\/\",\"url\":\"https:\\\/\\\/easyoriginal.com\\\/shop\\\/spanisch-englisch\\\/el-castillo-de-iras-y-no-volveras-the-castle-of-you-will-go-and-not-return\\\/\",\"name\":\"El \u00abCastillo de Ir\u00e1s y No Volver\u00e1s\u00bb \\\/ The Castle of \u2018You-will-go-and-not-return\u2019 - EasyOriginal.com\",\"isPartOf\":{\"@id\":\"https:\\\/\\\/easyoriginal.com\\\/#website\"},\"primaryImageOfPage\":{\"@id\":\"https:\\\/\\\/easyoriginal.com\\\/shop\\\/spanisch-englisch\\\/el-castillo-de-iras-y-no-volveras-the-castle-of-you-will-go-and-not-return\\\/#primaryimage\"},\"image\":{\"@id\":\"https:\\\/\\\/easyoriginal.com\\\/shop\\\/spanisch-englisch\\\/el-castillo-de-iras-y-no-volveras-the-castle-of-you-will-go-and-not-return\\\/#primaryimage\"},\"thumbnailUrl\":\"https:\\\/\\\/easyoriginal.com\\\/wp-content\\\/uploads\\\/cuentos_El_Castillo.jpg\",\"datePublished\":\"2022-07-05T18:04:46+00:00\",\"dateModified\":\"2024-01-04T12:49:15+00:00\",\"breadcrumb\":{\"@id\":\"https:\\\/\\\/easyoriginal.com\\\/shop\\\/spanisch-englisch\\\/el-castillo-de-iras-y-no-volveras-the-castle-of-you-will-go-and-not-return\\\/#breadcrumb\"},\"inLanguage\":\"en-GB\",\"potentialAction\":[{\"@type\":\"ReadAction\",\"target\":[\"https:\\\/\\\/easyoriginal.com\\\/shop\\\/spanisch-englisch\\\/el-castillo-de-iras-y-no-volveras-the-castle-of-you-will-go-and-not-return\\\/\"]}]},{\"@type\":\"ImageObject\",\"inLanguage\":\"en-GB\",\"@id\":\"https:\\\/\\\/easyoriginal.com\\\/shop\\\/spanisch-englisch\\\/el-castillo-de-iras-y-no-volveras-the-castle-of-you-will-go-and-not-return\\\/#primaryimage\",\"url\":\"https:\\\/\\\/easyoriginal.com\\\/wp-content\\\/uploads\\\/cuentos_El_Castillo.jpg\",\"contentUrl\":\"https:\\\/\\\/easyoriginal.com\\\/wp-content\\\/uploads\\\/cuentos_El_Castillo.jpg\",\"width\":468,\"height\":702},{\"@type\":\"BreadcrumbList\",\"@id\":\"https:\\\/\\\/easyoriginal.com\\\/shop\\\/spanisch-englisch\\\/el-castillo-de-iras-y-no-volveras-the-castle-of-you-will-go-and-not-return\\\/#breadcrumb\",\"itemListElement\":[{\"@type\":\"ListItem\",\"position\":1,\"name\":\"Startseite\",\"item\":\"https:\\\/\\\/easyoriginal.com\\\/\"},{\"@type\":\"ListItem\",\"position\":2,\"name\":\"Shop\",\"item\":\"https:\\\/\\\/easyoriginal.com\\\/shop\\\/\"},{\"@type\":\"ListItem\",\"position\":3,\"name\":\"El \u00abCastillo de Ir\u00e1s y No Volver\u00e1s\u00bb \\\/ The Castle of \u2018You-will-go-and-not-return\u2019\"}]},{\"@type\":\"WebSite\",\"@id\":\"https:\\\/\\\/easyoriginal.com\\\/#website\",\"url\":\"https:\\\/\\\/easyoriginal.com\\\/\",\"name\":\"EasyOriginal.com\",\"description\":\"Spa\u00df am Lesen im Original - Innovative Lesemethode f\u00fcr Fremdsprachen\",\"publisher\":{\"@id\":\"https:\\\/\\\/easyoriginal.com\\\/#organization\"},\"potentialAction\":[{\"@type\":\"SearchAction\",\"target\":{\"@type\":\"EntryPoint\",\"urlTemplate\":\"https:\\\/\\\/easyoriginal.com\\\/?s={search_term_string}\"},\"query-input\":{\"@type\":\"PropertyValueSpecification\",\"valueRequired\":true,\"valueName\":\"search_term_string\"}}],\"inLanguage\":\"en-GB\"},{\"@type\":\"Organization\",\"@id\":\"https:\\\/\\\/easyoriginal.com\\\/#organization\",\"name\":\"EasyOriginal Verlag\",\"url\":\"https:\\\/\\\/easyoriginal.com\\\/\",\"logo\":{\"@type\":\"ImageObject\",\"inLanguage\":\"en-GB\",\"@id\":\"https:\\\/\\\/easyoriginal.com\\\/#\\\/schema\\\/logo\\\/image\\\/\",\"url\":\"https:\\\/\\\/easyoriginal.com\\\/wp-content\\\/uploads\\\/2020\\\/08\\\/logo_main.png\",\"contentUrl\":\"https:\\\/\\\/easyoriginal.com\\\/wp-content\\\/uploads\\\/2020\\\/08\\\/logo_main.png\",\"width\":500,\"height\":103,\"caption\":\"EasyOriginal Verlag\"},\"image\":{\"@id\":\"https:\\\/\\\/easyoriginal.com\\\/#\\\/schema\\\/logo\\\/image\\\/\"}}]}<\/script>\n<!-- \/ Yoast SEO plugin. -->","yoast_head_json":{"title":"El \u00abCastillo de Ir\u00e1s y No Volver\u00e1s\u00bb \/ The Castle of \u2018You-will-go-and-not-return\u2019 - EasyOriginal.com","robots":{"index":"index","follow":"follow","max-snippet":"max-snippet:-1","max-image-preview":"max-image-preview:large","max-video-preview":"max-video-preview:-1"},"canonical":"https:\/\/easyoriginal.com\/en\/shop\/spanisch-englisch\/el-castillo-de-iras-y-no-volveras-the-castle-of-you-will-go-and-not-return\/","og_locale":"en_GB","og_type":"article","og_title":"El \u00abCastillo de Ir\u00e1s y No Volver\u00e1s\u00bb \/ The Castle of \u2018You-will-go-and-not-return\u2019 - EasyOriginal.com","og_description":"Spanish fairy tale - \"El \u00abCastillo de Ir\u00e1s y No Volver\u00e1s\u00bb\" (\"The Castle of \u2018You-will-go-and-not-return\u2019\"). Unabridged original text. Bilingual book Spanish-English.  Reading Sample (PDF)","og_url":"https:\/\/easyoriginal.com\/en\/shop\/spanisch-englisch\/el-castillo-de-iras-y-no-volveras-the-castle-of-you-will-go-and-not-return\/","og_site_name":"EasyOriginal.com","article_modified_time":"2024-01-04T12:49:15+00:00","og_image":[{"width":468,"height":702,"url":"https:\/\/easyoriginal.com\/wp-content\/uploads\/cuentos_El_Castillo.jpg","type":"image\/jpeg"}],"twitter_card":"summary_large_image","twitter_misc":{"Estimated reading time":"2 minutes"},"schema":{"@context":"https:\/\/schema.org","@graph":[{"@type":"WebPage","@id":"https:\/\/easyoriginal.com\/shop\/spanisch-englisch\/el-castillo-de-iras-y-no-volveras-the-castle-of-you-will-go-and-not-return\/","url":"https:\/\/easyoriginal.com\/shop\/spanisch-englisch\/el-castillo-de-iras-y-no-volveras-the-castle-of-you-will-go-and-not-return\/","name":"El \u00abCastillo de Ir\u00e1s y No Volver\u00e1s\u00bb \/ The Castle of \u2018You-will-go-and-not-return\u2019 - EasyOriginal.com","isPartOf":{"@id":"https:\/\/easyoriginal.com\/#website"},"primaryImageOfPage":{"@id":"https:\/\/easyoriginal.com\/shop\/spanisch-englisch\/el-castillo-de-iras-y-no-volveras-the-castle-of-you-will-go-and-not-return\/#primaryimage"},"image":{"@id":"https:\/\/easyoriginal.com\/shop\/spanisch-englisch\/el-castillo-de-iras-y-no-volveras-the-castle-of-you-will-go-and-not-return\/#primaryimage"},"thumbnailUrl":"https:\/\/easyoriginal.com\/wp-content\/uploads\/cuentos_El_Castillo.jpg","datePublished":"2022-07-05T18:04:46+00:00","dateModified":"2024-01-04T12:49:15+00:00","breadcrumb":{"@id":"https:\/\/easyoriginal.com\/shop\/spanisch-englisch\/el-castillo-de-iras-y-no-volveras-the-castle-of-you-will-go-and-not-return\/#breadcrumb"},"inLanguage":"en-GB","potentialAction":[{"@type":"ReadAction","target":["https:\/\/easyoriginal.com\/shop\/spanisch-englisch\/el-castillo-de-iras-y-no-volveras-the-castle-of-you-will-go-and-not-return\/"]}]},{"@type":"ImageObject","inLanguage":"en-GB","@id":"https:\/\/easyoriginal.com\/shop\/spanisch-englisch\/el-castillo-de-iras-y-no-volveras-the-castle-of-you-will-go-and-not-return\/#primaryimage","url":"https:\/\/easyoriginal.com\/wp-content\/uploads\/cuentos_El_Castillo.jpg","contentUrl":"https:\/\/easyoriginal.com\/wp-content\/uploads\/cuentos_El_Castillo.jpg","width":468,"height":702},{"@type":"BreadcrumbList","@id":"https:\/\/easyoriginal.com\/shop\/spanisch-englisch\/el-castillo-de-iras-y-no-volveras-the-castle-of-you-will-go-and-not-return\/#breadcrumb","itemListElement":[{"@type":"ListItem","position":1,"name":"Startseite","item":"https:\/\/easyoriginal.com\/"},{"@type":"ListItem","position":2,"name":"Shop","item":"https:\/\/easyoriginal.com\/shop\/"},{"@type":"ListItem","position":3,"name":"El \u00abCastillo de Ir\u00e1s y No Volver\u00e1s\u00bb \/ The Castle of \u2018You-will-go-and-not-return\u2019"}]},{"@type":"WebSite","@id":"https:\/\/easyoriginal.com\/#website","url":"https:\/\/easyoriginal.com\/","name":"EasyOriginal.com","description":"Spa\u00df am Lesen im Original - Innovative Lesemethode f\u00fcr Fremdsprachen","publisher":{"@id":"https:\/\/easyoriginal.com\/#organization"},"potentialAction":[{"@type":"SearchAction","target":{"@type":"EntryPoint","urlTemplate":"https:\/\/easyoriginal.com\/?s={search_term_string}"},"query-input":{"@type":"PropertyValueSpecification","valueRequired":true,"valueName":"search_term_string"}}],"inLanguage":"en-GB"},{"@type":"Organization","@id":"https:\/\/easyoriginal.com\/#organization","name":"EasyOriginal Verlag","url":"https:\/\/easyoriginal.com\/","logo":{"@type":"ImageObject","inLanguage":"en-GB","@id":"https:\/\/easyoriginal.com\/#\/schema\/logo\/image\/","url":"https:\/\/easyoriginal.com\/wp-content\/uploads\/2020\/08\/logo_main.png","contentUrl":"https:\/\/easyoriginal.com\/wp-content\/uploads\/2020\/08\/logo_main.png","width":500,"height":103,"caption":"EasyOriginal Verlag"},"image":{"@id":"https:\/\/easyoriginal.com\/#\/schema\/logo\/image\/"}}]}},"_links":{"self":[{"href":"https:\/\/easyoriginal.com\/en\/wp-json\/wp\/v2\/product\/10093","targetHints":{"allow":["GET"]}}],"collection":[{"href":"https:\/\/easyoriginal.com\/en\/wp-json\/wp\/v2\/product"}],"about":[{"href":"https:\/\/easyoriginal.com\/en\/wp-json\/wp\/v2\/types\/product"}],"replies":[{"embeddable":true,"href":"https:\/\/easyoriginal.com\/en\/wp-json\/wp\/v2\/comments?post=10093"}],"wp:featuredmedia":[{"embeddable":true,"href":"https:\/\/easyoriginal.com\/en\/wp-json\/wp\/v2\/media\/10053"}],"wp:attachment":[{"href":"https:\/\/easyoriginal.com\/en\/wp-json\/wp\/v2\/media?parent=10093"}],"wp:term":[{"taxonomy":"product_brand","embeddable":true,"href":"https:\/\/easyoriginal.com\/en\/wp-json\/wp\/v2\/product_brand?post=10093"},{"taxonomy":"product_cat","embeddable":true,"href":"https:\/\/easyoriginal.com\/en\/wp-json\/wp\/v2\/product_cat?post=10093"},{"taxonomy":"product_tag","embeddable":true,"href":"https:\/\/easyoriginal.com\/en\/wp-json\/wp\/v2\/product_tag?post=10093"}],"curies":[{"name":"wp","href":"https:\/\/api.w.org\/{rel}","templated":true}]}}