{"id":10078,"date":"2022-07-05T19:35:07","date_gmt":"2022-07-05T17:35:07","guid":{"rendered":"https:\/\/easyoriginal.com\/?post_type=product&#038;p=10078"},"modified":"2024-01-04T13:47:41","modified_gmt":"2024-01-04T12:47:41","slug":"los-caballeros-del-pez-the-knights-of-the-fish","status":"publish","type":"product","link":"https:\/\/easyoriginal.com\/en\/shop\/spanisch-englisch\/los-caballeros-del-pez-the-knights-of-the-fish\/","title":{"rendered":"Los caballeros del pez \/ The Knights of the Fish"},"content":{"rendered":"<div class=\"adapted-container\">\n<p class=\"Adapted\"><span class=\"Bold\">\u00c9rase vez y vez <\/span><span class=\"Translation\">(once upon a time there was: &quot;there was once a time and time<\/span><span class=\"No-Break\"><span class=\"Translation\">&quot;;<\/span><\/span><span class=\"Translation\"><span class=\"Comment-Words\"> ser<\/span><\/span><span class=\"Translation\"><span class=\"No-Break\"><span class=\"Comment-Words\"> <\/span><\/span><\/span><span class=\"No-Break\"><span class=\"Translation\">\u2014<\/span><\/span><span class=\"Translation\"><span class=\"Comment-Words\"> <\/span><\/span><span class=\"Translation\"><span class=\"Comments\">to be<\/span><\/span><span class=\"Translation\">)<\/span><span class=\"Bold\"> un pobre zapatero remend\u00f3n <\/span><span class=\"Translation\">(a poor cobble<\/span><span class=\"No-Break\"><span class=\"Translation\">r;<\/span><\/span><span class=\"Translation\"><span class=\"Comment-Words\"> zapato<\/span><\/span><span class=\"Translation\"><span class=\"Gender _idGenCharOverride-1\">m<\/span><\/span><span class=\"Translation\"><span class=\"No-Break\"><span class=\"Comment-Words\"> <\/span><\/span><\/span><span class=\"No-Break\"><span class=\"Translation\">\u2014<\/span><\/span><span class=\"Translation\"><span class=\"Comment-Words\"> <\/span><\/span><span class=\"Translation\"><span class=\"Comments\">sho<\/span><\/span><span class=\"Translation\"><span class=\"No-Break\"><span class=\"Comments\">e<\/span><\/span><\/span><span class=\"No-Break\"><span class=\"Translation\">;<\/span><\/span><span class=\"Translation\"><span class=\"Comment-Words\"> remendar<\/span><\/span><span class=\"Translation\"><span class=\"No-Break\"><span class=\"Comment-Words\"> <\/span><\/span><\/span><span class=\"No-Break\"><span class=\"Translation\">\u2014<\/span><\/span><span class=\"Translation\"><span class=\"Comment-Words\"> <\/span><\/span><span class=\"Translation\"><span class=\"Comments\">to repai<\/span><\/span><span class=\"Translation\"><span class=\"No-Break\"><span class=\"Comments\">r;<\/span><\/span><\/span><span class=\"Translation\"><span class=\"Comments\"> mend<\/span><\/span><span class=\"Translation\">)<\/span><span class=\"Bold\">, que no ganaba nada en su oficio <\/span><span class=\"Translation\">(who earned nothing by his craf<\/span><span class=\"No-Break\"><span class=\"Translation\">t;<\/span><\/span><span class=\"Translation\"><span class=\"Comment-Words\"> ganar<\/span><\/span><span class=\"Translation\"><span class=\"No-Break\"><span class=\"Comment-Words\"> <\/span><\/span><\/span><span class=\"No-Break\"><span class=\"Translation\">\u2014<\/span><\/span><span class=\"Translation\"><span class=\"Comment-Words\"> <\/span><\/span><span class=\"Translation\"><span class=\"Comments\">to ear<\/span><\/span><span class=\"Translation\"><span class=\"No-Break\"><span class=\"Comments\">n<\/span><\/span><\/span><span class=\"No-Break\"><span class=\"Translation\">;<\/span><\/span><span class=\"Translation\"><span class=\"Comment-Words\"> oficio<\/span><\/span><span class=\"Translation\"><span class=\"Gender _idGenCharOverride-1\">m<\/span><\/span><span class=\"Translation\"><span class=\"No-Break\"><span class=\"Comment-Words\"> <\/span><\/span><\/span><span class=\"No-Break\"><span class=\"Translation\">\u2014<\/span><\/span><span class=\"Translation\"><span class=\"Comment-Words\"> <\/span><\/span><span class=\"Translation\"><span class=\"Comments\">professio<\/span><\/span><span class=\"Translation\"><span class=\"No-Break\"><span class=\"Comments\">n;<\/span><\/span><\/span><span class=\"Translation\"><span class=\"Comments\"> trad<\/span><\/span><span class=\"Translation\"><span class=\"No-Break\"><span class=\"Comments\">e;<\/span><\/span><\/span><span class=\"Translation\"><span class=\"Comments\"> occupation<\/span><\/span><span class=\"Translation\">)<\/span><span class=\"Bold\">, y as\u00ed determin\u00f3 comprar una red <\/span><span class=\"Translation\">(and therefore decided to buy a net)<\/span><span class=\"Bold\"> y meterse a pescador <\/span><span class=\"Translation\">(and become a fisherma<\/span><span class=\"No-Break\"><span class=\"Translation\">n;<\/span><\/span><span class=\"Translation\"><span class=\"Comment-Words\"> pez<\/span><\/span><span class=\"Translation\"><span class=\"Gender _idGenCharOverride-1\">m<\/span><\/span><span class=\"Translation\"><span class=\"No-Break\"><span class=\"Comment-Words\"> <\/span><\/span><\/span><span class=\"No-Break\"><span class=\"Translation\">\u2014<\/span><\/span><span class=\"Translation\"><span class=\"Comment-Words\"> <\/span><\/span><span class=\"Translation\"><span class=\"Comments\">fis<\/span><\/span><span class=\"Translation\"><span class=\"No-Break\"><span class=\"Comments\">h<\/span><\/span><\/span><span class=\"No-Break\"><span class=\"Translation\">;<\/span><\/span><span class=\"Translation\"><span class=\"Comment-Words\"> pescar<\/span><\/span><span class=\"Translation\"><span class=\"No-Break\"><span class=\"Comment-Words\"> <\/span><\/span><\/span><span class=\"No-Break\"><span class=\"Translation\">\u2014<\/span><\/span><span class=\"Translation\"><span class=\"Comment-Words\"> <\/span><\/span><span class=\"Translation\"><span class=\"Comments\">to fish<\/span><\/span><span class=\"Translation\">)<\/span><span class=\"Bold\">.<\/span><\/p>\n<p class=\"Adapted\"><span class=\"Bold\">Muchos d\u00edas estuvo pescando <\/span><span class=\"Translation\">(he was fishing for many day<\/span><span class=\"No-Break\"><span class=\"Translation\">s;<\/span><\/span><span class=\"Translation\"><span class=\"Comment-Words\"> estar<\/span><\/span><span class=\"Translation\"><span class=\"No-Break\"><span class=\"Comment-Words\"> <\/span><\/span><\/span><span class=\"No-Break\"><span class=\"Translation\">\u2014<\/span><\/span><span class=\"Translation\"><span class=\"Comment-Words\"> <\/span><\/span><span class=\"Translation\"><span class=\"No-Break\"><span class=\"Comments\">\/t<\/span><\/span><\/span><span class=\"Translation\"><span class=\"Comments\">emporarily<\/span><\/span><span class=\"Translation\"><span class=\"No-Break\"><span class=\"Comments\">\/ <\/span><\/span><\/span><span class=\"Translation\"><span class=\"Comments\">to b<\/span><\/span><span class=\"Translation\"><span class=\"No-Break\"><span class=\"Comments\">e;<\/span><\/span><\/span><span class=\"Translation\"><span class=\"Comments\"> stay<\/span><\/span><span class=\"Translation\">)<\/span><span class=\"Bold\">, y no sac\u00f3 m\u00e1s que cangrejos <\/span><span class=\"Translation\">(and didn\u2019t catch anything but crabs<\/span><span class=\"No-Break\"><span class=\"Translation\">\/c<\/span><\/span><span class=\"Translation\">rayfis<\/span><span class=\"No-Break\"><span class=\"Translation\">h;<\/span><\/span><span class=\"Translation\"><span class=\"Comment-Words\"> sacar<\/span><\/span><span class=\"Translation\"><span class=\"No-Break\"><span class=\"Comment-Words\"> <\/span><\/span><\/span><span class=\"No-Break\"><span class=\"Translation\">\u2014<\/span><\/span><span class=\"Translation\"><span class=\"Comment-Words\"> <\/span><\/span><span class=\"Translation\"><span class=\"Comments\">to retriev<\/span><\/span><span class=\"Translation\"><span class=\"No-Break\"><span class=\"Comments\">e;<\/span><\/span><\/span><span class=\"Translation\"><span class=\"Comments\"> remove<\/span><\/span><span class=\"Translation\">)<\/span><span class=\"Bold\"> y zapatos viejos <\/span><span class=\"Translation\">(and old shoes)<\/span><span class=\"Bold\">, que cuando era remend\u00f3n <\/span><span class=\"Translation\">(which when he was a cobbler)<\/span><span class=\"Bold\"> no ve\u00eda nunca <\/span><span class=\"Translation\">(<\/span><span class=\"No-Break\"><span class=\"Translation\">\/h<\/span><\/span><span class=\"Translation\">e<\/span><span class=\"No-Break\"><span class=\"Translation\">\/ <\/span><\/span><span class=\"Translation\">had never see<\/span><span class=\"No-Break\"><span class=\"Translation\">n;<\/span><\/span><span class=\"Translation\"> <\/span><span class=\"Translation\"><span class=\"Comments\">ver<\/span><\/span><span class=\"Translation\">)<\/span><span class=\"Bold\">. <\/span><span class=\"Bold\">Al fin pens\u00f3 <\/span><span class=\"Translation\">(finally <\/span><span class=\"No-Break\"><span class=\"Translation\">\/h<\/span><\/span><span class=\"Translation\">e<\/span><span class=\"No-Break\"><span class=\"Translation\">\/ <\/span><\/span><span class=\"Translation\">thought)<\/span><span class=\"Bold\">:<\/span><\/p>\n<p class=\"Adapted\"><span class=\"Bold\">\u2014Hoy es el \u00faltimo d\u00eda que pesco <\/span><span class=\"Translation\">(today is the last day that I <\/span><span class=\"No-Break\"><span class=\"Translation\">\/w<\/span><\/span><span class=\"Translation\">ill<\/span><span class=\"No-Break\"><span class=\"Translation\">\/ <\/span><\/span><span class=\"Translation\">fish)<\/span><span class=\"Bold\">. Si nada saco <\/span><span class=\"Translation\">(if I catch nothing)<\/span><span class=\"Bold\">, me voy y me ahorco <\/span><span class=\"Translation\">(I <\/span><span class=\"No-Break\"><span class=\"Translation\">\/w<\/span><\/span><span class=\"Translation\">ill<\/span><span class=\"No-Break\"><span class=\"Translation\">\/ <\/span><\/span><span class=\"Translation\">go and hang mysel<\/span><span class=\"No-Break\"><span class=\"Translation\">f;<\/span><\/span><span class=\"Translation\"><span class=\"Comment-Words\"> irse<\/span><\/span><span class=\"Translation\"><span class=\"No-Break\"><span class=\"Comment-Words\"> <\/span><\/span><\/span><span class=\"No-Break\"><span class=\"Translation\">\u2014<\/span><\/span><span class=\"Translation\"><span class=\"Comment-Words\"> <\/span><\/span><span class=\"Translation\"><span class=\"Comments\">to depar<\/span><\/span><span class=\"Translation\"><span class=\"No-Break\"><span class=\"Comments\">t;<\/span><\/span><\/span><span class=\"Translation\"><span class=\"Comments\"> go awa<\/span><\/span><span class=\"Translation\"><span class=\"No-Break\"><span class=\"Comments\">y;<\/span><\/span><\/span><span class=\"Translation\"><span class=\"Comments\"> ahorcar<\/span><\/span><span class=\"Translation\">)<\/span><span class=\"Bold\">.<\/span><\/p>\n<\/div>\n<audio class=\"wp-audio-shortcode\" id=\"audio-10078-1\" preload=\"none\" style=\"width: 100%;\" controls=\"controls\"><source type=\"audio\/mpeg\" src=\"https:\/\/easyoriginal1.s3.eu-central-1.amazonaws.com\/spanisch\/s16\/1.mp3?_=1\" \/><a href=\"https:\/\/easyoriginal1.s3.eu-central-1.amazonaws.com\/spanisch\/s16\/1.mp3\">https:\/\/easyoriginal1.s3.eu-central-1.amazonaws.com\/spanisch\/s16\/1.mp3<\/a><\/audio>\n<div class=\"original-container\">\n<p class=\"Original\" lang=\"fr-FR\">\u00c9rase vez y vez un pobre zapatero remend\u00f3n, que no ganaba nada en su oficio, y as\u00ed determin\u00f3 comprar una red y meterse a pescador.<\/p>\n<p class=\"Original\" lang=\"fr-FR\">Muchos d\u00edas estuvo pescando, y no sac\u00f3 m\u00e1s que cangrejos y zapatos viejos, que cuando era remend\u00f3n no ve\u00eda nunca. Al fin pens\u00f3:<\/p>\n<p class=\"Original\" lang=\"fr-FR\">\u2014Hoy es el \u00faltimo d\u00eda que pesco. Si nada saco, me voy y me ahorco.<\/p>\n<\/div>","protected":false},"excerpt":{"rendered":"<p>\u201cLos caballeros del pez\u201d (&#8222;The Knights of the Fish&#8220;) is a fairy tale by Fern\u00e1n Caballero.<br \/>\nFern\u00e1n Caballero was the pseudonym adopted from the name of a village in the province of Ciudad Real by the Spanish novelist Cecilia Francisca Josefa B\u00f6hl de Faber y Ruiz de Larrea. For many years she was the most popular of Spanish writers.<br \/>\nUnabridged original text. Bilingual book Spanish-English.<\/p>\n<p><a class=\"lpdf\" href=\"\/sample\/Caballero_Los_caballeros_del_pez_EN_Sample_EasyOriginal-com.pdf\" target=\"_blank\" rel=\"noopener noreferrer\">Reading Sample (PDF)<\/a><\/p>","protected":false},"featured_media":10052,"comment_status":"open","ping_status":"closed","template":"","meta":{"_acf_changed":false,"_et_pb_use_builder":"off","_et_pb_old_content":"<div class=\"adapted-container\">\r\n<p class=\"Adapted\"><span class=\"Bold\">Hace mucho tiempo que ten\u00eda ganas de escribir <\/span><span class=\"Translation\">(seit langer Zeit hatte ich Lust zu schreiben; <\/span><span class=\"Translation\"><span class=\"Comment-Words\">tener<\/span><\/span><span class=\"Translation\"><span class=\"Comments\"> \u2014 haben<\/span><\/span><span class=\"Translation\">)<\/span><span class=\"Bold\"> cualquier cosa con este t\u00edtulo <\/span><span class=\"Translation\">(irgendetwas mit diesem Titel)<\/span><span class=\"Bold\">.<\/span><\/p>\r\n<p class=\"Adapted\"><span class=\"Bold\">Hoy<a id=\"_idTextAnchor001\"><\/a>, que se me ha presentado ocasi\u00f3n <\/span><span class=\"Translation\">(heute, wo sich mir \/eine\/ Gelegenheit geboten hat; <\/span><span class=\"Translation\"><span class=\"Comment-Words\">presentar<\/span><\/span><span class=\"Translation\"><span class=\"Comments\"> \u2014 zeigen; vorstellen<\/span><\/span><span class=\"Translation\">)<\/span><span class=\"Bold\">, lo he puesto con letras grandes <\/span><span class=\"Translation\">(das habe ich in gro\u00dfen Buchstaben gesetzt = habe ich es in Gro\u00dfbuchstaben gesetzt; <\/span><span class=\"Translation\"><span class=\"Comment-Words\">poner<\/span><\/span><span class=\"Translation\"><span class=\"Comments\"> \u2014 setzen; stellen; legen<\/span><\/span><span class=\"Translation\">)<\/span><span class=\"Bold\"> en la primera cuartilla de papel <\/span><span class=\"Translation\">(auf das erste Blatt: \u00abauf das erste Viertelpapier\u00bb; <\/span><span class=\"Translation\"><span class=\"Comment-Words\">cuarto<\/span><\/span><span class=\"Translation\"><span class=\"Gender _idGenCharOverride-1\">m <\/span><\/span><span class=\"Translation\"><span class=\"Comments\">\u2014 Viertel<\/span><\/span><span class=\"Translation\">)<\/span><span class=\"Bold\">, y luego he dejado a capricho volar la pluma <\/span><span class=\"Translation\">(und dann habe ich nach Belieben die Feder fliegen lassen; <\/span><span class=\"Translation\"><span class=\"Comment-Words\">dejar<\/span><\/span><span class=\"Translation\"><span class=\"Comments\"> \u2014 lassen; <\/span><\/span><span class=\"Translation\"><span class=\"Comment-Words\">capricho<\/span><\/span><span class=\"Translation\"><span class=\"Gender _idGenCharOverride-1\">m <\/span><\/span><span class=\"Translation\"><span class=\"Comments\">\u2014 Laune<\/span><\/span><span class=\"Translation\">)<\/span><span class=\"Bold\">.<\/span><\/p>\r\n\r\n<\/div>\r\n[audio mp3=\"https:\/\/easyoriginal1.s3.eu-central-1.amazonaws.com\/spanisch\/s1\/1.mp3\"][\/audio]\r\n<div class=\"original-container\">\r\n<p class=\"Original\">Hace mucho tiempo que ten\u00eda ganas de escribir cualquier cosa con este t\u00edtulo.<\/p>\r\n<p class=\"Original\">Hoy, que se me ha presentado ocasi\u00f3n, lo he puesto con letras grandes en la primera cuartilla de papel, y luego he dejado a capricho volar la pluma.<\/p>\r\n\r\n<\/div>\r\n<a class=\"weiter\" href=\"\/webreader\/los-ojos-verdes\/fragment\/1-4-2\/\">weiter lesen<\/a>","_et_gb_content_width":""},"product_brand":[],"product_cat":[190],"product_tag":[],"class_list":{"0":"post-10078","1":"product","2":"type-product","3":"status-publish","4":"has-post-thumbnail","6":"product_cat-spanisch-englisch","8":"first","9":"instock","10":"taxable","11":"shipping-taxable","12":"purchasable","13":"product-type-variable"},"acf":[],"yoast_head":"<!-- This site is optimized with the Yoast SEO plugin v27.5 - https:\/\/yoast.com\/product\/yoast-seo-wordpress\/ -->\n<title>Los caballeros del pez \/ The Knights of the Fish - EasyOriginal.com<\/title>\n<meta name=\"robots\" content=\"index, follow, max-snippet:-1, max-image-preview:large, max-video-preview:-1\" \/>\n<link rel=\"canonical\" href=\"https:\/\/easyoriginal.com\/en\/shop\/spanisch-englisch\/los-caballeros-del-pez-the-knights-of-the-fish\/\" \/>\n<meta property=\"og:locale\" content=\"en_GB\" \/>\n<meta property=\"og:type\" content=\"article\" \/>\n<meta property=\"og:title\" content=\"Los caballeros del pez \/ The Knights of the Fish - EasyOriginal.com\" \/>\n<meta property=\"og:description\" content=\"\u201cLos caballeros del pez\u201d (&quot;The Knights of the Fish&quot;) is a fairy tale by Fern\u00e1n Caballero. Fern\u00e1n Caballero was the pseudonym adopted from the name of a village in the province of Ciudad Real by the Spanish novelist Cecilia Francisca Josefa B\u00f6hl de Faber y Ruiz de Larrea. For many years she was the most popular of Spanish writers. Unabridged original text. Bilingual book Spanish-English.  Reading Sample (PDF)\" \/>\n<meta property=\"og:url\" content=\"https:\/\/easyoriginal.com\/en\/shop\/spanisch-englisch\/los-caballeros-del-pez-the-knights-of-the-fish\/\" \/>\n<meta property=\"og:site_name\" content=\"EasyOriginal.com\" \/>\n<meta property=\"article:modified_time\" content=\"2024-01-04T12:47:41+00:00\" \/>\n<meta property=\"og:image\" content=\"https:\/\/easyoriginal.com\/wp-content\/uploads\/Caballero_Los-caballeros-del-pez_EN_printcover.jpg\" \/>\n\t<meta property=\"og:image:width\" content=\"468\" \/>\n\t<meta property=\"og:image:height\" content=\"702\" \/>\n\t<meta property=\"og:image:type\" content=\"image\/jpeg\" \/>\n<meta name=\"twitter:card\" content=\"summary_large_image\" \/>\n<meta name=\"twitter:label1\" content=\"Estimated reading time\" \/>\n\t<meta name=\"twitter:data1\" content=\"2 minutes\" \/>\n<script type=\"application\/ld+json\" class=\"yoast-schema-graph\">{\"@context\":\"https:\\\/\\\/schema.org\",\"@graph\":[{\"@type\":\"WebPage\",\"@id\":\"https:\\\/\\\/easyoriginal.com\\\/shop\\\/spanisch-englisch\\\/los-caballeros-del-pez-the-knights-of-the-fish\\\/\",\"url\":\"https:\\\/\\\/easyoriginal.com\\\/shop\\\/spanisch-englisch\\\/los-caballeros-del-pez-the-knights-of-the-fish\\\/\",\"name\":\"Los caballeros del pez \\\/ The Knights of the Fish - EasyOriginal.com\",\"isPartOf\":{\"@id\":\"https:\\\/\\\/easyoriginal.com\\\/#website\"},\"primaryImageOfPage\":{\"@id\":\"https:\\\/\\\/easyoriginal.com\\\/shop\\\/spanisch-englisch\\\/los-caballeros-del-pez-the-knights-of-the-fish\\\/#primaryimage\"},\"image\":{\"@id\":\"https:\\\/\\\/easyoriginal.com\\\/shop\\\/spanisch-englisch\\\/los-caballeros-del-pez-the-knights-of-the-fish\\\/#primaryimage\"},\"thumbnailUrl\":\"https:\\\/\\\/easyoriginal.com\\\/wp-content\\\/uploads\\\/Caballero_Los-caballeros-del-pez_EN_printcover.jpg\",\"datePublished\":\"2022-07-05T17:35:07+00:00\",\"dateModified\":\"2024-01-04T12:47:41+00:00\",\"breadcrumb\":{\"@id\":\"https:\\\/\\\/easyoriginal.com\\\/shop\\\/spanisch-englisch\\\/los-caballeros-del-pez-the-knights-of-the-fish\\\/#breadcrumb\"},\"inLanguage\":\"en-GB\",\"potentialAction\":[{\"@type\":\"ReadAction\",\"target\":[\"https:\\\/\\\/easyoriginal.com\\\/shop\\\/spanisch-englisch\\\/los-caballeros-del-pez-the-knights-of-the-fish\\\/\"]}]},{\"@type\":\"ImageObject\",\"inLanguage\":\"en-GB\",\"@id\":\"https:\\\/\\\/easyoriginal.com\\\/shop\\\/spanisch-englisch\\\/los-caballeros-del-pez-the-knights-of-the-fish\\\/#primaryimage\",\"url\":\"https:\\\/\\\/easyoriginal.com\\\/wp-content\\\/uploads\\\/Caballero_Los-caballeros-del-pez_EN_printcover.jpg\",\"contentUrl\":\"https:\\\/\\\/easyoriginal.com\\\/wp-content\\\/uploads\\\/Caballero_Los-caballeros-del-pez_EN_printcover.jpg\",\"width\":468,\"height\":702},{\"@type\":\"BreadcrumbList\",\"@id\":\"https:\\\/\\\/easyoriginal.com\\\/shop\\\/spanisch-englisch\\\/los-caballeros-del-pez-the-knights-of-the-fish\\\/#breadcrumb\",\"itemListElement\":[{\"@type\":\"ListItem\",\"position\":1,\"name\":\"Startseite\",\"item\":\"https:\\\/\\\/easyoriginal.com\\\/\"},{\"@type\":\"ListItem\",\"position\":2,\"name\":\"Shop\",\"item\":\"https:\\\/\\\/easyoriginal.com\\\/shop\\\/\"},{\"@type\":\"ListItem\",\"position\":3,\"name\":\"Los caballeros del pez \\\/ The Knights of the Fish\"}]},{\"@type\":\"WebSite\",\"@id\":\"https:\\\/\\\/easyoriginal.com\\\/#website\",\"url\":\"https:\\\/\\\/easyoriginal.com\\\/\",\"name\":\"EasyOriginal.com\",\"description\":\"Spa\u00df am Lesen im Original - Innovative Lesemethode f\u00fcr Fremdsprachen\",\"publisher\":{\"@id\":\"https:\\\/\\\/easyoriginal.com\\\/#organization\"},\"potentialAction\":[{\"@type\":\"SearchAction\",\"target\":{\"@type\":\"EntryPoint\",\"urlTemplate\":\"https:\\\/\\\/easyoriginal.com\\\/?s={search_term_string}\"},\"query-input\":{\"@type\":\"PropertyValueSpecification\",\"valueRequired\":true,\"valueName\":\"search_term_string\"}}],\"inLanguage\":\"en-GB\"},{\"@type\":\"Organization\",\"@id\":\"https:\\\/\\\/easyoriginal.com\\\/#organization\",\"name\":\"EasyOriginal Verlag\",\"url\":\"https:\\\/\\\/easyoriginal.com\\\/\",\"logo\":{\"@type\":\"ImageObject\",\"inLanguage\":\"en-GB\",\"@id\":\"https:\\\/\\\/easyoriginal.com\\\/#\\\/schema\\\/logo\\\/image\\\/\",\"url\":\"https:\\\/\\\/easyoriginal.com\\\/wp-content\\\/uploads\\\/2020\\\/08\\\/logo_main.png\",\"contentUrl\":\"https:\\\/\\\/easyoriginal.com\\\/wp-content\\\/uploads\\\/2020\\\/08\\\/logo_main.png\",\"width\":500,\"height\":103,\"caption\":\"EasyOriginal Verlag\"},\"image\":{\"@id\":\"https:\\\/\\\/easyoriginal.com\\\/#\\\/schema\\\/logo\\\/image\\\/\"}}]}<\/script>\n<!-- \/ Yoast SEO plugin. -->","yoast_head_json":{"title":"Los caballeros del pez \/ The Knights of the Fish - EasyOriginal.com","robots":{"index":"index","follow":"follow","max-snippet":"max-snippet:-1","max-image-preview":"max-image-preview:large","max-video-preview":"max-video-preview:-1"},"canonical":"https:\/\/easyoriginal.com\/en\/shop\/spanisch-englisch\/los-caballeros-del-pez-the-knights-of-the-fish\/","og_locale":"en_GB","og_type":"article","og_title":"Los caballeros del pez \/ The Knights of the Fish - EasyOriginal.com","og_description":"\u201cLos caballeros del pez\u201d (\"The Knights of the Fish\") is a fairy tale by Fern\u00e1n Caballero. Fern\u00e1n Caballero was the pseudonym adopted from the name of a village in the province of Ciudad Real by the Spanish novelist Cecilia Francisca Josefa B\u00f6hl de Faber y Ruiz de Larrea. For many years she was the most popular of Spanish writers. Unabridged original text. Bilingual book Spanish-English.  Reading Sample (PDF)","og_url":"https:\/\/easyoriginal.com\/en\/shop\/spanisch-englisch\/los-caballeros-del-pez-the-knights-of-the-fish\/","og_site_name":"EasyOriginal.com","article_modified_time":"2024-01-04T12:47:41+00:00","og_image":[{"width":468,"height":702,"url":"https:\/\/easyoriginal.com\/wp-content\/uploads\/Caballero_Los-caballeros-del-pez_EN_printcover.jpg","type":"image\/jpeg"}],"twitter_card":"summary_large_image","twitter_misc":{"Estimated reading time":"2 minutes"},"schema":{"@context":"https:\/\/schema.org","@graph":[{"@type":"WebPage","@id":"https:\/\/easyoriginal.com\/shop\/spanisch-englisch\/los-caballeros-del-pez-the-knights-of-the-fish\/","url":"https:\/\/easyoriginal.com\/shop\/spanisch-englisch\/los-caballeros-del-pez-the-knights-of-the-fish\/","name":"Los caballeros del pez \/ The Knights of the Fish - EasyOriginal.com","isPartOf":{"@id":"https:\/\/easyoriginal.com\/#website"},"primaryImageOfPage":{"@id":"https:\/\/easyoriginal.com\/shop\/spanisch-englisch\/los-caballeros-del-pez-the-knights-of-the-fish\/#primaryimage"},"image":{"@id":"https:\/\/easyoriginal.com\/shop\/spanisch-englisch\/los-caballeros-del-pez-the-knights-of-the-fish\/#primaryimage"},"thumbnailUrl":"https:\/\/easyoriginal.com\/wp-content\/uploads\/Caballero_Los-caballeros-del-pez_EN_printcover.jpg","datePublished":"2022-07-05T17:35:07+00:00","dateModified":"2024-01-04T12:47:41+00:00","breadcrumb":{"@id":"https:\/\/easyoriginal.com\/shop\/spanisch-englisch\/los-caballeros-del-pez-the-knights-of-the-fish\/#breadcrumb"},"inLanguage":"en-GB","potentialAction":[{"@type":"ReadAction","target":["https:\/\/easyoriginal.com\/shop\/spanisch-englisch\/los-caballeros-del-pez-the-knights-of-the-fish\/"]}]},{"@type":"ImageObject","inLanguage":"en-GB","@id":"https:\/\/easyoriginal.com\/shop\/spanisch-englisch\/los-caballeros-del-pez-the-knights-of-the-fish\/#primaryimage","url":"https:\/\/easyoriginal.com\/wp-content\/uploads\/Caballero_Los-caballeros-del-pez_EN_printcover.jpg","contentUrl":"https:\/\/easyoriginal.com\/wp-content\/uploads\/Caballero_Los-caballeros-del-pez_EN_printcover.jpg","width":468,"height":702},{"@type":"BreadcrumbList","@id":"https:\/\/easyoriginal.com\/shop\/spanisch-englisch\/los-caballeros-del-pez-the-knights-of-the-fish\/#breadcrumb","itemListElement":[{"@type":"ListItem","position":1,"name":"Startseite","item":"https:\/\/easyoriginal.com\/"},{"@type":"ListItem","position":2,"name":"Shop","item":"https:\/\/easyoriginal.com\/shop\/"},{"@type":"ListItem","position":3,"name":"Los caballeros del pez \/ The Knights of the Fish"}]},{"@type":"WebSite","@id":"https:\/\/easyoriginal.com\/#website","url":"https:\/\/easyoriginal.com\/","name":"EasyOriginal.com","description":"Spa\u00df am Lesen im Original - Innovative Lesemethode f\u00fcr Fremdsprachen","publisher":{"@id":"https:\/\/easyoriginal.com\/#organization"},"potentialAction":[{"@type":"SearchAction","target":{"@type":"EntryPoint","urlTemplate":"https:\/\/easyoriginal.com\/?s={search_term_string}"},"query-input":{"@type":"PropertyValueSpecification","valueRequired":true,"valueName":"search_term_string"}}],"inLanguage":"en-GB"},{"@type":"Organization","@id":"https:\/\/easyoriginal.com\/#organization","name":"EasyOriginal Verlag","url":"https:\/\/easyoriginal.com\/","logo":{"@type":"ImageObject","inLanguage":"en-GB","@id":"https:\/\/easyoriginal.com\/#\/schema\/logo\/image\/","url":"https:\/\/easyoriginal.com\/wp-content\/uploads\/2020\/08\/logo_main.png","contentUrl":"https:\/\/easyoriginal.com\/wp-content\/uploads\/2020\/08\/logo_main.png","width":500,"height":103,"caption":"EasyOriginal Verlag"},"image":{"@id":"https:\/\/easyoriginal.com\/#\/schema\/logo\/image\/"}}]}},"_links":{"self":[{"href":"https:\/\/easyoriginal.com\/en\/wp-json\/wp\/v2\/product\/10078","targetHints":{"allow":["GET"]}}],"collection":[{"href":"https:\/\/easyoriginal.com\/en\/wp-json\/wp\/v2\/product"}],"about":[{"href":"https:\/\/easyoriginal.com\/en\/wp-json\/wp\/v2\/types\/product"}],"replies":[{"embeddable":true,"href":"https:\/\/easyoriginal.com\/en\/wp-json\/wp\/v2\/comments?post=10078"}],"wp:featuredmedia":[{"embeddable":true,"href":"https:\/\/easyoriginal.com\/en\/wp-json\/wp\/v2\/media\/10052"}],"wp:attachment":[{"href":"https:\/\/easyoriginal.com\/en\/wp-json\/wp\/v2\/media?parent=10078"}],"wp:term":[{"taxonomy":"product_brand","embeddable":true,"href":"https:\/\/easyoriginal.com\/en\/wp-json\/wp\/v2\/product_brand?post=10078"},{"taxonomy":"product_cat","embeddable":true,"href":"https:\/\/easyoriginal.com\/en\/wp-json\/wp\/v2\/product_cat?post=10078"},{"taxonomy":"product_tag","embeddable":true,"href":"https:\/\/easyoriginal.com\/en\/wp-json\/wp\/v2\/product_tag?post=10078"}],"curies":[{"name":"wp","href":"https:\/\/api.w.org\/{rel}","templated":true}]}}