{"id":10073,"date":"2022-07-05T19:28:02","date_gmt":"2022-07-05T17:28:02","guid":{"rendered":"https:\/\/easyoriginal.com\/?post_type=product&#038;p=10073"},"modified":"2024-01-04T13:47:05","modified_gmt":"2024-01-04T12:47:05","slug":"la-ajorca-de-oro-the-golden-bracelet","status":"publish","type":"product","link":"https:\/\/easyoriginal.com\/en\/shop\/spanisch-englisch\/la-ajorca-de-oro-the-golden-bracelet\/","title":{"rendered":"La ajorca de oro \/ The Golden Bracelet"},"content":{"rendered":"<div class=\"adapted-container\">\n<p class=\"Adapted\"><span class=\"Bold\">La ajorca de oro <\/span><span class=\"Translation\">(The Golden Bracelet)<\/span><\/p>\n<p class=\"Adapted\"><span class=\"Bold\">Leyenda toledana <\/span><span class=\"Translation\">(Toledan Legend)<\/span><\/p>\n<p class=\"Chapter\" lang=\"en-GB\">I<\/p>\n<p class=\"Adapted\"><span class=\"Bold\">Ella era hermosa <\/span><span class=\"Translation\">(she was beautifu<\/span><span class=\"No-Break\"><span class=\"Translation\">l;<\/span><\/span><span class=\"Translation\"> <\/span><span class=\"Translation\"><span class=\"Comment-Words\">ser<\/span><\/span><span class=\"Translation\"><span class=\"No-Break\"><span class=\"Comments\"> \u2014<\/span><\/span><\/span><span class=\"Translation\"><span class=\"Comments\"> to be<\/span><\/span><span class=\"Translation\">)<\/span><span class=\"Bold\">, hermosa con esa hermosura <\/span><span class=\"Translation\">(beautiful with that beauty)<\/span><span class=\"Bold\"> que inspira el v\u00e9rtigo <\/span><span class=\"Translation\">(that inspires vertig<\/span><span class=\"No-Break\"><span class=\"Translation\">o;<\/span><\/span><span class=\"Translation\"> <\/span><span class=\"Translation\"><span class=\"Comment-Words\">inspirar<\/span><\/span><span class=\"Translation\"><span class=\"No-Break\"><span class=\"Comments\"> \u2014<\/span><\/span><\/span><span class=\"Translation\"><span class=\"Comments\"> to breath<\/span><\/span><span class=\"Translation\"><span class=\"No-Break\"><span class=\"Comments\">e;<\/span><\/span><\/span><span class=\"Translation\"><span class=\"Comments\"> inhal<\/span><\/span><span class=\"Translation\"><span class=\"No-Break\"><span class=\"Comments\">e;<\/span><\/span><\/span><span class=\"Translation\"><span class=\"Comments\"> inspire<\/span><\/span><span class=\"Translation\">)<\/span><span class=\"Bold\">, hermosa con esa hermosura <\/span><span class=\"Translation\">(beautiful with that beauty)<\/span><span class=\"Bold\"> que no se parece en nada a la que so\u00f1amos en los \u00e1ngeles <\/span><span class=\"Translation\">(that does not resemble at all that which we dream of the angels havin<\/span><span class=\"No-Break\"><span class=\"Translation\">g<\/span><\/span><span class=\"Translation\"><span class=\"No-Break\"><span class=\"Comments\">;<\/span><\/span><\/span><span class=\"Translation\"><span class=\"Comments\"> <\/span><\/span><span class=\"Translation\"><span class=\"Comment-Words\">parecerse<\/span><\/span><span class=\"Translation\"><span class=\"No-Break\"><span class=\"Comments\"> \u2014<\/span><\/span><\/span><span class=\"Translation\"><span class=\"Comments\"> to appea<\/span><\/span><span class=\"Translation\"><span class=\"No-Break\"><span class=\"Comments\">r;<\/span><\/span><\/span><span class=\"Translation\"><span class=\"Comments\"> see<\/span><\/span><span class=\"Translation\"><span class=\"No-Break\"><span class=\"Comments\">m;<\/span><\/span><\/span><span class=\"Translation\"><span class=\"Comments\"> look lik<\/span><\/span><span class=\"Translation\"><span class=\"No-Break\"><span class=\"Comments\">e;<\/span><\/span><\/span><span class=\"Translation\"><span class=\"Comments\"> resembl<\/span><\/span><span class=\"Translation\"><span class=\"No-Break\"><span class=\"Comments\">e;<\/span><\/span><\/span><span class=\"Translation\"><span class=\"Comments\"> <\/span><\/span><span class=\"Translation\"><span class=\"Comment-Words\">en nada<\/span><\/span><span class=\"Translation\"><span class=\"No-Break\"><span class=\"Comments\"> \u2014<\/span><\/span><\/span><span class=\"Translation\"><span class=\"Comments\"> in no wa<\/span><\/span><span class=\"Translation\"><span class=\"No-Break\"><span class=\"Comments\">y;<\/span><\/span><\/span><span class=\"Translation\"><span class=\"Comments\"> at all<\/span><\/span><span class=\"Translation\">)<\/span><span class=\"Bold\"> y que, sin embargo <\/span><span class=\"Translation\">(and that, nevertheless)<\/span><span class=\"Bold\">, es sobrenatural <\/span><span class=\"Translation\">(is supernatural<\/span><span class=\"No-Break\"><span class=\"Translation\">)<\/span><\/span><span class=\"No-Break\"><span class=\"Bold\">;<\/span><\/span><span class=\"Bold\"> hermosura diab\u00f3lica <\/span><span class=\"Translation\">(diabolical beaut<\/span><span class=\"No-Break\"><span class=\"Translation\">y;<\/span><\/span><span class=\"Translation\"> <\/span><span class=\"Translation\"><span class=\"Comment-Words\">diablo<\/span><\/span><span class=\"Translation\"><span class=\"Gender _idGenCharOverride-1\">m<\/span><\/span><span class=\"Translation\"><span class=\"No-Break\"><span class=\"Comments\"> \u2014<\/span><\/span><\/span><span class=\"Translation\"><span class=\"Comments\"> devil, Satan<\/span><\/span><span class=\"Translation\">)<\/span><span class=\"Bold\">, que tal vez presta el demonio a algunos seres <\/span><span class=\"Translation\">(that maybe the devil gives to some being<\/span><span class=\"No-Break\"><span class=\"Translation\">s;<\/span><\/span><span class=\"Translation\"> <\/span><span class=\"Translation\"><span class=\"Comment-Words\">demonio<\/span><\/span><span class=\"Translation\"><span class=\"Gender _idGenCharOverride-1\">m<\/span><\/span><span class=\"Translation\"><span class=\"No-Break\"><span class=\"Comments\"> \u2014<\/span><\/span><\/span><span class=\"Translation\"><span class=\"Comments\"> demon, devi<\/span><\/span><span class=\"Translation\"><span class=\"No-Break\"><span class=\"Comments\">l;<\/span><\/span><\/span><span class=\"Translation\"><span class=\"Comments\"> <\/span><\/span><span class=\"Translation\"><span class=\"Comment-Words\">prestar<\/span><\/span><span class=\"Translation\"><span class=\"No-Break\"><span class=\"Comments\"> \u2014<\/span><\/span><\/span><span class=\"Translation\"><span class=\"Comments\"> to give, provid<\/span><\/span><span class=\"Translation\"><span class=\"No-Break\"><span class=\"Comments\">e;<\/span><\/span><\/span><span class=\"Translation\"><span class=\"Comments\"> lend<\/span><\/span><span class=\"Translation\">)<\/span><span class=\"Bold\"> para hacerlos sus instrumentos en la tierra <\/span><span class=\"Translation\">(to make them his instruments on the eart<\/span><span class=\"No-Break\"><span class=\"Translation\">h;<\/span><\/span><span class=\"Translation\"> <\/span><span class=\"Translation\"><span class=\"Comment-Words\">hacer<\/span><\/span><span class=\"Translation\"><span class=\"No-Break\"><span class=\"Comment-Words\"> <\/span><\/span><\/span><span class=\"Translation\"><span class=\"No-Break\"><span class=\"Comments\">\u2014<\/span><\/span><\/span><span class=\"Translation\"><span class=\"Comments\"> to d<\/span><\/span><span class=\"Translation\"><span class=\"No-Break\"><span class=\"Comments\">o;<\/span><\/span><\/span><span class=\"Translation\"><span class=\"Comments\"> make<\/span><\/span><span class=\"Translation\">)<\/span><span class=\"Bold\">.<\/span><\/p>\n<\/div>\n<audio class=\"wp-audio-shortcode\" id=\"audio-10073-1\" preload=\"none\" style=\"width: 100%;\" controls=\"controls\"><source type=\"audio\/mpeg\" src=\"https:\/\/easyoriginal1.s3.eu-central-1.amazonaws.com\/spanisch\/s13\/1.mp3?_=1\" \/><a href=\"https:\/\/easyoriginal1.s3.eu-central-1.amazonaws.com\/spanisch\/s13\/1.mp3\">https:\/\/easyoriginal1.s3.eu-central-1.amazonaws.com\/spanisch\/s13\/1.mp3<\/a><\/audio>\n<div class=\"original-container\">\n<p class=\"Original\" lang=\"fr-FR\">Ella era hermosa, hermosa con esa hermosura que inspira el v\u00e9rtigo, hermosa con esa hermosura que no se parece en nada a la que so\u00f1amos en los \u00e1ngeles y que, sin embargo, es sobrenatural; hermosura diab\u00f3lica, que tal vez presta el demonio a algunos seres para hacerlos sus instrumentos en la tierra.<\/p>\n<\/div>","protected":false},"excerpt":{"rendered":"<p>\u201cLa ajorca de oro\u201d (&#8222;The Golden Bracelet&#8220;) is a legend from Gustavo Adolfo B\u00e9cquer&#8217;s \u201cLeyendas\u201d. B\u00e9cquer is one of the most important authors of Spanish Romanticism, today he is considered one of the most important figures in Spanish literature.<br \/>\nUnabridged original text. Bilingual book Spanish-English.<\/p>\n<p><a class=\"lpdf\" href=\"\/sample\/Becquer_La_ajorca_EN_Sample_EasyOriginal-com.pdf\" target=\"_blank\" rel=\"noopener noreferrer\">Reading Sample (PDF)<\/a><\/p>","protected":false},"featured_media":10051,"comment_status":"open","ping_status":"closed","template":"","meta":{"_acf_changed":false,"_et_pb_use_builder":"off","_et_pb_old_content":"<div class=\"adapted-container\">\r\n<p class=\"Adapted\"><span class=\"Bold\">Hace mucho tiempo que ten\u00eda ganas de escribir <\/span><span class=\"Translation\">(seit langer Zeit hatte ich Lust zu schreiben; <\/span><span class=\"Translation\"><span class=\"Comment-Words\">tener<\/span><\/span><span class=\"Translation\"><span class=\"Comments\"> \u2014 haben<\/span><\/span><span class=\"Translation\">)<\/span><span class=\"Bold\"> cualquier cosa con este t\u00edtulo <\/span><span class=\"Translation\">(irgendetwas mit diesem Titel)<\/span><span class=\"Bold\">.<\/span><\/p>\r\n<p class=\"Adapted\"><span class=\"Bold\">Hoy<a id=\"_idTextAnchor001\"><\/a>, que se me ha presentado ocasi\u00f3n <\/span><span class=\"Translation\">(heute, wo sich mir \/eine\/ Gelegenheit geboten hat; <\/span><span class=\"Translation\"><span class=\"Comment-Words\">presentar<\/span><\/span><span class=\"Translation\"><span class=\"Comments\"> \u2014 zeigen; vorstellen<\/span><\/span><span class=\"Translation\">)<\/span><span class=\"Bold\">, lo he puesto con letras grandes <\/span><span class=\"Translation\">(das habe ich in gro\u00dfen Buchstaben gesetzt = habe ich es in Gro\u00dfbuchstaben gesetzt; <\/span><span class=\"Translation\"><span class=\"Comment-Words\">poner<\/span><\/span><span class=\"Translation\"><span class=\"Comments\"> \u2014 setzen; stellen; legen<\/span><\/span><span class=\"Translation\">)<\/span><span class=\"Bold\"> en la primera cuartilla de papel <\/span><span class=\"Translation\">(auf das erste Blatt: \u00abauf das erste Viertelpapier\u00bb; <\/span><span class=\"Translation\"><span class=\"Comment-Words\">cuarto<\/span><\/span><span class=\"Translation\"><span class=\"Gender _idGenCharOverride-1\">m <\/span><\/span><span class=\"Translation\"><span class=\"Comments\">\u2014 Viertel<\/span><\/span><span class=\"Translation\">)<\/span><span class=\"Bold\">, y luego he dejado a capricho volar la pluma <\/span><span class=\"Translation\">(und dann habe ich nach Belieben die Feder fliegen lassen; <\/span><span class=\"Translation\"><span class=\"Comment-Words\">dejar<\/span><\/span><span class=\"Translation\"><span class=\"Comments\"> \u2014 lassen; <\/span><\/span><span class=\"Translation\"><span class=\"Comment-Words\">capricho<\/span><\/span><span class=\"Translation\"><span class=\"Gender _idGenCharOverride-1\">m <\/span><\/span><span class=\"Translation\"><span class=\"Comments\">\u2014 Laune<\/span><\/span><span class=\"Translation\">)<\/span><span class=\"Bold\">.<\/span><\/p>\r\n\r\n<\/div>\r\n[audio mp3=\"https:\/\/easyoriginal1.s3.eu-central-1.amazonaws.com\/spanisch\/s1\/1.mp3\"][\/audio]\r\n<div class=\"original-container\">\r\n<p class=\"Original\">Hace mucho tiempo que ten\u00eda ganas de escribir cualquier cosa con este t\u00edtulo.<\/p>\r\n<p class=\"Original\">Hoy, que se me ha presentado ocasi\u00f3n, lo he puesto con letras grandes en la primera cuartilla de papel, y luego he dejado a capricho volar la pluma.<\/p>\r\n\r\n<\/div>\r\n<a class=\"weiter\" href=\"\/webreader\/los-ojos-verdes\/fragment\/1-4-2\/\">weiter lesen<\/a>","_et_gb_content_width":""},"product_brand":[],"product_cat":[190],"product_tag":[],"class_list":{"0":"post-10073","1":"product","2":"type-product","3":"status-publish","4":"has-post-thumbnail","6":"product_cat-spanisch-englisch","8":"first","9":"instock","10":"taxable","11":"shipping-taxable","12":"purchasable","13":"product-type-variable"},"acf":[],"yoast_head":"<!-- This site is optimized with the Yoast SEO plugin v27.3 - https:\/\/yoast.com\/product\/yoast-seo-wordpress\/ -->\n<title>La ajorca de oro \/ The Golden Bracelet - EasyOriginal.com<\/title>\n<meta name=\"robots\" content=\"index, follow, max-snippet:-1, max-image-preview:large, max-video-preview:-1\" \/>\n<link rel=\"canonical\" href=\"https:\/\/easyoriginal.com\/en\/shop\/spanisch-englisch\/la-ajorca-de-oro-the-golden-bracelet\/\" \/>\n<meta property=\"og:locale\" content=\"en_GB\" \/>\n<meta property=\"og:type\" content=\"article\" \/>\n<meta property=\"og:title\" content=\"La ajorca de oro \/ The Golden Bracelet - EasyOriginal.com\" \/>\n<meta property=\"og:description\" content=\"\u201cLa ajorca de oro\u201d (&quot;The Golden Bracelet&quot;) is a legend from Gustavo Adolfo B\u00e9cquer&#039;s \u201cLeyendas\u201d. B\u00e9cquer is one of the most important authors of Spanish Romanticism, today he is considered one of the most important figures in Spanish literature. Unabridged original text. Bilingual book Spanish-English.  Reading Sample (PDF)\" \/>\n<meta property=\"og:url\" content=\"https:\/\/easyoriginal.com\/en\/shop\/spanisch-englisch\/la-ajorca-de-oro-the-golden-bracelet\/\" \/>\n<meta property=\"og:site_name\" content=\"EasyOriginal.com\" \/>\n<meta property=\"article:modified_time\" content=\"2024-01-04T12:47:05+00:00\" \/>\n<meta property=\"og:image\" content=\"https:\/\/easyoriginal.com\/wp-content\/uploads\/Becquer_La-ajorca_printcover.jpg\" \/>\n\t<meta property=\"og:image:width\" content=\"468\" \/>\n\t<meta property=\"og:image:height\" content=\"702\" \/>\n\t<meta property=\"og:image:type\" content=\"image\/jpeg\" \/>\n<meta name=\"twitter:card\" content=\"summary_large_image\" \/>\n<meta name=\"twitter:label1\" content=\"Estimated reading time\" \/>\n\t<meta name=\"twitter:data1\" content=\"2 minutes\" \/>\n<script type=\"application\/ld+json\" class=\"yoast-schema-graph\">{\"@context\":\"https:\\\/\\\/schema.org\",\"@graph\":[{\"@type\":\"WebPage\",\"@id\":\"https:\\\/\\\/easyoriginal.com\\\/shop\\\/spanisch-englisch\\\/la-ajorca-de-oro-the-golden-bracelet\\\/\",\"url\":\"https:\\\/\\\/easyoriginal.com\\\/shop\\\/spanisch-englisch\\\/la-ajorca-de-oro-the-golden-bracelet\\\/\",\"name\":\"La ajorca de oro \\\/ The Golden Bracelet - EasyOriginal.com\",\"isPartOf\":{\"@id\":\"https:\\\/\\\/easyoriginal.com\\\/#website\"},\"primaryImageOfPage\":{\"@id\":\"https:\\\/\\\/easyoriginal.com\\\/shop\\\/spanisch-englisch\\\/la-ajorca-de-oro-the-golden-bracelet\\\/#primaryimage\"},\"image\":{\"@id\":\"https:\\\/\\\/easyoriginal.com\\\/shop\\\/spanisch-englisch\\\/la-ajorca-de-oro-the-golden-bracelet\\\/#primaryimage\"},\"thumbnailUrl\":\"https:\\\/\\\/easyoriginal.com\\\/wp-content\\\/uploads\\\/Becquer_La-ajorca_printcover.jpg\",\"datePublished\":\"2022-07-05T17:28:02+00:00\",\"dateModified\":\"2024-01-04T12:47:05+00:00\",\"breadcrumb\":{\"@id\":\"https:\\\/\\\/easyoriginal.com\\\/shop\\\/spanisch-englisch\\\/la-ajorca-de-oro-the-golden-bracelet\\\/#breadcrumb\"},\"inLanguage\":\"en-GB\",\"potentialAction\":[{\"@type\":\"ReadAction\",\"target\":[\"https:\\\/\\\/easyoriginal.com\\\/shop\\\/spanisch-englisch\\\/la-ajorca-de-oro-the-golden-bracelet\\\/\"]}]},{\"@type\":\"ImageObject\",\"inLanguage\":\"en-GB\",\"@id\":\"https:\\\/\\\/easyoriginal.com\\\/shop\\\/spanisch-englisch\\\/la-ajorca-de-oro-the-golden-bracelet\\\/#primaryimage\",\"url\":\"https:\\\/\\\/easyoriginal.com\\\/wp-content\\\/uploads\\\/Becquer_La-ajorca_printcover.jpg\",\"contentUrl\":\"https:\\\/\\\/easyoriginal.com\\\/wp-content\\\/uploads\\\/Becquer_La-ajorca_printcover.jpg\",\"width\":468,\"height\":702},{\"@type\":\"BreadcrumbList\",\"@id\":\"https:\\\/\\\/easyoriginal.com\\\/shop\\\/spanisch-englisch\\\/la-ajorca-de-oro-the-golden-bracelet\\\/#breadcrumb\",\"itemListElement\":[{\"@type\":\"ListItem\",\"position\":1,\"name\":\"Startseite\",\"item\":\"https:\\\/\\\/easyoriginal.com\\\/\"},{\"@type\":\"ListItem\",\"position\":2,\"name\":\"Shop\",\"item\":\"https:\\\/\\\/easyoriginal.com\\\/shop\\\/\"},{\"@type\":\"ListItem\",\"position\":3,\"name\":\"La ajorca de oro \\\/ The Golden Bracelet\"}]},{\"@type\":\"WebSite\",\"@id\":\"https:\\\/\\\/easyoriginal.com\\\/#website\",\"url\":\"https:\\\/\\\/easyoriginal.com\\\/\",\"name\":\"EasyOriginal.com\",\"description\":\"Spa\u00df am Lesen im Original - Innovative Lesemethode f\u00fcr Fremdsprachen\",\"publisher\":{\"@id\":\"https:\\\/\\\/easyoriginal.com\\\/#organization\"},\"potentialAction\":[{\"@type\":\"SearchAction\",\"target\":{\"@type\":\"EntryPoint\",\"urlTemplate\":\"https:\\\/\\\/easyoriginal.com\\\/?s={search_term_string}\"},\"query-input\":{\"@type\":\"PropertyValueSpecification\",\"valueRequired\":true,\"valueName\":\"search_term_string\"}}],\"inLanguage\":\"en-GB\"},{\"@type\":\"Organization\",\"@id\":\"https:\\\/\\\/easyoriginal.com\\\/#organization\",\"name\":\"EasyOriginal Verlag\",\"url\":\"https:\\\/\\\/easyoriginal.com\\\/\",\"logo\":{\"@type\":\"ImageObject\",\"inLanguage\":\"en-GB\",\"@id\":\"https:\\\/\\\/easyoriginal.com\\\/#\\\/schema\\\/logo\\\/image\\\/\",\"url\":\"https:\\\/\\\/easyoriginal.com\\\/wp-content\\\/uploads\\\/2020\\\/08\\\/logo_main.png\",\"contentUrl\":\"https:\\\/\\\/easyoriginal.com\\\/wp-content\\\/uploads\\\/2020\\\/08\\\/logo_main.png\",\"width\":500,\"height\":103,\"caption\":\"EasyOriginal Verlag\"},\"image\":{\"@id\":\"https:\\\/\\\/easyoriginal.com\\\/#\\\/schema\\\/logo\\\/image\\\/\"}}]}<\/script>\n<!-- \/ Yoast SEO plugin. -->","yoast_head_json":{"title":"La ajorca de oro \/ The Golden Bracelet - EasyOriginal.com","robots":{"index":"index","follow":"follow","max-snippet":"max-snippet:-1","max-image-preview":"max-image-preview:large","max-video-preview":"max-video-preview:-1"},"canonical":"https:\/\/easyoriginal.com\/en\/shop\/spanisch-englisch\/la-ajorca-de-oro-the-golden-bracelet\/","og_locale":"en_GB","og_type":"article","og_title":"La ajorca de oro \/ The Golden Bracelet - EasyOriginal.com","og_description":"\u201cLa ajorca de oro\u201d (\"The Golden Bracelet\") is a legend from Gustavo Adolfo B\u00e9cquer's \u201cLeyendas\u201d. B\u00e9cquer is one of the most important authors of Spanish Romanticism, today he is considered one of the most important figures in Spanish literature. Unabridged original text. Bilingual book Spanish-English.  Reading Sample (PDF)","og_url":"https:\/\/easyoriginal.com\/en\/shop\/spanisch-englisch\/la-ajorca-de-oro-the-golden-bracelet\/","og_site_name":"EasyOriginal.com","article_modified_time":"2024-01-04T12:47:05+00:00","og_image":[{"width":468,"height":702,"url":"https:\/\/easyoriginal.com\/wp-content\/uploads\/Becquer_La-ajorca_printcover.jpg","type":"image\/jpeg"}],"twitter_card":"summary_large_image","twitter_misc":{"Estimated reading time":"2 minutes"},"schema":{"@context":"https:\/\/schema.org","@graph":[{"@type":"WebPage","@id":"https:\/\/easyoriginal.com\/shop\/spanisch-englisch\/la-ajorca-de-oro-the-golden-bracelet\/","url":"https:\/\/easyoriginal.com\/shop\/spanisch-englisch\/la-ajorca-de-oro-the-golden-bracelet\/","name":"La ajorca de oro \/ The Golden Bracelet - EasyOriginal.com","isPartOf":{"@id":"https:\/\/easyoriginal.com\/#website"},"primaryImageOfPage":{"@id":"https:\/\/easyoriginal.com\/shop\/spanisch-englisch\/la-ajorca-de-oro-the-golden-bracelet\/#primaryimage"},"image":{"@id":"https:\/\/easyoriginal.com\/shop\/spanisch-englisch\/la-ajorca-de-oro-the-golden-bracelet\/#primaryimage"},"thumbnailUrl":"https:\/\/easyoriginal.com\/wp-content\/uploads\/Becquer_La-ajorca_printcover.jpg","datePublished":"2022-07-05T17:28:02+00:00","dateModified":"2024-01-04T12:47:05+00:00","breadcrumb":{"@id":"https:\/\/easyoriginal.com\/shop\/spanisch-englisch\/la-ajorca-de-oro-the-golden-bracelet\/#breadcrumb"},"inLanguage":"en-GB","potentialAction":[{"@type":"ReadAction","target":["https:\/\/easyoriginal.com\/shop\/spanisch-englisch\/la-ajorca-de-oro-the-golden-bracelet\/"]}]},{"@type":"ImageObject","inLanguage":"en-GB","@id":"https:\/\/easyoriginal.com\/shop\/spanisch-englisch\/la-ajorca-de-oro-the-golden-bracelet\/#primaryimage","url":"https:\/\/easyoriginal.com\/wp-content\/uploads\/Becquer_La-ajorca_printcover.jpg","contentUrl":"https:\/\/easyoriginal.com\/wp-content\/uploads\/Becquer_La-ajorca_printcover.jpg","width":468,"height":702},{"@type":"BreadcrumbList","@id":"https:\/\/easyoriginal.com\/shop\/spanisch-englisch\/la-ajorca-de-oro-the-golden-bracelet\/#breadcrumb","itemListElement":[{"@type":"ListItem","position":1,"name":"Startseite","item":"https:\/\/easyoriginal.com\/"},{"@type":"ListItem","position":2,"name":"Shop","item":"https:\/\/easyoriginal.com\/shop\/"},{"@type":"ListItem","position":3,"name":"La ajorca de oro \/ The Golden Bracelet"}]},{"@type":"WebSite","@id":"https:\/\/easyoriginal.com\/#website","url":"https:\/\/easyoriginal.com\/","name":"EasyOriginal.com","description":"Spa\u00df am Lesen im Original - Innovative Lesemethode f\u00fcr Fremdsprachen","publisher":{"@id":"https:\/\/easyoriginal.com\/#organization"},"potentialAction":[{"@type":"SearchAction","target":{"@type":"EntryPoint","urlTemplate":"https:\/\/easyoriginal.com\/?s={search_term_string}"},"query-input":{"@type":"PropertyValueSpecification","valueRequired":true,"valueName":"search_term_string"}}],"inLanguage":"en-GB"},{"@type":"Organization","@id":"https:\/\/easyoriginal.com\/#organization","name":"EasyOriginal Verlag","url":"https:\/\/easyoriginal.com\/","logo":{"@type":"ImageObject","inLanguage":"en-GB","@id":"https:\/\/easyoriginal.com\/#\/schema\/logo\/image\/","url":"https:\/\/easyoriginal.com\/wp-content\/uploads\/2020\/08\/logo_main.png","contentUrl":"https:\/\/easyoriginal.com\/wp-content\/uploads\/2020\/08\/logo_main.png","width":500,"height":103,"caption":"EasyOriginal Verlag"},"image":{"@id":"https:\/\/easyoriginal.com\/#\/schema\/logo\/image\/"}}]}},"_links":{"self":[{"href":"https:\/\/easyoriginal.com\/en\/wp-json\/wp\/v2\/product\/10073","targetHints":{"allow":["GET"]}}],"collection":[{"href":"https:\/\/easyoriginal.com\/en\/wp-json\/wp\/v2\/product"}],"about":[{"href":"https:\/\/easyoriginal.com\/en\/wp-json\/wp\/v2\/types\/product"}],"replies":[{"embeddable":true,"href":"https:\/\/easyoriginal.com\/en\/wp-json\/wp\/v2\/comments?post=10073"}],"wp:featuredmedia":[{"embeddable":true,"href":"https:\/\/easyoriginal.com\/en\/wp-json\/wp\/v2\/media\/10051"}],"wp:attachment":[{"href":"https:\/\/easyoriginal.com\/en\/wp-json\/wp\/v2\/media?parent=10073"}],"wp:term":[{"taxonomy":"product_brand","embeddable":true,"href":"https:\/\/easyoriginal.com\/en\/wp-json\/wp\/v2\/product_brand?post=10073"},{"taxonomy":"product_cat","embeddable":true,"href":"https:\/\/easyoriginal.com\/en\/wp-json\/wp\/v2\/product_cat?post=10073"},{"taxonomy":"product_tag","embeddable":true,"href":"https:\/\/easyoriginal.com\/en\/wp-json\/wp\/v2\/product_tag?post=10073"}],"curies":[{"name":"wp","href":"https:\/\/api.w.org\/{rel}","templated":true}]}}