{"id":10067,"date":"2022-07-05T19:22:59","date_gmt":"2022-07-05T17:22:59","guid":{"rendered":"https:\/\/easyoriginal.com\/?post_type=product&#038;p=10067"},"modified":"2024-01-04T13:47:03","modified_gmt":"2024-01-04T12:47:03","slug":"el-rayo-de-luna-the-moonbeam","status":"publish","type":"product","link":"https:\/\/easyoriginal.com\/en\/shop\/spanisch-englisch\/el-rayo-de-luna-the-moonbeam\/","title":{"rendered":"El rayo de luna \/ The Moonbeam"},"content":{"rendered":"<div class=\"adapted-container\">\n<p class=\"Adapted\"><span class=\"Bold\"><a id=\"_idTextAnchor000\"><\/a>Yo no s\u00e9 <\/span><span class=\"Translation\">(I don\u2019t kno<\/span><span class=\"No-Break\"><span class=\"Translation\">w;<\/span><\/span> <span class=\"Translation\"><span class=\"Comments\">saber<\/span><\/span><span class=\"Translation\">)<\/span><span class=\"Bold\"> si esto es una historia <\/span><span class=\"Translation\">(if this is a history<\/span><span class=\"No-Break\"><span class=\"Translation\">\/s<\/span><\/span><span class=\"Translation\">tory)<\/span><span class=\"Bold\"> que parece cuento <\/span><span class=\"Translation\">(that seems <\/span><span class=\"No-Break\"><span class=\"Translation\">\/<\/span><\/span><span class=\"No-Break\"><span class=\"Translation\">l<\/span><\/span><span class=\"Translation\">ike<\/span><span class=\"No-Break\"><span class=\"Translation\">\/ <\/span><\/span><span class=\"Translation\">a story<\/span><span class=\"No-Break\"><span class=\"Translation\">\/f<\/span><\/span><span class=\"Translation\">airytal<\/span><span class=\"No-Break\"><span class=\"Translation\">e;<\/span><\/span> <span class=\"Translation\"><span class=\"Comment-Words\">parecer<\/span><\/span><span class=\"No-Break\"><span class=\"Translation\"> \u2014<\/span><\/span><span class=\"Translation\"><span class=\"Comments\"> to appea<\/span><\/span><span class=\"Translation\"><span class=\"No-Break\"><span class=\"Comments\">r;<\/span><\/span><\/span><span class=\"Translation\"><span class=\"Comments\"> be like<\/span><\/span><span class=\"Translation\">)<\/span><span class=\"Bold\"> o un cuento que parece historia <\/span><span class=\"Translation\">(or a story that seems like history<\/span><span class=\"No-Break\"><span class=\"Translation\">)<\/span><\/span><span class=\"No-Break\"><span class=\"Bold\">;<\/span><\/span><span class=\"Bold\"> lo que puedo decir es <\/span><span class=\"Translation\">(what I can say i<\/span><span class=\"No-Break\"><span class=\"Translation\">s;<\/span><\/span> <span class=\"Translation\"><span class=\"Comments\">poder<\/span><\/span><span class=\"Translation\">)<\/span><span class=\"Bold\"> que en su fondo hay una verdad <\/span><span class=\"Translation\">(that deep down there is a truth: \u201cin its depths there is a truth\u201d)<\/span><span class=\"Bold\">, una verdad muy triste <\/span><span class=\"Translation\">(a very sad truth)<\/span><span class=\"Bold\">, de la que acaso yo ser\u00e9 uno de los \u00faltimos en aprovecharme <\/span><span class=\"Translation\">(of which perhaps I will be one of the last to take advantage)<\/span><span class=\"Bold\">, dadas mis condiciones de imaginaci\u00f3n <\/span><span class=\"Translation\">(given my conditions of imaginatio<\/span><span class=\"No-Break\"><span class=\"Translation\">n;<\/span><\/span> <span class=\"Translation\"><span class=\"Comments\">da<\/span><\/span><span class=\"Translation\"><span class=\"No-Break\"><span class=\"Comments\">r<\/span><\/span><\/span><span class=\"No-Break\"><span class=\"Translation\">;<\/span><\/span> <span class=\"Translation\"><span class=\"Comment-Words\">imaginar<\/span><\/span><span class=\"Translation\"><span class=\"No-Break\"><span class=\"Comments\"> \u2014<\/span><\/span><\/span><span class=\"Translation\"><span class=\"Comments\"> to imagine<\/span><\/span><span class=\"Translation\">)<\/span><span class=\"Bold\">.<\/span><\/p>\n<p class=\"Adapted\"><span class=\"Bold\">Otro, con esta idea <\/span><span class=\"Translation\">(another <\/span><span class=\"No-Break\"><span class=\"Translation\">\/p<\/span><\/span><span class=\"Translation\">erson<\/span><span class=\"Translation\"><span class=\"No-Break\"><span class=\"Bold\">\/<\/span><\/span><\/span><span class=\"No-Break\"><span class=\"Translation\">,<\/span><\/span><span class=\"Translation\"> with this idea)<\/span><span class=\"Bold\">, tal vez hubiera hecho un tomo de filosof\u00eda lacrimosa <\/span><span class=\"Translation\">(perhaps would have made<\/span><span class=\"No-Break\"><span class=\"Translation\">\/w<\/span><\/span><span class=\"Translation\">ritten a volume<\/span><span class=\"No-Break\"><span class=\"Translation\">\/b<\/span><\/span><span class=\"Translation\">ook of tearful philosoph<\/span><span class=\"No-Break\"><span class=\"Translation\">y;<\/span><\/span> <span class=\"Translation\"><span class=\"Comments\">hace<\/span><\/span><span class=\"Translation\"><span class=\"No-Break\"><span class=\"Comments\">r<\/span><\/span><\/span><span class=\"No-Break\"><span class=\"Translation\">;<\/span><\/span> <span class=\"Translation\"><span class=\"Comment-Words\">l\u00e1grima<\/span><\/span><span class=\"Translation\"><span class=\"Gender _idGenCharOverride-1\">f<\/span><\/span> <span class=\"No-Break\"><span class=\"Translation\">\u2014<\/span><\/span> <span class=\"Translation\"><span class=\"Comments\">tear<\/span><\/span><span class=\"No-Break\"><span class=\"Translation\">)<\/span><\/span><span class=\"No-Break\"><span class=\"Bold\">;<\/span><\/span><span class=\"Bold\"> yo he escrito esta leyenda <\/span><span class=\"Translation\">(I have written this legen<\/span><span class=\"No-Break\"><span class=\"Translation\">d;<\/span><\/span> <span class=\"Translation\"><span class=\"Comment-Words-No-Break\">escribir<\/span><\/span><span class=\"Translation\"><span class=\"No-Break\"><span class=\"Comments\"> \u2014<\/span><\/span><\/span><span class=\"Translation\"><span class=\"Comments\"> to write<\/span><\/span><span class=\"Translation\">)<\/span><span class=\"Bold\"> que, a los que nada vean en su fondo <\/span><span class=\"Translation\">(which, for those <\/span><span class=\"No-Break\"><span class=\"Translation\">\/p<\/span><\/span><span class=\"Translation\">eople<\/span><span class=\"No-Break\"><span class=\"Translation\">\/ <\/span><\/span><span class=\"Translation\">who see nothing in its depths)<\/span><span class=\"Bold\">, al menos podr\u00e1 entretenerles un rato <\/span><span class=\"Translation\">(at least may: \u201cwill be able to\u201d entertain them for a whil<\/span><span class=\"No-Break\"><span class=\"Translation\">e;<\/span><\/span> <span class=\"Translation\"><span class=\"Comments\">pode<\/span><\/span><span class=\"Translation\"><span class=\"No-Break\"><span class=\"Comments\">r<\/span><\/span><\/span><span class=\"No-Break\"><span class=\"Translation\">;<\/span><\/span> <span class=\"Translation\"><span class=\"Comment-Words\">rato<\/span><\/span><span class=\"Translation\"><span class=\"Gender _idGenCharOverride-1\">m<\/span><\/span><span class=\"Translation\"><span class=\"No-Break\"><span class=\"Comments\"> \u2014<\/span><\/span><\/span><span class=\"Translation\"><span class=\"Comments\"> a short time<\/span><\/span><span class=\"Translation\">)<\/span><span class=\"Bold\">.<\/span><\/p>\n<\/div>\n<audio class=\"wp-audio-shortcode\" id=\"audio-10067-1\" preload=\"none\" style=\"width: 100%;\" controls=\"controls\"><source type=\"audio\/mpeg\" src=\"https:\/\/easyoriginal1.s3.eu-central-1.amazonaws.com\/spanisch\/s12\/1.mp3?_=1\" \/><a href=\"https:\/\/easyoriginal1.s3.eu-central-1.amazonaws.com\/spanisch\/s12\/1.mp3\">https:\/\/easyoriginal1.s3.eu-central-1.amazonaws.com\/spanisch\/s12\/1.mp3<\/a><\/audio>\n<div class=\"original-container\">\n<p class=\"Original\" lang=\"fr-FR\">Yo no s\u00e9 si esto es una historia que parece cuento o un cuento que parece historia; lo que puedo decir es que en su fondo hay una verdad, una verdad muy triste, de la que acaso yo ser\u00e9 uno de los \u00faltimos en aprovecharme, dadas mis condiciones de imaginaci\u00f3n.<\/p>\n<p class=\"Original\" lang=\"fr-FR\">Otro, con esta idea, tal vez hubiera hecho un tomo de filosof\u00eda lacrimosa; yo he escrito esta leyenda que, a los que nada vean en su fondo, al menos podr\u00e1 entretenerles un rato.<\/p>\n<\/div>","protected":false},"excerpt":{"rendered":"<p>\u201cEl rayo de luna\u201d (&#8222;The Moonbeam&#8220;) is a legend from Gustavo Adolfo B\u00e9cquer&#8217;s \u201cLeyendas\u201d. B\u00e9cquer is one of the most important authors of Spanish Romanticism, today he is considered one of the most important figures in Spanish literature.<br \/>\nUnabridged original text. Bilingual book Spanish-English.<\/p>\n<p><a class=\"lpdf\" href=\"\/sample\/Becquer_El_rayo_de_luna_EN_Sample_EasyOriginal-com.pdf\" target=\"_blank\" rel=\"noopener noreferrer\">Reading Sample (PDF)<\/a><\/p>","protected":false},"featured_media":10048,"comment_status":"open","ping_status":"closed","template":"","meta":{"_acf_changed":false,"_et_pb_use_builder":"off","_et_pb_old_content":"<div class=\"adapted-container\">\r\n<p class=\"Adapted\"><span class=\"Bold\">Hace mucho tiempo que ten\u00eda ganas de escribir <\/span><span class=\"Translation\">(seit langer Zeit hatte ich Lust zu schreiben; <\/span><span class=\"Translation\"><span class=\"Comment-Words\">tener<\/span><\/span><span class=\"Translation\"><span class=\"Comments\"> \u2014 haben<\/span><\/span><span class=\"Translation\">)<\/span><span class=\"Bold\"> cualquier cosa con este t\u00edtulo <\/span><span class=\"Translation\">(irgendetwas mit diesem Titel)<\/span><span class=\"Bold\">.<\/span><\/p>\r\n<p class=\"Adapted\"><span class=\"Bold\">Hoy<a id=\"_idTextAnchor001\"><\/a>, que se me ha presentado ocasi\u00f3n <\/span><span class=\"Translation\">(heute, wo sich mir \/eine\/ Gelegenheit geboten hat; <\/span><span class=\"Translation\"><span class=\"Comment-Words\">presentar<\/span><\/span><span class=\"Translation\"><span class=\"Comments\"> \u2014 zeigen; vorstellen<\/span><\/span><span class=\"Translation\">)<\/span><span class=\"Bold\">, lo he puesto con letras grandes <\/span><span class=\"Translation\">(das habe ich in gro\u00dfen Buchstaben gesetzt = habe ich es in Gro\u00dfbuchstaben gesetzt; <\/span><span class=\"Translation\"><span class=\"Comment-Words\">poner<\/span><\/span><span class=\"Translation\"><span class=\"Comments\"> \u2014 setzen; stellen; legen<\/span><\/span><span class=\"Translation\">)<\/span><span class=\"Bold\"> en la primera cuartilla de papel <\/span><span class=\"Translation\">(auf das erste Blatt: \u00abauf das erste Viertelpapier\u00bb; <\/span><span class=\"Translation\"><span class=\"Comment-Words\">cuarto<\/span><\/span><span class=\"Translation\"><span class=\"Gender _idGenCharOverride-1\">m <\/span><\/span><span class=\"Translation\"><span class=\"Comments\">\u2014 Viertel<\/span><\/span><span class=\"Translation\">)<\/span><span class=\"Bold\">, y luego he dejado a capricho volar la pluma <\/span><span class=\"Translation\">(und dann habe ich nach Belieben die Feder fliegen lassen; <\/span><span class=\"Translation\"><span class=\"Comment-Words\">dejar<\/span><\/span><span class=\"Translation\"><span class=\"Comments\"> \u2014 lassen; <\/span><\/span><span class=\"Translation\"><span class=\"Comment-Words\">capricho<\/span><\/span><span class=\"Translation\"><span class=\"Gender _idGenCharOverride-1\">m <\/span><\/span><span class=\"Translation\"><span class=\"Comments\">\u2014 Laune<\/span><\/span><span class=\"Translation\">)<\/span><span class=\"Bold\">.<\/span><\/p>\r\n\r\n<\/div>\r\n[audio mp3=\"https:\/\/easyoriginal1.s3.eu-central-1.amazonaws.com\/spanisch\/s1\/1.mp3\"][\/audio]\r\n<div class=\"original-container\">\r\n<p class=\"Original\">Hace mucho tiempo que ten\u00eda ganas de escribir cualquier cosa con este t\u00edtulo.<\/p>\r\n<p class=\"Original\">Hoy, que se me ha presentado ocasi\u00f3n, lo he puesto con letras grandes en la primera cuartilla de papel, y luego he dejado a capricho volar la pluma.<\/p>\r\n\r\n<\/div>\r\n<a class=\"weiter\" href=\"\/webreader\/los-ojos-verdes\/fragment\/1-4-2\/\">weiter lesen<\/a>","_et_gb_content_width":""},"product_brand":[],"product_cat":[190],"product_tag":[],"class_list":{"0":"post-10067","1":"product","2":"type-product","3":"status-publish","4":"has-post-thumbnail","6":"product_cat-spanisch-englisch","8":"first","9":"instock","10":"taxable","11":"shipping-taxable","12":"purchasable","13":"product-type-variable"},"acf":[],"yoast_head":"<!-- This site is optimized with the Yoast SEO plugin v27.3 - https:\/\/yoast.com\/product\/yoast-seo-wordpress\/ -->\n<title>El rayo de luna \/ The Moonbeam - EasyOriginal.com<\/title>\n<meta name=\"robots\" content=\"index, follow, max-snippet:-1, max-image-preview:large, max-video-preview:-1\" \/>\n<link rel=\"canonical\" href=\"https:\/\/easyoriginal.com\/en\/shop\/spanisch-englisch\/el-rayo-de-luna-the-moonbeam\/\" \/>\n<meta property=\"og:locale\" content=\"en_GB\" \/>\n<meta property=\"og:type\" content=\"article\" \/>\n<meta property=\"og:title\" content=\"El rayo de luna \/ The Moonbeam - EasyOriginal.com\" \/>\n<meta property=\"og:description\" content=\"\u201cEl rayo de luna\u201d (&quot;The Moonbeam&quot;) is a legend from Gustavo Adolfo B\u00e9cquer&#039;s \u201cLeyendas\u201d. B\u00e9cquer is one of the most important authors of Spanish Romanticism, today he is considered one of the most important figures in Spanish literature. Unabridged original text. Bilingual book Spanish-English.  Reading Sample (PDF)\" \/>\n<meta property=\"og:url\" content=\"https:\/\/easyoriginal.com\/en\/shop\/spanisch-englisch\/el-rayo-de-luna-the-moonbeam\/\" \/>\n<meta property=\"og:site_name\" content=\"EasyOriginal.com\" \/>\n<meta property=\"article:modified_time\" content=\"2024-01-04T12:47:03+00:00\" \/>\n<meta property=\"og:image\" content=\"https:\/\/easyoriginal.com\/wp-content\/uploads\/Becquer_El_rayo_de_luna_EN_printcover.jpg\" \/>\n\t<meta property=\"og:image:width\" content=\"468\" \/>\n\t<meta property=\"og:image:height\" content=\"702\" \/>\n\t<meta property=\"og:image:type\" content=\"image\/jpeg\" \/>\n<meta name=\"twitter:card\" content=\"summary_large_image\" \/>\n<meta name=\"twitter:label1\" content=\"Estimated reading time\" \/>\n\t<meta name=\"twitter:data1\" content=\"2 minutes\" \/>\n<script type=\"application\/ld+json\" class=\"yoast-schema-graph\">{\"@context\":\"https:\\\/\\\/schema.org\",\"@graph\":[{\"@type\":\"WebPage\",\"@id\":\"https:\\\/\\\/easyoriginal.com\\\/shop\\\/spanisch-englisch\\\/el-rayo-de-luna-the-moonbeam\\\/\",\"url\":\"https:\\\/\\\/easyoriginal.com\\\/shop\\\/spanisch-englisch\\\/el-rayo-de-luna-the-moonbeam\\\/\",\"name\":\"El rayo de luna \\\/ The Moonbeam - EasyOriginal.com\",\"isPartOf\":{\"@id\":\"https:\\\/\\\/easyoriginal.com\\\/#website\"},\"primaryImageOfPage\":{\"@id\":\"https:\\\/\\\/easyoriginal.com\\\/shop\\\/spanisch-englisch\\\/el-rayo-de-luna-the-moonbeam\\\/#primaryimage\"},\"image\":{\"@id\":\"https:\\\/\\\/easyoriginal.com\\\/shop\\\/spanisch-englisch\\\/el-rayo-de-luna-the-moonbeam\\\/#primaryimage\"},\"thumbnailUrl\":\"https:\\\/\\\/easyoriginal.com\\\/wp-content\\\/uploads\\\/Becquer_El_rayo_de_luna_EN_printcover.jpg\",\"datePublished\":\"2022-07-05T17:22:59+00:00\",\"dateModified\":\"2024-01-04T12:47:03+00:00\",\"breadcrumb\":{\"@id\":\"https:\\\/\\\/easyoriginal.com\\\/shop\\\/spanisch-englisch\\\/el-rayo-de-luna-the-moonbeam\\\/#breadcrumb\"},\"inLanguage\":\"en-GB\",\"potentialAction\":[{\"@type\":\"ReadAction\",\"target\":[\"https:\\\/\\\/easyoriginal.com\\\/shop\\\/spanisch-englisch\\\/el-rayo-de-luna-the-moonbeam\\\/\"]}]},{\"@type\":\"ImageObject\",\"inLanguage\":\"en-GB\",\"@id\":\"https:\\\/\\\/easyoriginal.com\\\/shop\\\/spanisch-englisch\\\/el-rayo-de-luna-the-moonbeam\\\/#primaryimage\",\"url\":\"https:\\\/\\\/easyoriginal.com\\\/wp-content\\\/uploads\\\/Becquer_El_rayo_de_luna_EN_printcover.jpg\",\"contentUrl\":\"https:\\\/\\\/easyoriginal.com\\\/wp-content\\\/uploads\\\/Becquer_El_rayo_de_luna_EN_printcover.jpg\",\"width\":468,\"height\":702},{\"@type\":\"BreadcrumbList\",\"@id\":\"https:\\\/\\\/easyoriginal.com\\\/shop\\\/spanisch-englisch\\\/el-rayo-de-luna-the-moonbeam\\\/#breadcrumb\",\"itemListElement\":[{\"@type\":\"ListItem\",\"position\":1,\"name\":\"Startseite\",\"item\":\"https:\\\/\\\/easyoriginal.com\\\/\"},{\"@type\":\"ListItem\",\"position\":2,\"name\":\"Shop\",\"item\":\"https:\\\/\\\/easyoriginal.com\\\/shop\\\/\"},{\"@type\":\"ListItem\",\"position\":3,\"name\":\"El rayo de luna \\\/ The Moonbeam\"}]},{\"@type\":\"WebSite\",\"@id\":\"https:\\\/\\\/easyoriginal.com\\\/#website\",\"url\":\"https:\\\/\\\/easyoriginal.com\\\/\",\"name\":\"EasyOriginal.com\",\"description\":\"Spa\u00df am Lesen im Original - Innovative Lesemethode f\u00fcr Fremdsprachen\",\"publisher\":{\"@id\":\"https:\\\/\\\/easyoriginal.com\\\/#organization\"},\"potentialAction\":[{\"@type\":\"SearchAction\",\"target\":{\"@type\":\"EntryPoint\",\"urlTemplate\":\"https:\\\/\\\/easyoriginal.com\\\/?s={search_term_string}\"},\"query-input\":{\"@type\":\"PropertyValueSpecification\",\"valueRequired\":true,\"valueName\":\"search_term_string\"}}],\"inLanguage\":\"en-GB\"},{\"@type\":\"Organization\",\"@id\":\"https:\\\/\\\/easyoriginal.com\\\/#organization\",\"name\":\"EasyOriginal Verlag\",\"url\":\"https:\\\/\\\/easyoriginal.com\\\/\",\"logo\":{\"@type\":\"ImageObject\",\"inLanguage\":\"en-GB\",\"@id\":\"https:\\\/\\\/easyoriginal.com\\\/#\\\/schema\\\/logo\\\/image\\\/\",\"url\":\"https:\\\/\\\/easyoriginal.com\\\/wp-content\\\/uploads\\\/2020\\\/08\\\/logo_main.png\",\"contentUrl\":\"https:\\\/\\\/easyoriginal.com\\\/wp-content\\\/uploads\\\/2020\\\/08\\\/logo_main.png\",\"width\":500,\"height\":103,\"caption\":\"EasyOriginal Verlag\"},\"image\":{\"@id\":\"https:\\\/\\\/easyoriginal.com\\\/#\\\/schema\\\/logo\\\/image\\\/\"}}]}<\/script>\n<!-- \/ Yoast SEO plugin. -->","yoast_head_json":{"title":"El rayo de luna \/ The Moonbeam - EasyOriginal.com","robots":{"index":"index","follow":"follow","max-snippet":"max-snippet:-1","max-image-preview":"max-image-preview:large","max-video-preview":"max-video-preview:-1"},"canonical":"https:\/\/easyoriginal.com\/en\/shop\/spanisch-englisch\/el-rayo-de-luna-the-moonbeam\/","og_locale":"en_GB","og_type":"article","og_title":"El rayo de luna \/ The Moonbeam - EasyOriginal.com","og_description":"\u201cEl rayo de luna\u201d (\"The Moonbeam\") is a legend from Gustavo Adolfo B\u00e9cquer's \u201cLeyendas\u201d. B\u00e9cquer is one of the most important authors of Spanish Romanticism, today he is considered one of the most important figures in Spanish literature. Unabridged original text. Bilingual book Spanish-English.  Reading Sample (PDF)","og_url":"https:\/\/easyoriginal.com\/en\/shop\/spanisch-englisch\/el-rayo-de-luna-the-moonbeam\/","og_site_name":"EasyOriginal.com","article_modified_time":"2024-01-04T12:47:03+00:00","og_image":[{"width":468,"height":702,"url":"https:\/\/easyoriginal.com\/wp-content\/uploads\/Becquer_El_rayo_de_luna_EN_printcover.jpg","type":"image\/jpeg"}],"twitter_card":"summary_large_image","twitter_misc":{"Estimated reading time":"2 minutes"},"schema":{"@context":"https:\/\/schema.org","@graph":[{"@type":"WebPage","@id":"https:\/\/easyoriginal.com\/shop\/spanisch-englisch\/el-rayo-de-luna-the-moonbeam\/","url":"https:\/\/easyoriginal.com\/shop\/spanisch-englisch\/el-rayo-de-luna-the-moonbeam\/","name":"El rayo de luna \/ The Moonbeam - EasyOriginal.com","isPartOf":{"@id":"https:\/\/easyoriginal.com\/#website"},"primaryImageOfPage":{"@id":"https:\/\/easyoriginal.com\/shop\/spanisch-englisch\/el-rayo-de-luna-the-moonbeam\/#primaryimage"},"image":{"@id":"https:\/\/easyoriginal.com\/shop\/spanisch-englisch\/el-rayo-de-luna-the-moonbeam\/#primaryimage"},"thumbnailUrl":"https:\/\/easyoriginal.com\/wp-content\/uploads\/Becquer_El_rayo_de_luna_EN_printcover.jpg","datePublished":"2022-07-05T17:22:59+00:00","dateModified":"2024-01-04T12:47:03+00:00","breadcrumb":{"@id":"https:\/\/easyoriginal.com\/shop\/spanisch-englisch\/el-rayo-de-luna-the-moonbeam\/#breadcrumb"},"inLanguage":"en-GB","potentialAction":[{"@type":"ReadAction","target":["https:\/\/easyoriginal.com\/shop\/spanisch-englisch\/el-rayo-de-luna-the-moonbeam\/"]}]},{"@type":"ImageObject","inLanguage":"en-GB","@id":"https:\/\/easyoriginal.com\/shop\/spanisch-englisch\/el-rayo-de-luna-the-moonbeam\/#primaryimage","url":"https:\/\/easyoriginal.com\/wp-content\/uploads\/Becquer_El_rayo_de_luna_EN_printcover.jpg","contentUrl":"https:\/\/easyoriginal.com\/wp-content\/uploads\/Becquer_El_rayo_de_luna_EN_printcover.jpg","width":468,"height":702},{"@type":"BreadcrumbList","@id":"https:\/\/easyoriginal.com\/shop\/spanisch-englisch\/el-rayo-de-luna-the-moonbeam\/#breadcrumb","itemListElement":[{"@type":"ListItem","position":1,"name":"Startseite","item":"https:\/\/easyoriginal.com\/"},{"@type":"ListItem","position":2,"name":"Shop","item":"https:\/\/easyoriginal.com\/shop\/"},{"@type":"ListItem","position":3,"name":"El rayo de luna \/ The Moonbeam"}]},{"@type":"WebSite","@id":"https:\/\/easyoriginal.com\/#website","url":"https:\/\/easyoriginal.com\/","name":"EasyOriginal.com","description":"Spa\u00df am Lesen im Original - Innovative Lesemethode f\u00fcr Fremdsprachen","publisher":{"@id":"https:\/\/easyoriginal.com\/#organization"},"potentialAction":[{"@type":"SearchAction","target":{"@type":"EntryPoint","urlTemplate":"https:\/\/easyoriginal.com\/?s={search_term_string}"},"query-input":{"@type":"PropertyValueSpecification","valueRequired":true,"valueName":"search_term_string"}}],"inLanguage":"en-GB"},{"@type":"Organization","@id":"https:\/\/easyoriginal.com\/#organization","name":"EasyOriginal Verlag","url":"https:\/\/easyoriginal.com\/","logo":{"@type":"ImageObject","inLanguage":"en-GB","@id":"https:\/\/easyoriginal.com\/#\/schema\/logo\/image\/","url":"https:\/\/easyoriginal.com\/wp-content\/uploads\/2020\/08\/logo_main.png","contentUrl":"https:\/\/easyoriginal.com\/wp-content\/uploads\/2020\/08\/logo_main.png","width":500,"height":103,"caption":"EasyOriginal Verlag"},"image":{"@id":"https:\/\/easyoriginal.com\/#\/schema\/logo\/image\/"}}]}},"_links":{"self":[{"href":"https:\/\/easyoriginal.com\/en\/wp-json\/wp\/v2\/product\/10067","targetHints":{"allow":["GET"]}}],"collection":[{"href":"https:\/\/easyoriginal.com\/en\/wp-json\/wp\/v2\/product"}],"about":[{"href":"https:\/\/easyoriginal.com\/en\/wp-json\/wp\/v2\/types\/product"}],"replies":[{"embeddable":true,"href":"https:\/\/easyoriginal.com\/en\/wp-json\/wp\/v2\/comments?post=10067"}],"wp:featuredmedia":[{"embeddable":true,"href":"https:\/\/easyoriginal.com\/en\/wp-json\/wp\/v2\/media\/10048"}],"wp:attachment":[{"href":"https:\/\/easyoriginal.com\/en\/wp-json\/wp\/v2\/media?parent=10067"}],"wp:term":[{"taxonomy":"product_brand","embeddable":true,"href":"https:\/\/easyoriginal.com\/en\/wp-json\/wp\/v2\/product_brand?post=10067"},{"taxonomy":"product_cat","embeddable":true,"href":"https:\/\/easyoriginal.com\/en\/wp-json\/wp\/v2\/product_cat?post=10067"},{"taxonomy":"product_tag","embeddable":true,"href":"https:\/\/easyoriginal.com\/en\/wp-json\/wp\/v2\/product_tag?post=10067"}],"curies":[{"name":"wp","href":"https:\/\/api.w.org\/{rel}","templated":true}]}}