{"id":10033,"date":"2022-07-05T16:13:38","date_gmt":"2022-07-05T14:13:38","guid":{"rendered":"https:\/\/easyoriginal.com\/?post_type=product&#038;p=10033"},"modified":"2024-01-04T13:44:50","modified_gmt":"2024-01-04T12:44:50","slug":"la-belle-au-bois-dormant-sleeping-beauty","status":"publish","type":"product","link":"https:\/\/easyoriginal.com\/en\/shop\/franzoesisch-englisch\/la-belle-au-bois-dormant-sleeping-beauty\/","title":{"rendered":"La Belle au bois dormant \/ Sleeping Beauty"},"content":{"rendered":"<div class=\"adapted-container\">\n<p class=\"Adapted\"><span class=\"Bold CharOverride-1\">La Belle au bois dormant<\/span><\/p>\n<p class=\"Adapted\"><span class=\"Translation CharOverride-1\">(Sleeping Beauty: &quot;the beauty in the woods sleeping<\/span><span class=\"No-Break\"><span class=\"Translation CharOverride-1\">&quot;;<\/span><\/span><span class=\"Translation CharOverride-1\"> <\/span><span class=\"Translation\"><span class=\"Comments CharOverride-1\">dormir<\/span><\/span><span class=\"Translation CharOverride-1\">)<\/span><\/p>\n<p class=\"Adapted\"><span class=\"Bold CharOverride-1\">Il \u00e9tait une fois un roi et une reine <\/span><span class=\"Translation CharOverride-1\">(once upon a time: &quot;it was once&quot; a king and a queen)<\/span><span class=\"Bold CharOverride-1\"> qui \u00e9taient si f\u00e2ch\u00e9s de n\u2019avoir point d\u2019enfants<\/span><span class=\"CharOverride-1\"> <\/span><span class=\"Translation CharOverride-1\">(who were so angry at having no childre<\/span><span class=\"No-Break\"><span class=\"Translation CharOverride-1\">n;<\/span><\/span><span class=\"Translation CharOverride-1\"> <\/span><span class=\"Translation\"><span class=\"Comments CharOverride-1\">enfant<\/span><\/span><span class=\"Translation\"><span class=\"Gender CharOverride-2\">m, f<\/span><\/span><span class=\"Translation CharOverride-1\">)<\/span><span class=\"Bold CharOverride-1\">, si f\u00e2ch\u00e9s qu\u2019on ne saurait dire<\/span><span class=\"CharOverride-1\"> <\/span><span class=\"Translation CharOverride-1\">(unspeakably angry: &quot;so angry that one would not know how to say<\/span><span class=\"No-Break\"><span class=\"Translation CharOverride-1\">&quot;;<\/span><\/span><span class=\"Translation CharOverride-1\"> <\/span><span class=\"Translation\"><span class=\"Comment-Words CharOverride-1\">savoir<\/span><\/span><span class=\"Translation\"><span class=\"No-Break\"><span class=\"Comment-Words CharOverride-1\"> <\/span><\/span><\/span><span class=\"Translation\"><span class=\"No-Break\"><span class=\"Comments CharOverride-1\">\u2014<\/span><\/span><\/span><span class=\"Translation\"><span class=\"Comments CharOverride-1\"> to kno<\/span><\/span><span class=\"Translation\"><span class=\"No-Break\"><span class=\"Comments CharOverride-1\">w;<\/span><\/span><\/span><span class=\"Translation\"><span class=\"Comments CharOverride-1\"> know how<\/span><\/span><span class=\"Translation CharOverride-1\">)<\/span><span class=\"Bold CharOverride-1\">. Ils all\u00e8rent \u00e0 toutes les eaux du monde<\/span><span class=\"CharOverride-1\"> <\/span><span class=\"Translation CharOverride-1\">(they went to all the waters of the worl<\/span><span class=\"No-Break\"><span class=\"Translation CharOverride-1\">d;<\/span><\/span><span class=\"Translation CharOverride-1\"> <\/span><span class=\"Translation\"><span class=\"Comments CharOverride-1\">eau<\/span><\/span><span class=\"Translation\"><span class=\"Gender CharOverride-2\">f<\/span><\/span><span class=\"Translation CharOverride-1\">)<\/span><span class=\"Bold CharOverride-1\">, v\u0153ux, p\u00e8lerinages, menues d\u00e9votions<\/span><span class=\"CharOverride-1\"> <\/span><span class=\"Translation CharOverride-1\">(vows, pilgrimages, minor devotion<\/span><span class=\"No-Break\"><span class=\"Translation CharOverride-1\">s;<\/span><\/span><span class=\"Translation CharOverride-1\"> <\/span><span class=\"Translation\"><span class=\"Comment-Words CharOverride-1\">v\u0153u<\/span><\/span><span class=\"Translation\"><span class=\"Gender CharOverride-2\">m<\/span><\/span><span class=\"Translation\"><span class=\"No-Break\"><span class=\"Comments CharOverride-1\"> \u2014<\/span><\/span><\/span><span class=\"Translation\"><span class=\"Comments CharOverride-1\"> wis<\/span><\/span><span class=\"Translation\"><span class=\"No-Break\"><span class=\"Comments CharOverride-1\">h;<\/span><\/span><\/span><span class=\"Translation\"><span class=\"Comments CharOverride-1\"> greetin<\/span><\/span><span class=\"Translation\"><span class=\"No-Break\"><span class=\"Comments CharOverride-1\">g;<\/span><\/span><\/span><span class=\"Translation\"><span class=\"Comments CharOverride-1\"> vo<\/span><\/span><span class=\"Translation\"><span class=\"No-Break\"><span class=\"Comments CharOverride-1\">w;<\/span><\/span><\/span><span class=\"Translation\"><span class=\"Comments CharOverride-1\"> p\u00e8lerinage<\/span><\/span><span class=\"Translation\"><span class=\"No-Break\"><span class=\"Gender CharOverride-2\">m<\/span><\/span><\/span><span class=\"Translation\"><span class=\"No-Break\"><span class=\"Comments CharOverride-1\">;<\/span><\/span><\/span><span class=\"Translation\"><span class=\"Comment-Words CharOverride-1\"> menu<\/span><\/span><span class=\"Translation\"><span class=\"No-Break\"><span class=\"Comments CharOverride-1\"> \u2014<\/span><\/span><\/span><span class=\"Translation\"><span class=\"Comments CharOverride-1\"> slende<\/span><\/span><span class=\"Translation\"><span class=\"No-Break\"><span class=\"Comments CharOverride-1\">r;<\/span><\/span><\/span><span class=\"Translation\"><span class=\"Comments CharOverride-1\"> mino<\/span><\/span><span class=\"Translation\"><span class=\"No-Break\"><span class=\"Comments CharOverride-1\">r;<\/span><\/span><\/span><span class=\"Translation\"><span class=\"Comments CharOverride-1\"> daint<\/span><\/span><span class=\"Translation\"><span class=\"No-Break\"><span class=\"Comments CharOverride-1\">y;<\/span><\/span><\/span><span class=\"Translation\"><span class=\"Comments CharOverride-1\"> <\/span><\/span><span class=\"Translation\"><span class=\"Comment-Words CharOverride-1\">d\u00e9votion<\/span><\/span><span class=\"Translation\"><span class=\"Gender CharOverride-2\">f<\/span><\/span><span class=\"Translation\"><span class=\"No-Break\"><span class=\"Comments CharOverride-1\"> \u2014<\/span><\/span><\/span><span class=\"Translation\"><span class=\"Comments CharOverride-1\"> devotio<\/span><\/span><span class=\"Translation\"><span class=\"No-Break\"><span class=\"Comments CharOverride-1\">n;<\/span><\/span><\/span><span class=\"Translation\"><span class=\"Comments CharOverride-1\"> veneratio<\/span><\/span><span class=\"Translation\"><span class=\"No-Break\"><span class=\"Comments CharOverride-1\">n;<\/span><\/span><\/span><span class=\"Translation\"><span class=\"Comments CharOverride-1\"> worship<\/span><\/span><span class=\"Translation CharOverride-1\">)<\/span><span class=\"Bold CharOverride-1\">, tout fut mis en \u0153uvre<\/span><span class=\"CharOverride-1\"> <\/span><span class=\"Translation CharOverride-1\">(they made every effort: &quot;everything was put into work<\/span><span class=\"No-Break\"><span class=\"Translation CharOverride-1\">&quot;;<\/span><\/span><span class=\"Translation CharOverride-1\"> <\/span><span class=\"Translation\"><span class=\"Comments CharOverride-1\">mettr<\/span><\/span><span class=\"Translation\"><span class=\"No-Break\"><span class=\"Comments CharOverride-1\">e;<\/span><\/span><\/span><span class=\"Translation\"><span class=\"Comments CharOverride-1\"> <\/span><\/span><span class=\"Translation\"><span class=\"Comment-Words CharOverride-1\">\u0153uvre<\/span><\/span><span class=\"Translation\"><span class=\"Gender CharOverride-2\">f<\/span><\/span><span class=\"Translation\"><span class=\"No-Break\"><span class=\"Comments CharOverride-1\"> \u2014<\/span><\/span><\/span><span class=\"Translation\"><span class=\"Comments CharOverride-1\"> wor<\/span><\/span><span class=\"Translation\"><span class=\"No-Break\"><span class=\"Comments CharOverride-1\">k;<\/span><\/span><\/span><span class=\"Translation\"><span class=\"Comments CharOverride-1\"> <\/span><\/span><span class=\"Translation\"><span class=\"Comment-Words CharOverride-1\">mettre en \u0153uvre<\/span><\/span><span class=\"Translation\"><span class=\"No-Break\"><span class=\"Comments CharOverride-1\"> \u2014<\/span><\/span><\/span><span class=\"Translation\"><span class=\"Comments CharOverride-1\"> to implemen<\/span><\/span><span class=\"Translation\"><span class=\"No-Break\"><span class=\"Comments CharOverride-1\">t;<\/span><\/span><\/span><span class=\"Translation\"><span class=\"Comments CharOverride-1\"> put into action<\/span><\/span><span class=\"Translation CharOverride-1\">)<\/span><span class=\"Bold CharOverride-1\">, et rien n\u2019y faisait<\/span><span class=\"CharOverride-1\"> <\/span><span class=\"Translation CharOverride-1\">(and nothing worked: &quot;nothing did there&quot;)<\/span><span class=\"Bold CharOverride-1\">.<\/span><\/p>\n<\/div>\n<audio class=\"wp-audio-shortcode\" id=\"audio-10033-1\" preload=\"none\" style=\"width: 100%;\" controls=\"controls\"><source type=\"audio\/mpeg\" src=\"https:\/\/easyoriginal1.s3.eu-central-1.amazonaws.com\/franzoesisch\/f11\/1.mp3?_=1\" \/><a href=\"https:\/\/easyoriginal1.s3.eu-central-1.amazonaws.com\/franzoesisch\/f11\/1.mp3\">https:\/\/easyoriginal1.s3.eu-central-1.amazonaws.com\/franzoesisch\/f11\/1.mp3<\/a><\/audio>\n<div class=\"original-container\">\n<p class=\"Original\" lang=\"fr-FR\"><span class=\"CharOverride-1\">Il \u00e9tait une fois un roi et une reine qui \u00e9taient si f\u00e2ch\u00e9s de n\u203aavoir point d\u203aenfants, si f\u00e2ch\u00e9s qu\u203aon ne saurait dire. Ils all\u00e8rent \u00e0 toutes les eaux du monde, v\u0153ux, p\u00e8lerinages, menues d\u00e9votions, tout fut mis en \u0153uvre, et rien n\u203ay faisait.<\/span><\/p>\n<\/div>","protected":false},"excerpt":{"rendered":"<p>&#8222;La Belle au bois dormant&#8220; (&#8222;Sleeping Beauty&#8220;) is a fairy tale by French writer Charles Perrault.<br \/>\nCharles Perrault was a French author and laid the foundations for a new literary genre, the fairy tale, with his works derived from earlier folk tales.<br \/>\nUnabridged original text. Bilingual book French-English.<\/p>\n<p><a class=\"lpdf\" href=\"\/sample\/Perrault_La_Belle_au_bois_dormant_Sample_EasyOriginal-com.pdf\" target=\"_blank\" rel=\"noopener noreferrer\">Reading Sample(PDF)<\/a><\/p>","protected":false},"featured_media":10005,"comment_status":"open","ping_status":"closed","template":"","meta":{"_acf_changed":false,"_et_pb_use_builder":"off","_et_pb_old_content":"<div class=\"adapted-container\">\r\n<p class=\"Adapted\"><span class=\"Bold\">Hace mucho tiempo que ten\u00eda ganas de escribir <\/span><span class=\"Translation\">(seit langer Zeit hatte ich Lust zu schreiben; <\/span><span class=\"Translation\"><span class=\"Comment-Words\">tener<\/span><\/span><span class=\"Translation\"><span class=\"Comments\"> \u2014 haben<\/span><\/span><span class=\"Translation\">)<\/span><span class=\"Bold\"> cualquier cosa con este t\u00edtulo <\/span><span class=\"Translation\">(irgendetwas mit diesem Titel)<\/span><span class=\"Bold\">.<\/span><\/p>\r\n<p class=\"Adapted\"><span class=\"Bold\">Hoy<a id=\"_idTextAnchor001\"><\/a>, que se me ha presentado ocasi\u00f3n <\/span><span class=\"Translation\">(heute, wo sich mir \/eine\/ Gelegenheit geboten hat; <\/span><span class=\"Translation\"><span class=\"Comment-Words\">presentar<\/span><\/span><span class=\"Translation\"><span class=\"Comments\"> \u2014 zeigen; vorstellen<\/span><\/span><span class=\"Translation\">)<\/span><span class=\"Bold\">, lo he puesto con letras grandes <\/span><span class=\"Translation\">(das habe ich in gro\u00dfen Buchstaben gesetzt = habe ich es in Gro\u00dfbuchstaben gesetzt; <\/span><span class=\"Translation\"><span class=\"Comment-Words\">poner<\/span><\/span><span class=\"Translation\"><span class=\"Comments\"> \u2014 setzen; stellen; legen<\/span><\/span><span class=\"Translation\">)<\/span><span class=\"Bold\"> en la primera cuartilla de papel <\/span><span class=\"Translation\">(auf das erste Blatt: \u00abauf das erste Viertelpapier\u00bb; <\/span><span class=\"Translation\"><span class=\"Comment-Words\">cuarto<\/span><\/span><span class=\"Translation\"><span class=\"Gender _idGenCharOverride-1\">m <\/span><\/span><span class=\"Translation\"><span class=\"Comments\">\u2014 Viertel<\/span><\/span><span class=\"Translation\">)<\/span><span class=\"Bold\">, y luego he dejado a capricho volar la pluma <\/span><span class=\"Translation\">(und dann habe ich nach Belieben die Feder fliegen lassen; <\/span><span class=\"Translation\"><span class=\"Comment-Words\">dejar<\/span><\/span><span class=\"Translation\"><span class=\"Comments\"> \u2014 lassen; <\/span><\/span><span class=\"Translation\"><span class=\"Comment-Words\">capricho<\/span><\/span><span class=\"Translation\"><span class=\"Gender _idGenCharOverride-1\">m <\/span><\/span><span class=\"Translation\"><span class=\"Comments\">\u2014 Laune<\/span><\/span><span class=\"Translation\">)<\/span><span class=\"Bold\">.<\/span><\/p>\r\n\r\n<\/div>\r\n[audio mp3=\"https:\/\/easyoriginal1.s3.eu-central-1.amazonaws.com\/spanisch\/s1\/1.mp3\"][\/audio]\r\n<div class=\"original-container\">\r\n<p class=\"Original\">Hace mucho tiempo que ten\u00eda ganas de escribir cualquier cosa con este t\u00edtulo.<\/p>\r\n<p class=\"Original\">Hoy, que se me ha presentado ocasi\u00f3n, lo he puesto con letras grandes en la primera cuartilla de papel, y luego he dejado a capricho volar la pluma.<\/p>\r\n\r\n<\/div>\r\n<a class=\"weiter\" href=\"\/webreader\/los-ojos-verdes\/fragment\/1-4-2\/\">weiter lesen<\/a>","_et_gb_content_width":""},"product_brand":[],"product_cat":[188],"product_tag":[],"class_list":{"0":"post-10033","1":"product","2":"type-product","3":"status-publish","4":"has-post-thumbnail","6":"product_cat-franzoesisch-englisch","8":"first","9":"instock","10":"taxable","11":"shipping-taxable","12":"purchasable","13":"product-type-variable"},"acf":[],"yoast_head":"<!-- This site is optimized with the Yoast SEO plugin v27.4 - https:\/\/yoast.com\/product\/yoast-seo-wordpress\/ -->\n<title>La Belle au bois dormant \/ Sleeping Beauty - EasyOriginal.com<\/title>\n<meta name=\"robots\" content=\"index, follow, max-snippet:-1, max-image-preview:large, max-video-preview:-1\" \/>\n<link rel=\"canonical\" href=\"https:\/\/easyoriginal.com\/en\/shop\/franzoesisch-englisch\/la-belle-au-bois-dormant-sleeping-beauty\/\" \/>\n<meta property=\"og:locale\" content=\"en_GB\" \/>\n<meta property=\"og:type\" content=\"article\" \/>\n<meta property=\"og:title\" content=\"La Belle au bois dormant \/ Sleeping Beauty - EasyOriginal.com\" \/>\n<meta property=\"og:description\" content=\"&quot;La Belle au bois dormant&quot; (&quot;Sleeping Beauty&quot;) is a fairy tale by French writer Charles Perrault. Charles Perrault was a French author and laid the foundations for a new literary genre, the fairy tale, with his works derived from earlier folk tales. Unabridged original text. Bilingual book French-English.  Reading Sample(PDF)\" \/>\n<meta property=\"og:url\" content=\"https:\/\/easyoriginal.com\/en\/shop\/franzoesisch-englisch\/la-belle-au-bois-dormant-sleeping-beauty\/\" \/>\n<meta property=\"og:site_name\" content=\"EasyOriginal.com\" \/>\n<meta property=\"article:modified_time\" content=\"2024-01-04T12:44:50+00:00\" \/>\n<meta property=\"og:image\" content=\"https:\/\/easyoriginal.com\/wp-content\/uploads\/Perrault_La_Belle_au_bois_dormant.jpg\" \/>\n\t<meta property=\"og:image:width\" content=\"468\" \/>\n\t<meta property=\"og:image:height\" content=\"702\" \/>\n\t<meta property=\"og:image:type\" content=\"image\/jpeg\" \/>\n<meta name=\"twitter:card\" content=\"summary_large_image\" \/>\n<meta name=\"twitter:label1\" content=\"Estimated reading time\" \/>\n\t<meta name=\"twitter:data1\" content=\"2 minutes\" \/>\n<script type=\"application\/ld+json\" class=\"yoast-schema-graph\">{\"@context\":\"https:\\\/\\\/schema.org\",\"@graph\":[{\"@type\":\"WebPage\",\"@id\":\"https:\\\/\\\/easyoriginal.com\\\/shop\\\/franzoesisch-englisch\\\/la-belle-au-bois-dormant-sleeping-beauty\\\/\",\"url\":\"https:\\\/\\\/easyoriginal.com\\\/shop\\\/franzoesisch-englisch\\\/la-belle-au-bois-dormant-sleeping-beauty\\\/\",\"name\":\"La Belle au bois dormant \\\/ Sleeping Beauty - EasyOriginal.com\",\"isPartOf\":{\"@id\":\"https:\\\/\\\/easyoriginal.com\\\/#website\"},\"primaryImageOfPage\":{\"@id\":\"https:\\\/\\\/easyoriginal.com\\\/shop\\\/franzoesisch-englisch\\\/la-belle-au-bois-dormant-sleeping-beauty\\\/#primaryimage\"},\"image\":{\"@id\":\"https:\\\/\\\/easyoriginal.com\\\/shop\\\/franzoesisch-englisch\\\/la-belle-au-bois-dormant-sleeping-beauty\\\/#primaryimage\"},\"thumbnailUrl\":\"https:\\\/\\\/easyoriginal.com\\\/wp-content\\\/uploads\\\/Perrault_La_Belle_au_bois_dormant.jpg\",\"datePublished\":\"2022-07-05T14:13:38+00:00\",\"dateModified\":\"2024-01-04T12:44:50+00:00\",\"breadcrumb\":{\"@id\":\"https:\\\/\\\/easyoriginal.com\\\/shop\\\/franzoesisch-englisch\\\/la-belle-au-bois-dormant-sleeping-beauty\\\/#breadcrumb\"},\"inLanguage\":\"en-GB\",\"potentialAction\":[{\"@type\":\"ReadAction\",\"target\":[\"https:\\\/\\\/easyoriginal.com\\\/shop\\\/franzoesisch-englisch\\\/la-belle-au-bois-dormant-sleeping-beauty\\\/\"]}]},{\"@type\":\"ImageObject\",\"inLanguage\":\"en-GB\",\"@id\":\"https:\\\/\\\/easyoriginal.com\\\/shop\\\/franzoesisch-englisch\\\/la-belle-au-bois-dormant-sleeping-beauty\\\/#primaryimage\",\"url\":\"https:\\\/\\\/easyoriginal.com\\\/wp-content\\\/uploads\\\/Perrault_La_Belle_au_bois_dormant.jpg\",\"contentUrl\":\"https:\\\/\\\/easyoriginal.com\\\/wp-content\\\/uploads\\\/Perrault_La_Belle_au_bois_dormant.jpg\",\"width\":468,\"height\":702},{\"@type\":\"BreadcrumbList\",\"@id\":\"https:\\\/\\\/easyoriginal.com\\\/shop\\\/franzoesisch-englisch\\\/la-belle-au-bois-dormant-sleeping-beauty\\\/#breadcrumb\",\"itemListElement\":[{\"@type\":\"ListItem\",\"position\":1,\"name\":\"Startseite\",\"item\":\"https:\\\/\\\/easyoriginal.com\\\/\"},{\"@type\":\"ListItem\",\"position\":2,\"name\":\"Shop\",\"item\":\"https:\\\/\\\/easyoriginal.com\\\/shop\\\/\"},{\"@type\":\"ListItem\",\"position\":3,\"name\":\"La Belle au bois dormant \\\/ Sleeping Beauty\"}]},{\"@type\":\"WebSite\",\"@id\":\"https:\\\/\\\/easyoriginal.com\\\/#website\",\"url\":\"https:\\\/\\\/easyoriginal.com\\\/\",\"name\":\"EasyOriginal.com\",\"description\":\"Spa\u00df am Lesen im Original - Innovative Lesemethode f\u00fcr Fremdsprachen\",\"publisher\":{\"@id\":\"https:\\\/\\\/easyoriginal.com\\\/#organization\"},\"potentialAction\":[{\"@type\":\"SearchAction\",\"target\":{\"@type\":\"EntryPoint\",\"urlTemplate\":\"https:\\\/\\\/easyoriginal.com\\\/?s={search_term_string}\"},\"query-input\":{\"@type\":\"PropertyValueSpecification\",\"valueRequired\":true,\"valueName\":\"search_term_string\"}}],\"inLanguage\":\"en-GB\"},{\"@type\":\"Organization\",\"@id\":\"https:\\\/\\\/easyoriginal.com\\\/#organization\",\"name\":\"EasyOriginal Verlag\",\"url\":\"https:\\\/\\\/easyoriginal.com\\\/\",\"logo\":{\"@type\":\"ImageObject\",\"inLanguage\":\"en-GB\",\"@id\":\"https:\\\/\\\/easyoriginal.com\\\/#\\\/schema\\\/logo\\\/image\\\/\",\"url\":\"https:\\\/\\\/easyoriginal.com\\\/wp-content\\\/uploads\\\/2020\\\/08\\\/logo_main.png\",\"contentUrl\":\"https:\\\/\\\/easyoriginal.com\\\/wp-content\\\/uploads\\\/2020\\\/08\\\/logo_main.png\",\"width\":500,\"height\":103,\"caption\":\"EasyOriginal Verlag\"},\"image\":{\"@id\":\"https:\\\/\\\/easyoriginal.com\\\/#\\\/schema\\\/logo\\\/image\\\/\"}}]}<\/script>\n<!-- \/ Yoast SEO plugin. -->","yoast_head_json":{"title":"La Belle au bois dormant \/ Sleeping Beauty - EasyOriginal.com","robots":{"index":"index","follow":"follow","max-snippet":"max-snippet:-1","max-image-preview":"max-image-preview:large","max-video-preview":"max-video-preview:-1"},"canonical":"https:\/\/easyoriginal.com\/en\/shop\/franzoesisch-englisch\/la-belle-au-bois-dormant-sleeping-beauty\/","og_locale":"en_GB","og_type":"article","og_title":"La Belle au bois dormant \/ Sleeping Beauty - EasyOriginal.com","og_description":"\"La Belle au bois dormant\" (\"Sleeping Beauty\") is a fairy tale by French writer Charles Perrault. Charles Perrault was a French author and laid the foundations for a new literary genre, the fairy tale, with his works derived from earlier folk tales. Unabridged original text. Bilingual book French-English.  Reading Sample(PDF)","og_url":"https:\/\/easyoriginal.com\/en\/shop\/franzoesisch-englisch\/la-belle-au-bois-dormant-sleeping-beauty\/","og_site_name":"EasyOriginal.com","article_modified_time":"2024-01-04T12:44:50+00:00","og_image":[{"width":468,"height":702,"url":"https:\/\/easyoriginal.com\/wp-content\/uploads\/Perrault_La_Belle_au_bois_dormant.jpg","type":"image\/jpeg"}],"twitter_card":"summary_large_image","twitter_misc":{"Estimated reading time":"2 minutes"},"schema":{"@context":"https:\/\/schema.org","@graph":[{"@type":"WebPage","@id":"https:\/\/easyoriginal.com\/shop\/franzoesisch-englisch\/la-belle-au-bois-dormant-sleeping-beauty\/","url":"https:\/\/easyoriginal.com\/shop\/franzoesisch-englisch\/la-belle-au-bois-dormant-sleeping-beauty\/","name":"La Belle au bois dormant \/ Sleeping Beauty - EasyOriginal.com","isPartOf":{"@id":"https:\/\/easyoriginal.com\/#website"},"primaryImageOfPage":{"@id":"https:\/\/easyoriginal.com\/shop\/franzoesisch-englisch\/la-belle-au-bois-dormant-sleeping-beauty\/#primaryimage"},"image":{"@id":"https:\/\/easyoriginal.com\/shop\/franzoesisch-englisch\/la-belle-au-bois-dormant-sleeping-beauty\/#primaryimage"},"thumbnailUrl":"https:\/\/easyoriginal.com\/wp-content\/uploads\/Perrault_La_Belle_au_bois_dormant.jpg","datePublished":"2022-07-05T14:13:38+00:00","dateModified":"2024-01-04T12:44:50+00:00","breadcrumb":{"@id":"https:\/\/easyoriginal.com\/shop\/franzoesisch-englisch\/la-belle-au-bois-dormant-sleeping-beauty\/#breadcrumb"},"inLanguage":"en-GB","potentialAction":[{"@type":"ReadAction","target":["https:\/\/easyoriginal.com\/shop\/franzoesisch-englisch\/la-belle-au-bois-dormant-sleeping-beauty\/"]}]},{"@type":"ImageObject","inLanguage":"en-GB","@id":"https:\/\/easyoriginal.com\/shop\/franzoesisch-englisch\/la-belle-au-bois-dormant-sleeping-beauty\/#primaryimage","url":"https:\/\/easyoriginal.com\/wp-content\/uploads\/Perrault_La_Belle_au_bois_dormant.jpg","contentUrl":"https:\/\/easyoriginal.com\/wp-content\/uploads\/Perrault_La_Belle_au_bois_dormant.jpg","width":468,"height":702},{"@type":"BreadcrumbList","@id":"https:\/\/easyoriginal.com\/shop\/franzoesisch-englisch\/la-belle-au-bois-dormant-sleeping-beauty\/#breadcrumb","itemListElement":[{"@type":"ListItem","position":1,"name":"Startseite","item":"https:\/\/easyoriginal.com\/"},{"@type":"ListItem","position":2,"name":"Shop","item":"https:\/\/easyoriginal.com\/shop\/"},{"@type":"ListItem","position":3,"name":"La Belle au bois dormant \/ Sleeping Beauty"}]},{"@type":"WebSite","@id":"https:\/\/easyoriginal.com\/#website","url":"https:\/\/easyoriginal.com\/","name":"EasyOriginal.com","description":"Spa\u00df am Lesen im Original - Innovative Lesemethode f\u00fcr Fremdsprachen","publisher":{"@id":"https:\/\/easyoriginal.com\/#organization"},"potentialAction":[{"@type":"SearchAction","target":{"@type":"EntryPoint","urlTemplate":"https:\/\/easyoriginal.com\/?s={search_term_string}"},"query-input":{"@type":"PropertyValueSpecification","valueRequired":true,"valueName":"search_term_string"}}],"inLanguage":"en-GB"},{"@type":"Organization","@id":"https:\/\/easyoriginal.com\/#organization","name":"EasyOriginal Verlag","url":"https:\/\/easyoriginal.com\/","logo":{"@type":"ImageObject","inLanguage":"en-GB","@id":"https:\/\/easyoriginal.com\/#\/schema\/logo\/image\/","url":"https:\/\/easyoriginal.com\/wp-content\/uploads\/2020\/08\/logo_main.png","contentUrl":"https:\/\/easyoriginal.com\/wp-content\/uploads\/2020\/08\/logo_main.png","width":500,"height":103,"caption":"EasyOriginal Verlag"},"image":{"@id":"https:\/\/easyoriginal.com\/#\/schema\/logo\/image\/"}}]}},"_links":{"self":[{"href":"https:\/\/easyoriginal.com\/en\/wp-json\/wp\/v2\/product\/10033","targetHints":{"allow":["GET"]}}],"collection":[{"href":"https:\/\/easyoriginal.com\/en\/wp-json\/wp\/v2\/product"}],"about":[{"href":"https:\/\/easyoriginal.com\/en\/wp-json\/wp\/v2\/types\/product"}],"replies":[{"embeddable":true,"href":"https:\/\/easyoriginal.com\/en\/wp-json\/wp\/v2\/comments?post=10033"}],"wp:featuredmedia":[{"embeddable":true,"href":"https:\/\/easyoriginal.com\/en\/wp-json\/wp\/v2\/media\/10005"}],"wp:attachment":[{"href":"https:\/\/easyoriginal.com\/en\/wp-json\/wp\/v2\/media?parent=10033"}],"wp:term":[{"taxonomy":"product_brand","embeddable":true,"href":"https:\/\/easyoriginal.com\/en\/wp-json\/wp\/v2\/product_brand?post=10033"},{"taxonomy":"product_cat","embeddable":true,"href":"https:\/\/easyoriginal.com\/en\/wp-json\/wp\/v2\/product_cat?post=10033"},{"taxonomy":"product_tag","embeddable":true,"href":"https:\/\/easyoriginal.com\/en\/wp-json\/wp\/v2\/product_tag?post=10033"}],"curies":[{"name":"wp","href":"https:\/\/api.w.org\/{rel}","templated":true}]}}