{"id":10028,"date":"2022-07-05T16:06:41","date_gmt":"2022-07-05T14:06:41","guid":{"rendered":"https:\/\/easyoriginal.com\/?post_type=product&#038;p=10028"},"modified":"2024-01-04T13:47:11","modified_gmt":"2024-01-04T12:47:11","slug":"la-barbe-bleue-blue-beard","status":"publish","type":"product","link":"https:\/\/easyoriginal.com\/en\/shop\/franzoesisch-englisch\/la-barbe-bleue-blue-beard\/","title":{"rendered":"La Barbe bleue \/ Blue Beard"},"content":{"rendered":"<div class=\"adapted-container\">\n<p class=\"Adapted\"><span class=\"Bold\">Il \u00e9tait une fois un homme <\/span><span class=\"Translation\">(once upon a time there was: &quot;it was once&quot; a man)<\/span> <span class=\"Bold\">qui avait de belles maisons \u00e0 la ville et \u00e0 la campagne<\/span> <span class=\"Translation\">(who had beautiful houses in the city and in the countrysid<\/span><span class=\"No-Break\"><span class=\"Translation\">e;<\/span><\/span><span class=\"Translation\"> <\/span><span class=\"Translation\"><span class=\"Comment-Words\">ville<\/span><\/span><span class=\"Translation\"><span class=\"Gender _idGenCharOverride-1\">f<\/span><\/span><span class=\"Translation\"><span class=\"No-Break\"><span class=\"Comments\"> \u2014<\/span><\/span><\/span><span class=\"Translation\"><span class=\"Comments\"> tow<\/span><\/span><span class=\"Translation\"><span class=\"No-Break\"><span class=\"Comments\">n;<\/span><\/span><\/span><span class=\"Translation\"><span class=\"Comments\"> city<\/span><\/span><span class=\"Translation\">)<\/span><span class=\"Bold\">, de la vaisselle d\u2019or et d\u2019argent <\/span><span class=\"Translation\">(dishes of gold and silve<\/span><span class=\"No-Break\"><span class=\"Translation\">r;<\/span><\/span><span class=\"Translation\"> <\/span><span class=\"Translation\"><span class=\"Comments\">or<\/span><\/span><span class=\"Translation\"><span class=\"No-Break\"><span class=\"Gender _idGenCharOverride-1\">m<\/span><\/span><\/span><span class=\"Translation\"><span class=\"No-Break\"><span class=\"Comments\">;<\/span><\/span><\/span><span class=\"Translation\"><span class=\"Comments\"> argent<\/span><\/span><span class=\"Translation\"><span class=\"Gender _idGenCharOverride-1\">m<\/span><\/span><span class=\"Translation\">)<\/span><span class=\"Bold\">, des meubles en broderie<\/span> <span class=\"Translation\">(embroidered furnitur<\/span><span class=\"No-Break\"><span class=\"Translation\">e;<\/span><\/span><span class=\"Translation\"><span class=\"Comments\"> meuble<\/span><\/span><span class=\"Translation\"><span class=\"No-Break\"><span class=\"Gender _idGenCharOverride-1\">m<\/span><\/span><\/span><span class=\"Translation\"><span class=\"No-Break\"><span class=\"Comments\">;<\/span><\/span><\/span><span class=\"Translation\"><span class=\"Comments\"> <\/span><\/span><span class=\"Translation\"><span class=\"Comment-Words\">broder<\/span><\/span><span class=\"Translation\"><span class=\"No-Break\"><span class=\"Comments\"> \u2014<\/span><\/span><\/span><span class=\"Translation\"><span class=\"Comments\"> to embroide<\/span><\/span><span class=\"Translation\"><span class=\"No-Break\"><span class=\"Comments\">r;<\/span><\/span><\/span><span class=\"Translation\"><span class=\"Comments\"> <\/span><\/span><span class=\"Translation\"><span class=\"Comment-Words\">broderie<\/span><\/span><span class=\"Translation\"><span class=\"Gender _idGenCharOverride-1\">f<\/span><\/span><span class=\"Translation\"><span class=\"No-Break\"><span class=\"Comment-Words\"> <\/span><\/span><\/span><span class=\"Translation\"><span class=\"No-Break\"><span class=\"Comments\">\u2014<\/span><\/span><\/span><span class=\"Translation\"><span class=\"Comments\"> embroidery<\/span><\/span><span class=\"Translation\">)<\/span><span class=\"Bold\">, et des carrosses tout dor\u00e9s<\/span> <span class=\"Translation\">(and golden carriage<\/span><span class=\"No-Break\"><span class=\"Translation\">s;<\/span><\/span><span class=\"Translation\"> <\/span><span class=\"Translation\"><span class=\"Comments\">carrosse<\/span><\/span><span class=\"Translation\"><span class=\"Gender _idGenCharOverride-1\">m<\/span><\/span><span class=\"Translation\">)<\/span><span class=\"Bold\">, mais par malheur<\/span> <span class=\"Bold\">cet homme avait la barbe bleue<\/span> <span class=\"Translation\">(but by misfortune this man had a blue bear<\/span><span class=\"No-Break\"><span class=\"Translation\">d;<\/span><\/span><span class=\"Translation\"> <\/span><span class=\"Translation\"><span class=\"Comments\">malheur<\/span><\/span><span class=\"Translation\"><span class=\"Gender _idGenCharOverride-1\">m<\/span><\/span><span class=\"Translation\">)<\/span><span class=\"Bold\">: cela le rendait si laid et si terrible<\/span> <span class=\"Translation\">(that made him so ugly and so terribl<\/span><span class=\"No-Break\"><span class=\"Translation\">e;<\/span><\/span><span class=\"Translation\"> <\/span><span class=\"Translation\"><span class=\"Comment-Words\">rendre<\/span><\/span><span class=\"Translation\"><span class=\"No-Break\"><span class=\"Comments\"> \u2014<\/span><\/span><\/span><span class=\"Translation\"><span class=\"Comments\"> to make <\/span><\/span><span class=\"Translation\"><span class=\"No-Break\"><span class=\"Comments\">\/i<\/span><\/span><\/span><span class=\"Translation\"><span class=\"Comments\">nto<\/span><\/span><span class=\"Translation\"><span class=\"No-Break\"><span class=\"Comments\">\/;<\/span><\/span><\/span><span class=\"Translation\"><span class=\"Comments\"> render<\/span><\/span><span class=\"Translation\">)<\/span><span class=\"Bold\">, qu\u2019il n\u2019\u00e9tait ni femme ni fille <\/span><span class=\"Translation\">(that <\/span><span class=\"No-Break\"><span class=\"Translation\">\/t<\/span><\/span><span class=\"Translation\">here was<\/span><span class=\"No-Break\"><span class=\"Translation\">\/ <\/span><\/span><span class=\"Translation\">neither woman nor girl)<\/span> <span class=\"Bold\">qui ne s\u2019enfuit de devant lui<\/span> <span class=\"Translation\">(who did not run away from before hi<\/span><span class=\"No-Break\"><span class=\"Translation\">m;<\/span><\/span><span class=\"Translation\"> <\/span><span class=\"Translation\"><span class=\"Comment-Words\">s\u2019enfuir<\/span><\/span><span class=\"Translation\"><span class=\"No-Break\"><span class=\"Comments\"> \u2014<\/span><\/span><\/span><span class=\"Translation\"><span class=\"Comments\"> to run awa<\/span><\/span><span class=\"Translation\"><span class=\"No-Break\"><span class=\"Comments\">y;<\/span><\/span><\/span><span class=\"Translation\"><span class=\"Comments\"> <\/span><\/span><span class=\"Translation\"><span class=\"Comment-Words\">devant<\/span><\/span><span class=\"Translation\"><span class=\"No-Break\"><span class=\"Comment-Words\"> <\/span><\/span><\/span><span class=\"Translation\"><span class=\"No-Break\"><span class=\"Comments\">\u2014<\/span><\/span><\/span><span class=\"Translation\"><span class=\"Comments\"> befor<\/span><\/span><span class=\"Translation\"><span class=\"No-Break\"><span class=\"Comments\">e;<\/span><\/span><\/span><span class=\"Translation\"><span class=\"Comments\"> in front<\/span><\/span><span class=\"Translation\">)<\/span><span class=\"Bold\">.<\/span><\/p>\n<\/div>\n<audio class=\"wp-audio-shortcode\" id=\"audio-10028-1\" preload=\"none\" style=\"width: 100%;\" controls=\"controls\"><source type=\"audio\/mpeg\" src=\"https:\/\/easyoriginal1.s3.eu-central-1.amazonaws.com\/franzoesisch\/f10\/1.mp3?_=1\" \/><a href=\"https:\/\/easyoriginal1.s3.eu-central-1.amazonaws.com\/franzoesisch\/f10\/1.mp3\">https:\/\/easyoriginal1.s3.eu-central-1.amazonaws.com\/franzoesisch\/f10\/1.mp3<\/a><\/audio>\n<div class=\"original-container\">\n<p class=\"Original\" lang=\"en-US\">Il \u00e9tait une fois un homme qui avait de belles maisons \u00e0 la ville et \u00e0 la campagne, de la vaisselle d\u2019or et d\u2019argent, des meubles en broderie, et des carrosses tout dor\u00e9s, mais par malheur cet homme avait la barbe bleue: cela le rendait si laid et si terrible, qu\u2019il n\u2019\u00e9tait ni femme ni fille qui ne s\u2019enfuit de devant lui.<\/p>\n<\/div>","protected":false},"excerpt":{"rendered":"<p>&#8222;La Barbe bleue&#8220; (&#8222;Blue Beard&#8220;) is a fairy tale by French writer Charles Perrault.<br \/>\nCharles Perrault was a French author and laid the foundations for a new literary genre, the fairy tale, with his works derived from earlier folk tales.<br \/>\nUnabridged original text. Bilingual book French-English.<\/p>\n<p><a class=\"lpdf\" href=\"\/sample\/Perrault_La_Barbe_bleue_EasyOriginal-com.pdf\" target=\"_blank\" rel=\"noopener noreferrer\">Reading Sample(PDF)<\/a><\/p>","protected":false},"featured_media":10004,"comment_status":"open","ping_status":"closed","template":"","meta":{"_acf_changed":false,"_et_pb_use_builder":"off","_et_pb_old_content":"<div class=\"adapted-container\">\r\n<p class=\"Adapted\"><span class=\"Bold\">Hace mucho tiempo que ten\u00eda ganas de escribir <\/span><span class=\"Translation\">(seit langer Zeit hatte ich Lust zu schreiben; <\/span><span class=\"Translation\"><span class=\"Comment-Words\">tener<\/span><\/span><span class=\"Translation\"><span class=\"Comments\"> \u2014 haben<\/span><\/span><span class=\"Translation\">)<\/span><span class=\"Bold\"> cualquier cosa con este t\u00edtulo <\/span><span class=\"Translation\">(irgendetwas mit diesem Titel)<\/span><span class=\"Bold\">.<\/span><\/p>\r\n<p class=\"Adapted\"><span class=\"Bold\">Hoy<a id=\"_idTextAnchor001\"><\/a>, que se me ha presentado ocasi\u00f3n <\/span><span class=\"Translation\">(heute, wo sich mir \/eine\/ Gelegenheit geboten hat; <\/span><span class=\"Translation\"><span class=\"Comment-Words\">presentar<\/span><\/span><span class=\"Translation\"><span class=\"Comments\"> \u2014 zeigen; vorstellen<\/span><\/span><span class=\"Translation\">)<\/span><span class=\"Bold\">, lo he puesto con letras grandes <\/span><span class=\"Translation\">(das habe ich in gro\u00dfen Buchstaben gesetzt = habe ich es in Gro\u00dfbuchstaben gesetzt; <\/span><span class=\"Translation\"><span class=\"Comment-Words\">poner<\/span><\/span><span class=\"Translation\"><span class=\"Comments\"> \u2014 setzen; stellen; legen<\/span><\/span><span class=\"Translation\">)<\/span><span class=\"Bold\"> en la primera cuartilla de papel <\/span><span class=\"Translation\">(auf das erste Blatt: \u00abauf das erste Viertelpapier\u00bb; <\/span><span class=\"Translation\"><span class=\"Comment-Words\">cuarto<\/span><\/span><span class=\"Translation\"><span class=\"Gender _idGenCharOverride-1\">m <\/span><\/span><span class=\"Translation\"><span class=\"Comments\">\u2014 Viertel<\/span><\/span><span class=\"Translation\">)<\/span><span class=\"Bold\">, y luego he dejado a capricho volar la pluma <\/span><span class=\"Translation\">(und dann habe ich nach Belieben die Feder fliegen lassen; <\/span><span class=\"Translation\"><span class=\"Comment-Words\">dejar<\/span><\/span><span class=\"Translation\"><span class=\"Comments\"> \u2014 lassen; <\/span><\/span><span class=\"Translation\"><span class=\"Comment-Words\">capricho<\/span><\/span><span class=\"Translation\"><span class=\"Gender _idGenCharOverride-1\">m <\/span><\/span><span class=\"Translation\"><span class=\"Comments\">\u2014 Laune<\/span><\/span><span class=\"Translation\">)<\/span><span class=\"Bold\">.<\/span><\/p>\r\n\r\n<\/div>\r\n[audio mp3=\"https:\/\/easyoriginal1.s3.eu-central-1.amazonaws.com\/spanisch\/s1\/1.mp3\"][\/audio]\r\n<div class=\"original-container\">\r\n<p class=\"Original\">Hace mucho tiempo que ten\u00eda ganas de escribir cualquier cosa con este t\u00edtulo.<\/p>\r\n<p class=\"Original\">Hoy, que se me ha presentado ocasi\u00f3n, lo he puesto con letras grandes en la primera cuartilla de papel, y luego he dejado a capricho volar la pluma.<\/p>\r\n\r\n<\/div>\r\n<a class=\"weiter\" href=\"\/webreader\/los-ojos-verdes\/fragment\/1-4-2\/\">weiter lesen<\/a>","_et_gb_content_width":""},"product_brand":[],"product_cat":[188],"product_tag":[],"class_list":{"0":"post-10028","1":"product","2":"type-product","3":"status-publish","4":"has-post-thumbnail","6":"product_cat-franzoesisch-englisch","8":"first","9":"instock","10":"taxable","11":"shipping-taxable","12":"purchasable","13":"product-type-variable"},"acf":[],"yoast_head":"<!-- This site is optimized with the Yoast SEO plugin v27.4 - https:\/\/yoast.com\/product\/yoast-seo-wordpress\/ -->\n<title>La Barbe bleue \/ Blue Beard - EasyOriginal.com<\/title>\n<meta name=\"robots\" content=\"index, follow, max-snippet:-1, max-image-preview:large, max-video-preview:-1\" \/>\n<link rel=\"canonical\" href=\"https:\/\/easyoriginal.com\/en\/shop\/franzoesisch-englisch\/la-barbe-bleue-blue-beard\/\" \/>\n<meta property=\"og:locale\" content=\"en_GB\" \/>\n<meta property=\"og:type\" content=\"article\" \/>\n<meta property=\"og:title\" content=\"La Barbe bleue \/ Blue Beard - EasyOriginal.com\" \/>\n<meta property=\"og:description\" content=\"&quot;La Barbe bleue&quot; (&quot;Blue Beard&quot;) is a fairy tale by French writer Charles Perrault. Charles Perrault was a French author and laid the foundations for a new literary genre, the fairy tale, with his works derived from earlier folk tales. Unabridged original text. Bilingual book French-English.  Reading Sample(PDF)\" \/>\n<meta property=\"og:url\" content=\"https:\/\/easyoriginal.com\/en\/shop\/franzoesisch-englisch\/la-barbe-bleue-blue-beard\/\" \/>\n<meta property=\"og:site_name\" content=\"EasyOriginal.com\" \/>\n<meta property=\"article:modified_time\" content=\"2024-01-04T12:47:11+00:00\" \/>\n<meta property=\"og:image\" content=\"https:\/\/easyoriginal.com\/wp-content\/uploads\/Perrault_La_Barbe_bleue.jpg\" \/>\n\t<meta property=\"og:image:width\" content=\"468\" \/>\n\t<meta property=\"og:image:height\" content=\"702\" \/>\n\t<meta property=\"og:image:type\" content=\"image\/jpeg\" \/>\n<meta name=\"twitter:card\" content=\"summary_large_image\" \/>\n<meta name=\"twitter:label1\" content=\"Estimated reading time\" \/>\n\t<meta name=\"twitter:data1\" content=\"2 minutes\" \/>\n<script type=\"application\/ld+json\" class=\"yoast-schema-graph\">{\"@context\":\"https:\\\/\\\/schema.org\",\"@graph\":[{\"@type\":\"WebPage\",\"@id\":\"https:\\\/\\\/easyoriginal.com\\\/shop\\\/franzoesisch-englisch\\\/la-barbe-bleue-blue-beard\\\/\",\"url\":\"https:\\\/\\\/easyoriginal.com\\\/shop\\\/franzoesisch-englisch\\\/la-barbe-bleue-blue-beard\\\/\",\"name\":\"La Barbe bleue \\\/ Blue Beard - EasyOriginal.com\",\"isPartOf\":{\"@id\":\"https:\\\/\\\/easyoriginal.com\\\/#website\"},\"primaryImageOfPage\":{\"@id\":\"https:\\\/\\\/easyoriginal.com\\\/shop\\\/franzoesisch-englisch\\\/la-barbe-bleue-blue-beard\\\/#primaryimage\"},\"image\":{\"@id\":\"https:\\\/\\\/easyoriginal.com\\\/shop\\\/franzoesisch-englisch\\\/la-barbe-bleue-blue-beard\\\/#primaryimage\"},\"thumbnailUrl\":\"https:\\\/\\\/easyoriginal.com\\\/wp-content\\\/uploads\\\/Perrault_La_Barbe_bleue.jpg\",\"datePublished\":\"2022-07-05T14:06:41+00:00\",\"dateModified\":\"2024-01-04T12:47:11+00:00\",\"breadcrumb\":{\"@id\":\"https:\\\/\\\/easyoriginal.com\\\/shop\\\/franzoesisch-englisch\\\/la-barbe-bleue-blue-beard\\\/#breadcrumb\"},\"inLanguage\":\"en-GB\",\"potentialAction\":[{\"@type\":\"ReadAction\",\"target\":[\"https:\\\/\\\/easyoriginal.com\\\/shop\\\/franzoesisch-englisch\\\/la-barbe-bleue-blue-beard\\\/\"]}]},{\"@type\":\"ImageObject\",\"inLanguage\":\"en-GB\",\"@id\":\"https:\\\/\\\/easyoriginal.com\\\/shop\\\/franzoesisch-englisch\\\/la-barbe-bleue-blue-beard\\\/#primaryimage\",\"url\":\"https:\\\/\\\/easyoriginal.com\\\/wp-content\\\/uploads\\\/Perrault_La_Barbe_bleue.jpg\",\"contentUrl\":\"https:\\\/\\\/easyoriginal.com\\\/wp-content\\\/uploads\\\/Perrault_La_Barbe_bleue.jpg\",\"width\":468,\"height\":702},{\"@type\":\"BreadcrumbList\",\"@id\":\"https:\\\/\\\/easyoriginal.com\\\/shop\\\/franzoesisch-englisch\\\/la-barbe-bleue-blue-beard\\\/#breadcrumb\",\"itemListElement\":[{\"@type\":\"ListItem\",\"position\":1,\"name\":\"Startseite\",\"item\":\"https:\\\/\\\/easyoriginal.com\\\/\"},{\"@type\":\"ListItem\",\"position\":2,\"name\":\"Shop\",\"item\":\"https:\\\/\\\/easyoriginal.com\\\/shop\\\/\"},{\"@type\":\"ListItem\",\"position\":3,\"name\":\"La Barbe bleue \\\/ Blue Beard\"}]},{\"@type\":\"WebSite\",\"@id\":\"https:\\\/\\\/easyoriginal.com\\\/#website\",\"url\":\"https:\\\/\\\/easyoriginal.com\\\/\",\"name\":\"EasyOriginal.com\",\"description\":\"Spa\u00df am Lesen im Original - Innovative Lesemethode f\u00fcr Fremdsprachen\",\"publisher\":{\"@id\":\"https:\\\/\\\/easyoriginal.com\\\/#organization\"},\"potentialAction\":[{\"@type\":\"SearchAction\",\"target\":{\"@type\":\"EntryPoint\",\"urlTemplate\":\"https:\\\/\\\/easyoriginal.com\\\/?s={search_term_string}\"},\"query-input\":{\"@type\":\"PropertyValueSpecification\",\"valueRequired\":true,\"valueName\":\"search_term_string\"}}],\"inLanguage\":\"en-GB\"},{\"@type\":\"Organization\",\"@id\":\"https:\\\/\\\/easyoriginal.com\\\/#organization\",\"name\":\"EasyOriginal Verlag\",\"url\":\"https:\\\/\\\/easyoriginal.com\\\/\",\"logo\":{\"@type\":\"ImageObject\",\"inLanguage\":\"en-GB\",\"@id\":\"https:\\\/\\\/easyoriginal.com\\\/#\\\/schema\\\/logo\\\/image\\\/\",\"url\":\"https:\\\/\\\/easyoriginal.com\\\/wp-content\\\/uploads\\\/2020\\\/08\\\/logo_main.png\",\"contentUrl\":\"https:\\\/\\\/easyoriginal.com\\\/wp-content\\\/uploads\\\/2020\\\/08\\\/logo_main.png\",\"width\":500,\"height\":103,\"caption\":\"EasyOriginal Verlag\"},\"image\":{\"@id\":\"https:\\\/\\\/easyoriginal.com\\\/#\\\/schema\\\/logo\\\/image\\\/\"}}]}<\/script>\n<!-- \/ Yoast SEO plugin. -->","yoast_head_json":{"title":"La Barbe bleue \/ Blue Beard - EasyOriginal.com","robots":{"index":"index","follow":"follow","max-snippet":"max-snippet:-1","max-image-preview":"max-image-preview:large","max-video-preview":"max-video-preview:-1"},"canonical":"https:\/\/easyoriginal.com\/en\/shop\/franzoesisch-englisch\/la-barbe-bleue-blue-beard\/","og_locale":"en_GB","og_type":"article","og_title":"La Barbe bleue \/ Blue Beard - EasyOriginal.com","og_description":"\"La Barbe bleue\" (\"Blue Beard\") is a fairy tale by French writer Charles Perrault. Charles Perrault was a French author and laid the foundations for a new literary genre, the fairy tale, with his works derived from earlier folk tales. Unabridged original text. Bilingual book French-English.  Reading Sample(PDF)","og_url":"https:\/\/easyoriginal.com\/en\/shop\/franzoesisch-englisch\/la-barbe-bleue-blue-beard\/","og_site_name":"EasyOriginal.com","article_modified_time":"2024-01-04T12:47:11+00:00","og_image":[{"width":468,"height":702,"url":"https:\/\/easyoriginal.com\/wp-content\/uploads\/Perrault_La_Barbe_bleue.jpg","type":"image\/jpeg"}],"twitter_card":"summary_large_image","twitter_misc":{"Estimated reading time":"2 minutes"},"schema":{"@context":"https:\/\/schema.org","@graph":[{"@type":"WebPage","@id":"https:\/\/easyoriginal.com\/shop\/franzoesisch-englisch\/la-barbe-bleue-blue-beard\/","url":"https:\/\/easyoriginal.com\/shop\/franzoesisch-englisch\/la-barbe-bleue-blue-beard\/","name":"La Barbe bleue \/ Blue Beard - EasyOriginal.com","isPartOf":{"@id":"https:\/\/easyoriginal.com\/#website"},"primaryImageOfPage":{"@id":"https:\/\/easyoriginal.com\/shop\/franzoesisch-englisch\/la-barbe-bleue-blue-beard\/#primaryimage"},"image":{"@id":"https:\/\/easyoriginal.com\/shop\/franzoesisch-englisch\/la-barbe-bleue-blue-beard\/#primaryimage"},"thumbnailUrl":"https:\/\/easyoriginal.com\/wp-content\/uploads\/Perrault_La_Barbe_bleue.jpg","datePublished":"2022-07-05T14:06:41+00:00","dateModified":"2024-01-04T12:47:11+00:00","breadcrumb":{"@id":"https:\/\/easyoriginal.com\/shop\/franzoesisch-englisch\/la-barbe-bleue-blue-beard\/#breadcrumb"},"inLanguage":"en-GB","potentialAction":[{"@type":"ReadAction","target":["https:\/\/easyoriginal.com\/shop\/franzoesisch-englisch\/la-barbe-bleue-blue-beard\/"]}]},{"@type":"ImageObject","inLanguage":"en-GB","@id":"https:\/\/easyoriginal.com\/shop\/franzoesisch-englisch\/la-barbe-bleue-blue-beard\/#primaryimage","url":"https:\/\/easyoriginal.com\/wp-content\/uploads\/Perrault_La_Barbe_bleue.jpg","contentUrl":"https:\/\/easyoriginal.com\/wp-content\/uploads\/Perrault_La_Barbe_bleue.jpg","width":468,"height":702},{"@type":"BreadcrumbList","@id":"https:\/\/easyoriginal.com\/shop\/franzoesisch-englisch\/la-barbe-bleue-blue-beard\/#breadcrumb","itemListElement":[{"@type":"ListItem","position":1,"name":"Startseite","item":"https:\/\/easyoriginal.com\/"},{"@type":"ListItem","position":2,"name":"Shop","item":"https:\/\/easyoriginal.com\/shop\/"},{"@type":"ListItem","position":3,"name":"La Barbe bleue \/ Blue Beard"}]},{"@type":"WebSite","@id":"https:\/\/easyoriginal.com\/#website","url":"https:\/\/easyoriginal.com\/","name":"EasyOriginal.com","description":"Spa\u00df am Lesen im Original - Innovative Lesemethode f\u00fcr Fremdsprachen","publisher":{"@id":"https:\/\/easyoriginal.com\/#organization"},"potentialAction":[{"@type":"SearchAction","target":{"@type":"EntryPoint","urlTemplate":"https:\/\/easyoriginal.com\/?s={search_term_string}"},"query-input":{"@type":"PropertyValueSpecification","valueRequired":true,"valueName":"search_term_string"}}],"inLanguage":"en-GB"},{"@type":"Organization","@id":"https:\/\/easyoriginal.com\/#organization","name":"EasyOriginal Verlag","url":"https:\/\/easyoriginal.com\/","logo":{"@type":"ImageObject","inLanguage":"en-GB","@id":"https:\/\/easyoriginal.com\/#\/schema\/logo\/image\/","url":"https:\/\/easyoriginal.com\/wp-content\/uploads\/2020\/08\/logo_main.png","contentUrl":"https:\/\/easyoriginal.com\/wp-content\/uploads\/2020\/08\/logo_main.png","width":500,"height":103,"caption":"EasyOriginal Verlag"},"image":{"@id":"https:\/\/easyoriginal.com\/#\/schema\/logo\/image\/"}}]}},"_links":{"self":[{"href":"https:\/\/easyoriginal.com\/en\/wp-json\/wp\/v2\/product\/10028","targetHints":{"allow":["GET"]}}],"collection":[{"href":"https:\/\/easyoriginal.com\/en\/wp-json\/wp\/v2\/product"}],"about":[{"href":"https:\/\/easyoriginal.com\/en\/wp-json\/wp\/v2\/types\/product"}],"replies":[{"embeddable":true,"href":"https:\/\/easyoriginal.com\/en\/wp-json\/wp\/v2\/comments?post=10028"}],"wp:featuredmedia":[{"embeddable":true,"href":"https:\/\/easyoriginal.com\/en\/wp-json\/wp\/v2\/media\/10004"}],"wp:attachment":[{"href":"https:\/\/easyoriginal.com\/en\/wp-json\/wp\/v2\/media?parent=10028"}],"wp:term":[{"taxonomy":"product_brand","embeddable":true,"href":"https:\/\/easyoriginal.com\/en\/wp-json\/wp\/v2\/product_brand?post=10028"},{"taxonomy":"product_cat","embeddable":true,"href":"https:\/\/easyoriginal.com\/en\/wp-json\/wp\/v2\/product_cat?post=10028"},{"taxonomy":"product_tag","embeddable":true,"href":"https:\/\/easyoriginal.com\/en\/wp-json\/wp\/v2\/product_tag?post=10028"}],"curies":[{"name":"wp","href":"https:\/\/api.w.org\/{rel}","templated":true}]}}