{"id":10008,"date":"2022-07-05T15:18:24","date_gmt":"2022-07-05T13:18:24","guid":{"rendered":"https:\/\/easyoriginal.com\/?post_type=product&#038;p=10008"},"modified":"2024-01-04T13:40:30","modified_gmt":"2024-01-04T12:40:30","slug":"la-parure-the-necklace","status":"publish","type":"product","link":"https:\/\/easyoriginal.com\/en\/shop\/franzoesisch-englisch\/la-parure-the-necklace\/","title":{"rendered":"La Parure \/ The Necklace"},"content":{"rendered":"<div class=\"adapted-container\">\n<p class=\"Adapted\"><span class=\"CharOverride-1\"><a id=\"_idTextAnchor000\"><\/a>La Parure<\/span><\/p>\n<p class=\"Adapted\"><span class=\"Translation CharOverride-1\">(The Necklace: &quot;The Adornment&quot; <\/span><span class=\"Translation\"><span class=\"Comment-Words CharOverride-1\">parure<\/span><\/span><span class=\"Translation\"><span class=\"Gender CharOverride-2\">f<\/span><\/span><span class=\"Translation\"><span class=\"No-Break\"><span class=\"Comments CharOverride-1\"> \u2014<\/span><\/span><\/span><span class=\"Translation\"><span class=\"Comments CharOverride-1\"> ornament, adornment<\/span><\/span><span class=\"Translation CharOverride-1\">)<\/span><\/p>\n<p class=\"Adapted\"><span class=\"Bold CharOverride-1\">C\u2019\u00e9tait une de ces jolies et charmantes filles <\/span><span class=\"Translation CharOverride-1\">(she was one of those pretty and charming girls)<\/span><span class=\"Bold CharOverride-1\">, n\u00e9es, comme par une erreur du destin, dans une famille d\u2019employ\u00e9s <\/span><span class=\"Translation CharOverride-1\">(born, as by an error of fate, in a family of worker<\/span><span class=\"No-Break\"><span class=\"Translation CharOverride-1\">s;<\/span><\/span><span class=\"Translation CharOverride-1\"> <\/span><span class=\"Translation\"><span class=\"Comment-Words CharOverride-1\">na\u00eetre<\/span><\/span><span class=\"Translation\"><span class=\"No-Break\"><span class=\"Comments CharOverride-1\"> \u2014<\/span><\/span><\/span><span class=\"Translation\"><span class=\"Comments CharOverride-1\"> to be bor<\/span><\/span><span class=\"Translation\"><span class=\"No-Break\"><span class=\"Comments CharOverride-1\">n;<\/span><\/span><\/span><span class=\"Translation CharOverride-1\"> <\/span><span class=\"Translation\"><span class=\"Comment-Words CharOverride-1\">employ\u00e9<\/span><\/span><span class=\"Translation\"><span class=\"Gender CharOverride-2\">m<\/span><\/span><span class=\"Translation\"><span class=\"No-Break\"><span class=\"Comments CharOverride-1\"> \u2014<\/span><\/span><\/span><span class=\"Translation\"><span class=\"Comments CharOverride-1\"> employe<\/span><\/span><span class=\"Translation\"><span class=\"No-Break\"><span class=\"Comments CharOverride-1\">e;<\/span><\/span><\/span><span class=\"Translation\"><span class=\"Comments CharOverride-1\"> worker<\/span><\/span><span class=\"Translation CharOverride-1\">)<\/span><span class=\"Bold CharOverride-1\">.<\/span><\/p>\n<p class=\"Adapted\"><span class=\"Bold CharOverride-1\">Elle n\u2019avait pas de dot, pas d\u2019esp\u00e9rances <\/span><span class=\"Translation CharOverride-1\">(she had no dowry, no expectation<\/span><span class=\"No-Break\"><span class=\"Translation CharOverride-1\">s;<\/span><\/span><span class=\"Translation CharOverride-1\"> <\/span><span class=\"Translation\"><span class=\"Comments CharOverride-1\">dot<\/span><\/span><span class=\"Translation\"><span class=\"No-Break\"><span class=\"Gender CharOverride-2\">f<\/span><\/span><\/span><span class=\"Translation\"><span class=\"No-Break\"><span class=\"Comments CharOverride-1\">;<\/span><\/span><\/span><span class=\"Translation\"><span class=\"Comments CharOverride-1\"> <\/span><\/span><span class=\"Translation\"><span class=\"Comment-Words CharOverride-1\">esp\u00e9rance<\/span><\/span><span class=\"Translation\"><span class=\"Gender CharOverride-2\">f<\/span><\/span><span class=\"Translation\"><span class=\"No-Break\"><span class=\"Comments CharOverride-1\"> \u2014<\/span><\/span><\/span><span class=\"Translation\"><span class=\"Comments CharOverride-1\"> expectatio<\/span><\/span><span class=\"Translation\"><span class=\"No-Break\"><span class=\"Comments CharOverride-1\">n;<\/span><\/span><\/span><span class=\"Translation\"><span class=\"Comments CharOverride-1\"> hope<\/span><\/span><span class=\"Translation CharOverride-1\">)<\/span><span class=\"Bold CharOverride-1\">, aucun moyen d\u2019\u00eatre connue, comprise, aim\u00e9e, \u00e9pous\u00e9e par un homme riche et distingu\u00e9 <\/span><span class=\"Translation CharOverride-1\">(no way of being known, understood, loved, married by a rich and distinguished ma<\/span><span class=\"No-Break\"><span class=\"Translation CharOverride-1\">n;<\/span><\/span><span class=\"Translation CharOverride-1\"> <\/span><span class=\"Translation\"><span class=\"Comments CharOverride-1\">conna\u00eetr<\/span><\/span><span class=\"Translation\"><span class=\"No-Break\"><span class=\"Comments CharOverride-1\">e;<\/span><\/span><\/span><span class=\"Translation\"><span class=\"Comments CharOverride-1\"> comprendre<\/span><\/span><span class=\"No-Break\"><span class=\"Translation CharOverride-1\">)<\/span><\/span><span class=\"No-Break\"><span class=\"Bold CharOverride-1\">;<\/span><\/span><span class=\"Bold CharOverride-1\"> et elle se laissa marier avec un petit commis du minist\u00e8re de l\u2019instruction publique <\/span><span class=\"Translation CharOverride-1\">(and she let herself be married to a minor clerk from the ministry for education: &quot;ministry for public instruction<\/span><span class=\"No-Break\"><span class=\"Translation CharOverride-1\">&quot;;<\/span><\/span><span class=\"Translation CharOverride-1\"> <\/span><span class=\"Translation\"><span class=\"Comment-Words CharOverride-1\">commis<\/span><\/span><span class=\"Translation\"><span class=\"No-Break\"><span class=\"Comments CharOverride-1\"> \u2014<\/span><\/span><\/span><span class=\"Translation\"><span class=\"Comments CharOverride-1\"> employe<\/span><\/span><span class=\"Translation\"><span class=\"No-Break\"><span class=\"Comments CharOverride-1\">e;<\/span><\/span><\/span><span class=\"Translation\"><span class=\"Comments CharOverride-1\"> clerk<\/span><\/span><span class=\"Translation CharOverride-1\">)<\/span><span class=\"Bold CharOverride-1\">.<\/span><\/p>\n<\/div>\n<audio class=\"wp-audio-shortcode\" id=\"audio-10008-1\" preload=\"none\" style=\"width: 100%;\" controls=\"controls\"><source type=\"audio\/mpeg\" src=\"https:\/\/easyoriginal1.s3.eu-central-1.amazonaws.com\/franzoesisch\/f3\/1.mp3?_=1\" \/><a href=\"https:\/\/easyoriginal1.s3.eu-central-1.amazonaws.com\/franzoesisch\/f3\/1.mp3\">https:\/\/easyoriginal1.s3.eu-central-1.amazonaws.com\/franzoesisch\/f3\/1.mp3<\/a><\/audio>\n<div class=\"original-container\">\n<p class=\"Original\" lang=\"en-US\"><span class=\"CharOverride-1\">C\u2019\u00e9tait une de ces jolies et charmantes filles, n\u00e9es, comme par une erreur du destin, dans une famille d\u2019employ\u00e9s. Elle n\u2019avait pas de dot, pas d\u2019esp\u00e9rances aucun moyen d\u2019\u00eatre connue, comprise, aim\u00e9e, \u00e9pous\u00e9e par un homme riche et distingu\u00e9; et elle se laissa marier avec un petit commis du minist\u00e8re de l\u2019instruction publique.<\/span><\/p>\n<\/div>","protected":false},"excerpt":{"rendered":"<p>&#8222;La Parure&#8220; (&#8222;The Necklace&#8220;) is a short story by French writer Guy de Maupassant.<br \/>\nMaupassant was a 19th-century French author, remembered as a master of the short story form, and as a representative of the Naturalist school.<br \/>\nUnabridged original text. Bilingual book French-English.<\/p>\n<p><a class=\"lpdf\" href=\"\/sample\/Maupassant_La_Parure_EN_Sample_EasyOriginal-com.pdf\" target=\"_blank\" rel=\"noopener noreferrer\">Reading Sample (PDF)<\/a><\/p>","protected":false},"featured_media":10001,"comment_status":"open","ping_status":"closed","template":"","meta":{"_acf_changed":false,"_et_pb_use_builder":"off","_et_pb_old_content":"<div class=\"adapted-container\">\r\n<p class=\"Adapted\"><span class=\"Bold\">Hace mucho tiempo que ten\u00eda ganas de escribir <\/span><span class=\"Translation\">(seit langer Zeit hatte ich Lust zu schreiben; <\/span><span class=\"Translation\"><span class=\"Comment-Words\">tener<\/span><\/span><span class=\"Translation\"><span class=\"Comments\"> \u2014 haben<\/span><\/span><span class=\"Translation\">)<\/span><span class=\"Bold\"> cualquier cosa con este t\u00edtulo <\/span><span class=\"Translation\">(irgendetwas mit diesem Titel)<\/span><span class=\"Bold\">.<\/span><\/p>\r\n<p class=\"Adapted\"><span class=\"Bold\">Hoy<a id=\"_idTextAnchor001\"><\/a>, que se me ha presentado ocasi\u00f3n <\/span><span class=\"Translation\">(heute, wo sich mir \/eine\/ Gelegenheit geboten hat; <\/span><span class=\"Translation\"><span class=\"Comment-Words\">presentar<\/span><\/span><span class=\"Translation\"><span class=\"Comments\"> \u2014 zeigen; vorstellen<\/span><\/span><span class=\"Translation\">)<\/span><span class=\"Bold\">, lo he puesto con letras grandes <\/span><span class=\"Translation\">(das habe ich in gro\u00dfen Buchstaben gesetzt = habe ich es in Gro\u00dfbuchstaben gesetzt; <\/span><span class=\"Translation\"><span class=\"Comment-Words\">poner<\/span><\/span><span class=\"Translation\"><span class=\"Comments\"> \u2014 setzen; stellen; legen<\/span><\/span><span class=\"Translation\">)<\/span><span class=\"Bold\"> en la primera cuartilla de papel <\/span><span class=\"Translation\">(auf das erste Blatt: \u00abauf das erste Viertelpapier\u00bb; <\/span><span class=\"Translation\"><span class=\"Comment-Words\">cuarto<\/span><\/span><span class=\"Translation\"><span class=\"Gender _idGenCharOverride-1\">m <\/span><\/span><span class=\"Translation\"><span class=\"Comments\">\u2014 Viertel<\/span><\/span><span class=\"Translation\">)<\/span><span class=\"Bold\">, y luego he dejado a capricho volar la pluma <\/span><span class=\"Translation\">(und dann habe ich nach Belieben die Feder fliegen lassen; <\/span><span class=\"Translation\"><span class=\"Comment-Words\">dejar<\/span><\/span><span class=\"Translation\"><span class=\"Comments\"> \u2014 lassen; <\/span><\/span><span class=\"Translation\"><span class=\"Comment-Words\">capricho<\/span><\/span><span class=\"Translation\"><span class=\"Gender _idGenCharOverride-1\">m <\/span><\/span><span class=\"Translation\"><span class=\"Comments\">\u2014 Laune<\/span><\/span><span class=\"Translation\">)<\/span><span class=\"Bold\">.<\/span><\/p>\r\n\r\n<\/div>\r\n[audio mp3=\"https:\/\/easyoriginal1.s3.eu-central-1.amazonaws.com\/spanisch\/s1\/1.mp3\"][\/audio]\r\n<div class=\"original-container\">\r\n<p class=\"Original\">Hace mucho tiempo que ten\u00eda ganas de escribir cualquier cosa con este t\u00edtulo.<\/p>\r\n<p class=\"Original\">Hoy, que se me ha presentado ocasi\u00f3n, lo he puesto con letras grandes en la primera cuartilla de papel, y luego he dejado a capricho volar la pluma.<\/p>\r\n\r\n<\/div>\r\n<a class=\"weiter\" href=\"\/webreader\/los-ojos-verdes\/fragment\/1-4-2\/\">weiter lesen<\/a>","_et_gb_content_width":""},"product_brand":[],"product_cat":[188],"product_tag":[184],"class_list":{"0":"post-10008","1":"product","2":"type-product","3":"status-publish","4":"has-post-thumbnail","6":"product_cat-franzoesisch-englisch","7":"product_tag-maupassant","9":"first","10":"instock","11":"taxable","12":"shipping-taxable","13":"purchasable","14":"product-type-variable"},"acf":[],"yoast_head":"<!-- This site is optimized with the Yoast SEO plugin v27.3 - https:\/\/yoast.com\/product\/yoast-seo-wordpress\/ -->\n<title>La Parure \/ The Necklace - EasyOriginal.com<\/title>\n<meta name=\"robots\" content=\"index, follow, max-snippet:-1, max-image-preview:large, max-video-preview:-1\" \/>\n<link rel=\"canonical\" href=\"https:\/\/easyoriginal.com\/en\/shop\/franzoesisch-englisch\/la-parure-the-necklace\/\" \/>\n<meta property=\"og:locale\" content=\"en_GB\" \/>\n<meta property=\"og:type\" content=\"article\" \/>\n<meta property=\"og:title\" content=\"La Parure \/ The Necklace - EasyOriginal.com\" \/>\n<meta property=\"og:description\" content=\"&quot;La Parure&quot; (&quot;The Necklace&quot;) is a short story by French writer Guy de Maupassant. Maupassant was a 19th-century French author, remembered as a master of the short story form, and as a representative of the Naturalist school. Unabridged original text. Bilingual book French-English.  Reading Sample (PDF)\" \/>\n<meta property=\"og:url\" content=\"https:\/\/easyoriginal.com\/en\/shop\/franzoesisch-englisch\/la-parure-the-necklace\/\" \/>\n<meta property=\"og:site_name\" content=\"EasyOriginal.com\" \/>\n<meta property=\"article:modified_time\" content=\"2024-01-04T12:40:30+00:00\" \/>\n<meta property=\"og:image\" content=\"https:\/\/easyoriginal.com\/wp-content\/uploads\/maupassant_la_parure_EN_printcover.jpg\" \/>\n\t<meta property=\"og:image:width\" content=\"468\" \/>\n\t<meta property=\"og:image:height\" content=\"702\" \/>\n\t<meta property=\"og:image:type\" content=\"image\/jpeg\" \/>\n<meta name=\"twitter:card\" content=\"summary_large_image\" \/>\n<meta name=\"twitter:label1\" content=\"Estimated reading time\" \/>\n\t<meta name=\"twitter:data1\" content=\"2 minutes\" \/>\n<script type=\"application\/ld+json\" class=\"yoast-schema-graph\">{\"@context\":\"https:\\\/\\\/schema.org\",\"@graph\":[{\"@type\":\"WebPage\",\"@id\":\"https:\\\/\\\/easyoriginal.com\\\/shop\\\/franzoesisch-englisch\\\/la-parure-the-necklace\\\/\",\"url\":\"https:\\\/\\\/easyoriginal.com\\\/shop\\\/franzoesisch-englisch\\\/la-parure-the-necklace\\\/\",\"name\":\"La Parure \\\/ The Necklace - EasyOriginal.com\",\"isPartOf\":{\"@id\":\"https:\\\/\\\/easyoriginal.com\\\/#website\"},\"primaryImageOfPage\":{\"@id\":\"https:\\\/\\\/easyoriginal.com\\\/shop\\\/franzoesisch-englisch\\\/la-parure-the-necklace\\\/#primaryimage\"},\"image\":{\"@id\":\"https:\\\/\\\/easyoriginal.com\\\/shop\\\/franzoesisch-englisch\\\/la-parure-the-necklace\\\/#primaryimage\"},\"thumbnailUrl\":\"https:\\\/\\\/easyoriginal.com\\\/wp-content\\\/uploads\\\/maupassant_la_parure_EN_printcover.jpg\",\"datePublished\":\"2022-07-05T13:18:24+00:00\",\"dateModified\":\"2024-01-04T12:40:30+00:00\",\"breadcrumb\":{\"@id\":\"https:\\\/\\\/easyoriginal.com\\\/shop\\\/franzoesisch-englisch\\\/la-parure-the-necklace\\\/#breadcrumb\"},\"inLanguage\":\"en-GB\",\"potentialAction\":[{\"@type\":\"ReadAction\",\"target\":[\"https:\\\/\\\/easyoriginal.com\\\/shop\\\/franzoesisch-englisch\\\/la-parure-the-necklace\\\/\"]}]},{\"@type\":\"ImageObject\",\"inLanguage\":\"en-GB\",\"@id\":\"https:\\\/\\\/easyoriginal.com\\\/shop\\\/franzoesisch-englisch\\\/la-parure-the-necklace\\\/#primaryimage\",\"url\":\"https:\\\/\\\/easyoriginal.com\\\/wp-content\\\/uploads\\\/maupassant_la_parure_EN_printcover.jpg\",\"contentUrl\":\"https:\\\/\\\/easyoriginal.com\\\/wp-content\\\/uploads\\\/maupassant_la_parure_EN_printcover.jpg\",\"width\":468,\"height\":702},{\"@type\":\"BreadcrumbList\",\"@id\":\"https:\\\/\\\/easyoriginal.com\\\/shop\\\/franzoesisch-englisch\\\/la-parure-the-necklace\\\/#breadcrumb\",\"itemListElement\":[{\"@type\":\"ListItem\",\"position\":1,\"name\":\"Startseite\",\"item\":\"https:\\\/\\\/easyoriginal.com\\\/\"},{\"@type\":\"ListItem\",\"position\":2,\"name\":\"Shop\",\"item\":\"https:\\\/\\\/easyoriginal.com\\\/shop\\\/\"},{\"@type\":\"ListItem\",\"position\":3,\"name\":\"La Parure \\\/ The Necklace\"}]},{\"@type\":\"WebSite\",\"@id\":\"https:\\\/\\\/easyoriginal.com\\\/#website\",\"url\":\"https:\\\/\\\/easyoriginal.com\\\/\",\"name\":\"EasyOriginal.com\",\"description\":\"Spa\u00df am Lesen im Original - Innovative Lesemethode f\u00fcr Fremdsprachen\",\"publisher\":{\"@id\":\"https:\\\/\\\/easyoriginal.com\\\/#organization\"},\"potentialAction\":[{\"@type\":\"SearchAction\",\"target\":{\"@type\":\"EntryPoint\",\"urlTemplate\":\"https:\\\/\\\/easyoriginal.com\\\/?s={search_term_string}\"},\"query-input\":{\"@type\":\"PropertyValueSpecification\",\"valueRequired\":true,\"valueName\":\"search_term_string\"}}],\"inLanguage\":\"en-GB\"},{\"@type\":\"Organization\",\"@id\":\"https:\\\/\\\/easyoriginal.com\\\/#organization\",\"name\":\"EasyOriginal Verlag\",\"url\":\"https:\\\/\\\/easyoriginal.com\\\/\",\"logo\":{\"@type\":\"ImageObject\",\"inLanguage\":\"en-GB\",\"@id\":\"https:\\\/\\\/easyoriginal.com\\\/#\\\/schema\\\/logo\\\/image\\\/\",\"url\":\"https:\\\/\\\/easyoriginal.com\\\/wp-content\\\/uploads\\\/2020\\\/08\\\/logo_main.png\",\"contentUrl\":\"https:\\\/\\\/easyoriginal.com\\\/wp-content\\\/uploads\\\/2020\\\/08\\\/logo_main.png\",\"width\":500,\"height\":103,\"caption\":\"EasyOriginal Verlag\"},\"image\":{\"@id\":\"https:\\\/\\\/easyoriginal.com\\\/#\\\/schema\\\/logo\\\/image\\\/\"}}]}<\/script>\n<!-- \/ Yoast SEO plugin. -->","yoast_head_json":{"title":"La Parure \/ The Necklace - EasyOriginal.com","robots":{"index":"index","follow":"follow","max-snippet":"max-snippet:-1","max-image-preview":"max-image-preview:large","max-video-preview":"max-video-preview:-1"},"canonical":"https:\/\/easyoriginal.com\/en\/shop\/franzoesisch-englisch\/la-parure-the-necklace\/","og_locale":"en_GB","og_type":"article","og_title":"La Parure \/ The Necklace - EasyOriginal.com","og_description":"\"La Parure\" (\"The Necklace\") is a short story by French writer Guy de Maupassant. Maupassant was a 19th-century French author, remembered as a master of the short story form, and as a representative of the Naturalist school. Unabridged original text. Bilingual book French-English.  Reading Sample (PDF)","og_url":"https:\/\/easyoriginal.com\/en\/shop\/franzoesisch-englisch\/la-parure-the-necklace\/","og_site_name":"EasyOriginal.com","article_modified_time":"2024-01-04T12:40:30+00:00","og_image":[{"width":468,"height":702,"url":"https:\/\/easyoriginal.com\/wp-content\/uploads\/maupassant_la_parure_EN_printcover.jpg","type":"image\/jpeg"}],"twitter_card":"summary_large_image","twitter_misc":{"Estimated reading time":"2 minutes"},"schema":{"@context":"https:\/\/schema.org","@graph":[{"@type":"WebPage","@id":"https:\/\/easyoriginal.com\/shop\/franzoesisch-englisch\/la-parure-the-necklace\/","url":"https:\/\/easyoriginal.com\/shop\/franzoesisch-englisch\/la-parure-the-necklace\/","name":"La Parure \/ The Necklace - EasyOriginal.com","isPartOf":{"@id":"https:\/\/easyoriginal.com\/#website"},"primaryImageOfPage":{"@id":"https:\/\/easyoriginal.com\/shop\/franzoesisch-englisch\/la-parure-the-necklace\/#primaryimage"},"image":{"@id":"https:\/\/easyoriginal.com\/shop\/franzoesisch-englisch\/la-parure-the-necklace\/#primaryimage"},"thumbnailUrl":"https:\/\/easyoriginal.com\/wp-content\/uploads\/maupassant_la_parure_EN_printcover.jpg","datePublished":"2022-07-05T13:18:24+00:00","dateModified":"2024-01-04T12:40:30+00:00","breadcrumb":{"@id":"https:\/\/easyoriginal.com\/shop\/franzoesisch-englisch\/la-parure-the-necklace\/#breadcrumb"},"inLanguage":"en-GB","potentialAction":[{"@type":"ReadAction","target":["https:\/\/easyoriginal.com\/shop\/franzoesisch-englisch\/la-parure-the-necklace\/"]}]},{"@type":"ImageObject","inLanguage":"en-GB","@id":"https:\/\/easyoriginal.com\/shop\/franzoesisch-englisch\/la-parure-the-necklace\/#primaryimage","url":"https:\/\/easyoriginal.com\/wp-content\/uploads\/maupassant_la_parure_EN_printcover.jpg","contentUrl":"https:\/\/easyoriginal.com\/wp-content\/uploads\/maupassant_la_parure_EN_printcover.jpg","width":468,"height":702},{"@type":"BreadcrumbList","@id":"https:\/\/easyoriginal.com\/shop\/franzoesisch-englisch\/la-parure-the-necklace\/#breadcrumb","itemListElement":[{"@type":"ListItem","position":1,"name":"Startseite","item":"https:\/\/easyoriginal.com\/"},{"@type":"ListItem","position":2,"name":"Shop","item":"https:\/\/easyoriginal.com\/shop\/"},{"@type":"ListItem","position":3,"name":"La Parure \/ The Necklace"}]},{"@type":"WebSite","@id":"https:\/\/easyoriginal.com\/#website","url":"https:\/\/easyoriginal.com\/","name":"EasyOriginal.com","description":"Spa\u00df am Lesen im Original - Innovative Lesemethode f\u00fcr Fremdsprachen","publisher":{"@id":"https:\/\/easyoriginal.com\/#organization"},"potentialAction":[{"@type":"SearchAction","target":{"@type":"EntryPoint","urlTemplate":"https:\/\/easyoriginal.com\/?s={search_term_string}"},"query-input":{"@type":"PropertyValueSpecification","valueRequired":true,"valueName":"search_term_string"}}],"inLanguage":"en-GB"},{"@type":"Organization","@id":"https:\/\/easyoriginal.com\/#organization","name":"EasyOriginal Verlag","url":"https:\/\/easyoriginal.com\/","logo":{"@type":"ImageObject","inLanguage":"en-GB","@id":"https:\/\/easyoriginal.com\/#\/schema\/logo\/image\/","url":"https:\/\/easyoriginal.com\/wp-content\/uploads\/2020\/08\/logo_main.png","contentUrl":"https:\/\/easyoriginal.com\/wp-content\/uploads\/2020\/08\/logo_main.png","width":500,"height":103,"caption":"EasyOriginal Verlag"},"image":{"@id":"https:\/\/easyoriginal.com\/#\/schema\/logo\/image\/"}}]}},"_links":{"self":[{"href":"https:\/\/easyoriginal.com\/en\/wp-json\/wp\/v2\/product\/10008","targetHints":{"allow":["GET"]}}],"collection":[{"href":"https:\/\/easyoriginal.com\/en\/wp-json\/wp\/v2\/product"}],"about":[{"href":"https:\/\/easyoriginal.com\/en\/wp-json\/wp\/v2\/types\/product"}],"replies":[{"embeddable":true,"href":"https:\/\/easyoriginal.com\/en\/wp-json\/wp\/v2\/comments?post=10008"}],"wp:featuredmedia":[{"embeddable":true,"href":"https:\/\/easyoriginal.com\/en\/wp-json\/wp\/v2\/media\/10001"}],"wp:attachment":[{"href":"https:\/\/easyoriginal.com\/en\/wp-json\/wp\/v2\/media?parent=10008"}],"wp:term":[{"taxonomy":"product_brand","embeddable":true,"href":"https:\/\/easyoriginal.com\/en\/wp-json\/wp\/v2\/product_brand?post=10008"},{"taxonomy":"product_cat","embeddable":true,"href":"https:\/\/easyoriginal.com\/en\/wp-json\/wp\/v2\/product_cat?post=10008"},{"taxonomy":"product_tag","embeddable":true,"href":"https:\/\/easyoriginal.com\/en\/wp-json\/wp\/v2\/product_tag?post=10008"}],"curies":[{"name":"wp","href":"https:\/\/api.w.org\/{rel}","templated":true}]}}