{"id":219,"date":"2020-08-21T11:35:05","date_gmt":"2020-08-21T09:35:05","guid":{"rendered":"https:\/\/easyoriginal.com\/?page_id=219"},"modified":"2024-10-31T12:34:08","modified_gmt":"2024-10-31T11:34:08","slug":"russisch-lernen","status":"publish","type":"page","link":"https:\/\/easyoriginal.com\/en\/russisch-lernen\/","title":{"rendered":"Russisch lernen"},"content":{"rendered":"<p>[et_pb_section fb_built=&#8220;1&#8243; custom_padding_last_edited=&#8220;on|tablet&#8220; _builder_version=&#8220;4.25.1&#8243; _module_preset=&#8220;default&#8220; custom_padding=&#8220;0px||0px||false|false&#8220; custom_padding_tablet=&#8220;||||false|false&#8220; custom_padding_phone=&#8220;&#8220; top_divider_style=&#8220;arrow2&#8243; top_divider_color=&#8220;#f9f5f1&#8243; top_divider_height_tablet=&#8220;70px&#8220; top_divider_height_phone=&#8220;50px&#8220; top_divider_height_last_edited=&#8220;on|phone&#8220; global_colors_info=&#8220;{}&#8220;][et_pb_row custom_padding_last_edited=&#8220;on|phone&#8220; _builder_version=&#8220;4.25.1&#8243; _module_preset=&#8220;default&#8220; custom_padding=&#8220;||||false|false&#8220; custom_padding_tablet=&#8220;40px||||false|false&#8220; custom_padding_phone=&#8220;0px||||false|false&#8220; global_colors_info=&#8220;{}&#8220;][et_pb_column type=&#8220;4_4&#8243; _builder_version=&#8220;4.16&#8243; _module_preset=&#8220;default&#8220; global_colors_info=&#8220;{}&#8220;][et_pb_text _builder_version=&#8220;4.16&#8243; _module_preset=&#8220;1c66a2aa-c8d9-4056-a711-f0ea232a3dfe&#8220; global_colors_info=&#8220;{}&#8220;]<\/p>\n<h1 style=\"text-align: center;\">Russisch lernen<\/h1>\n<p>[\/et_pb_text][et_pb_divider _builder_version=&#8220;4.16&#8243; _module_preset=&#8220;014a649d-9dd9-4cae-8ad1-f535a0092ff3&#8243; height=&#8220;10px&#8220; height_tablet=&#8220;0px&#8220; height_phone=&#8220;0px&#8220; height_last_edited=&#8220;on|phone&#8220; custom_margin=&#8220;||0px|||&#8220; global_colors_info=&#8220;{}&#8220;][\/et_pb_divider][et_pb_text _builder_version=&#8220;4.19.4&#8243; _module_preset=&#8220;6ac2e05e-f54b-4fc7-8f19-85ded621eb6b&#8220; global_colors_info=&#8220;{}&#8220;]<\/p>\n<p style=\"text-align: center;\">Frank-Lesemethode<\/p>\n<p>[\/et_pb_text][\/et_pb_column][\/et_pb_row][et_pb_row _builder_version=&#8220;4.25.1&#8243; _module_preset=&#8220;default&#8220; width=&#8220;95%&#8220; max_width=&#8220;95%&#8220; custom_padding=&#8220;0px||0px||false|false&#8220; global_colors_info=&#8220;{}&#8220;][et_pb_column type=&#8220;4_4&#8243; _builder_version=&#8220;4.18.0&#8243; _module_preset=&#8220;default&#8220; global_colors_info=&#8220;{}&#8220;][et_pb_text _builder_version=&#8220;4.25.1&#8243; _module_preset=&#8220;default&#8220; text_text_color=&#8220;#CB271E&#8220; header_2_font=&#8220;|600|||||||&#8220; header_2_text_align=&#8220;center&#8220; header_2_font_size=&#8220;36px&#8220; header_3_font=&#8220;Montserrat||||||||&#8220; custom_margin=&#8220;0px||0px||false|false&#8220; custom_padding=&#8220;0px||0px||false|false&#8220; header_2_font_size_tablet=&#8220;36px&#8220; header_2_font_size_phone=&#8220;36px&#8220; header_2_font_size_last_edited=&#8220;on|desktop&#8220; global_colors_info=&#8220;{}&#8220;]<\/p>\n<h3 style=\"text-align: center;\">B\u00fccher-Sets Russisch<\/h3>\n<p style=\"text-align: center;\">Bis zu 40% Rabatt im Set<\/p>\n<p>[\/et_pb_text][et_pb_shop type=&#8220;product_category&#8220; posts_number=&#8220;30&#8243; include_categories=&#8220;199&#8243; columns_number=&#8220;6&#8243; orderby=&#8220;popularity&#8220; sale_badge_color=&#8220;#BD9661&#8243; module_class=&#8220;sets&#8220; _builder_version=&#8220;4.26.0&#8243; _module_preset=&#8220;default&#8220; global_colors_info=&#8220;{}&#8220;][\/et_pb_shop][\/et_pb_column][\/et_pb_row][\/et_pb_section][et_pb_section fb_built=&#8220;1&#8243; _builder_version=&#8220;4.25.1&#8243; _module_preset=&#8220;default&#8220; custom_padding=&#8220;2px||||false|false&#8220; global_colors_info=&#8220;{}&#8220;][et_pb_row _builder_version=&#8220;4.25.1&#8243; _module_preset=&#8220;default&#8220; width=&#8220;95%&#8220; max_width=&#8220;95%&#8220; global_colors_info=&#8220;{}&#8220;][et_pb_column type=&#8220;4_4&#8243; _builder_version=&#8220;4.19.2&#8243; _module_preset=&#8220;default&#8220; global_colors_info=&#8220;{}&#8220;][et_pb_shop type=&#8220;product_category&#8220; posts_number=&#8220;40&#8243; include_categories=&#8220;46&#8243; columns_number=&#8220;6&#8243; orderby=&#8220;popularity&#8220; _builder_version=&#8220;4.27.2&#8243; _module_preset=&#8220;default&#8220; hover_enabled=&#8220;0&#8243; global_colors_info=&#8220;{}&#8220; sticky_enabled=&#8220;0&#8243;][\/et_pb_shop][\/et_pb_column][\/et_pb_row][\/et_pb_section][et_pb_section fb_built=&#8220;1&#8243; disabled_on=&#8220;on|on|on&#8220; _builder_version=&#8220;4.16&#8243; _module_preset=&#8220;default&#8220; custom_padding=&#8220;26px|||||&#8220; global_colors_info=&#8220;{}&#8220; disabled=&#8220;on&#8220;][et_pb_row _builder_version=&#8220;4.16&#8243; _module_preset=&#8220;default&#8220; width=&#8220;90%&#8220; max_width=&#8220;100%&#8220; custom_padding=&#8220;2px|||||&#8220; global_colors_info=&#8220;{}&#8220;][et_pb_column type=&#8220;4_4&#8243; _builder_version=&#8220;4.16&#8243; _module_preset=&#8220;default&#8220; global_colors_info=&#8220;{}&#8220;][et_pb_text _builder_version=&#8220;4.16&#8243; _module_preset=&#8220;default&#8220; header_2_font=&#8220;|600|||||||&#8220; header_2_text_align=&#8220;center&#8220; header_2_text_color=&#8220;rgba(189,150,97,0.62)&#8220; header_2_font_size=&#8220;36px&#8220; header_2_font_size_tablet=&#8220;&#8220; header_2_font_size_phone=&#8220;30px&#8220; header_2_font_size_last_edited=&#8220;on|phone&#8220; global_colors_info=&#8220;{}&#8220;]<\/p>\n<h2 class=\"heading-title\">Erscheinen in K\u00fcrze<\/h2>\n<p>[\/et_pb_text][et_pb_gallery gallery_ids=&#8220;13711,13712&#8243; posts_number=&#8220;20&#8243; orientation=&#8220;portrait&#8220; show_title_and_caption=&#8220;off&#8220; show_pagination=&#8220;off&#8220; zoom_icon_color=&#8220;rgba(0,0,0,0)&#8220; hover_overlay_color=&#8220;rgba(0,0,0,0)&#8220; module_class=&#8220;disable-lightbox&#8220; _builder_version=&#8220;4.27.0&#8243; _module_preset=&#8220;default&#8220; custom_css_gallery_item=&#8220;width: 16% !important;||clear: none !important;||padding-left: 10px;||padding-right: 10px;||padding-bottom: 0rem;&#8220; global_colors_info=&#8220;{}&#8220; custom_css_gallery_item_last_edited=&#8220;on|phone&#8220; custom_css_gallery_item_tablet=&#8220;width: 25% !important;||clear: none !important;||padding-left: 10px;||padding-right: 10px;||padding-bottom: 2rem;&#8220; custom_css_gallery_item_phone=&#8220;width: 33% !important;||clear: none !important;||padding-left: 10px;||padding-right: 10px;||padding-bottom: 2rem;&#8220;][\/et_pb_gallery][\/et_pb_column][\/et_pb_row][\/et_pb_section][et_pb_section fb_built=&#8220;1&#8243; _builder_version=&#8220;4.21.0&#8243; _module_preset=&#8220;default&#8220; custom_padding=&#8220;4px|||||&#8220; global_colors_info=&#8220;{}&#8220;][et_pb_row _builder_version=&#8220;4.21.0&#8243; _module_preset=&#8220;default&#8220; global_colors_info=&#8220;{}&#8220;][et_pb_column type=&#8220;4_4&#8243; _builder_version=&#8220;4.21.0&#8243; _module_preset=&#8220;default&#8220; global_colors_info=&#8220;{}&#8220;][et_pb_text _builder_version=&#8220;4.25.1&#8243; _module_preset=&#8220;4f867144-5524-47bb-9c3b-8ff0a5b4413c&#8220; global_colors_info=&#8220;{}&#8220;]<\/p>\n<h2>Russisch lernen auf unterhaltsame Weise<\/h2>\n<p>Russisch zu lernen muss nicht schwierig oder langweilig sein. Mit den richtigen Methoden kann es sogar richtig Spa\u00df machen. Der Schl\u00fcssel liegt darin, das Lernen in Ihren Alltag zu integrieren, sodass es zu einer angenehmen Gewohnheit wird.<\/p>\n<p>Eine besonders effektive Methode ist die Frank-Lesemethode. Mit ihr k\u00f6nnen Sie auf entspannte Art in die russische Sprache eintauchen und dabei nachhaltige Fortschritte erzielen, ohne dass es sich nach Arbeit anf\u00fchlt. Die Idee ist simpel: Sie lesen fesselnde B\u00fccher und das Lernen geschieht ganz nebenbei.<\/p>\n<p>Durch die Frank-Lesemethode entwickeln Sie nicht nur Ihre Sprachkenntnisse, sondern auch Ihr Verst\u00e4ndnis f\u00fcr die faszinierende russische Kultur und Literatur. So wird das Russischlernen zu einem bereichernden Teil Ihres Tages, der Ihnen neue Perspektiven er\u00f6ffnet.<\/p>\n<p>Au\u00dferdem erm\u00f6glicht diese Methode, verschiedene Sprachregister und Schreibstile kennenzulernen. Indem Sie Werke unterschiedlicher Autoren lesen, erweitern Sie Ihren Wortschatz und lernen, Bedeutungen aus dem Kontext zu erschlie\u00dfen.<\/p>\n<p>Ein gro\u00dfer Vorteil der Frank-Lesemethode ist ihre Flexibilit\u00e4t. Sie k\u00f6nnen in Ihrem eigenen Tempo lesen und Texte w\u00e4hlen, die Ihrem Sprachniveau entsprechen. So bleiben Sie motiviert und f\u00fchlen sich nicht \u00fcberfordert.<\/p>\n<p>Um die Methode optimal zu nutzen, reservieren Sie sich am besten t\u00e4glich etwas Zeit zum Lesen. Starten Sie mit leichten Texten und steigern Sie den Schwierigkeitsgrad schrittweise.<\/p>\n<p>Insgesamt macht die Frank-Lesemethode das Russischlernen zu einem genussvollen Erlebnis. Sie werden spielerisch enorme Fortschritte machen und Ihre Freude an der Sprache entdecken.<\/p>\n<h3>Wie zweisprachige B\u00fccher das Sprachenlernen revolutionieren<\/h3>\n<p>Zweisprachige B\u00fccher enthalten den Originaltext in einer Sprache zusammen mit einer \u00dcbersetzung in einer anderen.<\/p>\n<p>Dieses Format hat den enormen Vorteil, dass man Vokabeln und Grammatik intuitiv aus dem Kontext lernt. Stundenlanges Pauken von Wortlisten oder Auswendiglernen von Regeln er\u00fcbrigt sich. Stattdessen wird die Sprache ganz nat\u00fcrlich durch das Lesen und mithilfe der Muttersprache erlernt.<\/p>\n<p>Wenn man beim Lesen eines zweisprachigen Buches auf ein unbekanntes Wort st\u00f6\u00dft, schaut man einfach auf die \u00dcbersetzung und versteht die Bedeutung sofort. Mit der Zeit f\u00e4llt einem das Lesen immer leichter und man gewinnt an Sicherheit in der Fremdsprache.<\/p>\n<p>F\u00fcr alle, die Russisch lernen m\u00f6chten, empfehlen sich zweisprachige B\u00fccher mit russischen Originaltexten und deutscher \u00dcbersetzung. Mit ihnen kann man seine Lesefertigkeiten im Russischen verbessern und neue W\u00f6rter im Zusammenhang erlernen.<\/p>\n<p>Anders als traditionelle Lehrb\u00fccher sind zweisprachige B\u00fccher nicht nur lehrreich, sondern auch unterhaltsam. Anstatt sich durch trockene \u00dcbungen zu qu\u00e4len, kann man in spannende Geschichten eintauchen und ganz nebenbei die Sprache lernen.<\/p>\n<p>Zweisprachige B\u00fccher sind daher eine h\u00f6chst motivierende und effektive Methode zum Fremdsprachenerwerb. Sie sprechen verschiedene Lerntypen an und machen das Sprachenlernen zu einem Vergn\u00fcgen.<\/p>\n<h3>Warum die Frank-Lesemethode das Russischlernen so effektiv macht<\/h3>\n<h4>Sprache im Original erwerben<\/h4>\n<p>Texte in der Zielsprache zu lesen ist eine der wirksamsten Arten, um sich neue Vokabeln und grammatische Strukturen auf nat\u00fcrliche Weise anzueignen. Anders als beim sturen Auswendiglernen werden die sprachlichen Bausteine direkt in der Anwendung verinnerlicht. So pr\u00e4gen sie sich viel besser ein.<\/p>\n<h4>Vokabeln im Kontext lernen<\/h4>\n<p>Bei den B\u00fcchern nach der Frank-Lesemethode erschlie\u00dft man sich die Bedeutung unbekannter W\u00f6rter aus dem Textzusammenhang. Studien zeigen, dass dies eine der besten Strategien ist, um Vokabeln langfristig zu behalten.<\/p>\n<h4>Lesekompetenz ausbauen<\/h4>\n<p>Das Lesen komplexerer Texte in der Fremdsprache st\u00e4rkt nachhaltig die Lesef\u00e4higkeiten. Mit der Zeit steigert man so sein Lesetempo und -verst\u00e4ndnis.<\/p>\n<h4>Vokabelpauken ade<\/h4>\n<p>Da man die Bedeutung neuer W\u00f6rter aus dem Kontext ableitet, er\u00fcbrigt sich das m\u00fchsame Vokabellernen. Der Lerneffekt stellt sich quasi als &#8222;Nebenprodukt&#8220; des Lesens ein.<\/p>\n<h4>Spa\u00df statt Frust<\/h4>\n<p>Im Gegensatz zu oft \u00f6den Lehrmaterialien enthalten die B\u00fccher nach der Frank-Lesemethode packende und unterhaltsame Geschichten aus der russischen Literatur, die Lust aufs Lernen machen. Der Fortschritt kommt wie von selbst.<\/p>\n<h4>F\u00fcr jedes Niveau das Richtige<\/h4>\n<p>Anf\u00e4nger starten mit einfachen B\u00fcchern und steigern sich peu \u00e0 peu. Aber auch Fortgeschrittene profitieren von der Methode.<\/p>\n<h4>Lebendige Grammatik<\/h4>\n<p>Anhand von echten Textbeispielen wird die Grammatik anschaulich vermittelt und muss nicht extra geb\u00fcffelt werden. So verankert sie sich besser im Ged\u00e4chtnis.<\/p>\n<h4>Br\u00fccke zur Lekt\u00fcre<\/h4>\n<p>Zweisprachige B\u00fccher nach der Frank-Lesemethode erleichtern den \u00dcbergang vom Sprachkurs zum Lesen anspruchsvoller Texte in der Fremdsprache. Sie ebnen den Weg hin zur Originallekt\u00fcre.<\/p>\n<h4>Ideale Erg\u00e4nzung<\/h4>\n<p>In Verbindung mit einem Sprachkurs k\u00f6nnen zweisprachige B\u00fccher das dort Erlernte perfekt festigen und die m\u00fcndlichen Fertigkeiten verbessern.<\/p>\n<h4>Auch f\u00fcrs H\u00f6rverst\u00e4ndnis<\/h4>\n<p>H\u00f6rbuchversionen der zweisprachigen Titel sind eine gelungene Erg\u00e4nzung. Mit ihnen trainiert man zus\u00e4tzlich sein H\u00f6rverstehen.<\/p>\n<p>Russisch-Deutsch zweisprachige B\u00fccher stellen also eine hocheffiziente und motivierende Lernmethode dar. Sie aktivieren verschiedenste Lernkan\u00e4le und sorgen mit spannenden Inhalten f\u00fcr nachhaltigen Lernspa\u00df.<\/p>\n<p>Im Folgenden stellen wir Ihnen die innovativen Grunds\u00e4tze der Frank-Lesemethode vor, die unseren zweisprachigen B\u00fcchern zugrunde liegt.<\/p>\n<h2>Die geniale Frank-Lesemethode<\/h2>\n<p>Unsere zweisprachigen B\u00fccher basieren auf der revolution\u00e4ren Frank-Lesemethode. Diese Methode wurde entwickelt, um das Erlernen von Fremdsprachen f\u00fcr Lernende effektiver und unterhaltsamer zu gestalten.<\/p>\n<p>Das Grundprinzip der Frank-Lesemethode ist das nat\u00fcrliche Lesen. Dabei werden Texte in der Zielsprache zusammen mit \u00dcbersetzungen in der Muttersprache pr\u00e4sentiert. Dieser Ansatz erm\u00f6glicht es, den Inhalt intuitiv und kontextbezogen zu verstehen, anstatt Wort f\u00fcr Wort zu \u00fcbersetzen.<\/p>\n<p>Unser Ziel ist es, Ihnen B\u00fccher zu bieten, die Ihnen das Erlernen der russischen Sprache erleichtern. Ganz gleich, ob Sie Anf\u00e4nger sind und Ihre ersten Schritte im Russischen machen oder bereits fortgeschrittene Kenntnisse haben \u2013 unsere zweisprachigen B\u00fccher nach der Frank-Lesemethode sind f\u00fcr jedes Niveau geeignet.<\/p>\n<p>Mit ihnen k\u00f6nnen Sie Ihren Wortschatz effektiv ausbauen, Ihr Leseverst\u00e4ndnis verbessern und die russische Grammatik anhand von realen Beispielen erlernen. Und all das auf eine unterhaltsame und motivierende Art durch das Lesen fesselnder Inhalte.<\/p>\n<h3>So finden Sie das perfekte zweisprachige Buch f\u00fcr sich<\/h3>\n<p>Damit Sie mit den zweisprachigen B\u00fcchern nach der Frank-Lesemethode optimale Lernerfolge erzielen, haben wir hier einige Empfehlungen zur Buchauswahl f\u00fcr Sie:<\/p>\n<p><strong>Interessensgebiet<\/strong>: Entscheiden Sie sich f\u00fcr ein Buch zu einem Thema oder Genre, das Sie begeistert. Nur wenn das Lesen Vergn\u00fcgen bereitet, bleiben Sie langfristig dabei.<\/p>\n<p><strong>Sprachniveau<\/strong>: Orientieren Sie sich an Ihrem aktuellen Sprachstand. Einsteiger greifen am besten zu einfachen Texten wie M\u00e4rchen oder Jugendb\u00fcchern, Fortgeschrittene zu anspruchsvolleren Werken.<\/p>\n<p><strong>Umfang<\/strong>: F\u00fcr den Einstieg bieten sich Kurzgeschichten, Novellen oder Erz\u00e4hlungen mittlerer L\u00e4nge an.<\/p>\n<p><strong>Lesbarkeit<\/strong>: Auf die Schriftgr\u00f6\u00dfe kommt es an. Wir verwenden hochwertiges Papier und achten auf kontrastreiche Druckfarben. Unsere Schriftgr\u00f6\u00dfe ist optimal auf eine erm\u00fcdungsfreie Lesbarkeit abgestimmt.<\/p>\n<p><strong>Begeisterung<\/strong>: Entscheidend ist, dass Sie beim Lesen Freude und Motivation versp\u00fcren. Nur wenn der Funke \u00fcberspringt, lernen Sie effektiv.<\/p>\n<p>Probieren Sie verschiedene Genres aus und finden Sie Ihre Lieblingsthemen. Lesen Sie t\u00e4glich mindestens eine halbe Stunde. So macht das Lernen mit zweisprachigen B\u00fcchern nach der Frank-Lesemethode gr\u00f6\u00dftm\u00f6glichen Spa\u00df!<\/p>\n<h2>Investieren Sie in Ihre sprachliche Zukunft mit zweisprachigen B\u00fcchern<\/h2>\n<p>Zusammenfassend l\u00e4sst sich sagen, dass zweisprachige B\u00fccher nach der innovativen Frank-Lesemethode eine der effizientesten und vergn\u00fcglichsten M\u00f6glichkeiten sind, um seine Russischkenntnisse zu verbessern und auszubauen.<\/p>\n<p>Die Vorteile dieser Lernmethode liegen auf der Hand:<\/p>\n<ul class=\"list-disc pl-8 space-y-2\">\n<li class=\"whitespace-normal\">M\u00fcheloses und intuitives Sprachenlernen ohne stupides Pauken<\/li>\n<li class=\"whitespace-normal\">Verbesserung der Lesekompetenz und Erweiterung des Vokabulars<\/li>\n<li class=\"whitespace-normal\">Spannende Inhalte statt einschl\u00e4fernder Texte<\/li>\n<li class=\"whitespace-normal\">Motivierend und abwechslungsreich<\/li>\n<li class=\"whitespace-normal\">F\u00fcr jedes Alter und Sprachniveau geeignet<\/li>\n<li class=\"whitespace-normal\">Ideale Erg\u00e4nzung zu anderen Lernmethoden<\/li>\n<li class=\"whitespace-normal\">Perfektes Tool zum Selbstlernen f\u00fcr Schule, Uni, Job und Freizeit<\/li>\n<\/ul>\n<p>Kurzum: Zweisprachige B\u00fccher sind eine lohnende Investition in Ihre sprachliche Zukunft. Mit ihnen \u00f6ffnen Sie sich die T\u00fcr zur faszinierenden Welt der russischen Sprache und Kultur. Nutzen auch Sie diese effektive Methode, um Ihr Ziel der russischen Sprachbeherrschung zu erreichen!<\/p>\n<p>Wir w\u00fcnschen Ihnen viel Vergn\u00fcgen und Erfolg beim Russischlernen mit den Russisch-Deutsch B\u00fcchern nach der bew\u00e4hrten Frank-Lesemethode!<\/p>\n<p>[\/et_pb_text][\/et_pb_column][\/et_pb_row][\/et_pb_section]<\/p>\n","protected":false},"excerpt":{"rendered":"<p>Russisch lernenFrank-LesemethodeB\u00fccher-Sets Russisch Bis zu 40% Rabatt im SetErscheinen in K\u00fcrzeRussisch lernen auf unterhaltsame Weise Russisch zu lernen muss nicht schwierig oder langweilig sein. Mit den richtigen Methoden kann es sogar richtig Spa\u00df machen. Der Schl\u00fcssel liegt darin, das Lernen in Ihren Alltag zu integrieren, sodass es zu einer angenehmen Gewohnheit wird. Eine besonders effektive [&hellip;]<\/p>\n","protected":false},"author":1,"featured_media":0,"parent":0,"menu_order":0,"comment_status":"closed","ping_status":"closed","template":"","meta":{"_acf_changed":false,"_et_pb_use_builder":"on","_et_pb_old_content":"","_et_gb_content_width":"","footnotes":""},"class_list":["post-219","page","type-page","status-publish","hentry"],"acf":[],"yoast_head":"<!-- This site is optimized with the Yoast SEO plugin v27.4 - https:\/\/yoast.com\/product\/yoast-seo-wordpress\/ -->\n<title>EasyOriginal.com - Russisch lernen<\/title>\n<meta name=\"robots\" content=\"index, follow, max-snippet:-1, max-image-preview:large, max-video-preview:-1\" \/>\n<link rel=\"canonical\" href=\"https:\/\/easyoriginal.com\/en\/russisch-lernen\/\" \/>\n<meta property=\"og:locale\" content=\"en_GB\" \/>\n<meta property=\"og:type\" content=\"article\" \/>\n<meta property=\"og:title\" content=\"EasyOriginal.com - Russisch lernen\" \/>\n<meta property=\"og:description\" content=\"Russisch lernenFrank-LesemethodeB\u00fccher-Sets Russisch Bis zu 40% Rabatt im SetErscheinen in K\u00fcrzeRussisch lernen auf unterhaltsame Weise Russisch zu lernen muss nicht schwierig oder langweilig sein. Mit den richtigen Methoden kann es sogar richtig Spa\u00df machen. Der Schl\u00fcssel liegt darin, das Lernen in Ihren Alltag zu integrieren, sodass es zu einer angenehmen Gewohnheit wird. Eine besonders effektive [&hellip;]\" \/>\n<meta property=\"og:url\" content=\"https:\/\/easyoriginal.com\/en\/russisch-lernen\/\" \/>\n<meta property=\"og:site_name\" content=\"EasyOriginal.com\" \/>\n<meta property=\"article:modified_time\" content=\"2024-10-31T11:34:08+00:00\" \/>\n<meta name=\"twitter:card\" content=\"summary_large_image\" \/>\n<meta name=\"twitter:label1\" content=\"Estimated reading time\" \/>\n\t<meta name=\"twitter:data1\" content=\"10 minutes\" \/>\n<script type=\"application\/ld+json\" class=\"yoast-schema-graph\">{\"@context\":\"https:\\\/\\\/schema.org\",\"@graph\":[{\"@type\":\"WebPage\",\"@id\":\"https:\\\/\\\/easyoriginal.com\\\/russisch-lernen\\\/\",\"url\":\"https:\\\/\\\/easyoriginal.com\\\/russisch-lernen\\\/\",\"name\":\"EasyOriginal.com - Russisch lernen\",\"isPartOf\":{\"@id\":\"https:\\\/\\\/easyoriginal.com\\\/#website\"},\"datePublished\":\"2020-08-21T09:35:05+00:00\",\"dateModified\":\"2024-10-31T11:34:08+00:00\",\"breadcrumb\":{\"@id\":\"https:\\\/\\\/easyoriginal.com\\\/russisch-lernen\\\/#breadcrumb\"},\"inLanguage\":\"en-GB\",\"potentialAction\":[{\"@type\":\"ReadAction\",\"target\":[\"https:\\\/\\\/easyoriginal.com\\\/russisch-lernen\\\/\"]}]},{\"@type\":\"BreadcrumbList\",\"@id\":\"https:\\\/\\\/easyoriginal.com\\\/russisch-lernen\\\/#breadcrumb\",\"itemListElement\":[{\"@type\":\"ListItem\",\"position\":1,\"name\":\"Startseite\",\"item\":\"https:\\\/\\\/easyoriginal.com\\\/\"},{\"@type\":\"ListItem\",\"position\":2,\"name\":\"Russisch lernen\"}]},{\"@type\":\"WebSite\",\"@id\":\"https:\\\/\\\/easyoriginal.com\\\/#website\",\"url\":\"https:\\\/\\\/easyoriginal.com\\\/\",\"name\":\"EasyOriginal.com\",\"description\":\"Spa\u00df am Lesen im Original - Innovative Lesemethode f\u00fcr Fremdsprachen\",\"publisher\":{\"@id\":\"https:\\\/\\\/easyoriginal.com\\\/#organization\"},\"potentialAction\":[{\"@type\":\"SearchAction\",\"target\":{\"@type\":\"EntryPoint\",\"urlTemplate\":\"https:\\\/\\\/easyoriginal.com\\\/?s={search_term_string}\"},\"query-input\":{\"@type\":\"PropertyValueSpecification\",\"valueRequired\":true,\"valueName\":\"search_term_string\"}}],\"inLanguage\":\"en-GB\"},{\"@type\":\"Organization\",\"@id\":\"https:\\\/\\\/easyoriginal.com\\\/#organization\",\"name\":\"EasyOriginal Verlag\",\"url\":\"https:\\\/\\\/easyoriginal.com\\\/\",\"logo\":{\"@type\":\"ImageObject\",\"inLanguage\":\"en-GB\",\"@id\":\"https:\\\/\\\/easyoriginal.com\\\/#\\\/schema\\\/logo\\\/image\\\/\",\"url\":\"https:\\\/\\\/easyoriginal.com\\\/wp-content\\\/uploads\\\/2020\\\/08\\\/logo_main.png\",\"contentUrl\":\"https:\\\/\\\/easyoriginal.com\\\/wp-content\\\/uploads\\\/2020\\\/08\\\/logo_main.png\",\"width\":500,\"height\":103,\"caption\":\"EasyOriginal Verlag\"},\"image\":{\"@id\":\"https:\\\/\\\/easyoriginal.com\\\/#\\\/schema\\\/logo\\\/image\\\/\"}}]}<\/script>\n<!-- \/ Yoast SEO plugin. -->","yoast_head_json":{"title":"EasyOriginal.com - Russisch lernen","robots":{"index":"index","follow":"follow","max-snippet":"max-snippet:-1","max-image-preview":"max-image-preview:large","max-video-preview":"max-video-preview:-1"},"canonical":"https:\/\/easyoriginal.com\/en\/russisch-lernen\/","og_locale":"en_GB","og_type":"article","og_title":"EasyOriginal.com - Russisch lernen","og_description":"Russisch lernenFrank-LesemethodeB\u00fccher-Sets Russisch Bis zu 40% Rabatt im SetErscheinen in K\u00fcrzeRussisch lernen auf unterhaltsame Weise Russisch zu lernen muss nicht schwierig oder langweilig sein. Mit den richtigen Methoden kann es sogar richtig Spa\u00df machen. Der Schl\u00fcssel liegt darin, das Lernen in Ihren Alltag zu integrieren, sodass es zu einer angenehmen Gewohnheit wird. Eine besonders effektive [&hellip;]","og_url":"https:\/\/easyoriginal.com\/en\/russisch-lernen\/","og_site_name":"EasyOriginal.com","article_modified_time":"2024-10-31T11:34:08+00:00","twitter_card":"summary_large_image","twitter_misc":{"Estimated reading time":"10 minutes"},"schema":{"@context":"https:\/\/schema.org","@graph":[{"@type":"WebPage","@id":"https:\/\/easyoriginal.com\/russisch-lernen\/","url":"https:\/\/easyoriginal.com\/russisch-lernen\/","name":"EasyOriginal.com - Russisch lernen","isPartOf":{"@id":"https:\/\/easyoriginal.com\/#website"},"datePublished":"2020-08-21T09:35:05+00:00","dateModified":"2024-10-31T11:34:08+00:00","breadcrumb":{"@id":"https:\/\/easyoriginal.com\/russisch-lernen\/#breadcrumb"},"inLanguage":"en-GB","potentialAction":[{"@type":"ReadAction","target":["https:\/\/easyoriginal.com\/russisch-lernen\/"]}]},{"@type":"BreadcrumbList","@id":"https:\/\/easyoriginal.com\/russisch-lernen\/#breadcrumb","itemListElement":[{"@type":"ListItem","position":1,"name":"Startseite","item":"https:\/\/easyoriginal.com\/"},{"@type":"ListItem","position":2,"name":"Russisch lernen"}]},{"@type":"WebSite","@id":"https:\/\/easyoriginal.com\/#website","url":"https:\/\/easyoriginal.com\/","name":"EasyOriginal.com","description":"Spa\u00df am Lesen im Original - Innovative Lesemethode f\u00fcr Fremdsprachen","publisher":{"@id":"https:\/\/easyoriginal.com\/#organization"},"potentialAction":[{"@type":"SearchAction","target":{"@type":"EntryPoint","urlTemplate":"https:\/\/easyoriginal.com\/?s={search_term_string}"},"query-input":{"@type":"PropertyValueSpecification","valueRequired":true,"valueName":"search_term_string"}}],"inLanguage":"en-GB"},{"@type":"Organization","@id":"https:\/\/easyoriginal.com\/#organization","name":"EasyOriginal Verlag","url":"https:\/\/easyoriginal.com\/","logo":{"@type":"ImageObject","inLanguage":"en-GB","@id":"https:\/\/easyoriginal.com\/#\/schema\/logo\/image\/","url":"https:\/\/easyoriginal.com\/wp-content\/uploads\/2020\/08\/logo_main.png","contentUrl":"https:\/\/easyoriginal.com\/wp-content\/uploads\/2020\/08\/logo_main.png","width":500,"height":103,"caption":"EasyOriginal Verlag"},"image":{"@id":"https:\/\/easyoriginal.com\/#\/schema\/logo\/image\/"}}]}},"_links":{"self":[{"href":"https:\/\/easyoriginal.com\/en\/wp-json\/wp\/v2\/pages\/219","targetHints":{"allow":["GET"]}}],"collection":[{"href":"https:\/\/easyoriginal.com\/en\/wp-json\/wp\/v2\/pages"}],"about":[{"href":"https:\/\/easyoriginal.com\/en\/wp-json\/wp\/v2\/types\/page"}],"author":[{"embeddable":true,"href":"https:\/\/easyoriginal.com\/en\/wp-json\/wp\/v2\/users\/1"}],"replies":[{"embeddable":true,"href":"https:\/\/easyoriginal.com\/en\/wp-json\/wp\/v2\/comments?post=219"}],"version-history":[{"count":20,"href":"https:\/\/easyoriginal.com\/en\/wp-json\/wp\/v2\/pages\/219\/revisions"}],"predecessor-version":[{"id":14342,"href":"https:\/\/easyoriginal.com\/en\/wp-json\/wp\/v2\/pages\/219\/revisions\/14342"}],"wp:attachment":[{"href":"https:\/\/easyoriginal.com\/en\/wp-json\/wp\/v2\/media?parent=219"}],"curies":[{"name":"wp","href":"https:\/\/api.w.org\/{rel}","templated":true}]}}