{"id":16,"date":"2020-08-19T18:54:49","date_gmt":"2020-08-19T18:54:49","guid":{"rendered":"https:\/\/easyoriginal.com\/widerruf\/"},"modified":"2026-03-28T20:10:18","modified_gmt":"2026-03-28T19:10:18","slug":"widerruf","status":"publish","type":"page","link":"https:\/\/easyoriginal.com\/en\/widerruf\/","title":{"rendered":"Widerruf"},"content":{"rendered":"<div>\n<h2>A. Widerrufsbelehrung<\/h2>\n<h3>Einleitung<\/h3>\n<p>Verbrauchern steht ein Widerrufsrecht nach folgender Ma&szlig;gabe zu, wobei Verbraucher jede nat&uuml;rliche Person ist, die ein Rechtsgesch&auml;ft zu Zwecken abschlie&szlig;t, die &uuml;berwiegend weder ihrer gewerblichen noch ihrer selbst&auml;ndigen beruflichen T&auml;tigkeit zugerechnet werden k&ouml;nnen:<\/p>\n<h3>Widerrufsrecht<\/h3>\n<p>Sie haben das Recht, binnen vierzehn Tagen ohne Angabe von Gr&uuml;nden diesen Vertrag zu widerrufen.<\/p>\n<p>Die Widerrufsfrist betr&auml;gt vierzehn Tage ab dem Tag, an dem Sie oder ein von Ihnen benannter Dritter, der nicht der Bef&ouml;rderer ist, die letzte Ware in Besitz genommen haben bzw. hat.<\/p>\n<p>Um Ihr Widerrufsrecht auszu&uuml;ben, m&uuml;ssen Sie uns (EasyOriginal Verlag e.U.<br \/>\nInhaberin: Anastasia Guskova, Eroicagasse 18\/3, 1190 Wien, &Ouml;sterreich, Tel.: +4369911255455, E-Mail: office@easyoriginal.com) mittels einer eindeutigen Erkl&auml;rung (z. B. ein mit der Post versandter Brief oder E-Mail) &uuml;ber Ihren Entschluss, diesen Vertrag zu widerrufen, informieren. Sie k&ouml;nnen daf&uuml;r das beigef&uuml;gte Muster-Widerrufsformular verwenden, das jedoch nicht vorgeschrieben ist.<\/p>\n<p>Zur Wahrung der Widerrufsfrist reicht es aus, dass Sie die Mitteilung &uuml;ber die Aus&uuml;bung des Widerrufsrechts vor Ablauf der Widerrufsfrist absenden.<\/p>\n<h3>Folgen des Widerrufs<\/h3>\n<p>Wenn Sie diesen Vertrag widerrufen, haben wir Ihnen alle Zahlungen, die wir von Ihnen erhalten haben, einschlie&szlig;lich der Lieferkosten (mit Ausnahme der zus&auml;tzlichen Kosten, die sich daraus ergeben, dass Sie eine andere Art der Lieferung als die von uns angebotene, g&uuml;nstigste Standardlieferung gew&auml;hlt haben), unverz&uuml;glich und sp&auml;testens binnen vierzehn Tagen ab dem Tag zur&uuml;ckzuzahlen, an dem die Mitteilung &uuml;ber Ihren Widerruf dieses Vertrags bei uns eingegangen ist. F&uuml;r diese R&uuml;ckzahlung verwenden wir dasselbe Zahlungsmittel, das Sie bei der urspr&uuml;nglichen Transaktion eingesetzt haben, es sei denn, mit Ihnen wurde ausdr&uuml;cklich etwas anderes vereinbart; in keinem Fall werden Ihnen wegen dieser R&uuml;ckzahlung Entgelte berechnet. Wir k&ouml;nnen die R&uuml;ckzahlung verweigern, bis wir die Waren wieder zur&uuml;ckerhalten haben oder bis Sie den Nachweis erbracht haben, dass Sie die Waren zur&uuml;ckgesandt haben, je nachdem, welches der fr&uuml;here Zeitpunkt ist.<\/p>\n<p>Sie haben die Waren unverz&uuml;glich und in jedem Fall sp&auml;testens binnen vierzehn Tagen ab dem Tag, an dem Sie uns &uuml;ber den Widerruf dieses Vertrags unterrichten, an uns zur&uuml;ckzusenden oder zu &uuml;bergeben. Die Frist ist gewahrt, wenn Sie die Waren vor Ablauf der Frist von vierzehn Tagen absenden.<\/p>\n<p>Sie tragen die unmittelbaren Kosten der R&uuml;cksendung der Waren.<\/p>\n<p>Sie m&uuml;ssen f&uuml;r einen etwaigen Wertverlust der Waren nur aufkommen, wenn dieser Wertverlust auf einen zur Pr&uuml;fung der Beschaffenheit, Eigenschaften und Funktionsweise der Waren nicht notwendigen Umgang mit ihnen zur&uuml;ckzuf&uuml;hren ist.<\/p>\n<h3>Ausschluss bzw. vorzeitiges Erl&ouml;schen des Widerrufsrechts<\/h3>\n<p>Das Widerrufsrecht erlischt vorzeitig bei Vertr&auml;gen zur Lieferung von Ton- oder Videoaufnahmen oder Computersoftware in einer versiegelten Packung, wenn die Versiegelung nach der Lieferung entfernt wurde.<\/p>\n<h2>B. Widerrufsformular<\/h2>\n<p>Wenn Sie den Vertrag widerrufen wollen, dann f&uuml;llen Sie bitte dieses Formular aus und senden es zur&uuml;ck.<\/p>\n<p>An<\/p>\n<p>EasyOriginal Verlag e.U.<br \/>\nInhaberin: Anastasia Guskova<br \/>\nEroicagasse 18\/3<br \/>\n1190 Wien<br \/>\n&Ouml;sterreich<\/p>\n<p>E-Mail: office@easyoriginal.com<\/p>\n<p>Hiermit widerrufe(n) ich\/wir (*) den von mir\/uns (*) abgeschlossenen Vertrag &uuml;ber den Kauf der folgenden Waren (*) \/ die Erbringung der folgenden Dienstleistung (*)<\/p>\n<p>_______________________________________________________<\/p>\n<p>_______________________________________________________<\/p>\n<p>Bestellt am (*) ____________ \/ erhalten am (*) __________________<\/p>\n<p>________________________________________________________<br \/>\nName des\/der Verbraucher(s)<\/p>\n<p>________________________________________________________<br \/>\nAnschrift des\/der Verbraucher(s)<\/p>\n<p>________________________________________________________<br \/>\nUnterschrift des\/der Verbraucher(s) (nur bei Mitteilung auf Papier)<\/p>\n<p>_________________________<br \/>\nDatum<\/p>\n<p>(*) Unzutreffendes streichen<\/p>\n<\/div>\n<div id=\"itkanzlei_txt_copyright\" style=\"font-size: 12px; margin-top: 8em;\">\n<div style=\"display: inline-block; vertical-align: top;\"><a href=\"https:\/\/www.it-recht-kanzlei.de\/\" target=\"_blank\"><img decoding=\"async\" src=\"https:\/\/www.it-recht-kanzlei.de\/logo\/Copyright-Logo_Widerrufsbelehrung.png?i=4fe12-36594-39c9-907f-1\" id=\"itkanzlei_img_copyright\" alt=\"&copy; IT-Recht Kanzlei\" title=\"&copy; IT-Recht Kanzlei\" style=\"margin-top: -20px; border-style: none; max-width: 100%;\" \/><\/a><\/div>\n<div style=\"display: inline-block; vertical-align: top; margin-left: 5px; float: right; white-space: nowrap;\">Stand: 28.03.2026, 20:10:16<\/div>\n<div style=\"clear: right;\"><\/div>\n<\/div>","protected":false},"excerpt":{"rendered":"<p>A. Widerrufsbelehrung Einleitung Verbrauchern steht ein Widerrufsrecht nach folgender Ma&szlig;gabe zu, wobei Verbraucher jede nat&uuml;rliche Person ist, die ein Rechtsgesch&auml;ft zu Zwecken abschlie&szlig;t, die &uuml;berwiegend weder ihrer gewerblichen noch ihrer selbst&auml;ndigen beruflichen T&auml;tigkeit zugerechnet werden k&ouml;nnen: Widerrufsrecht Sie haben das Recht, binnen vierzehn Tagen ohne Angabe von Gr&uuml;nden diesen Vertrag zu widerrufen. Die Widerrufsfrist betr&auml;gt [&hellip;]<\/p>\n","protected":false},"author":1,"featured_media":0,"parent":0,"menu_order":0,"comment_status":"closed","ping_status":"closed","template":"","meta":{"_acf_changed":false,"_et_pb_use_builder":"on","_et_pb_old_content":"\r\n\r\n\r\nInhaltsverzeichnis\r\nA. Widerrufsbelehrung f\u00fcr Vertr\u00e4ge zur Lieferung von Waren\r\n\r\nB. Widerrufsbelehrung f\u00fcr Vertr\u00e4ge \u00fcber die Lieferung von nicht auf einem k\u00f6rperlich Datentr\u00e4ger befindlichen Daten, die in digitaler Form hergestellt und bereitgestellt werden\r\nA. Widerrufsbelehrung f\u00fcr Vertr\u00e4ge zur Lieferung von Waren\r\n\r\nVerbrauchern steht bei Vertr\u00e4gen zur Lieferung von Waren ein Widerrufsrecht gem\u00e4\u00df nachfolgender Ma\u00dfgabe zu.\r\nVerbraucher ist jede nat\u00fcrliche Person, die ein Rechtsgesch\u00e4ft zu Zwecken abschlie\u00dft, die \u00fcberwiegend weder ihrer gewerblichen noch ihrer selbst\u00e4ndigen beruflichen T\u00e4tigkeit zugerechnet werden k\u00f6nnen.\r\nWiderrufsbelehrung\r\n\r\nWiderrufsrecht\r\nSie haben das Recht, binnen 14 Tagen ohne Angabe von Gr\u00fcnden diesen Vertrag zu widerrufen.\r\n\r\nDie Widerrufsfrist betr\u00e4gt 14 Tage ab dem Tag, an dem Sie oder ein von Ihnen benannter Dritter, der nicht der Bef\u00f6rderer ist, die letzte Ware in Besitz genommen haben.\r\n\r\nUm Ihr Widerrufsrecht auszu\u00fcben, m\u00fcssen Sie uns (Anastasia Guskova, Eroicagasse 18\/3, 1190\r\nWien, \u00d6sterreich, Tel: +4368110312438, E-Mail: aguskova@gmail.com) mittels einer eindeutigen Erkl\u00e4rung (z. B. Brief oder E-Mail) \u00fcber Ihren Entschluss, diesen Vertrag zu widerrufen, informieren. Sie k\u00f6nnen daf\u00fcr das beigef\u00fcgte Muster-Widerrufsformular verwenden, das jedoch nicht vorgeschrieben ist.\r\n\r\nZur Wahrung der Widerrufsfrist reicht es aus, dass Sie die Mitteilung \u00fcber die Aus\u00fcbung des Widerrufsrechts vor Ablauf der Widerrufsfrist absenden.\r\n\r\nFolgen des Widerrufs\r\nWenn Sie diesen Vertrag widerrufen, haben wir Ihnen alle Zahlungen, die wir von Ihnen erhalten haben, einschlie\u00dflich der Lieferkosten (mit Ausnahme der zus\u00e4tzlichen Kosten, die sich daraus ergeben, dass Sie eine andere Art der Lieferung als die von uns angebotene, g\u00fcnstigste Standardlieferung gew\u00e4hlt haben), unverz\u00fcglich und sp\u00e4testens binnen vierzehn Tagen ab dem Tag zur\u00fcckzuzahlen, an dem die Mitteilung \u00fcber Ihren Widerruf dieses Vertrags bei uns eingegangen ist. F\u00fcr diese R\u00fcckzahlung verwenden wir dasselbe Zahlungsmittel, das Sie bei der urspr\u00fcnglichen Transaktion eingesetzt haben, es sei denn, mit Ihnen wurde ausdr\u00fccklich etwas anderes vereinbart; in keinem Fall werden Ihnen wegen dieser R\u00fcckzahlung Entgelte berechnet. Wir k\u00f6nnen die R\u00fcckzahlung  verweigern, bis wir die Waren wieder zur\u00fcckerhalten haben oder bis Sie den Nachweis erbracht haben, dass Sie die Waren zur\u00fcckgesandt haben, je nachdem, welches der fr\u00fchere Zeitpunkt ist.\r\n\r\nSie haben die Waren unverz\u00fcglich und in jedem Fall sp\u00e4testens binnen vierzehn Tagen ab dem Tag, an dem Sie uns \u00fcber den Widerruf dieses Vertrags unterrichten, an uns  zur\u00fcckzusenden oder zu \u00fcbergeben. Die Frist ist gewahrt, wenn Sie die Waren vor Ablauf der Frist von vierzehn Tagen absenden. Sie tragen die unmittelbaren Kosten der R\u00fccksendung der Waren.\r\n\r\nSie m\u00fcssen f\u00fcr einen etwaigen Wertverlust der Waren nur aufkommen, wenn dieser Wertverlust auf einen zur Pr\u00fcfung der Beschaffenheit, Eigenschaften und Funktionsweise der Waren nicht notwendigen Umgang mit ihnen zur\u00fcckzuf\u00fchren ist.\r\n\r\nMuster-Widerrufsformular\r\n\r\n(Wenn Sie den Vertrag widerrufen wollen, dann f\u00fcllen Sie bitte dieses Formular aus und senden Sie es zur\u00fcck.)\r\n\r\nAn Anastasia Guskova, Eroicagasse 18\/3, 1190 Wien, E-Mail: aguskova@gmail.com\r\n\r\nHiermit widerrufe(n) ich\/wir(*) den von mir\/uns abgeschlossenen Vertrag \u00fcber den Kauf der folgenden Waren (*)\/ die Erbringung der folgenden Dienstleistung (*)\r\n\r\n                                                                                                                           \r\n\r\nBestellt am (*)                                            \/erhalten am (*)                                            \r\n\r\n\r\nName des\/der Verbraucher(s)                                                                                               \r\n\r\nAnschrift des\/der Verbraucher(s)                                                                                       \r\n\r\nUnterschrift des\/der Verbraucher(s) (nur bei Mitteilung auf Papier)                                                            \r\n\r\nDatum\r\n                                  \r\n\r\n(*) Unzutreffendes streichen\r\n\r\nB. Widerrufsbelehrung f\u00fcr Vertr\u00e4ge \u00fcber die Lieferung von nicht auf einem k\u00f6rperlichen Datentr\u00e4ger befindlichen Daten, die in digitaler Form hergestellt und bereitgestellt werden\r\n\r\nVerbrauchern, deren Vertragserkl\u00e4rung einen Vertrag \u00fcber die Lieferung von nicht auf einem k\u00f6rperlichen Datentr\u00e4ger befindlichen Daten, die in digitaler Form hergestellt und bereitgestellt werden betrifft, steht ein Widerrufsrecht gem\u00e4\u00df nachstehender Ma\u00dfgabe zu.\r\n Verbraucher ist jede nat\u00fcrliche Person, die ein Rechtsgesch\u00e4ft zu Zwecken abschlie\u00dft, die \u00fcberwiegend weder ihrer gewerblichen noch ihrer selbst\u00e4ndigen beruflichen T\u00e4tigkeit zugerechnet werden k\u00f6nnen.\r\nWiderrufsrecht\r\n\r\nSie haben das Recht, binnen vierzehn Tagen ohne Angabe von Gr\u00fcnden diesen Vertrag zu widerrufen.\r\n\r\nDie Widerrufsfrist betr\u00e4gt vierzehn Tage ab dem Tag des Vertragsabschlusses.\r\n\r\nUm Ihr Widerrufsrecht auszu\u00fcben, m\u00fcssen Sie uns (Anastasia Guskova, Eroicagasse 18\/3, 1190\r\nWien, \u00d6sterreich, Tel: +4368110312438, E-Mail: aguskova@gmail.com) mittels einer eindeutigen Erkl\u00e4rung (z. B. ein mit der Post versandter Brief oder E-Mail) \u00fcber Ihren Entschluss, diesen Vertrag zu widerrufen, informieren. Sie k\u00f6nnen daf\u00fcr das beigef\u00fcgte Muster-Widerrufsformular verwenden, das jedoch nicht vorgeschrieben ist.\r\nFolgen des Widerrufs\r\n\r\nFolgen des Widerrufs\r\nWenn Sie diesen Vertrag widerrufen, haben wir Ihnen alle Zahlungen, die wir von Ihnen erhalten haben, einschlie\u00dflich der Lieferkosten (mit Ausnahme der zus\u00e4tzlichen Kosten, die sich daraus ergeben, dass Sie eine andere Art der Lieferung als die von uns angebotene, g\u00fcnstigste Standardlieferung gew\u00e4hlt haben), unverz\u00fcglich und sp\u00e4testens binnen vierzehn Tagen ab dem Tag zur\u00fcckzuzahlen, an dem die Mitteilung \u00fcber Ihren Widerruf dieses Vertrags bei uns eingegangen ist. F\u00fcr diese R\u00fcckzahlung verwenden wir dasselbe Zahlungsmittel, das Sie bei der urspr\u00fcnglichen Transaktion eingesetzt haben, es sei denn, mit Ihnen wurde ausdr\u00fccklich etwas anderes vereinbart; in keinem Fall werden Ihnen wegen dieser R\u00fcckzahlung Entgelte berechnet.\r\nErl\u00f6schen des Widerrufsrechts:\r\n\r\nDas Widerrufsrecht erlischt vorzeitig, wenn wir mit der Ausf\u00fchrung des Vertrages begonnen haben, nachdem Sie ausdr\u00fccklich zugestimmt haben, dass wir mit der Ausf\u00fchrung des Vertrages vor Ablauf der Widerrufsfrist beginnen und Sie uns Ihre Kenntnis davon best\u00e4tigt haben, dass Sie durch Ihre Zustimmung mit Beginn der Ausf\u00fchrung des Vertrags Ihr Widerrufsrecht verlieren.\r\n\r\n\r\n   \r\nMuster-Widerrufsformular\r\n\r\n(Wenn Sie den Vertrag widerrufen wollen, dann f\u00fcllen Sie bitte dieses Formular aus und senden Sie es zur\u00fcck.)\r\n\r\n-An Anastasia Guskova, Eroicagasse 18\/3, 1190 Wien, E-Mail: aguskova@gmail.com\r\n\r\n-Hiermit widerrufe(n) ich\/wir(*) den von mir\/uns abgeschlossenen Vertrag \u00fcber den Kauf der folgenden Waren (*)\/ die Erbringung der folgenden Dienstleistung (*)\r\n\r\n                                                                                                                            \r\n\r\n-Bestellt am (*)                                          \/erhalten am (*)                                            \r\n\r\n-Name des\/der Verbraucher(s)                                                                                                    \r\n\r\n-Anschrift des\/der Verbraucher(s)                                                                                                               \r\n\r\n-Unterschrift des\/der Verbraucher(s) (nur bei Mitteilung auf Papier)                                                            \r\n\r\n-Datum\r\n                                  \r\n\r\n(*) Unzutreffendes streichen\r\n","_et_gb_content_width":"2880","footnotes":""},"class_list":["post-16","page","type-page","status-publish","hentry"],"acf":[],"yoast_head":"<!-- This site is optimized with the Yoast SEO plugin v27.4 - https:\/\/yoast.com\/product\/yoast-seo-wordpress\/ -->\n<title>EasyOriginal.com - Widerruf<\/title>\n<meta name=\"robots\" content=\"index, follow, max-snippet:-1, max-image-preview:large, max-video-preview:-1\" \/>\n<link rel=\"canonical\" href=\"https:\/\/easyoriginal.com\/en\/widerruf\/\" \/>\n<meta property=\"og:locale\" content=\"en_GB\" \/>\n<meta property=\"og:type\" content=\"article\" \/>\n<meta property=\"og:title\" content=\"EasyOriginal.com - Widerruf\" \/>\n<meta property=\"og:description\" content=\"A. Widerrufsbelehrung Einleitung Verbrauchern steht ein Widerrufsrecht nach folgender Ma&szlig;gabe zu, wobei Verbraucher jede nat&uuml;rliche Person ist, die ein Rechtsgesch&auml;ft zu Zwecken abschlie&szlig;t, die &uuml;berwiegend weder ihrer gewerblichen noch ihrer selbst&auml;ndigen beruflichen T&auml;tigkeit zugerechnet werden k&ouml;nnen: Widerrufsrecht Sie haben das Recht, binnen vierzehn Tagen ohne Angabe von Gr&uuml;nden diesen Vertrag zu widerrufen. Die Widerrufsfrist betr&auml;gt [&hellip;]\" \/>\n<meta property=\"og:url\" content=\"https:\/\/easyoriginal.com\/en\/widerruf\/\" \/>\n<meta property=\"og:site_name\" content=\"EasyOriginal.com\" \/>\n<meta property=\"article:modified_time\" content=\"2026-03-28T19:10:18+00:00\" \/>\n<meta property=\"og:image\" content=\"https:\/\/www.it-recht-kanzlei.de\/logo\/Copyright-Logo_Widerrufsbelehrung.png?i=4fe12-36594-39c9-907f-1\" \/>\n<meta name=\"twitter:card\" content=\"summary_large_image\" \/>\n<meta name=\"twitter:label1\" content=\"Estimated reading time\" \/>\n\t<meta name=\"twitter:data1\" content=\"4 minutes\" \/>\n<script type=\"application\/ld+json\" class=\"yoast-schema-graph\">{\"@context\":\"https:\\\/\\\/schema.org\",\"@graph\":[{\"@type\":\"WebPage\",\"@id\":\"https:\\\/\\\/easyoriginal.com\\\/widerruf\\\/\",\"url\":\"https:\\\/\\\/easyoriginal.com\\\/widerruf\\\/\",\"name\":\"EasyOriginal.com - Widerruf\",\"isPartOf\":{\"@id\":\"https:\\\/\\\/easyoriginal.com\\\/#website\"},\"primaryImageOfPage\":{\"@id\":\"https:\\\/\\\/easyoriginal.com\\\/widerruf\\\/#primaryimage\"},\"image\":{\"@id\":\"https:\\\/\\\/easyoriginal.com\\\/widerruf\\\/#primaryimage\"},\"thumbnailUrl\":\"https:\\\/\\\/www.it-recht-kanzlei.de\\\/logo\\\/Copyright-Logo_Widerrufsbelehrung.png?i=4fe12-36594-39c9-907f-1\",\"datePublished\":\"2020-08-19T18:54:49+00:00\",\"dateModified\":\"2026-03-28T19:10:18+00:00\",\"breadcrumb\":{\"@id\":\"https:\\\/\\\/easyoriginal.com\\\/widerruf\\\/#breadcrumb\"},\"inLanguage\":\"en-GB\",\"potentialAction\":[{\"@type\":\"ReadAction\",\"target\":[\"https:\\\/\\\/easyoriginal.com\\\/widerruf\\\/\"]}]},{\"@type\":\"ImageObject\",\"inLanguage\":\"en-GB\",\"@id\":\"https:\\\/\\\/easyoriginal.com\\\/widerruf\\\/#primaryimage\",\"url\":\"https:\\\/\\\/www.it-recht-kanzlei.de\\\/logo\\\/Copyright-Logo_Widerrufsbelehrung.png?i=4fe12-36594-39c9-907f-1\",\"contentUrl\":\"https:\\\/\\\/www.it-recht-kanzlei.de\\\/logo\\\/Copyright-Logo_Widerrufsbelehrung.png?i=4fe12-36594-39c9-907f-1\"},{\"@type\":\"BreadcrumbList\",\"@id\":\"https:\\\/\\\/easyoriginal.com\\\/widerruf\\\/#breadcrumb\",\"itemListElement\":[{\"@type\":\"ListItem\",\"position\":1,\"name\":\"Startseite\",\"item\":\"https:\\\/\\\/easyoriginal.com\\\/\"},{\"@type\":\"ListItem\",\"position\":2,\"name\":\"Widerruf\"}]},{\"@type\":\"WebSite\",\"@id\":\"https:\\\/\\\/easyoriginal.com\\\/#website\",\"url\":\"https:\\\/\\\/easyoriginal.com\\\/\",\"name\":\"EasyOriginal.com\",\"description\":\"Spa\u00df am Lesen im Original - Innovative Lesemethode f\u00fcr Fremdsprachen\",\"publisher\":{\"@id\":\"https:\\\/\\\/easyoriginal.com\\\/#organization\"},\"potentialAction\":[{\"@type\":\"SearchAction\",\"target\":{\"@type\":\"EntryPoint\",\"urlTemplate\":\"https:\\\/\\\/easyoriginal.com\\\/?s={search_term_string}\"},\"query-input\":{\"@type\":\"PropertyValueSpecification\",\"valueRequired\":true,\"valueName\":\"search_term_string\"}}],\"inLanguage\":\"en-GB\"},{\"@type\":\"Organization\",\"@id\":\"https:\\\/\\\/easyoriginal.com\\\/#organization\",\"name\":\"EasyOriginal Verlag\",\"url\":\"https:\\\/\\\/easyoriginal.com\\\/\",\"logo\":{\"@type\":\"ImageObject\",\"inLanguage\":\"en-GB\",\"@id\":\"https:\\\/\\\/easyoriginal.com\\\/#\\\/schema\\\/logo\\\/image\\\/\",\"url\":\"https:\\\/\\\/easyoriginal.com\\\/wp-content\\\/uploads\\\/2020\\\/08\\\/logo_main.png\",\"contentUrl\":\"https:\\\/\\\/easyoriginal.com\\\/wp-content\\\/uploads\\\/2020\\\/08\\\/logo_main.png\",\"width\":500,\"height\":103,\"caption\":\"EasyOriginal Verlag\"},\"image\":{\"@id\":\"https:\\\/\\\/easyoriginal.com\\\/#\\\/schema\\\/logo\\\/image\\\/\"}}]}<\/script>\n<!-- \/ Yoast SEO plugin. -->","yoast_head_json":{"title":"EasyOriginal.com - Widerruf","robots":{"index":"index","follow":"follow","max-snippet":"max-snippet:-1","max-image-preview":"max-image-preview:large","max-video-preview":"max-video-preview:-1"},"canonical":"https:\/\/easyoriginal.com\/en\/widerruf\/","og_locale":"en_GB","og_type":"article","og_title":"EasyOriginal.com - Widerruf","og_description":"A. Widerrufsbelehrung Einleitung Verbrauchern steht ein Widerrufsrecht nach folgender Ma&szlig;gabe zu, wobei Verbraucher jede nat&uuml;rliche Person ist, die ein Rechtsgesch&auml;ft zu Zwecken abschlie&szlig;t, die &uuml;berwiegend weder ihrer gewerblichen noch ihrer selbst&auml;ndigen beruflichen T&auml;tigkeit zugerechnet werden k&ouml;nnen: Widerrufsrecht Sie haben das Recht, binnen vierzehn Tagen ohne Angabe von Gr&uuml;nden diesen Vertrag zu widerrufen. Die Widerrufsfrist betr&auml;gt [&hellip;]","og_url":"https:\/\/easyoriginal.com\/en\/widerruf\/","og_site_name":"EasyOriginal.com","article_modified_time":"2026-03-28T19:10:18+00:00","og_image":[{"url":"https:\/\/www.it-recht-kanzlei.de\/logo\/Copyright-Logo_Widerrufsbelehrung.png?i=4fe12-36594-39c9-907f-1","type":"","width":"","height":""}],"twitter_card":"summary_large_image","twitter_misc":{"Estimated reading time":"4 minutes"},"schema":{"@context":"https:\/\/schema.org","@graph":[{"@type":"WebPage","@id":"https:\/\/easyoriginal.com\/widerruf\/","url":"https:\/\/easyoriginal.com\/widerruf\/","name":"EasyOriginal.com - Widerruf","isPartOf":{"@id":"https:\/\/easyoriginal.com\/#website"},"primaryImageOfPage":{"@id":"https:\/\/easyoriginal.com\/widerruf\/#primaryimage"},"image":{"@id":"https:\/\/easyoriginal.com\/widerruf\/#primaryimage"},"thumbnailUrl":"https:\/\/www.it-recht-kanzlei.de\/logo\/Copyright-Logo_Widerrufsbelehrung.png?i=4fe12-36594-39c9-907f-1","datePublished":"2020-08-19T18:54:49+00:00","dateModified":"2026-03-28T19:10:18+00:00","breadcrumb":{"@id":"https:\/\/easyoriginal.com\/widerruf\/#breadcrumb"},"inLanguage":"en-GB","potentialAction":[{"@type":"ReadAction","target":["https:\/\/easyoriginal.com\/widerruf\/"]}]},{"@type":"ImageObject","inLanguage":"en-GB","@id":"https:\/\/easyoriginal.com\/widerruf\/#primaryimage","url":"https:\/\/www.it-recht-kanzlei.de\/logo\/Copyright-Logo_Widerrufsbelehrung.png?i=4fe12-36594-39c9-907f-1","contentUrl":"https:\/\/www.it-recht-kanzlei.de\/logo\/Copyright-Logo_Widerrufsbelehrung.png?i=4fe12-36594-39c9-907f-1"},{"@type":"BreadcrumbList","@id":"https:\/\/easyoriginal.com\/widerruf\/#breadcrumb","itemListElement":[{"@type":"ListItem","position":1,"name":"Startseite","item":"https:\/\/easyoriginal.com\/"},{"@type":"ListItem","position":2,"name":"Widerruf"}]},{"@type":"WebSite","@id":"https:\/\/easyoriginal.com\/#website","url":"https:\/\/easyoriginal.com\/","name":"EasyOriginal.com","description":"Spa\u00df am Lesen im Original - Innovative Lesemethode f\u00fcr Fremdsprachen","publisher":{"@id":"https:\/\/easyoriginal.com\/#organization"},"potentialAction":[{"@type":"SearchAction","target":{"@type":"EntryPoint","urlTemplate":"https:\/\/easyoriginal.com\/?s={search_term_string}"},"query-input":{"@type":"PropertyValueSpecification","valueRequired":true,"valueName":"search_term_string"}}],"inLanguage":"en-GB"},{"@type":"Organization","@id":"https:\/\/easyoriginal.com\/#organization","name":"EasyOriginal Verlag","url":"https:\/\/easyoriginal.com\/","logo":{"@type":"ImageObject","inLanguage":"en-GB","@id":"https:\/\/easyoriginal.com\/#\/schema\/logo\/image\/","url":"https:\/\/easyoriginal.com\/wp-content\/uploads\/2020\/08\/logo_main.png","contentUrl":"https:\/\/easyoriginal.com\/wp-content\/uploads\/2020\/08\/logo_main.png","width":500,"height":103,"caption":"EasyOriginal Verlag"},"image":{"@id":"https:\/\/easyoriginal.com\/#\/schema\/logo\/image\/"}}]}},"_links":{"self":[{"href":"https:\/\/easyoriginal.com\/en\/wp-json\/wp\/v2\/pages\/16","targetHints":{"allow":["GET"]}}],"collection":[{"href":"https:\/\/easyoriginal.com\/en\/wp-json\/wp\/v2\/pages"}],"about":[{"href":"https:\/\/easyoriginal.com\/en\/wp-json\/wp\/v2\/types\/page"}],"author":[{"embeddable":true,"href":"https:\/\/easyoriginal.com\/en\/wp-json\/wp\/v2\/users\/1"}],"replies":[{"embeddable":true,"href":"https:\/\/easyoriginal.com\/en\/wp-json\/wp\/v2\/comments?post=16"}],"version-history":[{"count":57,"href":"https:\/\/easyoriginal.com\/en\/wp-json\/wp\/v2\/pages\/16\/revisions"}],"predecessor-version":[{"id":17292,"href":"https:\/\/easyoriginal.com\/en\/wp-json\/wp\/v2\/pages\/16\/revisions\/17292"}],"wp:attachment":[{"href":"https:\/\/easyoriginal.com\/en\/wp-json\/wp\/v2\/media?parent=16"}],"curies":[{"name":"wp","href":"https:\/\/api.w.org\/{rel}","templated":true}]}}