{"id":15169,"date":"2025-04-17T21:04:35","date_gmt":"2025-04-17T19:04:35","guid":{"rendered":"https:\/\/easyoriginal.com\/spanisch-lernen-2\/"},"modified":"2025-04-17T21:10:26","modified_gmt":"2025-04-17T19:10:26","slug":"spanisch-klassiker-frank-lesemethode","status":"publish","type":"page","link":"https:\/\/easyoriginal.com\/en\/spanisch-klassiker-frank-lesemethode\/","title":{"rendered":"Spanisch &#8211; Klassiker + Frank-Lesemethode"},"content":{"rendered":"<p>[et_pb_section fb_built=&#8220;1&#8243; _builder_version=&#8220;4.25.1&#8243; _module_preset=&#8220;default&#8220; custom_margin=&#8220;0px||0px||false|false&#8220; custom_padding=&#8220;0px||0px||false|false&#8220; top_divider_style=&#8220;arrow2&#8243; top_divider_color=&#8220;#F9F5F1&#8243; top_divider_height_tablet=&#8220;70px&#8220; top_divider_height_phone=&#8220;50px&#8220; top_divider_height_last_edited=&#8220;on|phone&#8220; global_colors_info=&#8220;{}&#8220;][et_pb_row custom_padding_last_edited=&#8220;on|phone&#8220; _builder_version=&#8220;4.25.1&#8243; _module_preset=&#8220;default&#8220; custom_padding=&#8220;||||false|false&#8220; custom_padding_tablet=&#8220;40px||||false|false&#8220; custom_padding_phone=&#8220;0px||0px||false|false&#8220; global_colors_info=&#8220;{}&#8220;][et_pb_column type=&#8220;4_4&#8243; _builder_version=&#8220;4.16&#8243; _module_preset=&#8220;default&#8220; global_colors_info=&#8220;{}&#8220;][et_pb_text _builder_version=&#8220;4.16&#8243; _module_preset=&#8220;1c66a2aa-c8d9-4056-a711-f0ea232a3dfe&#8220; global_colors_info=&#8220;{}&#8220;]<\/p>\n<h1 style=\"text-align: center;\">Spanisch &#8211; Klassiker<\/h1>\n<p>[\/et_pb_text][et_pb_divider _builder_version=&#8220;4.16&#8243; _module_preset=&#8220;014a649d-9dd9-4cae-8ad1-f535a0092ff3&#8243; height=&#8220;10px&#8220; height_tablet=&#8220;0px&#8220; height_phone=&#8220;0px&#8220; height_last_edited=&#8220;on|phone&#8220; custom_margin=&#8220;||-1px|||&#8220; global_colors_info=&#8220;{}&#8220;][\/et_pb_divider][et_pb_text _builder_version=&#8220;4.27.4&#8243; _module_preset=&#8220;6ac2e05e-f54b-4fc7-8f19-85ded621eb6b&#8220; hover_enabled=&#8220;0&#8243; global_colors_info=&#8220;{}&#8220; sticky_enabled=&#8220;0&#8243;]<\/p>\n<p style=\"text-align: center;\"><span>Originaltext. Ungek\u00fcrzt. Verst\u00e4ndlich \u2013 mit der Frank-Lesemethode.<\/span><\/p>\n<p>[\/et_pb_text][\/et_pb_column][\/et_pb_row][\/et_pb_section][et_pb_section fb_built=&#8220;1&#8243; _builder_version=&#8220;4.25.1&#8243; _module_preset=&#8220;default&#8220; custom_padding=&#8220;1px||0px||false|false&#8220; global_colors_info=&#8220;{}&#8220;][et_pb_row _builder_version=&#8220;4.27.4&#8243; _module_preset=&#8220;default&#8220; width=&#8220;95%&#8220; max_width=&#8220;95%&#8220; custom_margin=&#8220;-2px|auto|0px|auto|false|false&#8220; custom_padding=&#8220;0px||0px||false|false&#8220; global_colors_info=&#8220;{}&#8220;][et_pb_column type=&#8220;4_4&#8243; _builder_version=&#8220;4.18.0&#8243; _module_preset=&#8220;default&#8220; global_colors_info=&#8220;{}&#8220;][et_pb_text _builder_version=&#8220;4.25.1&#8243; _module_preset=&#8220;default&#8220; text_text_color=&#8220;#CB271E&#8220; header_2_font=&#8220;|600|||||||&#8220; header_2_text_align=&#8220;center&#8220; header_2_font_size=&#8220;36px&#8220; header_3_font=&#8220;Montserrat||||||||&#8220; header_2_font_size_tablet=&#8220;36px&#8220; header_2_font_size_phone=&#8220;36px&#8220; header_2_font_size_last_edited=&#8220;on|desktop&#8220; global_colors_info=&#8220;{}&#8220;]<\/p>\n<h3 style=\"text-align: center;\">B\u00fccher-Sets Spanisch<\/h3>\n<p style=\"text-align: center;\">Bis zu 40% Rabatt im Set<\/p>\n<p>[\/et_pb_text][et_pb_shop type=&#8220;product_category&#8220; posts_number=&#8220;20&#8243; include_categories=&#8220;201&#8243; columns_number=&#8220;6&#8243; orderby=&#8220;popularity&#8220; sale_badge_color=&#8220;#BD9661&#8243; module_class=&#8220;sets&#8220; _builder_version=&#8220;4.26.0&#8243; _module_preset=&#8220;default&#8220; global_colors_info=&#8220;{}&#8220;][\/et_pb_shop][\/et_pb_column][\/et_pb_row][et_pb_row _builder_version=&#8220;4.25.1&#8243; _module_preset=&#8220;default&#8220; width=&#8220;95%&#8220; max_width=&#8220;95%&#8220; custom_padding=&#8220;0px|||||&#8220; global_colors_info=&#8220;{}&#8220;][et_pb_column type=&#8220;4_4&#8243; _builder_version=&#8220;4.19.2&#8243; _module_preset=&#8220;default&#8220; global_colors_info=&#8220;{}&#8220;][et_pb_text _builder_version=&#8220;4.27.4&#8243; _module_preset=&#8220;default&#8220; text_text_color=&#8220;#CB271E&#8220; header_2_font=&#8220;|600|||||||&#8220; header_2_text_align=&#8220;center&#8220; header_2_font_size=&#8220;36px&#8220; header_3_font=&#8220;Montserrat||||||||&#8220; custom_margin=&#8220;||0px|||&#8220; header_2_font_size_tablet=&#8220;36px&#8220; header_2_font_size_phone=&#8220;36px&#8220; header_2_font_size_last_edited=&#8220;on|desktop&#8220; global_colors_info=&#8220;{}&#8220;]<\/p>\n<h3 style=\"text-align: center;\">Spanische B\u00fccher<\/h3>\n<p style=\"text-align: center;\"><span style=\"color: #000000;\">Originaltexte, ungek\u00fcrzt und unver\u00e4ndert &#8211; Mit der Frank-Lesemethode leicht verst\u00e4ndlich gemacht<\/span><\/p>\n<p>[\/et_pb_text][et_pb_shop type=&#8220;product_category&#8220; posts_number=&#8220;30&#8243; include_categories=&#8220;44&#8243; columns_number=&#8220;6&#8243; orderby=&#8220;popularity&#8220; _builder_version=&#8220;4.26.0&#8243; _module_preset=&#8220;default&#8220; global_colors_info=&#8220;{}&#8220;][\/et_pb_shop][\/et_pb_column][\/et_pb_row][\/et_pb_section][et_pb_section fb_built=&#8220;1&#8243; _builder_version=&#8220;4.21.0&#8243; _module_preset=&#8220;default&#8220; custom_padding=&#8220;2px|||||&#8220; global_colors_info=&#8220;{}&#8220; disabled_on=&#8220;on|on|on&#8220; disabled=&#8220;on&#8220;][et_pb_row _builder_version=&#8220;4.21.0&#8243; _module_preset=&#8220;default&#8220; global_colors_info=&#8220;{}&#8220;][et_pb_column type=&#8220;4_4&#8243; _builder_version=&#8220;4.21.0&#8243; _module_preset=&#8220;default&#8220; global_colors_info=&#8220;{}&#8220;][et_pb_text _builder_version=&#8220;4.25.1&#8243; _module_preset=&#8220;4f867144-5524-47bb-9c3b-8ff0a5b4413c&#8220; global_colors_info=&#8220;{}&#8220;]<\/p>\n<h2>Spanisch lernen leicht gemacht<\/h2>\n<p>Spanisch zu lernen kann mit den richtigen Methoden ein wahres Vergn\u00fcgen sein, anstatt eine l\u00e4stige Pflicht. Wenn Sie einen kurzweiligen Zugang zur Sprache in Ihren Alltag integrieren, ergibt sich der Lernfortschritt fast wie von selbst.<\/p>\n<p>Eine besonders wirkungsvolle Herangehensweise ist die Frank-Lesemethode. Mit dieser Technik tauchen Sie auf entspannte und unterhaltsame Art in die spanische Sprache ein und machen dabei nachhaltige Fortschritte, ohne dass es sich nach M\u00fche anf\u00fchlt. Das Konzept ist simpel: Sie lesen fesselnde B\u00fccher und das Lernen geschieht ganz nebenbei.<\/p>\n<p>Durch die Frank-Lesemethode entwickeln Sie nicht nur Ihre Sprachf\u00e4higkeiten, sondern auch Ihr Verst\u00e4ndnis und Ihre Wertsch\u00e4tzung f\u00fcr die Kultur und Literatur der spanischsprachigen Welt. So wird das Spanischlernen zu einem nat\u00fcrlichen und bereichernden Bestandteil Ihres Lebens, der sowohl aufschlussreich als auch inspirierend ist.<\/p>\n<p>Au\u00dferdem bietet diese Methode die Chance, verschiedene Sprachebenen und Schreibstile kennenzulernen. Das Lesen unterschiedlicher Autoren erweitert den Wortschatz und schult die F\u00e4higkeit, Bedeutungen im Kontext zu erfassen.<\/p>\n<p>Ein gro\u00dfer Vorteil der Frank-Lesemethode ist ihre Flexibilit\u00e4t. Sie k\u00f6nnen in Ihrem eigenen Tempo lesen und Texte w\u00e4hlen, die Ihrem aktuellen Niveau entsprechen. So bleibt die Motivation hoch und \u00dcberforderung wird vermieden.<\/p>\n<p>Um die Frank-Lesemethode optimal zu nutzen, reservieren Sie sich regelm\u00e4\u00dfig Lesezeit, am besten t\u00e4glich. Starten Sie mit leicht verst\u00e4ndlichen B\u00fcchern und steigern Sie den Anspruch nach und nach.<\/p>\n<p>Insgesamt macht die Frank-Lesemethode das Spanischlernen zu einem angenehmen und lohnenden Erlebnis, bei dem Sie spielerisch und ohne Druck bemerkenswerte Fortschritte erzielen k\u00f6nnen.<\/p>\n<h3>Was sind zweisprachige B\u00fccher und wie funktionieren sie?<\/h3>\n<p>Zweisprachige B\u00fccher pr\u00e4sentieren den Originaltext in einer Sprache zusammen mit einer \u00dcbersetzung in der jeweils anderen Sprache.<\/p>\n<p>Der gro\u00dfe Nutzen dieses Formats liegt darin, dass man ganz intuitiv Vokabular und Grammatik der Fremdsprache erlernt, indem man den Text aus dem Zusammenhang erschlie\u00dft. Stundenlanges Vokabelpauken oder mechanisches Auswendiglernen von Regeln er\u00fcbrigen sich. Stattdessen eignet man sich die Sprache auf nat\u00fcrliche Weise durch Lesen und mit Hilfe der Muttersprache an.<\/p>\n<p>Beim Lesen eines zweisprachigen Buches kann man jederzeit auf die \u00dcbersetzung zur\u00fcckgreifen, wenn ein Begriff unklar ist. So erschlie\u00dft sich die Bedeutung direkt aus dem Kontext. Mit der Zeit f\u00e4llt das Textverst\u00e4ndnis immer leichter und man gewinnt an Sicherheit in der Fremdsprache.<\/p>\n<p>F\u00fcr Spanischlernende empfehlen sich insbesondere zweisprachige B\u00fccher mit spanischen Originaltexten und deutschen \u00dcbersetzungen. Diese erm\u00f6glichen es, die spanischen Lesefertigkeiten effizient zu verbessern und neue Vokabeln im Kontext zu lernen.<\/p>\n<p>Im Vergleich zu herk\u00f6mmlichen Lehrb\u00fcchern punkten zweisprachige B\u00fccher zudem damit, dass sie nicht nur lehrreich, sondern auch unterhaltsam sind. Anstatt fade Texte und \u00dcbungen zu bearbeiten, kann man sich an packenden Geschichten und Inhalten erfreuen und nebenbei die Sprache erlernen.<\/p>\n<p>Somit sind zweisprachige B\u00fccher eine motivierende und effektive Methode zum Fremdsprachenerwerb. Sie sprechen verschiedene Lerntypen an und er\u00f6ffnen einen spielerischen Zugang zum Sprachenlernen. Im Folgenden gehen wir n\u00e4her auf die vielf\u00e4ltigen Vorz\u00fcge dieses Konzepts ein.<\/p>\n<h3>Die zahlreichen Vorteile von den Lekt\u00fcren nach der Frank-Lesemethode f\u00fcr das Spanischlernen<\/h3>\n<h4>Effektiver Spracherwerb durch Lesen im Original<\/h4>\n<p>Das Lesen fremdsprachiger Texte ist eine der wirkungsvollsten Methoden, um sich neue Vokabeln und Grammatikstrukturen auf nat\u00fcrliche Art anzueignen. Anders als beim Auswendiglernen werden die Sprachelemente direkt in der Anwendung gelernt. Dadurch pr\u00e4gen sie sich viel besser ein.<\/p>\n<h4>Neue Vokabeln werden im Kontext gelernt<\/h4>\n<p>Bei B\u00fcchern nach der Frank-Lesemethode erschlie\u00dft man sich die Bedeutung neuer W\u00f6rter unmittelbar aus dem Textzusammenhang. Dies ist erwiesenerma\u00dfen eine der besten Techniken, um Vokabeln langfristig zu memorieren.<\/p>\n<h4>Verbesserung der Lesekompetenz<\/h4>\n<p>Indem man anspruchsvollere Texte in der Fremdsprache liest, werden die Lesef\u00e4higkeiten nachhaltig gest\u00e4rkt. Mit der Zeit erh\u00f6hen sich so die Lesegeschwindigkeit und das Textverst\u00e4ndnis.<\/p>\n<h4>Kein m\u00fchseliges Vokabelpauken<\/h4>\n<p>Da die Bedeutung unbekannter Begriffe sich direkt aus dem Kontext ergibt, muss man diese nicht separat lernen. Das Lernen erfolgt quasi als &#8222;Nebenprodukt&#8220; des Lesens.<\/p>\n<h4>Motivierende und spannende Inhalte<\/h4>\n<p>Im Gegensatz zu h\u00e4ufig trockenen Lehrmaterialien bieten die B\u00fccher nach der Frank-Lesemethode mitrei\u00dfende und fesselnde Geschichten aus der spanischen Literatur, die Lust auf das Lernen machen. Der Lernerfolg stellt sich wie von selbst ein.<\/p>\n<h4>Geeignet f\u00fcr alle Niveaustufen<\/h4>\n<p>Einsteiger k\u00f6nnen mit einfachen B\u00fcchern starten und ihr Niveau kontinuierlich steigern. Aber auch fortgeschrittene Lerner profitieren von der Methode.<\/p>\n<h4>Authentische Beispiele f\u00fcr Grammatik<\/h4>\n<p>Die Grammatik wird anhand von echten Textbeispielen veranschaulicht und muss nicht extra gelernt werden. Die Strukturen verankern sich so besser.<\/p>\n<h4>Idealer Einstieg in die fremdsprachige Lekt\u00fcre<\/h4>\n<p>Zweisprachige B\u00fccher nach der Frank-Lesemethode erleichtern den \u00dcbergang vom Sprachlernen zum Lesen komplexer Texte in der Fremdsprache. Sie bieten eine &#8222;Br\u00fccke&#8220; hin zur Autorenlekt\u00fcre.<\/p>\n<h4>Perfekte Erg\u00e4nzung zum Sprachkurs<\/h4>\n<p>In Kombination mit einem Sprachkurs k\u00f6nnen zweisprachige B\u00fccher nach der Frank-Lesemethode das dort Erlernte ideal vertiefen und die Konversationsf\u00e4higkeit st\u00e4rken.<\/p>\n<h4>F\u00f6rderung des H\u00f6rverstehens<\/h4>\n<p>H\u00f6rb\u00fccher sind eine sinnvolle Erg\u00e4nzung zu zweisprachigen Titeln. Sie trainieren zus\u00e4tzlich das H\u00f6rverst\u00e4ndnis.<\/p>\n<p>Zweisprachige B\u00fccher Spanisch Deutsch stellen somit eine \u00e4u\u00dferst effiziente und motivierende Methode zum Erlernen von Spanisch dar. Sie aktivieren eine Vielzahl von Lernkan\u00e4len und sorgen durch kurzweilige Inhalte f\u00fcr anhaltenden Lernspa\u00df.<\/p>\n<h2>Die Frank-Lesemethode<\/h2>\n<p>Die zweisprachigen B\u00fccher unseres Verlags basieren auf der innovativen Frank-Lesemethode. Diese Methode wurde entwickelt, um das Erlernen von Fremdsprachen f\u00fcr Lernende effektiver und unterhaltsamer zu gestalten.<\/p>\n<p>Die Frank-Lesemethode beruht auf dem Prinzip des nat\u00fcrlichen Lesens. Dabei werden Texte in der Zielsprache in Kombination mit \u00dcbersetzungen in der Muttersprache pr\u00e4sentiert. Dieser Ansatz erm\u00f6glicht es Lernenden, den Inhalt auf intuitive und kontextuelle Weise zu erschlie\u00dfen, anstatt sich auf w\u00f6rtliches \u00dcbersetzen zu fokussieren.<\/p>\n<p>Unser Ziel ist es, Ihnen B\u00fccher anzubieten, die Ihnen das Erlernen der spanischen Sprache erleichtern. Egal ob Sie Anf\u00e4nger sind und Ihre ersten Schritte im Spanischen unternehmen, oder bereits fortgeschrittene Kenntnisse haben \u2013 unsere zweisprachigen B\u00fccher nach der Frank-Lesemethode eignen sich f\u00fcr alle Niveaus.<\/p>\n<p>Sie k\u00f6nnen Ihren Wortschatz effektiv erweitern, Ihr Textverst\u00e4ndnis verbessern und die spanische Grammatik anhand von realen Beispielen erlernen. Und all das auf eine unterhaltsame und motivierende Weise durch das Lesen spannender Inhalte.<\/p>\n<h3>Tipps f\u00fcr die Auswahl des richtigen zweisprachigen Buches<\/h3>\n<p>Damit Sie mit den zweisprachigen B\u00fcchern nach der Frank-Lesemethode die besten Lernerfolge erzielen, haben wir hier einige Tipps zur Auswahl des richtigen Buches f\u00fcr Sie:<\/p>\n<p><strong>Thema<\/strong>: W\u00e4hlen Sie ein Buch zu einem Thema oder Genre, das Sie interessiert. Nur so macht das Lesen langfristig Spa\u00df.<\/p>\n<p><strong>Niveau:<\/strong> Orientieren Sie sich an Ihrem bisherigen Sprachniveau. F\u00fcr Anf\u00e4nger eignen sich einfache Texte wie M\u00e4rchen sowie die B\u00fccher f\u00fcr Kinder und Jugendliche, f\u00fcr Fortgeschrittene anspruchsvollere.<\/p>\n<p><strong>L\u00e4nge:<\/strong> F\u00fcr den Anfang empfehlen wir Kurzgeschichten, mittellange Novellen oder Erz\u00e4hlungen.<\/p>\n<p><strong>Schriftgr\u00f6\u00dfe:<\/strong> Die Gr\u00f6\u00dfe der Schrift sollte ausreichend sein. Wir benutzen erstklassiges Papier und stellen sicher, dass die Tintenfarbe gut sichtbar ist. Unsere Schriftgr\u00f6\u00dfe ist speziell auf eine einfache Lesbarkeit abgestimmt.<\/p>\n<p><strong>Motivation:<\/strong> Wichtig ist, dass Sie Freude und Motivation beim Lesen empfinden. Nur dann bleiben Sie dran und lernen effektiv.<\/p>\n<p>Probieren Sie unterschiedliche Genres aus und finden Sie Ihre favorisierten Themen. Lesen Sie t\u00e4glich mindestens 30 Minuten. So macht das Lernen mit zweisprachigen B\u00fcchern nach der Frank-Lesemethode optimalen Spa\u00df!<\/p>\n<h2>Bilinguale B\u00fccher: Die beste Investition in Ihre sprachliche Zukunft<\/h2>\n<p>Abschlie\u00dfend l\u00e4sst sich festhalten, dass zweisprachige B\u00fccher nach der innovativen Frank-Lesemethode eine der effizientesten und vergn\u00fcglichsten Optionen sind, um seine Spanischkenntnisse zu verbessern und auszubauen.<\/p>\n<p>Die Vorteile dieser Lernform liegen klar auf der Hand:<\/p>\n<ul>\n<li>Nat\u00fcrlicher und intuitiver Spracherwerb ohne Pauken<\/li>\n<li>Steigerung der Lesekompetenz und des Wortschatzes<\/li>\n<li>Unterhaltsame Inhalte statt trockener Texte<\/li>\n<li>Motivierend und abwechslungsreich<\/li>\n<li>F\u00fcr alle Altersgruppen und Lernniveaus geeignet<\/li>\n<li>Perfekte Erg\u00e4nzung zu anderen Lernformen<\/li>\n<li>Ideales Selbstlerninstrument f\u00fcr Schule, Studium, Beruf und Alltag<\/li>\n<\/ul>\n<p>Kurzum: Bilinguale B\u00fccher sind eine lohnende Investition in Ihre sprachliche Zukunft und er\u00f6ffnen Ihnen den Zugang zur spanischsprachigen Welt der Literatur und Medien. Wenden auch Sie diese effiziente Methode an, um Ihr pers\u00f6nliches Ziel der spanischen Sprachbeherrschung zu erreichen!<\/p>\n<p>Wir w\u00fcnschen Ihnen viel Freude und Erfolg beim Spanischlernen mit den Spanisch-Deutsch B\u00fcchern nach der effektiven Frank-Lesemethode!<\/p>\n<p>[\/et_pb_text][\/et_pb_column][\/et_pb_row][\/et_pb_section]<\/p>\n","protected":false},"excerpt":{"rendered":"<p>Spanisch &#8211; KlassikerOriginaltext. Ungek\u00fcrzt. Verst\u00e4ndlich \u2013 mit der Frank-Lesemethode.B\u00fccher-Sets Spanisch Bis zu 40% Rabatt im SetSpanische B\u00fccher Originaltexte, ungek\u00fcrzt und unver\u00e4ndert &#8211; Mit der Frank-Lesemethode leicht verst\u00e4ndlich gemachtSpanisch lernen leicht gemacht Spanisch zu lernen kann mit den richtigen Methoden ein wahres Vergn\u00fcgen sein, anstatt eine l\u00e4stige Pflicht. Wenn Sie einen kurzweiligen Zugang zur Sprache in [&hellip;]<\/p>\n","protected":false},"author":1,"featured_media":0,"parent":0,"menu_order":0,"comment_status":"closed","ping_status":"closed","template":"","meta":{"_acf_changed":false,"_et_pb_use_builder":"on","_et_pb_old_content":"<!-- wp:divi\/placeholder \/-->","_et_gb_content_width":"","footnotes":""},"class_list":["post-15169","page","type-page","status-publish","hentry"],"acf":[],"yoast_head":"<!-- This site is optimized with the Yoast SEO plugin v27.3 - https:\/\/yoast.com\/product\/yoast-seo-wordpress\/ -->\n<title>EasyOriginal.com - Spanisch - Klassiker + Frank-Lesemethode<\/title>\n<meta name=\"robots\" content=\"index, follow, max-snippet:-1, max-image-preview:large, max-video-preview:-1\" \/>\n<link rel=\"canonical\" href=\"https:\/\/easyoriginal.com\/en\/spanisch-klassiker-frank-lesemethode\/\" \/>\n<meta property=\"og:locale\" content=\"en_GB\" \/>\n<meta property=\"og:type\" content=\"article\" \/>\n<meta property=\"og:title\" content=\"EasyOriginal.com - Spanisch - Klassiker + Frank-Lesemethode\" \/>\n<meta property=\"og:description\" content=\"Spanisch - KlassikerOriginaltext. Ungek\u00fcrzt. Verst\u00e4ndlich \u2013 mit der Frank-Lesemethode.B\u00fccher-Sets Spanisch Bis zu 40% Rabatt im SetSpanische B\u00fccher Originaltexte, ungek\u00fcrzt und unver\u00e4ndert - Mit der Frank-Lesemethode leicht verst\u00e4ndlich gemachtSpanisch lernen leicht gemacht Spanisch zu lernen kann mit den richtigen Methoden ein wahres Vergn\u00fcgen sein, anstatt eine l\u00e4stige Pflicht. Wenn Sie einen kurzweiligen Zugang zur Sprache in [&hellip;]\" \/>\n<meta property=\"og:url\" content=\"https:\/\/easyoriginal.com\/en\/spanisch-klassiker-frank-lesemethode\/\" \/>\n<meta property=\"og:site_name\" content=\"EasyOriginal.com\" \/>\n<meta property=\"article:modified_time\" content=\"2025-04-17T19:10:26+00:00\" \/>\n<meta name=\"twitter:card\" content=\"summary_large_image\" \/>\n<meta name=\"twitter:label1\" content=\"Estimated reading time\" \/>\n\t<meta name=\"twitter:data1\" content=\"10 minutes\" \/>\n<script type=\"application\/ld+json\" class=\"yoast-schema-graph\">{\"@context\":\"https:\\\/\\\/schema.org\",\"@graph\":[{\"@type\":\"WebPage\",\"@id\":\"https:\\\/\\\/easyoriginal.com\\\/spanisch-klassiker-frank-lesemethode\\\/\",\"url\":\"https:\\\/\\\/easyoriginal.com\\\/spanisch-klassiker-frank-lesemethode\\\/\",\"name\":\"EasyOriginal.com - Spanisch - Klassiker + Frank-Lesemethode\",\"isPartOf\":{\"@id\":\"https:\\\/\\\/easyoriginal.com\\\/#website\"},\"datePublished\":\"2025-04-17T19:04:35+00:00\",\"dateModified\":\"2025-04-17T19:10:26+00:00\",\"breadcrumb\":{\"@id\":\"https:\\\/\\\/easyoriginal.com\\\/spanisch-klassiker-frank-lesemethode\\\/#breadcrumb\"},\"inLanguage\":\"en-GB\",\"potentialAction\":[{\"@type\":\"ReadAction\",\"target\":[\"https:\\\/\\\/easyoriginal.com\\\/spanisch-klassiker-frank-lesemethode\\\/\"]}]},{\"@type\":\"BreadcrumbList\",\"@id\":\"https:\\\/\\\/easyoriginal.com\\\/spanisch-klassiker-frank-lesemethode\\\/#breadcrumb\",\"itemListElement\":[{\"@type\":\"ListItem\",\"position\":1,\"name\":\"Startseite\",\"item\":\"https:\\\/\\\/easyoriginal.com\\\/\"},{\"@type\":\"ListItem\",\"position\":2,\"name\":\"Spanisch &#8211; Klassiker + Frank-Lesemethode\"}]},{\"@type\":\"WebSite\",\"@id\":\"https:\\\/\\\/easyoriginal.com\\\/#website\",\"url\":\"https:\\\/\\\/easyoriginal.com\\\/\",\"name\":\"EasyOriginal.com\",\"description\":\"Spa\u00df am Lesen im Original - Innovative Lesemethode f\u00fcr Fremdsprachen\",\"publisher\":{\"@id\":\"https:\\\/\\\/easyoriginal.com\\\/#organization\"},\"potentialAction\":[{\"@type\":\"SearchAction\",\"target\":{\"@type\":\"EntryPoint\",\"urlTemplate\":\"https:\\\/\\\/easyoriginal.com\\\/?s={search_term_string}\"},\"query-input\":{\"@type\":\"PropertyValueSpecification\",\"valueRequired\":true,\"valueName\":\"search_term_string\"}}],\"inLanguage\":\"en-GB\"},{\"@type\":\"Organization\",\"@id\":\"https:\\\/\\\/easyoriginal.com\\\/#organization\",\"name\":\"EasyOriginal Verlag\",\"url\":\"https:\\\/\\\/easyoriginal.com\\\/\",\"logo\":{\"@type\":\"ImageObject\",\"inLanguage\":\"en-GB\",\"@id\":\"https:\\\/\\\/easyoriginal.com\\\/#\\\/schema\\\/logo\\\/image\\\/\",\"url\":\"https:\\\/\\\/easyoriginal.com\\\/wp-content\\\/uploads\\\/2020\\\/08\\\/logo_main.png\",\"contentUrl\":\"https:\\\/\\\/easyoriginal.com\\\/wp-content\\\/uploads\\\/2020\\\/08\\\/logo_main.png\",\"width\":500,\"height\":103,\"caption\":\"EasyOriginal Verlag\"},\"image\":{\"@id\":\"https:\\\/\\\/easyoriginal.com\\\/#\\\/schema\\\/logo\\\/image\\\/\"}}]}<\/script>\n<!-- \/ Yoast SEO plugin. -->","yoast_head_json":{"title":"EasyOriginal.com - Spanisch - Klassiker + Frank-Lesemethode","robots":{"index":"index","follow":"follow","max-snippet":"max-snippet:-1","max-image-preview":"max-image-preview:large","max-video-preview":"max-video-preview:-1"},"canonical":"https:\/\/easyoriginal.com\/en\/spanisch-klassiker-frank-lesemethode\/","og_locale":"en_GB","og_type":"article","og_title":"EasyOriginal.com - Spanisch - Klassiker + Frank-Lesemethode","og_description":"Spanisch - KlassikerOriginaltext. Ungek\u00fcrzt. Verst\u00e4ndlich \u2013 mit der Frank-Lesemethode.B\u00fccher-Sets Spanisch Bis zu 40% Rabatt im SetSpanische B\u00fccher Originaltexte, ungek\u00fcrzt und unver\u00e4ndert - Mit der Frank-Lesemethode leicht verst\u00e4ndlich gemachtSpanisch lernen leicht gemacht Spanisch zu lernen kann mit den richtigen Methoden ein wahres Vergn\u00fcgen sein, anstatt eine l\u00e4stige Pflicht. Wenn Sie einen kurzweiligen Zugang zur Sprache in [&hellip;]","og_url":"https:\/\/easyoriginal.com\/en\/spanisch-klassiker-frank-lesemethode\/","og_site_name":"EasyOriginal.com","article_modified_time":"2025-04-17T19:10:26+00:00","twitter_card":"summary_large_image","twitter_misc":{"Estimated reading time":"10 minutes"},"schema":{"@context":"https:\/\/schema.org","@graph":[{"@type":"WebPage","@id":"https:\/\/easyoriginal.com\/spanisch-klassiker-frank-lesemethode\/","url":"https:\/\/easyoriginal.com\/spanisch-klassiker-frank-lesemethode\/","name":"EasyOriginal.com - Spanisch - Klassiker + Frank-Lesemethode","isPartOf":{"@id":"https:\/\/easyoriginal.com\/#website"},"datePublished":"2025-04-17T19:04:35+00:00","dateModified":"2025-04-17T19:10:26+00:00","breadcrumb":{"@id":"https:\/\/easyoriginal.com\/spanisch-klassiker-frank-lesemethode\/#breadcrumb"},"inLanguage":"en-GB","potentialAction":[{"@type":"ReadAction","target":["https:\/\/easyoriginal.com\/spanisch-klassiker-frank-lesemethode\/"]}]},{"@type":"BreadcrumbList","@id":"https:\/\/easyoriginal.com\/spanisch-klassiker-frank-lesemethode\/#breadcrumb","itemListElement":[{"@type":"ListItem","position":1,"name":"Startseite","item":"https:\/\/easyoriginal.com\/"},{"@type":"ListItem","position":2,"name":"Spanisch &#8211; Klassiker + Frank-Lesemethode"}]},{"@type":"WebSite","@id":"https:\/\/easyoriginal.com\/#website","url":"https:\/\/easyoriginal.com\/","name":"EasyOriginal.com","description":"Spa\u00df am Lesen im Original - Innovative Lesemethode f\u00fcr Fremdsprachen","publisher":{"@id":"https:\/\/easyoriginal.com\/#organization"},"potentialAction":[{"@type":"SearchAction","target":{"@type":"EntryPoint","urlTemplate":"https:\/\/easyoriginal.com\/?s={search_term_string}"},"query-input":{"@type":"PropertyValueSpecification","valueRequired":true,"valueName":"search_term_string"}}],"inLanguage":"en-GB"},{"@type":"Organization","@id":"https:\/\/easyoriginal.com\/#organization","name":"EasyOriginal Verlag","url":"https:\/\/easyoriginal.com\/","logo":{"@type":"ImageObject","inLanguage":"en-GB","@id":"https:\/\/easyoriginal.com\/#\/schema\/logo\/image\/","url":"https:\/\/easyoriginal.com\/wp-content\/uploads\/2020\/08\/logo_main.png","contentUrl":"https:\/\/easyoriginal.com\/wp-content\/uploads\/2020\/08\/logo_main.png","width":500,"height":103,"caption":"EasyOriginal Verlag"},"image":{"@id":"https:\/\/easyoriginal.com\/#\/schema\/logo\/image\/"}}]}},"_links":{"self":[{"href":"https:\/\/easyoriginal.com\/en\/wp-json\/wp\/v2\/pages\/15169","targetHints":{"allow":["GET"]}}],"collection":[{"href":"https:\/\/easyoriginal.com\/en\/wp-json\/wp\/v2\/pages"}],"about":[{"href":"https:\/\/easyoriginal.com\/en\/wp-json\/wp\/v2\/types\/page"}],"author":[{"embeddable":true,"href":"https:\/\/easyoriginal.com\/en\/wp-json\/wp\/v2\/users\/1"}],"replies":[{"embeddable":true,"href":"https:\/\/easyoriginal.com\/en\/wp-json\/wp\/v2\/comments?post=15169"}],"version-history":[{"count":2,"href":"https:\/\/easyoriginal.com\/en\/wp-json\/wp\/v2\/pages\/15169\/revisions"}],"predecessor-version":[{"id":15171,"href":"https:\/\/easyoriginal.com\/en\/wp-json\/wp\/v2\/pages\/15169\/revisions\/15171"}],"wp:attachment":[{"href":"https:\/\/easyoriginal.com\/en\/wp-json\/wp\/v2\/media?parent=15169"}],"curies":[{"name":"wp","href":"https:\/\/api.w.org\/{rel}","templated":true}]}}