{"id":15113,"date":"2025-04-08T21:43:04","date_gmt":"2025-04-08T19:43:04","guid":{"rendered":"https:\/\/easyoriginal.com\/englisch-moderne-lektuere-2\/"},"modified":"2025-04-09T20:33:26","modified_gmt":"2025-04-09T18:33:26","slug":"englisch-modernisierte-klassiker","status":"publish","type":"page","link":"https:\/\/easyoriginal.com\/en\/englisch-modernisierte-klassiker\/","title":{"rendered":"Englisch &#8211; Modernisierte Klassiker"},"content":{"rendered":"<p>[et_pb_section fb_built=&#8220;1&#8243; _builder_version=&#8220;4.25.1&#8243; _module_preset=&#8220;default&#8220; custom_margin=&#8220;0px||0px||false|false&#8220; custom_padding=&#8220;0px||0px||false|false&#8220; top_divider_style=&#8220;arrow2&#8243; top_divider_color=&#8220;#F9F5F1&#8243; top_divider_height_tablet=&#8220;70px&#8220; top_divider_height_phone=&#8220;50px&#8220; top_divider_height_last_edited=&#8220;on|phone&#8220; global_colors_info=&#8220;{}&#8220;][et_pb_row custom_padding_last_edited=&#8220;on|phone&#8220; _builder_version=&#8220;4.25.1&#8243; _module_preset=&#8220;default&#8220; custom_padding=&#8220;||||false|false&#8220; custom_padding_tablet=&#8220;40px||||false|false&#8220; custom_padding_phone=&#8220;0px||0px||false|false&#8220; global_colors_info=&#8220;{}&#8220;][et_pb_column type=&#8220;4_4&#8243; _builder_version=&#8220;4.16&#8243; _module_preset=&#8220;default&#8220; global_colors_info=&#8220;{}&#8220;][et_pb_text _builder_version=&#8220;4.27.4&#8243; _module_preset=&#8220;1c66a2aa-c8d9-4056-a711-f0ea232a3dfe&#8220; hover_enabled=&#8220;0&#8243; global_colors_info=&#8220;{}&#8220; sticky_enabled=&#8220;0&#8243;]<\/p>\n<h1 style=\"text-align: center;\">Englisch &#8211; <span>Modernisierte Klassiker A2-B1<\/span><\/h1>\n<p>[\/et_pb_text][et_pb_divider _builder_version=&#8220;4.16&#8243; _module_preset=&#8220;014a649d-9dd9-4cae-8ad1-f535a0092ff3&#8243; height=&#8220;10px&#8220; height_tablet=&#8220;0px&#8220; height_phone=&#8220;0px&#8220; height_last_edited=&#8220;on|phone&#8220; custom_margin=&#8220;||-1px|||&#8220; global_colors_info=&#8220;{}&#8220;][\/et_pb_divider][et_pb_text _builder_version=&#8220;4.27.4&#8243; _module_preset=&#8220;6ac2e05e-f54b-4fc7-8f19-85ded621eb6b&#8220; hover_enabled=&#8220;0&#8243; global_colors_info=&#8220;{}&#8220; sticky_enabled=&#8220;0&#8243;]<\/p>\n<p><strong>Klassische Literatur \u2013 Moderne Sprache \u2013 Nahtloses Lernen<\/strong><br \/>Entdecken Sie eine innovative Art, Sprachen zu lernen! Unsere Reihe Modernisierte Klassiker + Frank-Lesemethode bietet zeitlose literarische Meisterwerke, angepasst an modernes Sprachverst\u00e4ndnis und kombiniert mit einer einzigartigen Lernmethode.<br \/>Was macht unsere B\u00fccher einzigartig?<br \/><strong>Authentizit\u00e4t bewahrt<\/strong><br \/>Unsere Adaptionen behalten die vollst\u00e4ndige Geschichte, Themen und stilistische Sch\u00f6nheit der Originalwerke. Kein Verk\u00fcrzen, kein Vereinfachen \u2013 nur modernisierte Sprache auf B2-Niveau.<br \/><strong>Modernes Sprachniveau (B2)<\/strong><br \/>Alte Ausdr\u00fccke und komplexe Satzstrukturen wurden gegen moderne Alternativen ersetzt. Dies erm\u00f6glicht fl\u00fcssiges Lesen, ohne auf die Tiefe und Sch\u00f6nheit der Texte verzichten zu m\u00fcssen.<br \/><strong>Die innovative Frank-Lesemethode<\/strong><br \/>Schwierige W\u00f6rter oder Ausdr\u00fccke werden direkt im Text mit \u00dcbersetzungen erg\u00e4nzt, sodass Lernende auf A2-B1-Niveau die Geschichte ohne Unterbrechungen genie\u00dfen k\u00f6nnen. Diese intuitive Lernweise f\u00f6rdert den nat\u00fcrlichen Spracherwerb und verbessert das Verst\u00e4ndnis von Grammatik und Vokabeln direkt im Kontext.<br \/><strong>Audio-Unterst\u00fctzung f\u00fcr perfektes Lernen<\/strong><br \/>Alle B\u00fccher enthalten langsam gesprochene H\u00f6rversionen, ideal zur Verbesserung der Aussprache und des H\u00f6rverstehens. <br \/>Setzen Sie einen neuen Standard in Ihrem Sprachenlernen. Genie\u00dfen Sie die gr\u00f6\u00dften Geschichten der Welt \u2013 jetzt neu interpretiert und bereit f\u00fcr Sie!<\/p>\n<p>[\/et_pb_text][\/et_pb_column][\/et_pb_row][\/et_pb_section][et_pb_section fb_built=&#8220;1&#8243; _builder_version=&#8220;4.25.1&#8243; _module_preset=&#8220;default&#8220; custom_padding=&#8220;4px||0px||false|false&#8220; global_colors_info=&#8220;{}&#8220;][et_pb_row _builder_version=&#8220;4.25.1&#8243; _module_preset=&#8220;default&#8220; width=&#8220;95%&#8220; max_width=&#8220;95%&#8220; global_colors_info=&#8220;{}&#8220;][et_pb_column type=&#8220;4_4&#8243; _builder_version=&#8220;4.19.2&#8243; _module_preset=&#8220;default&#8220; global_colors_info=&#8220;{}&#8220;][et_pb_shop type=&#8220;product_category&#8220; posts_number=&#8220;30&#8243; include_categories=&#8220;271&#8243; columns_number=&#8220;6&#8243; orderby=&#8220;popularity&#8220; _builder_version=&#8220;4.27.4&#8243; _module_preset=&#8220;default&#8220; hover_enabled=&#8220;0&#8243; global_colors_info=&#8220;{}&#8220; sticky_enabled=&#8220;0&#8243;][\/et_pb_shop][\/et_pb_column][\/et_pb_row][\/et_pb_section]<\/p>\n","protected":false},"excerpt":{"rendered":"<p>Englisch &#8211; Modernisierte Klassiker A2-B1Klassische Literatur \u2013 Moderne Sprache \u2013 Nahtloses LernenEntdecken Sie eine innovative Art, Sprachen zu lernen! Unsere Reihe Modernisierte Klassiker + Frank-Lesemethode bietet zeitlose literarische Meisterwerke, angepasst an modernes Sprachverst\u00e4ndnis und kombiniert mit einer einzigartigen Lernmethode.Was macht unsere B\u00fccher einzigartig?Authentizit\u00e4t bewahrtUnsere Adaptionen behalten die vollst\u00e4ndige Geschichte, Themen und stilistische Sch\u00f6nheit der Originalwerke. [&hellip;]<\/p>\n","protected":false},"author":1,"featured_media":0,"parent":0,"menu_order":0,"comment_status":"closed","ping_status":"closed","template":"","meta":{"_acf_changed":false,"_et_pb_use_builder":"on","_et_pb_old_content":"<!-- wp:divi\/placeholder \/-->","_et_gb_content_width":"","footnotes":""},"class_list":["post-15113","page","type-page","status-publish","hentry"],"acf":[],"yoast_head":"<!-- This site is optimized with the Yoast SEO plugin v27.3 - https:\/\/yoast.com\/product\/yoast-seo-wordpress\/ -->\n<title>EasyOriginal.com - Englisch - Modernisierte Klassiker<\/title>\n<meta name=\"robots\" content=\"index, follow, max-snippet:-1, max-image-preview:large, max-video-preview:-1\" \/>\n<link rel=\"canonical\" href=\"https:\/\/easyoriginal.com\/en\/englisch-modernisierte-klassiker\/\" \/>\n<meta property=\"og:locale\" content=\"en_GB\" \/>\n<meta property=\"og:type\" content=\"article\" \/>\n<meta property=\"og:title\" content=\"EasyOriginal.com - Englisch - Modernisierte Klassiker\" \/>\n<meta property=\"og:description\" content=\"Englisch - Modernisierte Klassiker A2-B1Klassische Literatur \u2013 Moderne Sprache \u2013 Nahtloses LernenEntdecken Sie eine innovative Art, Sprachen zu lernen! Unsere Reihe Modernisierte Klassiker + Frank-Lesemethode bietet zeitlose literarische Meisterwerke, angepasst an modernes Sprachverst\u00e4ndnis und kombiniert mit einer einzigartigen Lernmethode.Was macht unsere B\u00fccher einzigartig?Authentizit\u00e4t bewahrtUnsere Adaptionen behalten die vollst\u00e4ndige Geschichte, Themen und stilistische Sch\u00f6nheit der Originalwerke. [&hellip;]\" \/>\n<meta property=\"og:url\" content=\"https:\/\/easyoriginal.com\/en\/englisch-modernisierte-klassiker\/\" \/>\n<meta property=\"og:site_name\" content=\"EasyOriginal.com\" \/>\n<meta property=\"article:modified_time\" content=\"2025-04-09T18:33:26+00:00\" \/>\n<meta name=\"twitter:card\" content=\"summary_large_image\" \/>\n<meta name=\"twitter:label1\" content=\"Estimated reading time\" \/>\n\t<meta name=\"twitter:data1\" content=\"2 minutes\" \/>\n<script type=\"application\/ld+json\" class=\"yoast-schema-graph\">{\"@context\":\"https:\\\/\\\/schema.org\",\"@graph\":[{\"@type\":\"WebPage\",\"@id\":\"https:\\\/\\\/easyoriginal.com\\\/englisch-modernisierte-klassiker\\\/\",\"url\":\"https:\\\/\\\/easyoriginal.com\\\/englisch-modernisierte-klassiker\\\/\",\"name\":\"EasyOriginal.com - Englisch - Modernisierte Klassiker\",\"isPartOf\":{\"@id\":\"https:\\\/\\\/easyoriginal.com\\\/#website\"},\"datePublished\":\"2025-04-08T19:43:04+00:00\",\"dateModified\":\"2025-04-09T18:33:26+00:00\",\"breadcrumb\":{\"@id\":\"https:\\\/\\\/easyoriginal.com\\\/englisch-modernisierte-klassiker\\\/#breadcrumb\"},\"inLanguage\":\"en-GB\",\"potentialAction\":[{\"@type\":\"ReadAction\",\"target\":[\"https:\\\/\\\/easyoriginal.com\\\/englisch-modernisierte-klassiker\\\/\"]}]},{\"@type\":\"BreadcrumbList\",\"@id\":\"https:\\\/\\\/easyoriginal.com\\\/englisch-modernisierte-klassiker\\\/#breadcrumb\",\"itemListElement\":[{\"@type\":\"ListItem\",\"position\":1,\"name\":\"Startseite\",\"item\":\"https:\\\/\\\/easyoriginal.com\\\/\"},{\"@type\":\"ListItem\",\"position\":2,\"name\":\"Englisch &#8211; Modernisierte Klassiker\"}]},{\"@type\":\"WebSite\",\"@id\":\"https:\\\/\\\/easyoriginal.com\\\/#website\",\"url\":\"https:\\\/\\\/easyoriginal.com\\\/\",\"name\":\"EasyOriginal.com\",\"description\":\"Spa\u00df am Lesen im Original - Innovative Lesemethode f\u00fcr Fremdsprachen\",\"publisher\":{\"@id\":\"https:\\\/\\\/easyoriginal.com\\\/#organization\"},\"potentialAction\":[{\"@type\":\"SearchAction\",\"target\":{\"@type\":\"EntryPoint\",\"urlTemplate\":\"https:\\\/\\\/easyoriginal.com\\\/?s={search_term_string}\"},\"query-input\":{\"@type\":\"PropertyValueSpecification\",\"valueRequired\":true,\"valueName\":\"search_term_string\"}}],\"inLanguage\":\"en-GB\"},{\"@type\":\"Organization\",\"@id\":\"https:\\\/\\\/easyoriginal.com\\\/#organization\",\"name\":\"EasyOriginal Verlag\",\"url\":\"https:\\\/\\\/easyoriginal.com\\\/\",\"logo\":{\"@type\":\"ImageObject\",\"inLanguage\":\"en-GB\",\"@id\":\"https:\\\/\\\/easyoriginal.com\\\/#\\\/schema\\\/logo\\\/image\\\/\",\"url\":\"https:\\\/\\\/easyoriginal.com\\\/wp-content\\\/uploads\\\/2020\\\/08\\\/logo_main.png\",\"contentUrl\":\"https:\\\/\\\/easyoriginal.com\\\/wp-content\\\/uploads\\\/2020\\\/08\\\/logo_main.png\",\"width\":500,\"height\":103,\"caption\":\"EasyOriginal Verlag\"},\"image\":{\"@id\":\"https:\\\/\\\/easyoriginal.com\\\/#\\\/schema\\\/logo\\\/image\\\/\"}}]}<\/script>\n<!-- \/ Yoast SEO plugin. -->","yoast_head_json":{"title":"EasyOriginal.com - Englisch - Modernisierte Klassiker","robots":{"index":"index","follow":"follow","max-snippet":"max-snippet:-1","max-image-preview":"max-image-preview:large","max-video-preview":"max-video-preview:-1"},"canonical":"https:\/\/easyoriginal.com\/en\/englisch-modernisierte-klassiker\/","og_locale":"en_GB","og_type":"article","og_title":"EasyOriginal.com - Englisch - Modernisierte Klassiker","og_description":"Englisch - Modernisierte Klassiker A2-B1Klassische Literatur \u2013 Moderne Sprache \u2013 Nahtloses LernenEntdecken Sie eine innovative Art, Sprachen zu lernen! Unsere Reihe Modernisierte Klassiker + Frank-Lesemethode bietet zeitlose literarische Meisterwerke, angepasst an modernes Sprachverst\u00e4ndnis und kombiniert mit einer einzigartigen Lernmethode.Was macht unsere B\u00fccher einzigartig?Authentizit\u00e4t bewahrtUnsere Adaptionen behalten die vollst\u00e4ndige Geschichte, Themen und stilistische Sch\u00f6nheit der Originalwerke. [&hellip;]","og_url":"https:\/\/easyoriginal.com\/en\/englisch-modernisierte-klassiker\/","og_site_name":"EasyOriginal.com","article_modified_time":"2025-04-09T18:33:26+00:00","twitter_card":"summary_large_image","twitter_misc":{"Estimated reading time":"2 minutes"},"schema":{"@context":"https:\/\/schema.org","@graph":[{"@type":"WebPage","@id":"https:\/\/easyoriginal.com\/englisch-modernisierte-klassiker\/","url":"https:\/\/easyoriginal.com\/englisch-modernisierte-klassiker\/","name":"EasyOriginal.com - Englisch - Modernisierte Klassiker","isPartOf":{"@id":"https:\/\/easyoriginal.com\/#website"},"datePublished":"2025-04-08T19:43:04+00:00","dateModified":"2025-04-09T18:33:26+00:00","breadcrumb":{"@id":"https:\/\/easyoriginal.com\/englisch-modernisierte-klassiker\/#breadcrumb"},"inLanguage":"en-GB","potentialAction":[{"@type":"ReadAction","target":["https:\/\/easyoriginal.com\/englisch-modernisierte-klassiker\/"]}]},{"@type":"BreadcrumbList","@id":"https:\/\/easyoriginal.com\/englisch-modernisierte-klassiker\/#breadcrumb","itemListElement":[{"@type":"ListItem","position":1,"name":"Startseite","item":"https:\/\/easyoriginal.com\/"},{"@type":"ListItem","position":2,"name":"Englisch &#8211; Modernisierte Klassiker"}]},{"@type":"WebSite","@id":"https:\/\/easyoriginal.com\/#website","url":"https:\/\/easyoriginal.com\/","name":"EasyOriginal.com","description":"Spa\u00df am Lesen im Original - Innovative Lesemethode f\u00fcr Fremdsprachen","publisher":{"@id":"https:\/\/easyoriginal.com\/#organization"},"potentialAction":[{"@type":"SearchAction","target":{"@type":"EntryPoint","urlTemplate":"https:\/\/easyoriginal.com\/?s={search_term_string}"},"query-input":{"@type":"PropertyValueSpecification","valueRequired":true,"valueName":"search_term_string"}}],"inLanguage":"en-GB"},{"@type":"Organization","@id":"https:\/\/easyoriginal.com\/#organization","name":"EasyOriginal Verlag","url":"https:\/\/easyoriginal.com\/","logo":{"@type":"ImageObject","inLanguage":"en-GB","@id":"https:\/\/easyoriginal.com\/#\/schema\/logo\/image\/","url":"https:\/\/easyoriginal.com\/wp-content\/uploads\/2020\/08\/logo_main.png","contentUrl":"https:\/\/easyoriginal.com\/wp-content\/uploads\/2020\/08\/logo_main.png","width":500,"height":103,"caption":"EasyOriginal Verlag"},"image":{"@id":"https:\/\/easyoriginal.com\/#\/schema\/logo\/image\/"}}]}},"_links":{"self":[{"href":"https:\/\/easyoriginal.com\/en\/wp-json\/wp\/v2\/pages\/15113","targetHints":{"allow":["GET"]}}],"collection":[{"href":"https:\/\/easyoriginal.com\/en\/wp-json\/wp\/v2\/pages"}],"about":[{"href":"https:\/\/easyoriginal.com\/en\/wp-json\/wp\/v2\/types\/page"}],"author":[{"embeddable":true,"href":"https:\/\/easyoriginal.com\/en\/wp-json\/wp\/v2\/users\/1"}],"replies":[{"embeddable":true,"href":"https:\/\/easyoriginal.com\/en\/wp-json\/wp\/v2\/comments?post=15113"}],"version-history":[{"count":2,"href":"https:\/\/easyoriginal.com\/en\/wp-json\/wp\/v2\/pages\/15113\/revisions"}],"predecessor-version":[{"id":15117,"href":"https:\/\/easyoriginal.com\/en\/wp-json\/wp\/v2\/pages\/15113\/revisions\/15117"}],"wp:attachment":[{"href":"https:\/\/easyoriginal.com\/en\/wp-json\/wp\/v2\/media?parent=15113"}],"curies":[{"name":"wp","href":"https:\/\/api.w.org\/{rel}","templated":true}]}}