{"id":14437,"date":"2024-12-09T16:06:50","date_gmt":"2024-12-09T15:06:50","guid":{"rendered":"https:\/\/easyoriginal.com\/spanisch-lernen-2\/"},"modified":"2026-03-17T21:48:08","modified_gmt":"2026-03-17T20:48:08","slug":"spanisch-moderne-lektuere","status":"publish","type":"page","link":"https:\/\/easyoriginal.com\/en\/spanisch-moderne-lektuere\/","title":{"rendered":"Spanisch &#8211; Moderne Lekt\u00fcre"},"content":{"rendered":"<p>[et_pb_section fb_built=&#8220;1&#8243; _builder_version=&#8220;4.25.1&#8243; _module_preset=&#8220;default&#8220; custom_margin=&#8220;0px||0px||false|false&#8220; custom_padding=&#8220;0px||0px||false|false&#8220; top_divider_style=&#8220;arrow2&#8243; top_divider_color=&#8220;#F9F5F1&#8243; top_divider_height_tablet=&#8220;70px&#8220; top_divider_height_phone=&#8220;50px&#8220; top_divider_height_last_edited=&#8220;on|phone&#8220; global_colors_info=&#8220;{}&#8220;][et_pb_row custom_padding_last_edited=&#8220;on|phone&#8220; _builder_version=&#8220;4.25.1&#8243; _module_preset=&#8220;default&#8220; custom_padding=&#8220;||||false|false&#8220; custom_padding_tablet=&#8220;40px||||false|false&#8220; custom_padding_phone=&#8220;0px||0px||false|false&#8220; global_colors_info=&#8220;{}&#8220;][et_pb_column type=&#8220;4_4&#8243; _builder_version=&#8220;4.16&#8243; _module_preset=&#8220;default&#8220; global_colors_info=&#8220;{}&#8220;][et_pb_text _builder_version=&#8220;4.16&#8243; _module_preset=&#8220;1c66a2aa-c8d9-4056-a711-f0ea232a3dfe&#8220; global_colors_info=&#8220;{}&#8220;]<\/p>\n<h1 style=\"text-align: center;\">Spanisch &#8211;\u00a0Moderne Lekt\u00fcre + Frank-Lesemethode<\/h1>\n<p>[\/et_pb_text][et_pb_divider _builder_version=&#8220;4.16&#8243; _module_preset=&#8220;014a649d-9dd9-4cae-8ad1-f535a0092ff3&#8243; height=&#8220;10px&#8220; height_tablet=&#8220;0px&#8220; height_phone=&#8220;0px&#8220; height_last_edited=&#8220;on|phone&#8220; custom_margin=&#8220;||-1px|||&#8220; global_colors_info=&#8220;{}&#8220;][\/et_pb_divider][et_pb_text _builder_version=&#8220;4.27.4&#8243; _module_preset=&#8220;6ac2e05e-f54b-4fc7-8f19-85ded621eb6b&#8220; global_colors_info=&#8220;{}&#8220;]<\/p>\n<p>&nbsp;<\/p>\n<p>Die neue Buchreihe <strong>\u201eFrank-Lesemethode: Moderne Lekt\u00fcre A1-A2\u201c<\/strong> bringt spannende, leicht zug\u00e4ngliche Geschichten f\u00fcr alle, die ihre Spanischkenntnisse gezielt verbessern m\u00f6chten.<\/p>\n<p>Diese Texte wurden urspr\u00fcnglich f\u00fcr B1-Niveau geschrieben und so angepasst, dass sie A1-A2-Lernenden ein motivierendes und gleichzeitig verst\u00e4ndliches Leseerlebnis bieten.<\/p>\n<p>[\/et_pb_text][\/et_pb_column][\/et_pb_row][\/et_pb_section][et_pb_section fb_built=&#8220;1&#8243; _builder_version=&#8220;4.25.1&#8243; _module_preset=&#8220;default&#8220; custom_padding=&#8220;4px||0px||false|false&#8220; global_colors_info=&#8220;{}&#8220;][et_pb_row _builder_version=&#8220;4.25.1&#8243; _module_preset=&#8220;default&#8220; width=&#8220;95%&#8220; max_width=&#8220;95%&#8220; custom_padding=&#8220;||4px|||&#8220; global_colors_info=&#8220;{}&#8220;][et_pb_column type=&#8220;4_4&#8243; _builder_version=&#8220;4.19.2&#8243; _module_preset=&#8220;default&#8220; global_colors_info=&#8220;{}&#8220;][et_pb_shop type=&#8220;product_category&#8220; posts_number=&#8220;30&#8243; include_categories=&#8220;269&#8243; columns_number=&#8220;6&#8243; orderby=&#8220;popularity&#8220; _builder_version=&#8220;4.27.4&#8243; _module_preset=&#8220;default&#8220; global_colors_info=&#8220;{}&#8220;][\/et_pb_shop][\/et_pb_column][\/et_pb_row][\/et_pb_section][et_pb_section fb_built=&#8220;1&#8243; _builder_version=&#8220;4.27.4&#8243; _module_preset=&#8220;default&#8220; custom_margin=&#8220;0px||0px||false|false&#8220; custom_padding=&#8220;0px||0px||false|false&#8220; top_divider_color=&#8220;#F9F5F1&#8243; top_divider_height_tablet=&#8220;70px&#8220; top_divider_height_phone=&#8220;50px&#8220; top_divider_height_last_edited=&#8220;on|phone&#8220; global_colors_info=&#8220;{}&#8220;][et_pb_row custom_padding_last_edited=&#8220;on|phone&#8220; _builder_version=&#8220;4.25.1&#8243; _module_preset=&#8220;default&#8220; custom_padding=&#8220;||||false|false&#8220; custom_padding_tablet=&#8220;40px||||false|false&#8220; custom_padding_phone=&#8220;0px||0px||false|false&#8220; global_colors_info=&#8220;{}&#8220;][et_pb_column type=&#8220;4_4&#8243; _builder_version=&#8220;4.16&#8243; _module_preset=&#8220;default&#8220; global_colors_info=&#8220;{}&#8220;][et_pb_divider _builder_version=&#8220;4.16&#8243; _module_preset=&#8220;014a649d-9dd9-4cae-8ad1-f535a0092ff3&#8243; height=&#8220;10px&#8220; height_tablet=&#8220;0px&#8220; height_phone=&#8220;0px&#8220; height_last_edited=&#8220;on|phone&#8220; custom_margin=&#8220;||-1px|||&#8220; global_colors_info=&#8220;{}&#8220;][\/et_pb_divider][et_pb_text _builder_version=&#8220;4.27.4&#8243; _module_preset=&#8220;6ac2e05e-f54b-4fc7-8f19-85ded621eb6b&#8220; global_colors_info=&#8220;{}&#8220;]<\/p>\n<p>&nbsp;<\/p>\n<p>Die neue Buchreihe <strong>\u201eFrank-Lesemethode: Moderne Lekt\u00fcre A2-B1\u201c<\/strong> bringt spannende, leicht zug\u00e4ngliche Geschichten f\u00fcr alle, die ihre Spanischkenntnisse gezielt verbessern m\u00f6chten.<\/p>\n<p>Diese Texte wurden urspr\u00fcnglich f\u00fcr B2-Niveau geschrieben und so angepasst, dass sie A2-B1-Lernenden ein motivierendes und gleichzeitig verst\u00e4ndliches Leseerlebnis bieten.\u00a0<\/p>\n<p>[\/et_pb_text][\/et_pb_column][\/et_pb_row][\/et_pb_section][et_pb_section fb_built=&#8220;1&#8243; _builder_version=&#8220;4.25.1&#8243; _module_preset=&#8220;default&#8220; custom_padding=&#8220;4px||0px||false|false&#8220; global_colors_info=&#8220;{}&#8220;][et_pb_row _builder_version=&#8220;4.25.1&#8243; _module_preset=&#8220;default&#8220; width=&#8220;95%&#8220; max_width=&#8220;95%&#8220; custom_padding=&#8220;||0px|||&#8220; global_colors_info=&#8220;{}&#8220;][et_pb_column type=&#8220;4_4&#8243; _builder_version=&#8220;4.19.2&#8243; _module_preset=&#8220;default&#8220; global_colors_info=&#8220;{}&#8220;][et_pb_shop type=&#8220;product_category&#8220; posts_number=&#8220;30&#8243; include_categories=&#8220;265&#8243; columns_number=&#8220;6&#8243; orderby=&#8220;popularity&#8220; _builder_version=&#8220;4.27.4&#8243; _module_preset=&#8220;default&#8220; global_colors_info=&#8220;{}&#8220;][\/et_pb_shop][\/et_pb_column][\/et_pb_row][\/et_pb_section][et_pb_section fb_built=&#8220;1&#8243; _builder_version=&#8220;4.27.4&#8243; _module_preset=&#8220;default&#8220; custom_margin=&#8220;0px||0px||false|false&#8220; custom_padding=&#8220;0px||0px||false|false&#8220; top_divider_color=&#8220;#F9F5F1&#8243; top_divider_height_tablet=&#8220;70px&#8220; top_divider_height_phone=&#8220;50px&#8220; top_divider_height_last_edited=&#8220;on|phone&#8220; global_colors_info=&#8220;{}&#8220;][et_pb_row custom_padding_last_edited=&#8220;on|phone&#8220; _builder_version=&#8220;4.25.1&#8243; _module_preset=&#8220;default&#8220; custom_padding=&#8220;||||false|false&#8220; custom_padding_tablet=&#8220;40px||||false|false&#8220; custom_padding_phone=&#8220;0px||0px||false|false&#8220; global_colors_info=&#8220;{}&#8220;][et_pb_column type=&#8220;4_4&#8243; _builder_version=&#8220;4.16&#8243; _module_preset=&#8220;default&#8220; global_colors_info=&#8220;{}&#8220;][et_pb_text _builder_version=&#8220;4.27.6&#8243; _module_preset=&#8220;1c66a2aa-c8d9-4056-a711-f0ea232a3dfe&#8220; hover_enabled=&#8220;0&#8243; global_colors_info=&#8220;{}&#8220; sticky_enabled=&#8220;0&#8243;]<\/p>\n<h1 style=\"text-align: center;\">Spanisch &#8211; Moderne Lekt\u00fcre: <strong>Reflexiones<\/strong> + Frank-Lesemethode<\/h1>\n<p>[\/et_pb_text][et_pb_divider _builder_version=&#8220;4.16&#8243; _module_preset=&#8220;014a649d-9dd9-4cae-8ad1-f535a0092ff3&#8243; height=&#8220;10px&#8220; height_tablet=&#8220;0px&#8220; height_phone=&#8220;0px&#8220; height_last_edited=&#8220;on|phone&#8220; custom_margin=&#8220;||-1px|||&#8220; global_colors_info=&#8220;{}&#8220;][\/et_pb_divider][et_pb_text _builder_version=&#8220;4.27.6&#8243; _module_preset=&#8220;6ac2e05e-f54b-4fc7-8f19-85ded621eb6b&#8220; hover_enabled=&#8220;0&#8243; global_colors_info=&#8220;{}&#8220; sticky_enabled=&#8220;0&#8243;]<\/p>\n<p><strong>Reflexiones \u2013 Stille Geschichten voller Alltagsmagie<\/strong><br \/><em>Spanisch lesen. Wort f\u00fcr Wort verstehen. Lernen mit Herz.<\/em><br \/><span>R\u00e9flexions ist eine einzigartige Buchreihe f\u00fcr alle, die beim Spanischlernen auf Qualit\u00e4t, Gef\u00fchl und Tiefgang setzen. In jedem Band erwarten dich kurze, ber\u00fchrende Geschichten \u00fcber die leise Sch\u00f6nheit des Alltags \u2013 \u00fcber kleine Entdeckungen, stille Begegnungen, pers\u00f6nliche Erinnerungen und die Magie ganz gew\u00f6hnlicher Momente.<\/span><br \/><span>Ob du Inspiration suchst, Trost findest oder einfach eine ruhige Pause brauchst: Reflexiones l\u00e4dt dich dazu ein, das Besondere im Kleinen zu entdecken \u2013 achtsam, warmherzig und zeitlos.<\/span><br \/><span>R\u00e9flexions wird laufend erweitert \u2013 jede Ausgabe bringt neue Themen, neue Stimmen, neue Perspektiven. Und immer bleibt der Kern gleich: Spanisch lernen durch das Leben selbst.<\/span><\/p>\n<p>[\/et_pb_text][\/et_pb_column][\/et_pb_row][\/et_pb_section][et_pb_section fb_built=&#8220;1&#8243; _builder_version=&#8220;4.25.1&#8243; _module_preset=&#8220;default&#8220; custom_padding=&#8220;4px||0px||false|false&#8220; global_colors_info=&#8220;{}&#8220;][et_pb_row _builder_version=&#8220;4.25.1&#8243; _module_preset=&#8220;default&#8220; width=&#8220;95%&#8220; max_width=&#8220;95%&#8220; global_colors_info=&#8220;{}&#8220;][et_pb_column type=&#8220;4_4&#8243; _builder_version=&#8220;4.19.2&#8243; _module_preset=&#8220;default&#8220; global_colors_info=&#8220;{}&#8220;][et_pb_shop type=&#8220;product_category&#8220; posts_number=&#8220;30&#8243; include_categories=&#8220;285&#8243; columns_number=&#8220;6&#8243; orderby=&#8220;popularity&#8220; _builder_version=&#8220;4.27.6&#8243; _module_preset=&#8220;default&#8220; hover_enabled=&#8220;0&#8243; global_colors_info=&#8220;{}&#8220; sticky_enabled=&#8220;0&#8243;][\/et_pb_shop][\/et_pb_column][\/et_pb_row][\/et_pb_section][et_pb_section fb_built=&#8220;1&#8243; _builder_version=&#8220;4.27.4&#8243; _module_preset=&#8220;default&#8220; custom_margin=&#8220;0px||0px||false|false&#8220; custom_padding=&#8220;0px||0px||false|false&#8220; top_divider_color=&#8220;#F9F5F1&#8243; top_divider_height_tablet=&#8220;70px&#8220; top_divider_height_phone=&#8220;50px&#8220; top_divider_height_last_edited=&#8220;on|phone&#8220; global_colors_info=&#8220;{}&#8220;][et_pb_row custom_padding_last_edited=&#8220;on|phone&#8220; _builder_version=&#8220;4.25.1&#8243; _module_preset=&#8220;default&#8220; custom_padding=&#8220;||||false|false&#8220; custom_padding_tablet=&#8220;40px||||false|false&#8220; custom_padding_phone=&#8220;0px||0px||false|false&#8220; global_colors_info=&#8220;{}&#8220;][et_pb_column type=&#8220;4_4&#8243; _builder_version=&#8220;4.16&#8243; _module_preset=&#8220;default&#8220; global_colors_info=&#8220;{}&#8220;][et_pb_text _builder_version=&#8220;4.16&#8243; _module_preset=&#8220;1c66a2aa-c8d9-4056-a711-f0ea232a3dfe&#8220; global_colors_info=&#8220;{}&#8220;]<\/p>\n<h1 style=\"text-align: center;\">Spanisch &#8211; Moderne Lekt\u00fcre + Worterkl\u00e4rungen<\/h1>\n<p>[\/et_pb_text][et_pb_divider _builder_version=&#8220;4.16&#8243; _module_preset=&#8220;014a649d-9dd9-4cae-8ad1-f535a0092ff3&#8243; height=&#8220;10px&#8220; height_tablet=&#8220;0px&#8220; height_phone=&#8220;0px&#8220; height_last_edited=&#8220;on|phone&#8220; custom_margin=&#8220;||-1px|||&#8220; global_colors_info=&#8220;{}&#8220;][\/et_pb_divider][et_pb_text _builder_version=&#8220;4.27.4&#8243; _module_preset=&#8220;6ac2e05e-f54b-4fc7-8f19-85ded621eb6b&#8220; global_colors_info=&#8220;{}&#8220;]<\/p>\n<p>Die neue Buchreihe <strong>\u201eModerne Lekt\u00fcre B1-B2 + W\u00f6rterbuch\u201c<\/strong> bringt spannende, leicht zug\u00e4ngliche Geschichten f\u00fcr alle, die ihre Englischkenntnisse gezielt verbessern m\u00f6chten.<\/p>\n<p>Diese Texte wurden speziell f\u00fcr Lernende auf B1-B2-Niveau entwickelt und bieten ein motivierendes und gleichzeitig verst\u00e4ndliches Leseerlebnis. Jedes Kapitel enth\u00e4lt nicht nur ein fesselndes Abenteuer, sondern auch ein au\u00dfergew\u00f6hnlich umfangreiches Vokabularangebot: Alle schwierigen W\u00f6rter und Wendungen werden direkt auf der Seite als Fu\u00dfnoten erkl\u00e4rt \u2013 f\u00fcr ein fl\u00fcssiges Lesen ohne st\u00e4ndiges Nachschlagen.<\/p>\n<p>[\/et_pb_text][\/et_pb_column][\/et_pb_row][\/et_pb_section][et_pb_section fb_built=&#8220;1&#8243; _builder_version=&#8220;4.25.1&#8243; _module_preset=&#8220;default&#8220; custom_padding=&#8220;4px||0px||false|false&#8220; global_colors_info=&#8220;{}&#8220;][et_pb_row _builder_version=&#8220;4.25.1&#8243; _module_preset=&#8220;default&#8220; width=&#8220;95%&#8220; max_width=&#8220;95%&#8220; global_colors_info=&#8220;{}&#8220;][et_pb_column type=&#8220;4_4&#8243; _builder_version=&#8220;4.19.2&#8243; _module_preset=&#8220;default&#8220; global_colors_info=&#8220;{}&#8220;][et_pb_shop type=&#8220;product_category&#8220; posts_number=&#8220;30&#8243; include_categories=&#8220;273&#8243; columns_number=&#8220;6&#8243; orderby=&#8220;popularity&#8220; _builder_version=&#8220;4.27.4&#8243; _module_preset=&#8220;default&#8220; global_colors_info=&#8220;{}&#8220;][\/et_pb_shop][\/et_pb_column][\/et_pb_row][\/et_pb_section]<\/p>\n","protected":false},"excerpt":{"rendered":"<p>Spanisch &#8211;\u00a0Moderne Lekt\u00fcre + Frank-Lesemethode&nbsp; Die neue Buchreihe \u201eFrank-Lesemethode: Moderne Lekt\u00fcre A1-A2\u201c bringt spannende, leicht zug\u00e4ngliche Geschichten f\u00fcr alle, die ihre Spanischkenntnisse gezielt verbessern m\u00f6chten. Diese Texte wurden urspr\u00fcnglich f\u00fcr B1-Niveau geschrieben und so angepasst, dass sie A1-A2-Lernenden ein motivierendes und gleichzeitig verst\u00e4ndliches Leseerlebnis bieten.&nbsp; Die neue Buchreihe \u201eFrank-Lesemethode: Moderne Lekt\u00fcre A2-B1\u201c bringt spannende, leicht [&hellip;]<\/p>\n","protected":false},"author":1,"featured_media":0,"parent":0,"menu_order":0,"comment_status":"closed","ping_status":"closed","template":"","meta":{"_acf_changed":false,"_et_pb_use_builder":"on","_et_pb_old_content":"<!-- wp:divi\/placeholder \/-->","_et_gb_content_width":"","footnotes":""},"class_list":["post-14437","page","type-page","status-publish","hentry"],"acf":[],"yoast_head":"<!-- This site is optimized with the Yoast SEO plugin v27.3 - https:\/\/yoast.com\/product\/yoast-seo-wordpress\/ -->\n<title>EasyOriginal.com - Spanisch - Moderne Lekt\u00fcre<\/title>\n<meta name=\"robots\" content=\"index, follow, max-snippet:-1, max-image-preview:large, max-video-preview:-1\" \/>\n<link rel=\"canonical\" href=\"https:\/\/easyoriginal.com\/en\/spanisch-moderne-lektuere\/\" \/>\n<meta property=\"og:locale\" content=\"en_GB\" \/>\n<meta property=\"og:type\" content=\"article\" \/>\n<meta property=\"og:title\" content=\"EasyOriginal.com - Spanisch - Moderne Lekt\u00fcre\" \/>\n<meta property=\"og:description\" content=\"Spanisch -\u00a0Moderne Lekt\u00fcre + Frank-Lesemethode&nbsp; Die neue Buchreihe \u201eFrank-Lesemethode: Moderne Lekt\u00fcre A1-A2\u201c bringt spannende, leicht zug\u00e4ngliche Geschichten f\u00fcr alle, die ihre Spanischkenntnisse gezielt verbessern m\u00f6chten. Diese Texte wurden urspr\u00fcnglich f\u00fcr B1-Niveau geschrieben und so angepasst, dass sie A1-A2-Lernenden ein motivierendes und gleichzeitig verst\u00e4ndliches Leseerlebnis bieten.&nbsp; Die neue Buchreihe \u201eFrank-Lesemethode: Moderne Lekt\u00fcre A2-B1\u201c bringt spannende, leicht [&hellip;]\" \/>\n<meta property=\"og:url\" content=\"https:\/\/easyoriginal.com\/en\/spanisch-moderne-lektuere\/\" \/>\n<meta property=\"og:site_name\" content=\"EasyOriginal.com\" \/>\n<meta property=\"article:modified_time\" content=\"2026-03-17T20:48:08+00:00\" \/>\n<meta name=\"twitter:card\" content=\"summary_large_image\" \/>\n<meta name=\"twitter:label1\" content=\"Estimated reading time\" \/>\n\t<meta name=\"twitter:data1\" content=\"7 minutes\" \/>\n<script type=\"application\/ld+json\" class=\"yoast-schema-graph\">{\"@context\":\"https:\\\/\\\/schema.org\",\"@graph\":[{\"@type\":\"WebPage\",\"@id\":\"https:\\\/\\\/easyoriginal.com\\\/spanisch-moderne-lektuere\\\/\",\"url\":\"https:\\\/\\\/easyoriginal.com\\\/spanisch-moderne-lektuere\\\/\",\"name\":\"EasyOriginal.com - Spanisch - Moderne Lekt\u00fcre\",\"isPartOf\":{\"@id\":\"https:\\\/\\\/easyoriginal.com\\\/#website\"},\"datePublished\":\"2024-12-09T15:06:50+00:00\",\"dateModified\":\"2026-03-17T20:48:08+00:00\",\"breadcrumb\":{\"@id\":\"https:\\\/\\\/easyoriginal.com\\\/spanisch-moderne-lektuere\\\/#breadcrumb\"},\"inLanguage\":\"en-GB\",\"potentialAction\":[{\"@type\":\"ReadAction\",\"target\":[\"https:\\\/\\\/easyoriginal.com\\\/spanisch-moderne-lektuere\\\/\"]}]},{\"@type\":\"BreadcrumbList\",\"@id\":\"https:\\\/\\\/easyoriginal.com\\\/spanisch-moderne-lektuere\\\/#breadcrumb\",\"itemListElement\":[{\"@type\":\"ListItem\",\"position\":1,\"name\":\"Startseite\",\"item\":\"https:\\\/\\\/easyoriginal.com\\\/\"},{\"@type\":\"ListItem\",\"position\":2,\"name\":\"Spanisch &#8211; Moderne Lekt\u00fcre\"}]},{\"@type\":\"WebSite\",\"@id\":\"https:\\\/\\\/easyoriginal.com\\\/#website\",\"url\":\"https:\\\/\\\/easyoriginal.com\\\/\",\"name\":\"EasyOriginal.com\",\"description\":\"Spa\u00df am Lesen im Original - Innovative Lesemethode f\u00fcr Fremdsprachen\",\"publisher\":{\"@id\":\"https:\\\/\\\/easyoriginal.com\\\/#organization\"},\"potentialAction\":[{\"@type\":\"SearchAction\",\"target\":{\"@type\":\"EntryPoint\",\"urlTemplate\":\"https:\\\/\\\/easyoriginal.com\\\/?s={search_term_string}\"},\"query-input\":{\"@type\":\"PropertyValueSpecification\",\"valueRequired\":true,\"valueName\":\"search_term_string\"}}],\"inLanguage\":\"en-GB\"},{\"@type\":\"Organization\",\"@id\":\"https:\\\/\\\/easyoriginal.com\\\/#organization\",\"name\":\"EasyOriginal Verlag\",\"url\":\"https:\\\/\\\/easyoriginal.com\\\/\",\"logo\":{\"@type\":\"ImageObject\",\"inLanguage\":\"en-GB\",\"@id\":\"https:\\\/\\\/easyoriginal.com\\\/#\\\/schema\\\/logo\\\/image\\\/\",\"url\":\"https:\\\/\\\/easyoriginal.com\\\/wp-content\\\/uploads\\\/2020\\\/08\\\/logo_main.png\",\"contentUrl\":\"https:\\\/\\\/easyoriginal.com\\\/wp-content\\\/uploads\\\/2020\\\/08\\\/logo_main.png\",\"width\":500,\"height\":103,\"caption\":\"EasyOriginal Verlag\"},\"image\":{\"@id\":\"https:\\\/\\\/easyoriginal.com\\\/#\\\/schema\\\/logo\\\/image\\\/\"}}]}<\/script>\n<!-- \/ Yoast SEO plugin. -->","yoast_head_json":{"title":"EasyOriginal.com - Spanisch - Moderne Lekt\u00fcre","robots":{"index":"index","follow":"follow","max-snippet":"max-snippet:-1","max-image-preview":"max-image-preview:large","max-video-preview":"max-video-preview:-1"},"canonical":"https:\/\/easyoriginal.com\/en\/spanisch-moderne-lektuere\/","og_locale":"en_GB","og_type":"article","og_title":"EasyOriginal.com - Spanisch - Moderne Lekt\u00fcre","og_description":"Spanisch -\u00a0Moderne Lekt\u00fcre + Frank-Lesemethode&nbsp; Die neue Buchreihe \u201eFrank-Lesemethode: Moderne Lekt\u00fcre A1-A2\u201c bringt spannende, leicht zug\u00e4ngliche Geschichten f\u00fcr alle, die ihre Spanischkenntnisse gezielt verbessern m\u00f6chten. Diese Texte wurden urspr\u00fcnglich f\u00fcr B1-Niveau geschrieben und so angepasst, dass sie A1-A2-Lernenden ein motivierendes und gleichzeitig verst\u00e4ndliches Leseerlebnis bieten.&nbsp; Die neue Buchreihe \u201eFrank-Lesemethode: Moderne Lekt\u00fcre A2-B1\u201c bringt spannende, leicht [&hellip;]","og_url":"https:\/\/easyoriginal.com\/en\/spanisch-moderne-lektuere\/","og_site_name":"EasyOriginal.com","article_modified_time":"2026-03-17T20:48:08+00:00","twitter_card":"summary_large_image","twitter_misc":{"Estimated reading time":"7 minutes"},"schema":{"@context":"https:\/\/schema.org","@graph":[{"@type":"WebPage","@id":"https:\/\/easyoriginal.com\/spanisch-moderne-lektuere\/","url":"https:\/\/easyoriginal.com\/spanisch-moderne-lektuere\/","name":"EasyOriginal.com - Spanisch - Moderne Lekt\u00fcre","isPartOf":{"@id":"https:\/\/easyoriginal.com\/#website"},"datePublished":"2024-12-09T15:06:50+00:00","dateModified":"2026-03-17T20:48:08+00:00","breadcrumb":{"@id":"https:\/\/easyoriginal.com\/spanisch-moderne-lektuere\/#breadcrumb"},"inLanguage":"en-GB","potentialAction":[{"@type":"ReadAction","target":["https:\/\/easyoriginal.com\/spanisch-moderne-lektuere\/"]}]},{"@type":"BreadcrumbList","@id":"https:\/\/easyoriginal.com\/spanisch-moderne-lektuere\/#breadcrumb","itemListElement":[{"@type":"ListItem","position":1,"name":"Startseite","item":"https:\/\/easyoriginal.com\/"},{"@type":"ListItem","position":2,"name":"Spanisch &#8211; Moderne Lekt\u00fcre"}]},{"@type":"WebSite","@id":"https:\/\/easyoriginal.com\/#website","url":"https:\/\/easyoriginal.com\/","name":"EasyOriginal.com","description":"Spa\u00df am Lesen im Original - Innovative Lesemethode f\u00fcr Fremdsprachen","publisher":{"@id":"https:\/\/easyoriginal.com\/#organization"},"potentialAction":[{"@type":"SearchAction","target":{"@type":"EntryPoint","urlTemplate":"https:\/\/easyoriginal.com\/?s={search_term_string}"},"query-input":{"@type":"PropertyValueSpecification","valueRequired":true,"valueName":"search_term_string"}}],"inLanguage":"en-GB"},{"@type":"Organization","@id":"https:\/\/easyoriginal.com\/#organization","name":"EasyOriginal Verlag","url":"https:\/\/easyoriginal.com\/","logo":{"@type":"ImageObject","inLanguage":"en-GB","@id":"https:\/\/easyoriginal.com\/#\/schema\/logo\/image\/","url":"https:\/\/easyoriginal.com\/wp-content\/uploads\/2020\/08\/logo_main.png","contentUrl":"https:\/\/easyoriginal.com\/wp-content\/uploads\/2020\/08\/logo_main.png","width":500,"height":103,"caption":"EasyOriginal Verlag"},"image":{"@id":"https:\/\/easyoriginal.com\/#\/schema\/logo\/image\/"}}]}},"_links":{"self":[{"href":"https:\/\/easyoriginal.com\/en\/wp-json\/wp\/v2\/pages\/14437","targetHints":{"allow":["GET"]}}],"collection":[{"href":"https:\/\/easyoriginal.com\/en\/wp-json\/wp\/v2\/pages"}],"about":[{"href":"https:\/\/easyoriginal.com\/en\/wp-json\/wp\/v2\/types\/page"}],"author":[{"embeddable":true,"href":"https:\/\/easyoriginal.com\/en\/wp-json\/wp\/v2\/users\/1"}],"replies":[{"embeddable":true,"href":"https:\/\/easyoriginal.com\/en\/wp-json\/wp\/v2\/comments?post=14437"}],"version-history":[{"count":8,"href":"https:\/\/easyoriginal.com\/en\/wp-json\/wp\/v2\/pages\/14437\/revisions"}],"predecessor-version":[{"id":17227,"href":"https:\/\/easyoriginal.com\/en\/wp-json\/wp\/v2\/pages\/14437\/revisions\/17227"}],"wp:attachment":[{"href":"https:\/\/easyoriginal.com\/en\/wp-json\/wp\/v2\/media?parent=14437"}],"curies":[{"name":"wp","href":"https:\/\/api.w.org\/{rel}","templated":true}]}}