{"id":12245,"date":"2023-04-28T13:15:25","date_gmt":"2023-04-28T11:15:25","guid":{"rendered":"https:\/\/easyoriginal.com\/starter-sets-russisch-deutsch-2\/"},"modified":"2024-05-30T23:53:41","modified_gmt":"2024-05-30T21:53:41","slug":"starter-sets-franzoesisch-deutsch","status":"publish","type":"page","link":"https:\/\/easyoriginal.com\/en\/starter-sets-franzoesisch-deutsch\/","title":{"rendered":"Starter-Sets Franz\u00f6sisch-Deutsch"},"content":{"rendered":"<p>[et_pb_section fb_built=&#8220;1&#8243; _builder_version=&#8220;4.25.1&#8243; _module_preset=&#8220;default&#8220; custom_padding=&#8220;3px||6px|||&#8220; top_divider_style=&#8220;arrow2&#8243; top_divider_color=&#8220;#f9f5f1&#8243; top_divider_height_tablet=&#8220;70px&#8220; top_divider_height_phone=&#8220;50px&#8220; top_divider_height_last_edited=&#8220;on|phone&#8220; hover_enabled=&#8220;0&#8243; global_colors_info=&#8220;{}&#8220; sticky_enabled=&#8220;0&#8243;][et_pb_row custom_padding_last_edited=&#8220;on|phone&#8220; _builder_version=&#8220;4.25.1&#8243; _module_preset=&#8220;default&#8220; custom_padding=&#8220;||||false|false&#8220; custom_padding_tablet=&#8220;40px||||false|false&#8220; custom_padding_phone=&#8220;0px||0px||false|false&#8220; hover_enabled=&#8220;0&#8243; global_colors_info=&#8220;{}&#8220; sticky_enabled=&#8220;0&#8243;][et_pb_column type=&#8220;4_4&#8243; _builder_version=&#8220;4.16&#8243; _module_preset=&#8220;default&#8220; global_colors_info=&#8220;{}&#8220;][et_pb_text _builder_version=&#8220;4.20.2&#8243; _module_preset=&#8220;1c66a2aa-c8d9-4056-a711-f0ea232a3dfe&#8220; global_colors_info=&#8220;{}&#8220;]<\/p>\n<h1 style=\"text-align: center;\">Starter-Sets Franz\u00f6sisch-Deutsch<\/h1>\n<p>[\/et_pb_text][et_pb_divider _builder_version=&#8220;4.16&#8243; _module_preset=&#8220;014a649d-9dd9-4cae-8ad1-f535a0092ff3&#8243; height=&#8220;10px&#8220; height_tablet=&#8220;0px&#8220; height_phone=&#8220;0px&#8220; height_last_edited=&#8220;on|phone&#8220; custom_margin=&#8220;||0px|||&#8220; global_colors_info=&#8220;{}&#8220;][\/et_pb_divider][et_pb_text _builder_version=&#8220;4.20.0&#8243; _module_preset=&#8220;6ac2e05e-f54b-4fc7-8f19-85ded621eb6b&#8220; text_font=&#8220;|700|||||||&#8220; global_colors_info=&#8220;{}&#8220;]<\/p>\n<p style=\"text-align: center;\">Easy Start mit EasyOriginal!<\/p>\n<p>[\/et_pb_text][et_pb_text _builder_version=&#8220;4.20.2&#8243; _module_preset=&#8220;default&#8220; text_font_size=&#8220;18px&#8220; text_line_height=&#8220;1.8em&#8220; custom_margin=&#8220;12px||20px||false|false&#8220; text_font_size_tablet=&#8220;&#8220; text_font_size_phone=&#8220;18px&#8220; text_font_size_last_edited=&#8220;on|desktop&#8220; global_colors_info=&#8220;{}&#8220;]<\/p>\n<p><span>Starter-Set:<\/span><\/p>\n<ol>\n<li><span>Lesemethode von Ilya Frank &#8211; eine Kurzgeschichte<\/span><\/li>\n<li><span>Readable Classics &#8211; Unabridged french edition with improved readability, easy to read font and comfortable font size. High-quality print and premium white paper.<\/span><\/li>\n<\/ol>\n<p><span>Mit dem EasyOriginal Starter-Set k\u00f6nnen Sie problemlos und ohne gro\u00dfen Zeitaufwand in Originalausgaben auf Russisch eintauchen. Dank der revolution\u00e4ren Lesemethode von Ilya Frank werden die erste Kurzgeschichte zu einem Vergn\u00fcgen, denn Sie verstehen den Text sofort und vollst\u00e4ndig und m\u00fcssen kein W\u00f6rterbuch zur Hand nehmen. Nachdem Sie die erste Kurzgeschichte gelesen haben, wird es Ihnen leicht fallen, den Originaltext bis zum Ende des Buches zu lesen \u2013 und das mit gr\u00f6\u00dferem Vergn\u00fcgen als je zuvor!<\/span><\/p>\n<p>[\/et_pb_text][\/et_pb_column][\/et_pb_row][\/et_pb_section][et_pb_section fb_built=&#8220;1&#8243; _builder_version=&#8220;4.18.0&#8243; _module_preset=&#8220;default&#8220; custom_padding=&#8220;0px|||||&#8220; global_colors_info=&#8220;{}&#8220;][et_pb_row _builder_version=&#8220;4.19.2&#8243; _module_preset=&#8220;default&#8220; custom_margin=&#8220;||||false|false&#8220; custom_padding=&#8220;0px||||false|false&#8220; global_colors_info=&#8220;{}&#8220;][et_pb_column type=&#8220;4_4&#8243; _builder_version=&#8220;4.18.0&#8243; _module_preset=&#8220;default&#8220; global_colors_info=&#8220;{}&#8220;][et_pb_shop type=&#8220;product_category&#8220; include_categories=&#8220;237&#8243; sale_badge_color=&#8220;#BD9661&#8243; module_class=&#8220;sets&#8220; _builder_version=&#8220;4.21.0&#8243; _module_preset=&#8220;default&#8220; sale_badge_font=&#8220;||||||||&#8220; width_tablet=&#8220;&#8220; width_phone=&#8220;&#8220; width_last_edited=&#8220;on|phone&#8220; border_width_all_sale_badge=&#8220;0px&#8220; border_color_all_sale_badge=&#8220;#F9F5F1&#8243; global_colors_info=&#8220;{}&#8220; custom_css_main_element_last_edited=&#8220;on|phone&#8220;][\/et_pb_shop][\/et_pb_column][\/et_pb_row][\/et_pb_section][et_pb_section fb_built=&#8220;1&#8243; disabled_on=&#8220;on|on|on&#8220; _builder_version=&#8220;4.16&#8243; _module_preset=&#8220;default&#8220; custom_padding=&#8220;26px|||||&#8220; disabled=&#8220;on&#8220; global_colors_info=&#8220;{}&#8220;][et_pb_row use_custom_gutter=&#8220;on&#8220; gutter_width=&#8220;1&#8243; _builder_version=&#8220;4.16&#8243; _module_preset=&#8220;default&#8220; width=&#8220;90%&#8220; max_width=&#8220;100%&#8220; custom_padding=&#8220;2px|||||&#8220; global_colors_info=&#8220;{}&#8220;][et_pb_column type=&#8220;4_4&#8243; _builder_version=&#8220;4.16&#8243; _module_preset=&#8220;default&#8220; global_colors_info=&#8220;{}&#8220;][et_pb_text _builder_version=&#8220;4.16&#8243; _module_preset=&#8220;default&#8220; header_2_font=&#8220;|600|||||||&#8220; header_2_text_align=&#8220;center&#8220; header_2_text_color=&#8220;rgba(189,150,97,0.62)&#8220; header_2_font_size=&#8220;36px&#8220; header_2_font_size_tablet=&#8220;&#8220; header_2_font_size_phone=&#8220;30px&#8220; header_2_font_size_last_edited=&#8220;on|phone&#8220; global_colors_info=&#8220;{}&#8220;]<\/p>\n<h2 class=\"heading-title\">Erscheinen in K\u00fcrze<\/h2>\n<p>[\/et_pb_text][et_pb_gallery gallery_ids=&#8220;10168,10175,10160,10159,10167,10162,10157,10179,10174,10178,10180,10176,10166,10165,10164,10154,10155,10156,10161,10171,10173&#8243; posts_number=&#8220;40&#8243; orientation=&#8220;portrait&#8220; show_title_and_caption=&#8220;off&#8220; show_pagination=&#8220;off&#8220; zoom_icon_color=&#8220;rgba(0,0,0,0)&#8220; hover_overlay_color=&#8220;rgba(0,0,0,0)&#8220; module_class=&#8220;disable-lightbox&#8220; _builder_version=&#8220;4.19.1&#8243; _module_preset=&#8220;default&#8220; module_alignment=&#8220;center&#8220; custom_padding=&#8220;35px|||||&#8220; custom_css_gallery_item=&#8220;width: 16% !important;||clear: none !important;||padding-left: 10px;||padding-right: 10px;||padding-bottom: 2rem;&#8220; global_colors_info=&#8220;{}&#8220; custom_css_gallery_item_last_edited=&#8220;on|phone&#8220; custom_css_gallery_item_tablet=&#8220;width: 25%!important;||clear: none !important;||padding-left: 10px;||padding-right: 10px;||padding-bottom: 2rem;&#8220; custom_css_gallery_item_phone=&#8220;width: 33%!important;||clear: none !important;||padding-left: 10px;||padding-right: 10px;||padding-bottom: 2rem;&#8220;][\/et_pb_gallery][\/et_pb_column][\/et_pb_row][\/et_pb_section]<\/p>\n","protected":false},"excerpt":{"rendered":"<p>Starter-Sets Franz\u00f6sisch-DeutschEasy Start mit EasyOriginal!Starter-Set: Lesemethode von Ilya Frank &#8211; eine Kurzgeschichte Readable Classics &#8211; Unabridged french edition with improved readability, easy to read font and comfortable font size. High-quality print and premium white paper. Mit dem EasyOriginal Starter-Set k\u00f6nnen Sie problemlos und ohne gro\u00dfen Zeitaufwand in Originalausgaben auf Russisch eintauchen. Dank der revolution\u00e4ren Lesemethode [&hellip;]<\/p>\n","protected":false},"author":1,"featured_media":0,"parent":0,"menu_order":0,"comment_status":"closed","ping_status":"closed","template":"","meta":{"_acf_changed":false,"_et_pb_use_builder":"on","_et_pb_old_content":"<!-- wp:divi\/placeholder \/-->","_et_gb_content_width":"","footnotes":""},"class_list":["post-12245","page","type-page","status-publish","hentry"],"acf":[],"yoast_head":"<!-- This site is optimized with the Yoast SEO plugin v27.4 - https:\/\/yoast.com\/product\/yoast-seo-wordpress\/ -->\n<title>EasyOriginal.com - Starter-Sets Franz\u00f6sisch-Deutsch<\/title>\n<meta name=\"robots\" content=\"index, follow, max-snippet:-1, max-image-preview:large, max-video-preview:-1\" \/>\n<link rel=\"canonical\" href=\"https:\/\/easyoriginal.com\/en\/starter-sets-franzoesisch-deutsch\/\" \/>\n<meta property=\"og:locale\" content=\"en_GB\" \/>\n<meta property=\"og:type\" content=\"article\" \/>\n<meta property=\"og:title\" content=\"EasyOriginal.com - Starter-Sets Franz\u00f6sisch-Deutsch\" \/>\n<meta property=\"og:description\" content=\"Starter-Sets Franz\u00f6sisch-DeutschEasy Start mit EasyOriginal!Starter-Set: Lesemethode von Ilya Frank - eine Kurzgeschichte Readable Classics - Unabridged french edition with improved readability, easy to read font and comfortable font size. High-quality print and premium white paper. Mit dem EasyOriginal Starter-Set k\u00f6nnen Sie problemlos und ohne gro\u00dfen Zeitaufwand in Originalausgaben auf Russisch eintauchen. Dank der revolution\u00e4ren Lesemethode [&hellip;]\" \/>\n<meta property=\"og:url\" content=\"https:\/\/easyoriginal.com\/en\/starter-sets-franzoesisch-deutsch\/\" \/>\n<meta property=\"og:site_name\" content=\"EasyOriginal.com\" \/>\n<meta property=\"article:modified_time\" content=\"2024-05-30T21:53:41+00:00\" \/>\n<meta name=\"twitter:card\" content=\"summary_large_image\" \/>\n<meta name=\"twitter:label1\" content=\"Estimated reading time\" \/>\n\t<meta name=\"twitter:data1\" content=\"1 minute\" \/>\n<script type=\"application\/ld+json\" class=\"yoast-schema-graph\">{\"@context\":\"https:\\\/\\\/schema.org\",\"@graph\":[{\"@type\":\"WebPage\",\"@id\":\"https:\\\/\\\/easyoriginal.com\\\/starter-sets-franzoesisch-deutsch\\\/\",\"url\":\"https:\\\/\\\/easyoriginal.com\\\/starter-sets-franzoesisch-deutsch\\\/\",\"name\":\"EasyOriginal.com - Starter-Sets Franz\u00f6sisch-Deutsch\",\"isPartOf\":{\"@id\":\"https:\\\/\\\/easyoriginal.com\\\/#website\"},\"datePublished\":\"2023-04-28T11:15:25+00:00\",\"dateModified\":\"2024-05-30T21:53:41+00:00\",\"breadcrumb\":{\"@id\":\"https:\\\/\\\/easyoriginal.com\\\/starter-sets-franzoesisch-deutsch\\\/#breadcrumb\"},\"inLanguage\":\"en-GB\",\"potentialAction\":[{\"@type\":\"ReadAction\",\"target\":[\"https:\\\/\\\/easyoriginal.com\\\/starter-sets-franzoesisch-deutsch\\\/\"]}]},{\"@type\":\"BreadcrumbList\",\"@id\":\"https:\\\/\\\/easyoriginal.com\\\/starter-sets-franzoesisch-deutsch\\\/#breadcrumb\",\"itemListElement\":[{\"@type\":\"ListItem\",\"position\":1,\"name\":\"Startseite\",\"item\":\"https:\\\/\\\/easyoriginal.com\\\/\"},{\"@type\":\"ListItem\",\"position\":2,\"name\":\"Starter-Sets Franz\u00f6sisch-Deutsch\"}]},{\"@type\":\"WebSite\",\"@id\":\"https:\\\/\\\/easyoriginal.com\\\/#website\",\"url\":\"https:\\\/\\\/easyoriginal.com\\\/\",\"name\":\"EasyOriginal.com\",\"description\":\"Spa\u00df am Lesen im Original - Innovative Lesemethode f\u00fcr Fremdsprachen\",\"publisher\":{\"@id\":\"https:\\\/\\\/easyoriginal.com\\\/#organization\"},\"potentialAction\":[{\"@type\":\"SearchAction\",\"target\":{\"@type\":\"EntryPoint\",\"urlTemplate\":\"https:\\\/\\\/easyoriginal.com\\\/?s={search_term_string}\"},\"query-input\":{\"@type\":\"PropertyValueSpecification\",\"valueRequired\":true,\"valueName\":\"search_term_string\"}}],\"inLanguage\":\"en-GB\"},{\"@type\":\"Organization\",\"@id\":\"https:\\\/\\\/easyoriginal.com\\\/#organization\",\"name\":\"EasyOriginal Verlag\",\"url\":\"https:\\\/\\\/easyoriginal.com\\\/\",\"logo\":{\"@type\":\"ImageObject\",\"inLanguage\":\"en-GB\",\"@id\":\"https:\\\/\\\/easyoriginal.com\\\/#\\\/schema\\\/logo\\\/image\\\/\",\"url\":\"https:\\\/\\\/easyoriginal.com\\\/wp-content\\\/uploads\\\/2020\\\/08\\\/logo_main.png\",\"contentUrl\":\"https:\\\/\\\/easyoriginal.com\\\/wp-content\\\/uploads\\\/2020\\\/08\\\/logo_main.png\",\"width\":500,\"height\":103,\"caption\":\"EasyOriginal Verlag\"},\"image\":{\"@id\":\"https:\\\/\\\/easyoriginal.com\\\/#\\\/schema\\\/logo\\\/image\\\/\"}}]}<\/script>\n<!-- \/ Yoast SEO plugin. -->","yoast_head_json":{"title":"EasyOriginal.com - Starter-Sets Franz\u00f6sisch-Deutsch","robots":{"index":"index","follow":"follow","max-snippet":"max-snippet:-1","max-image-preview":"max-image-preview:large","max-video-preview":"max-video-preview:-1"},"canonical":"https:\/\/easyoriginal.com\/en\/starter-sets-franzoesisch-deutsch\/","og_locale":"en_GB","og_type":"article","og_title":"EasyOriginal.com - Starter-Sets Franz\u00f6sisch-Deutsch","og_description":"Starter-Sets Franz\u00f6sisch-DeutschEasy Start mit EasyOriginal!Starter-Set: Lesemethode von Ilya Frank - eine Kurzgeschichte Readable Classics - Unabridged french edition with improved readability, easy to read font and comfortable font size. High-quality print and premium white paper. Mit dem EasyOriginal Starter-Set k\u00f6nnen Sie problemlos und ohne gro\u00dfen Zeitaufwand in Originalausgaben auf Russisch eintauchen. Dank der revolution\u00e4ren Lesemethode [&hellip;]","og_url":"https:\/\/easyoriginal.com\/en\/starter-sets-franzoesisch-deutsch\/","og_site_name":"EasyOriginal.com","article_modified_time":"2024-05-30T21:53:41+00:00","twitter_card":"summary_large_image","twitter_misc":{"Estimated reading time":"1 minute"},"schema":{"@context":"https:\/\/schema.org","@graph":[{"@type":"WebPage","@id":"https:\/\/easyoriginal.com\/starter-sets-franzoesisch-deutsch\/","url":"https:\/\/easyoriginal.com\/starter-sets-franzoesisch-deutsch\/","name":"EasyOriginal.com - Starter-Sets Franz\u00f6sisch-Deutsch","isPartOf":{"@id":"https:\/\/easyoriginal.com\/#website"},"datePublished":"2023-04-28T11:15:25+00:00","dateModified":"2024-05-30T21:53:41+00:00","breadcrumb":{"@id":"https:\/\/easyoriginal.com\/starter-sets-franzoesisch-deutsch\/#breadcrumb"},"inLanguage":"en-GB","potentialAction":[{"@type":"ReadAction","target":["https:\/\/easyoriginal.com\/starter-sets-franzoesisch-deutsch\/"]}]},{"@type":"BreadcrumbList","@id":"https:\/\/easyoriginal.com\/starter-sets-franzoesisch-deutsch\/#breadcrumb","itemListElement":[{"@type":"ListItem","position":1,"name":"Startseite","item":"https:\/\/easyoriginal.com\/"},{"@type":"ListItem","position":2,"name":"Starter-Sets Franz\u00f6sisch-Deutsch"}]},{"@type":"WebSite","@id":"https:\/\/easyoriginal.com\/#website","url":"https:\/\/easyoriginal.com\/","name":"EasyOriginal.com","description":"Spa\u00df am Lesen im Original - Innovative Lesemethode f\u00fcr Fremdsprachen","publisher":{"@id":"https:\/\/easyoriginal.com\/#organization"},"potentialAction":[{"@type":"SearchAction","target":{"@type":"EntryPoint","urlTemplate":"https:\/\/easyoriginal.com\/?s={search_term_string}"},"query-input":{"@type":"PropertyValueSpecification","valueRequired":true,"valueName":"search_term_string"}}],"inLanguage":"en-GB"},{"@type":"Organization","@id":"https:\/\/easyoriginal.com\/#organization","name":"EasyOriginal Verlag","url":"https:\/\/easyoriginal.com\/","logo":{"@type":"ImageObject","inLanguage":"en-GB","@id":"https:\/\/easyoriginal.com\/#\/schema\/logo\/image\/","url":"https:\/\/easyoriginal.com\/wp-content\/uploads\/2020\/08\/logo_main.png","contentUrl":"https:\/\/easyoriginal.com\/wp-content\/uploads\/2020\/08\/logo_main.png","width":500,"height":103,"caption":"EasyOriginal Verlag"},"image":{"@id":"https:\/\/easyoriginal.com\/#\/schema\/logo\/image\/"}}]}},"_links":{"self":[{"href":"https:\/\/easyoriginal.com\/en\/wp-json\/wp\/v2\/pages\/12245","targetHints":{"allow":["GET"]}}],"collection":[{"href":"https:\/\/easyoriginal.com\/en\/wp-json\/wp\/v2\/pages"}],"about":[{"href":"https:\/\/easyoriginal.com\/en\/wp-json\/wp\/v2\/types\/page"}],"author":[{"embeddable":true,"href":"https:\/\/easyoriginal.com\/en\/wp-json\/wp\/v2\/users\/1"}],"replies":[{"embeddable":true,"href":"https:\/\/easyoriginal.com\/en\/wp-json\/wp\/v2\/comments?post=12245"}],"version-history":[{"count":3,"href":"https:\/\/easyoriginal.com\/en\/wp-json\/wp\/v2\/pages\/12245\/revisions"}],"predecessor-version":[{"id":13450,"href":"https:\/\/easyoriginal.com\/en\/wp-json\/wp\/v2\/pages\/12245\/revisions\/13450"}],"wp:attachment":[{"href":"https:\/\/easyoriginal.com\/en\/wp-json\/wp\/v2\/media?parent=12245"}],"curies":[{"name":"wp","href":"https:\/\/api.w.org\/{rel}","templated":true}]}}