{"id":11365,"date":"2023-01-04T20:52:06","date_gmt":"2023-01-04T19:52:06","guid":{"rendered":"https:\/\/easyoriginal.com\/ilya-frank-wer-ist-das-2\/"},"modified":"2023-01-04T21:09:38","modified_gmt":"2023-01-04T20:09:38","slug":"partnerprogramm","status":"publish","type":"page","link":"https:\/\/easyoriginal.com\/en\/partnerprogramm\/","title":{"rendered":"Partnerprogramm"},"content":{"rendered":"<p>[et_pb_section fb_built=&#8220;1&#8243; admin_label=&#8220;section&#8220; _builder_version=&#8220;4.16&#8243; top_divider_style=&#8220;clouds2&#8243; top_divider_color=&#8220;#f9f5f1&#8243; global_colors_info=&#8220;{}&#8220;][et_pb_row admin_label=&#8220;row&#8220; _builder_version=&#8220;4.16&#8243; background_size=&#8220;initial&#8220; background_position=&#8220;top_left&#8220; background_repeat=&#8220;repeat&#8220; custom_padding=&#8220;117px|||||&#8220; global_colors_info=&#8220;{}&#8220;][et_pb_column type=&#8220;4_4&#8243; _builder_version=&#8220;4.16&#8243; custom_padding=&#8220;|||&#8220; global_colors_info=&#8220;{}&#8220; custom_padding__hover=&#8220;|||&#8220;][et_pb_text _builder_version=&#8220;4.19.4&#8243; _module_preset=&#8220;default&#8220; hover_enabled=&#8220;0&#8243; global_colors_info=&#8220;{}&#8220; sticky_enabled=&#8220;0&#8243;]<\/p>\n<h1>Partnerprogramm<\/h1>\n<p>[\/et_pb_text][et_pb_text admin_label=&#8220;Text&#8220; module_class=&#8220;text&#8220; _builder_version=&#8220;4.19.4&#8243; background_size=&#8220;initial&#8220; background_position=&#8220;top_left&#8220; background_repeat=&#8220;repeat&#8220; hover_enabled=&#8220;0&#8243; global_colors_info=&#8220;{}&#8220; sticky_enabled=&#8220;0&#8243; ul_line_height=&#8220;1.6em&#8220;]<\/p>\n<h2>20% Provision &#8211; lebenslang!<\/h2>\n<p><strong><\/strong><\/p>\n<p><strong>Ihre Vorteile:<\/strong><\/p>\n<ul>\n<li><strong>Lifetime-Provisionen\u00a0<\/strong>&#8211; lebenslange Provisionen f\u00fcr Ihre Kunden-Vermittlungen<\/li>\n<li><strong>Faire und attraktive Provisionen <\/strong>&#8211; f\u00fcr jeden von Ihnen vermittelten Auftrag erhalten Sie eine Provision von 20% netto auf den Wert der bestellten B\u00fccher und eBooks.<\/li>\n<li><strong>Einzigartige Produkte mit Alleinstellungsmerkmal<\/strong><\/li>\n<li><strong>Kostenlose Teilnahme\u00a0<\/strong> &#8211; die Teilnahme am Partnerprogramm ist f\u00fcr Sie kostenlos und ganz ohne Risiko.<\/li>\n<li><strong>30 Tage Cookie-Laufzeit <\/strong>&#8211; Sie erhalten Provision auf alle Ums\u00e4tze, die ein Kunde bei einem Einkauf innerhalb von 30 Tagen nach seinem ersten Besuch \u00fcber Ihre Website t\u00e4tigt.<\/li>\n<\/ul>\n<p>[\/et_pb_text][et_pb_button button_text=&#8220;Jetzt anmelden&#8220; _builder_version=&#8220;4.19.4&#8243; _module_preset=&#8220;default&#8220; button_url=&#8220;@ET-DC@eyJkeW5hbWljIjp0cnVlLCJjb250ZW50IjoicG9zdF9saW5rX3VybF9wYWdlIiwic2V0dGluZ3MiOnsicG9zdF9pZCI6IjExMzYwIn19@&#8220; _dynamic_attributes=&#8220;button_url&#8220; custom_button=&#8220;on&#8220; button_text_color=&#8220;#F9F5F1&#8243; button_bg_color=&#8220;#BD9661&#8243; button_bg_enable_color=&#8220;on&#8220; button_text_size=&#8220;22px&#8220; hover_enabled=&#8220;0&#8243; sticky_enabled=&#8220;0&#8243;][\/et_pb_button][\/et_pb_column][\/et_pb_row][\/et_pb_section]<\/p>\n","protected":false},"excerpt":{"rendered":"<p>Partnerprogramm20% Provision &#8211; lebenslang! Ihre Vorteile: Lifetime-Provisionen\u00a0&#8211; lebenslange Provisionen f\u00fcr Ihre Kunden-Vermittlungen Faire und attraktive Provisionen &#8211; f\u00fcr jeden von Ihnen vermittelten Auftrag erhalten Sie eine Provision von 20% netto auf den Wert der bestellten B\u00fccher und eBooks. Einzigartige Produkte mit Alleinstellungsmerkmal Kostenlose Teilnahme\u00a0 &#8211; die Teilnahme am Partnerprogramm ist f\u00fcr Sie kostenlos und ganz [&hellip;]<\/p>\n","protected":false},"author":1,"featured_media":0,"parent":0,"menu_order":0,"comment_status":"closed","ping_status":"closed","template":"","meta":{"_acf_changed":false,"_et_pb_use_builder":"on","_et_pb_old_content":"","_et_gb_content_width":"","footnotes":""},"class_list":["post-11365","page","type-page","status-publish","hentry"],"acf":[],"yoast_head":"<!-- This site is optimized with the Yoast SEO plugin v27.4 - https:\/\/yoast.com\/product\/yoast-seo-wordpress\/ -->\n<title>EasyOriginal.com - Partnerprogramm<\/title>\n<meta name=\"robots\" content=\"index, follow, max-snippet:-1, max-image-preview:large, max-video-preview:-1\" \/>\n<link rel=\"canonical\" href=\"https:\/\/easyoriginal.com\/en\/partnerprogramm\/\" \/>\n<meta property=\"og:locale\" content=\"en_GB\" \/>\n<meta property=\"og:type\" content=\"article\" \/>\n<meta property=\"og:title\" content=\"EasyOriginal.com - Partnerprogramm\" \/>\n<meta property=\"og:description\" content=\"Partnerprogramm20% Provision - lebenslang! Ihre Vorteile: Lifetime-Provisionen\u00a0- lebenslange Provisionen f\u00fcr Ihre Kunden-Vermittlungen Faire und attraktive Provisionen - f\u00fcr jeden von Ihnen vermittelten Auftrag erhalten Sie eine Provision von 20% netto auf den Wert der bestellten B\u00fccher und eBooks. Einzigartige Produkte mit Alleinstellungsmerkmal Kostenlose Teilnahme\u00a0 - die Teilnahme am Partnerprogramm ist f\u00fcr Sie kostenlos und ganz [&hellip;]\" \/>\n<meta property=\"og:url\" content=\"https:\/\/easyoriginal.com\/en\/partnerprogramm\/\" \/>\n<meta property=\"og:site_name\" content=\"EasyOriginal.com\" \/>\n<meta property=\"article:modified_time\" content=\"2023-01-04T20:09:38+00:00\" \/>\n<meta name=\"twitter:card\" content=\"summary_large_image\" \/>\n<script type=\"application\/ld+json\" class=\"yoast-schema-graph\">{\"@context\":\"https:\\\/\\\/schema.org\",\"@graph\":[{\"@type\":\"WebPage\",\"@id\":\"https:\\\/\\\/easyoriginal.com\\\/partnerprogramm\\\/\",\"url\":\"https:\\\/\\\/easyoriginal.com\\\/partnerprogramm\\\/\",\"name\":\"EasyOriginal.com - Partnerprogramm\",\"isPartOf\":{\"@id\":\"https:\\\/\\\/easyoriginal.com\\\/#website\"},\"datePublished\":\"2023-01-04T19:52:06+00:00\",\"dateModified\":\"2023-01-04T20:09:38+00:00\",\"breadcrumb\":{\"@id\":\"https:\\\/\\\/easyoriginal.com\\\/partnerprogramm\\\/#breadcrumb\"},\"inLanguage\":\"en-GB\",\"potentialAction\":[{\"@type\":\"ReadAction\",\"target\":[\"https:\\\/\\\/easyoriginal.com\\\/partnerprogramm\\\/\"]}]},{\"@type\":\"BreadcrumbList\",\"@id\":\"https:\\\/\\\/easyoriginal.com\\\/partnerprogramm\\\/#breadcrumb\",\"itemListElement\":[{\"@type\":\"ListItem\",\"position\":1,\"name\":\"Startseite\",\"item\":\"https:\\\/\\\/easyoriginal.com\\\/\"},{\"@type\":\"ListItem\",\"position\":2,\"name\":\"Partnerprogramm\"}]},{\"@type\":\"WebSite\",\"@id\":\"https:\\\/\\\/easyoriginal.com\\\/#website\",\"url\":\"https:\\\/\\\/easyoriginal.com\\\/\",\"name\":\"EasyOriginal.com\",\"description\":\"Spa\u00df am Lesen im Original - Innovative Lesemethode f\u00fcr Fremdsprachen\",\"publisher\":{\"@id\":\"https:\\\/\\\/easyoriginal.com\\\/#organization\"},\"potentialAction\":[{\"@type\":\"SearchAction\",\"target\":{\"@type\":\"EntryPoint\",\"urlTemplate\":\"https:\\\/\\\/easyoriginal.com\\\/?s={search_term_string}\"},\"query-input\":{\"@type\":\"PropertyValueSpecification\",\"valueRequired\":true,\"valueName\":\"search_term_string\"}}],\"inLanguage\":\"en-GB\"},{\"@type\":\"Organization\",\"@id\":\"https:\\\/\\\/easyoriginal.com\\\/#organization\",\"name\":\"EasyOriginal Verlag\",\"url\":\"https:\\\/\\\/easyoriginal.com\\\/\",\"logo\":{\"@type\":\"ImageObject\",\"inLanguage\":\"en-GB\",\"@id\":\"https:\\\/\\\/easyoriginal.com\\\/#\\\/schema\\\/logo\\\/image\\\/\",\"url\":\"https:\\\/\\\/easyoriginal.com\\\/wp-content\\\/uploads\\\/2020\\\/08\\\/logo_main.png\",\"contentUrl\":\"https:\\\/\\\/easyoriginal.com\\\/wp-content\\\/uploads\\\/2020\\\/08\\\/logo_main.png\",\"width\":500,\"height\":103,\"caption\":\"EasyOriginal Verlag\"},\"image\":{\"@id\":\"https:\\\/\\\/easyoriginal.com\\\/#\\\/schema\\\/logo\\\/image\\\/\"}}]}<\/script>\n<!-- \/ Yoast SEO plugin. -->","yoast_head_json":{"title":"EasyOriginal.com - Partnerprogramm","robots":{"index":"index","follow":"follow","max-snippet":"max-snippet:-1","max-image-preview":"max-image-preview:large","max-video-preview":"max-video-preview:-1"},"canonical":"https:\/\/easyoriginal.com\/en\/partnerprogramm\/","og_locale":"en_GB","og_type":"article","og_title":"EasyOriginal.com - Partnerprogramm","og_description":"Partnerprogramm20% Provision - lebenslang! Ihre Vorteile: Lifetime-Provisionen\u00a0- lebenslange Provisionen f\u00fcr Ihre Kunden-Vermittlungen Faire und attraktive Provisionen - f\u00fcr jeden von Ihnen vermittelten Auftrag erhalten Sie eine Provision von 20% netto auf den Wert der bestellten B\u00fccher und eBooks. Einzigartige Produkte mit Alleinstellungsmerkmal Kostenlose Teilnahme\u00a0 - die Teilnahme am Partnerprogramm ist f\u00fcr Sie kostenlos und ganz [&hellip;]","og_url":"https:\/\/easyoriginal.com\/en\/partnerprogramm\/","og_site_name":"EasyOriginal.com","article_modified_time":"2023-01-04T20:09:38+00:00","twitter_card":"summary_large_image","schema":{"@context":"https:\/\/schema.org","@graph":[{"@type":"WebPage","@id":"https:\/\/easyoriginal.com\/partnerprogramm\/","url":"https:\/\/easyoriginal.com\/partnerprogramm\/","name":"EasyOriginal.com - Partnerprogramm","isPartOf":{"@id":"https:\/\/easyoriginal.com\/#website"},"datePublished":"2023-01-04T19:52:06+00:00","dateModified":"2023-01-04T20:09:38+00:00","breadcrumb":{"@id":"https:\/\/easyoriginal.com\/partnerprogramm\/#breadcrumb"},"inLanguage":"en-GB","potentialAction":[{"@type":"ReadAction","target":["https:\/\/easyoriginal.com\/partnerprogramm\/"]}]},{"@type":"BreadcrumbList","@id":"https:\/\/easyoriginal.com\/partnerprogramm\/#breadcrumb","itemListElement":[{"@type":"ListItem","position":1,"name":"Startseite","item":"https:\/\/easyoriginal.com\/"},{"@type":"ListItem","position":2,"name":"Partnerprogramm"}]},{"@type":"WebSite","@id":"https:\/\/easyoriginal.com\/#website","url":"https:\/\/easyoriginal.com\/","name":"EasyOriginal.com","description":"Spa\u00df am Lesen im Original - Innovative Lesemethode f\u00fcr Fremdsprachen","publisher":{"@id":"https:\/\/easyoriginal.com\/#organization"},"potentialAction":[{"@type":"SearchAction","target":{"@type":"EntryPoint","urlTemplate":"https:\/\/easyoriginal.com\/?s={search_term_string}"},"query-input":{"@type":"PropertyValueSpecification","valueRequired":true,"valueName":"search_term_string"}}],"inLanguage":"en-GB"},{"@type":"Organization","@id":"https:\/\/easyoriginal.com\/#organization","name":"EasyOriginal Verlag","url":"https:\/\/easyoriginal.com\/","logo":{"@type":"ImageObject","inLanguage":"en-GB","@id":"https:\/\/easyoriginal.com\/#\/schema\/logo\/image\/","url":"https:\/\/easyoriginal.com\/wp-content\/uploads\/2020\/08\/logo_main.png","contentUrl":"https:\/\/easyoriginal.com\/wp-content\/uploads\/2020\/08\/logo_main.png","width":500,"height":103,"caption":"EasyOriginal Verlag"},"image":{"@id":"https:\/\/easyoriginal.com\/#\/schema\/logo\/image\/"}}]}},"_links":{"self":[{"href":"https:\/\/easyoriginal.com\/en\/wp-json\/wp\/v2\/pages\/11365","targetHints":{"allow":["GET"]}}],"collection":[{"href":"https:\/\/easyoriginal.com\/en\/wp-json\/wp\/v2\/pages"}],"about":[{"href":"https:\/\/easyoriginal.com\/en\/wp-json\/wp\/v2\/types\/page"}],"author":[{"embeddable":true,"href":"https:\/\/easyoriginal.com\/en\/wp-json\/wp\/v2\/users\/1"}],"replies":[{"embeddable":true,"href":"https:\/\/easyoriginal.com\/en\/wp-json\/wp\/v2\/comments?post=11365"}],"version-history":[{"count":3,"href":"https:\/\/easyoriginal.com\/en\/wp-json\/wp\/v2\/pages\/11365\/revisions"}],"predecessor-version":[{"id":11368,"href":"https:\/\/easyoriginal.com\/en\/wp-json\/wp\/v2\/pages\/11365\/revisions\/11368"}],"wp:attachment":[{"href":"https:\/\/easyoriginal.com\/en\/wp-json\/wp\/v2\/media?parent=11365"}],"curies":[{"name":"wp","href":"https:\/\/api.w.org\/{rel}","templated":true}]}}