{"id":10335,"date":"2022-09-12T12:48:45","date_gmt":"2022-09-12T10:48:45","guid":{"rendered":"https:\/\/easyoriginal.com\/?page_id=10335"},"modified":"2024-05-30T23:39:51","modified_gmt":"2024-05-30T21:39:51","slug":"fremdsprachen-lernen","status":"publish","type":"page","link":"https:\/\/easyoriginal.com\/en\/fremdsprachen-lernen\/","title":{"rendered":"Fremdsprachen lernen"},"content":{"rendered":"<p>[et_pb_section fb_built=&#8220;1&#8243; admin_label=&#8220;section&#8220; _builder_version=&#8220;4.25.1&#8243; top_divider_style=&#8220;arrow2&#8243; top_divider_color=&#8220;#f9f5f1&#8243; hover_enabled=&#8220;0&#8243; global_colors_info=&#8220;{}&#8220; sticky_enabled=&#8220;0&#8243;][et_pb_row admin_label=&#8220;row&#8220; _builder_version=&#8220;4.16&#8243; background_size=&#8220;initial&#8220; background_position=&#8220;top_left&#8220; background_repeat=&#8220;repeat&#8220; custom_padding=&#8220;117px|||||&#8220; global_colors_info=&#8220;{}&#8220;][et_pb_column type=&#8220;4_4&#8243; _builder_version=&#8220;4.16&#8243; custom_padding=&#8220;|||&#8220; global_colors_info=&#8220;{}&#8220; custom_padding__hover=&#8220;|||&#8220;][et_pb_text _builder_version=&#8220;4.19.2&#8243; _module_preset=&#8220;default&#8220; global_colors_info=&#8220;{}&#8220;]<\/p>\n<h1>Fremdsprachen lernen<\/h1>\n<p>[\/et_pb_text][et_pb_text admin_label=&#8220;Text&#8220; module_class=&#8220;text&#8220; _builder_version=&#8220;4.19.2&#8243; background_size=&#8220;initial&#8220; background_position=&#8220;top_left&#8220; background_repeat=&#8220;repeat&#8220; global_colors_info=&#8220;{}&#8220;]<\/p>\n<p>Es gibt ein breites Angebot f\u00fcr Fremdsprachenlernende \u2013 allerdings soll man \u00fcberall auf irgendeine Weise \u00fcben, ob spielerisch oder nicht. Diese Lesemethode bietet die Chance, ohne \u00dcben zu lernen \u2013 einfach durch Lesen. Lesen ohne W\u00f6rterbuch und mit viel Spa\u00df.<\/p>\n<p>Es geht nat\u00fcrlich nur um das passive Erlernen der Sprache. Man lernt den Wortschatz, wiederholt die Grammatik, trainiert das H\u00f6rverst\u00e4ndnis und lernt, den Originaltext der Literatur zu verstehen. Und das alles ohne \u00dcben.<\/p>\n<p>Diese M\u00f6glichkeiten machen die Methode wirklich einzigartig. Sprachkurse und Online-Sprachkurse bieten hingegen nur die Alltagssprache und diese nur bis zu einem begrenzten Niveau \u2013 dazu muss man viel \u00fcben.<\/p>\n<p>Adaptierte B\u00fccher (Graded Readers) sind f\u00fcr einen sehr begrenzten Wortschatz gedacht und vermitteln nur den allgemeinen Sinn der Geschichte. Nach der Lekt\u00fcre solcher B\u00fccher ist es kaum m\u00f6glich, auf die echten Originalwerke umzusteigen.<\/p>\n<p>Parallele Texte k\u00f6nnen hilfreich sein, es gibt aber auch viele Nachteile. Man ben\u00f6tigt sehr viel Zeit, um die Bedeutung einiger W\u00f6rter oder Wortgruppen in einer literarischen \u00dcbersetzung zu erfassen. Und die Bedeutung eines Wortes l\u00e4sst sich manchmal nur vermuten \u2013 das bringt Lernende beim Ausbau ihres Wortschatzes nicht viel weiter.<\/p>\n<p>Wenn man mit einem Originalwerk konfrontiert ist und versucht, dieses zu lesen, hat man normalerweise zwei Optionen. Entweder, man versteht nur den allgemeinen Sinn und schl\u00e4gt einzelne St\u00fctzw\u00f6rter im W\u00f6rterbuch nach. Das hilft aber nicht viel f\u00fcr das Erlernen der Sprache, da man nur lernt, sich in einem komplexen fremdsprachigen Text zu orientieren und den Hauptsinn zu erfassen. So wichtig derartige Kompetenzen sind \u2013 sie f\u00f6rdern die Sprachkenntnisse nicht.<\/p>\n<p>Wer hingegen versucht, die meisten unbekannten W\u00f6rter im W\u00f6rterbuch zu finden, braucht daf\u00fcr sehr viel Zeit \u2013 auch mit einem elektronischen W\u00f6rterbuch. Deswegen wird nur sehr wenig gelesen, weniger W\u00f6rter werden erfasst, und um den Wortschatz zu erweitern, muss man die Vokabeln lernen.<\/p>\n<p>Die Lesemethode von Ilya Frank bietet die einzigartige M\u00f6glichkeit, Originaltexte zu lesen und damit genauso viel Spa\u00df zu haben wie beim Lesen der Muttersprache. Weil man das Werk wortgenau versteht, lenkt kein umst\u00e4ndliches Suchen im W\u00f6rterbuch von der Geschichte ab. Durch das extensive Lesen werden die W\u00f6rter st\u00e4ndig wiederholt und bleiben von selbst gut in Erinnerung \u2013 auch, weil man gleichzeitig die genaue Bedeutung und die Verwendungsbeispiele des Wortes im Text sieht. Mit der Zeit kommen noch andere Bedeutungen und Facetten des Wortes aus anderen B\u00fcchern hinzu. Damit ergibt sich ein vollst\u00e4ndiges Bild vom Wort und dessen Bedeutung \u2013 wie ein zusammengesetztes Puzzle. Und das auf eine nat\u00fcrliche Weise, \u00e4hnlich, wie man seine Muttersprache erlernt. W\u00f6rter, Sprachkonstruktionen und Grammatik lassen sich nur durch regelm\u00e4\u00dfiges Lesen erlernen.<\/p>\n<p>Die Lesemethode ist auch an den Alltag angepasst. Heutzutage haben wir wenig Zeit und Energie f\u00fcr konzentriertes Lernen. Aber diese B\u00fccher kann man auch in der U-Bahn, in einer Warteschlange oder am Abend nach einem langen Arbeitstag lesen. F\u00fcr die B\u00fccher braucht man keine besondere Konzentration, wenn man regelm\u00e4\u00dfig liest. Durch Wiederholungen von W\u00f6rtern und Sprachkonstruktionen sowie durch emotionales Interesse zum Buch werden W\u00f6rter und Besonderheiten der Sprache in Erinnerung bleiben.<\/p>\n<p>[\/et_pb_text][\/et_pb_column][\/et_pb_row][\/et_pb_section]<\/p>\n","protected":false},"excerpt":{"rendered":"<p>Fremdsprachen lernenEs gibt ein breites Angebot f\u00fcr Fremdsprachenlernende \u2013 allerdings soll man \u00fcberall auf irgendeine Weise \u00fcben, ob spielerisch oder nicht. Diese Lesemethode bietet die Chance, ohne \u00dcben zu lernen \u2013 einfach durch Lesen. Lesen ohne W\u00f6rterbuch und mit viel Spa\u00df. Es geht nat\u00fcrlich nur um das passive Erlernen der Sprache. Man lernt den Wortschatz, [&hellip;]<\/p>\n","protected":false},"author":1,"featured_media":0,"parent":0,"menu_order":0,"comment_status":"closed","ping_status":"closed","template":"","meta":{"_acf_changed":false,"_et_pb_use_builder":"on","_et_pb_old_content":"","_et_gb_content_width":"","footnotes":""},"class_list":["post-10335","page","type-page","status-publish","hentry"],"acf":[],"yoast_head":"<!-- This site is optimized with the Yoast SEO plugin v27.4 - https:\/\/yoast.com\/product\/yoast-seo-wordpress\/ -->\n<title>EasyOriginal.com - Fremdsprachen lernen<\/title>\n<meta name=\"robots\" content=\"index, follow, max-snippet:-1, max-image-preview:large, max-video-preview:-1\" \/>\n<link rel=\"canonical\" href=\"https:\/\/easyoriginal.com\/en\/fremdsprachen-lernen\/\" \/>\n<meta property=\"og:locale\" content=\"en_GB\" \/>\n<meta property=\"og:type\" content=\"article\" \/>\n<meta property=\"og:title\" content=\"EasyOriginal.com - Fremdsprachen lernen\" \/>\n<meta property=\"og:description\" content=\"Fremdsprachen lernenEs gibt ein breites Angebot f\u00fcr Fremdsprachenlernende \u2013 allerdings soll man \u00fcberall auf irgendeine Weise \u00fcben, ob spielerisch oder nicht. Diese Lesemethode bietet die Chance, ohne \u00dcben zu lernen \u2013 einfach durch Lesen. Lesen ohne W\u00f6rterbuch und mit viel Spa\u00df. Es geht nat\u00fcrlich nur um das passive Erlernen der Sprache. Man lernt den Wortschatz, [&hellip;]\" \/>\n<meta property=\"og:url\" content=\"https:\/\/easyoriginal.com\/en\/fremdsprachen-lernen\/\" \/>\n<meta property=\"og:site_name\" content=\"EasyOriginal.com\" \/>\n<meta property=\"article:modified_time\" content=\"2024-05-30T21:39:51+00:00\" \/>\n<meta name=\"twitter:card\" content=\"summary_large_image\" \/>\n<script type=\"application\/ld+json\" class=\"yoast-schema-graph\">{\"@context\":\"https:\\\/\\\/schema.org\",\"@graph\":[{\"@type\":\"WebPage\",\"@id\":\"https:\\\/\\\/easyoriginal.com\\\/fremdsprachen-lernen\\\/\",\"url\":\"https:\\\/\\\/easyoriginal.com\\\/fremdsprachen-lernen\\\/\",\"name\":\"EasyOriginal.com - Fremdsprachen lernen\",\"isPartOf\":{\"@id\":\"https:\\\/\\\/easyoriginal.com\\\/#website\"},\"datePublished\":\"2022-09-12T10:48:45+00:00\",\"dateModified\":\"2024-05-30T21:39:51+00:00\",\"breadcrumb\":{\"@id\":\"https:\\\/\\\/easyoriginal.com\\\/fremdsprachen-lernen\\\/#breadcrumb\"},\"inLanguage\":\"en-GB\",\"potentialAction\":[{\"@type\":\"ReadAction\",\"target\":[\"https:\\\/\\\/easyoriginal.com\\\/fremdsprachen-lernen\\\/\"]}]},{\"@type\":\"BreadcrumbList\",\"@id\":\"https:\\\/\\\/easyoriginal.com\\\/fremdsprachen-lernen\\\/#breadcrumb\",\"itemListElement\":[{\"@type\":\"ListItem\",\"position\":1,\"name\":\"Startseite\",\"item\":\"https:\\\/\\\/easyoriginal.com\\\/\"},{\"@type\":\"ListItem\",\"position\":2,\"name\":\"Fremdsprachen lernen\"}]},{\"@type\":\"WebSite\",\"@id\":\"https:\\\/\\\/easyoriginal.com\\\/#website\",\"url\":\"https:\\\/\\\/easyoriginal.com\\\/\",\"name\":\"EasyOriginal.com\",\"description\":\"Spa\u00df am Lesen im Original - Innovative Lesemethode f\u00fcr Fremdsprachen\",\"publisher\":{\"@id\":\"https:\\\/\\\/easyoriginal.com\\\/#organization\"},\"potentialAction\":[{\"@type\":\"SearchAction\",\"target\":{\"@type\":\"EntryPoint\",\"urlTemplate\":\"https:\\\/\\\/easyoriginal.com\\\/?s={search_term_string}\"},\"query-input\":{\"@type\":\"PropertyValueSpecification\",\"valueRequired\":true,\"valueName\":\"search_term_string\"}}],\"inLanguage\":\"en-GB\"},{\"@type\":\"Organization\",\"@id\":\"https:\\\/\\\/easyoriginal.com\\\/#organization\",\"name\":\"EasyOriginal Verlag\",\"url\":\"https:\\\/\\\/easyoriginal.com\\\/\",\"logo\":{\"@type\":\"ImageObject\",\"inLanguage\":\"en-GB\",\"@id\":\"https:\\\/\\\/easyoriginal.com\\\/#\\\/schema\\\/logo\\\/image\\\/\",\"url\":\"https:\\\/\\\/easyoriginal.com\\\/wp-content\\\/uploads\\\/2020\\\/08\\\/logo_main.png\",\"contentUrl\":\"https:\\\/\\\/easyoriginal.com\\\/wp-content\\\/uploads\\\/2020\\\/08\\\/logo_main.png\",\"width\":500,\"height\":103,\"caption\":\"EasyOriginal Verlag\"},\"image\":{\"@id\":\"https:\\\/\\\/easyoriginal.com\\\/#\\\/schema\\\/logo\\\/image\\\/\"}}]}<\/script>\n<!-- \/ Yoast SEO plugin. -->","yoast_head_json":{"title":"EasyOriginal.com - Fremdsprachen lernen","robots":{"index":"index","follow":"follow","max-snippet":"max-snippet:-1","max-image-preview":"max-image-preview:large","max-video-preview":"max-video-preview:-1"},"canonical":"https:\/\/easyoriginal.com\/en\/fremdsprachen-lernen\/","og_locale":"en_GB","og_type":"article","og_title":"EasyOriginal.com - Fremdsprachen lernen","og_description":"Fremdsprachen lernenEs gibt ein breites Angebot f\u00fcr Fremdsprachenlernende \u2013 allerdings soll man \u00fcberall auf irgendeine Weise \u00fcben, ob spielerisch oder nicht. Diese Lesemethode bietet die Chance, ohne \u00dcben zu lernen \u2013 einfach durch Lesen. Lesen ohne W\u00f6rterbuch und mit viel Spa\u00df. Es geht nat\u00fcrlich nur um das passive Erlernen der Sprache. Man lernt den Wortschatz, [&hellip;]","og_url":"https:\/\/easyoriginal.com\/en\/fremdsprachen-lernen\/","og_site_name":"EasyOriginal.com","article_modified_time":"2024-05-30T21:39:51+00:00","twitter_card":"summary_large_image","schema":{"@context":"https:\/\/schema.org","@graph":[{"@type":"WebPage","@id":"https:\/\/easyoriginal.com\/fremdsprachen-lernen\/","url":"https:\/\/easyoriginal.com\/fremdsprachen-lernen\/","name":"EasyOriginal.com - Fremdsprachen lernen","isPartOf":{"@id":"https:\/\/easyoriginal.com\/#website"},"datePublished":"2022-09-12T10:48:45+00:00","dateModified":"2024-05-30T21:39:51+00:00","breadcrumb":{"@id":"https:\/\/easyoriginal.com\/fremdsprachen-lernen\/#breadcrumb"},"inLanguage":"en-GB","potentialAction":[{"@type":"ReadAction","target":["https:\/\/easyoriginal.com\/fremdsprachen-lernen\/"]}]},{"@type":"BreadcrumbList","@id":"https:\/\/easyoriginal.com\/fremdsprachen-lernen\/#breadcrumb","itemListElement":[{"@type":"ListItem","position":1,"name":"Startseite","item":"https:\/\/easyoriginal.com\/"},{"@type":"ListItem","position":2,"name":"Fremdsprachen lernen"}]},{"@type":"WebSite","@id":"https:\/\/easyoriginal.com\/#website","url":"https:\/\/easyoriginal.com\/","name":"EasyOriginal.com","description":"Spa\u00df am Lesen im Original - Innovative Lesemethode f\u00fcr Fremdsprachen","publisher":{"@id":"https:\/\/easyoriginal.com\/#organization"},"potentialAction":[{"@type":"SearchAction","target":{"@type":"EntryPoint","urlTemplate":"https:\/\/easyoriginal.com\/?s={search_term_string}"},"query-input":{"@type":"PropertyValueSpecification","valueRequired":true,"valueName":"search_term_string"}}],"inLanguage":"en-GB"},{"@type":"Organization","@id":"https:\/\/easyoriginal.com\/#organization","name":"EasyOriginal Verlag","url":"https:\/\/easyoriginal.com\/","logo":{"@type":"ImageObject","inLanguage":"en-GB","@id":"https:\/\/easyoriginal.com\/#\/schema\/logo\/image\/","url":"https:\/\/easyoriginal.com\/wp-content\/uploads\/2020\/08\/logo_main.png","contentUrl":"https:\/\/easyoriginal.com\/wp-content\/uploads\/2020\/08\/logo_main.png","width":500,"height":103,"caption":"EasyOriginal Verlag"},"image":{"@id":"https:\/\/easyoriginal.com\/#\/schema\/logo\/image\/"}}]}},"_links":{"self":[{"href":"https:\/\/easyoriginal.com\/en\/wp-json\/wp\/v2\/pages\/10335","targetHints":{"allow":["GET"]}}],"collection":[{"href":"https:\/\/easyoriginal.com\/en\/wp-json\/wp\/v2\/pages"}],"about":[{"href":"https:\/\/easyoriginal.com\/en\/wp-json\/wp\/v2\/types\/page"}],"author":[{"embeddable":true,"href":"https:\/\/easyoriginal.com\/en\/wp-json\/wp\/v2\/users\/1"}],"replies":[{"embeddable":true,"href":"https:\/\/easyoriginal.com\/en\/wp-json\/wp\/v2\/comments?post=10335"}],"version-history":[{"count":2,"href":"https:\/\/easyoriginal.com\/en\/wp-json\/wp\/v2\/pages\/10335\/revisions"}],"predecessor-version":[{"id":13437,"href":"https:\/\/easyoriginal.com\/en\/wp-json\/wp\/v2\/pages\/10335\/revisions\/13437"}],"wp:attachment":[{"href":"https:\/\/easyoriginal.com\/en\/wp-json\/wp\/v2\/media?parent=10335"}],"curies":[{"name":"wp","href":"https:\/\/api.w.org\/{rel}","templated":true}]}}