{"id":10330,"date":"2022-09-12T12:38:09","date_gmt":"2022-09-12T10:38:09","guid":{"rendered":"https:\/\/easyoriginal.com\/?page_id=10330"},"modified":"2024-05-30T23:39:47","modified_gmt":"2024-05-30T21:39:47","slug":"ueber-easyoriginal","status":"publish","type":"page","link":"https:\/\/easyoriginal.com\/en\/ueber-easyoriginal\/","title":{"rendered":"\u00dcber easyOriginal"},"content":{"rendered":"<p>[et_pb_section fb_built=&#8220;1&#8243; admin_label=&#8220;section&#8220; _builder_version=&#8220;4.25.1&#8243; top_divider_style=&#8220;arrow2&#8243; top_divider_color=&#8220;#f9f5f1&#8243; hover_enabled=&#8220;0&#8243; global_colors_info=&#8220;{}&#8220; sticky_enabled=&#8220;0&#8243;][et_pb_row admin_label=&#8220;row&#8220; _builder_version=&#8220;4.16&#8243; background_size=&#8220;initial&#8220; background_position=&#8220;top_left&#8220; background_repeat=&#8220;repeat&#8220; custom_padding=&#8220;117px|||||&#8220; global_colors_info=&#8220;{}&#8220;][et_pb_column type=&#8220;4_4&#8243; _builder_version=&#8220;4.16&#8243; custom_padding=&#8220;|||&#8220; global_colors_info=&#8220;{}&#8220; custom_padding__hover=&#8220;|||&#8220;][et_pb_text _builder_version=&#8220;4.18.0&#8243; _module_preset=&#8220;default&#8220; global_colors_info=&#8220;{}&#8220;]<\/p>\n<h1>\u00dcber easyOriginal<\/h1>\n<p>[\/et_pb_text][et_pb_text admin_label=&#8220;Text&#8220; module_class=&#8220;text&#8220; _builder_version=&#8220;4.18.0&#8243; background_size=&#8220;initial&#8220; background_position=&#8220;top_left&#8220; background_repeat=&#8220;repeat&#8220; global_colors_info=&#8220;{}&#8220;]<\/p>\n<p>Die Idee, B\u00fccher nach der Ilya-Frank-Methode f\u00fcr Deutsch- und Englischsprachige zu ver\u00f6ffentlichen, entstand in Erinnerung daran, wie diese Methode mir pers\u00f6nlich geholfen hat, meinen Frust an Literatur in Originalsprache zu \u00fcberwinden. Das Problem wurde vor 20 Jahren ein f\u00fcr alle Mal gel\u00f6st. Mir ist bisher keine andere Methode bekannt, die so effektiv ist, um das Lesen im Original zu erlernen. Vor nicht allzu langer Zeit habe ich sogar f\u00fcr mich eine weitere M\u00f6glichkeit entdeckt \u2013 mit dieser wunderbaren Methode nicht nur Literatur zu lesen, sondern m\u00fchelos eine neue Fremdsprache zu lernen. Aber dazu sp\u00e4ter mehr.<\/p>\n<p>Ich bin wie Ilya Frank in Moskau geboren. Meine Muttersprache ist Russisch. Ich habe als Jugendliche zwei Jahre an der Universit\u00e4t Wien Deutsch gelernt. In Bezug auf B1-B2 f\u00fchlte ich mich ziemlich sicher, ich konnte mich leicht \u00fcber allt\u00e4gliche Themen verst\u00e4ndigen, fernsehen, Zeitungen lesen usw. Dann habe ich einen unangepassten Originaltext zur Hand genommen \u2013 und es war ein Schock. \u201eP\u00fcnktchen und Anton\u201c, ein Kinderbuch von Erich K\u00e4stner. Ja, ich habe die meisten W\u00f6rter verstanden, einige Begriffe konnte ich im W\u00f6rterbuch nachschlagen. Aber alle Sprachkonstruktionen, Wendungen, komplexere S\u00e4tze erschienen mir so seltsam, dass ich nur das Wesentliche verstand, die Details blieben im Nebel. Literatur im Original zu lesen, sie so tief und genau zu verstehen wie in meiner Muttersprache, schien mir unerreichbar. Man braucht dazu einen sehr gro\u00dfen Wortschatz, sonst dauert das Lesen zu lange. Und wie bekommt man diesen? Ich konnte so etwas nie pauken, hatte auch kein gutes Ged\u00e4chtnis. Und um mit diesen komplexen Strukturen umzugehen, musste man wohl professioneller Germanist oder \u00dcbersetzer sein. Wenn man etwas anderes studieren wollte, dann w\u00fcrde man es wohl nie schaffen. Nachdem ich \u201eP\u00fcnktchen und Anton\u201c gelesen hatte, schloss ich das Buch mit der Gewissheit, dass dies mein erstes und letztes Buch auf Deutsch w\u00e4re, und ich wahrscheinlich nie in der Lage sein w\u00fcrde, eine Fremdsprache mit Spa\u00df zu lesen.<\/p>\n<p>Wahrscheinlich w\u00e4re es so gewesen, w\u00e4re ich nicht ein paar Jahre sp\u00e4ter in einer Buchhandlung in Moskau auf ein Buch aus der Reihe \u201eLesemethode von Ilya Frank\u201c gesto\u00dfen. Komisch, dass es auch Erich K\u00e4stner war, aber dieses Mal \u201eEmil und die Detektive\u201c. Ich habe mich schon immer f\u00fcr verschiedene Methoden des Fremdsprachenlernens interessiert. Das Wort \u201eLesen\u201c hat mich sofort fasziniert, und ich beschloss, es auszuprobieren. Ich hegte keine gro\u00dfen Hoffnungen, aber das Ergebnis war umwerfend. Mit absoluter M\u00fchelosigkeit verstand ich alles bis ins kleinste Detail, wie in meiner Muttersprache. Von Anfang an. Am Ende des Buchs begann ich, die deutsche Sprache zu f\u00fchlen, wie ich es noch nie zuvor gef\u00fchlt hatte. Dieses Gef\u00fchl setzte so schnell ein, weil ich bereits ein B2-Niveau hatte. Wenn man auf B1 oder A2 ist, muss man f\u00fcr den gleichen Effekt wohl mehr B\u00fccher lesen.<\/p>\n<p>Dann habe ich viele weitere deutsche B\u00fccher nach der Lesemethode von Ilya Frank gelesen, denn selbst wenn man das Verst\u00e4ndnisniveau des Originals erreicht, geben diese einem immer noch viel mit. Man konnte viel schneller Vokabeln aufbauen, semantische Konstruktionen lernen als beim normalen Lesen im Original. Daher habe ich das Lesen einfacher B\u00fccher im Original mit dem Lesen komplexerer B\u00fccher nach der Lesemethode von Ilya Frank kombiniert. Auf die gleiche Weise lernte ich, auf Englisch zu lesen, die Sprache habe ich zwar seit meinem f\u00fcnften Lebensjahr gelernt, konnte aber nicht mit dem Grad an tiefem Verst\u00e4ndnis lesen, den ich mir gew\u00fcnscht h\u00e4tte, d.h. wie ein Muttersprachler.<\/p>\n<p>Nach langer Zeit entdeckte ich ein weiteres einzigartiges Merkmal von Ilya Franks Lesemethode. Ich las seine Empfehlungen zum Erlernen einer neuen Sprache und beschloss, es zu versuchen. Unter dem Strich muss man zun\u00e4chst das Tutorial f\u00fcr Anf\u00e4nger mit den Grundlagen der Grammatik und den einfachsten W\u00f6rtern durchbl\u00e4ttern. Nur durchbl\u00e4ttern, ohne sich etwas zu merken. Danach beginnt man mit dem Lesen einfacher B\u00fccher nach der Lesemethode von Ilya Frank. Hier ist Regelm\u00e4\u00dfigkeit gefragt, man muss t\u00e4glich lesen, mindestens eine Stunde am Tag. Nachdem man auf diese Weise ein gewisses Vokabular, syntaktische und grammatikalische Strukturen ge\u00fcbt hat, kann man sich eingehender mit der Grammatik befassen. Wenn die grammatikalischen Formen und ihre Bedeutung als Ganzes bereits bekannt sind, ist es viel einfacher, angenehmer und schneller, Grammatik auf klassische Weise zu lernen. Parallel dazu muss man weiter B\u00fccher nach der Methode lesen.<\/p>\n<p>F\u00fcr das Experiment habe ich Franz\u00f6sisch gew\u00e4hlt. Ich habe das Lehrbuch f\u00fcr ein paar Stunden durchgesehen und mich entschieden, einige Tutorials in Duolingo zu machen. Nachdem ich die Grundstufe bestanden habe, begann ich mit dem Lesen. Auch das Anh\u00f6ren von H\u00f6rb\u00fcchern f\u00fcr all diese B\u00fccher ist ein Muss. Am Anfang war ich noch sehr langsam, aber dann wurde ich schneller. Parallel dazu habe ich weiter mit Duolingo gelernt. Ich rechnete mit nichts anderem als der Gelegenheit, nach einiger Zeit klassische Literatur in franz\u00f6sischer Sprache zu lesen. Stellen Sie sich meine \u00dcberraschung vor, als mir klar wurde, dass ich Tweets auf Franz\u00f6sisch, Gespr\u00e4che von Passanten und den allgemeinen Sinn von Artikeln verstand. Mit dem Lehrbuchwortschatz B2 kann man Tweets verstehen, aber keine Belletristik. Wenn man Fiktion versteht, kann man absolut alles andere verstehen. Zuletzt kann man auch gezielt ein paar Hundert umgangssprachliche oder hochspezialisierte W\u00f6rter lernen. Das hat mich motiviert, noch intensiver B\u00fccher nach der Lesemethode von Ilya Frank zu lesen.<\/p>\n<p>Besonders durch die Erfahrung mit der franz\u00f6sischen Sprache wurde mir klar, dass die Methode des Lesens von Ilya Frank eine einzigartige Gelegenheit ist, m\u00fchelos zuallererst ein tiefes Verst\u00e4ndnis einer Fremdsprache zu erlangen, sie zu f\u00fchlen. Und dieser Sprachsinn bleibt f\u00fcr immer erhalten, wie die F\u00e4higkeit zu schwimmen. Parallel dazu wird ein gro\u00dfer Wortschatz gebildet, der auch verschiedene Nuancen einzelner W\u00f6rter und Phrasen umfasst. Die Lesemethode kann und sollte mit anderen Hilfsmitteln, Sprech\u00fcbungen, Grammatikstudium usw. erg\u00e4nzt werden.<\/p>\n<p>Ich bin sehr froh und dankbar, dass Ilya Frank meine Idee, B\u00fccher f\u00fcr Deutsch- und Englischsprachige zu ver\u00f6ffentlichen, so positiv aufgenommen hat. Er betreut mein Projekt von Anfang an pers\u00f6nlich, hilft bei der Auswahl der \u00dcbersetzer, schult sie bei der Erstellung von B\u00fcchern nach seiner Lesemethode, beantwortet Fragen und pr\u00fcft alle B\u00fccher auf fehlende oder \u00fcberfl\u00fcssige Kommentare.<\/p>\n<p>Ich w\u00fcrde wirklich gerne sehen, dass so viele Menschen wie m\u00f6glich Originalwerke in verschiedenen Sprachen lesen. Das ist nicht nur angenehm und praktisch, sondern bereichert und erweitert auch das Bild, das wir von der Welt haben. Dank der Lesemethode von Ilya Frank nimmt dies nicht viel Zeit in Anspruch und steht vielbesch\u00e4ftigten Menschen jeden Berufs und jeder sprachlichen Ausbildung zur Verf\u00fcgung. Vielleicht gelingt es jemandem, so wie mir einst, damit den Lesefrust der Originalsprache loszuwerden. Ganz zu schweigen davon, dass es v\u00f6llig unvorhersehbar ist, welche Kenntnisse und F\u00e4higkeiten in unserer sich schnell ver\u00e4ndernden Welt ben\u00f6tigt werden. Ein tiefes Verst\u00e4ndnis von Fremdsprachen wird definitiv f\u00fcr jeden von Vorteil sein.<\/p>\n<p>&nbsp;<\/p>\n<p style=\"text-align: right;\"><em>Anastasia Guskova<\/em><\/p>\n<p style=\"text-align: right;\"><em>Gr\u00fcnderin von EasyOriginal Verlag<\/em><\/p>\n<p>[\/et_pb_text][\/et_pb_column][\/et_pb_row][\/et_pb_section]<\/p>\n","protected":false},"excerpt":{"rendered":"<p>\u00dcber easyOriginalDie Idee, B\u00fccher nach der Ilya-Frank-Methode f\u00fcr Deutsch- und Englischsprachige zu ver\u00f6ffentlichen, entstand in Erinnerung daran, wie diese Methode mir pers\u00f6nlich geholfen hat, meinen Frust an Literatur in Originalsprache zu \u00fcberwinden. Das Problem wurde vor 20 Jahren ein f\u00fcr alle Mal gel\u00f6st. Mir ist bisher keine andere Methode bekannt, die so effektiv ist, um [&hellip;]<\/p>\n","protected":false},"author":1,"featured_media":0,"parent":0,"menu_order":0,"comment_status":"closed","ping_status":"closed","template":"","meta":{"_acf_changed":false,"_et_pb_use_builder":"on","_et_pb_old_content":"","_et_gb_content_width":"","footnotes":""},"class_list":["post-10330","page","type-page","status-publish","hentry"],"acf":[],"yoast_head":"<!-- This site is optimized with the Yoast SEO plugin v27.3 - https:\/\/yoast.com\/product\/yoast-seo-wordpress\/ -->\n<title>EasyOriginal.com - \u00dcber easyOriginal<\/title>\n<meta name=\"robots\" content=\"index, follow, max-snippet:-1, max-image-preview:large, max-video-preview:-1\" \/>\n<link rel=\"canonical\" href=\"https:\/\/easyoriginal.com\/en\/ueber-easyoriginal\/\" \/>\n<meta property=\"og:locale\" content=\"en_GB\" \/>\n<meta property=\"og:type\" content=\"article\" \/>\n<meta property=\"og:title\" content=\"EasyOriginal.com - \u00dcber easyOriginal\" \/>\n<meta property=\"og:description\" content=\"\u00dcber easyOriginalDie Idee, B\u00fccher nach der Ilya-Frank-Methode f\u00fcr Deutsch- und Englischsprachige zu ver\u00f6ffentlichen, entstand in Erinnerung daran, wie diese Methode mir pers\u00f6nlich geholfen hat, meinen Frust an Literatur in Originalsprache zu \u00fcberwinden. Das Problem wurde vor 20 Jahren ein f\u00fcr alle Mal gel\u00f6st. Mir ist bisher keine andere Methode bekannt, die so effektiv ist, um [&hellip;]\" \/>\n<meta property=\"og:url\" content=\"https:\/\/easyoriginal.com\/en\/ueber-easyoriginal\/\" \/>\n<meta property=\"og:site_name\" content=\"EasyOriginal.com\" \/>\n<meta property=\"article:modified_time\" content=\"2024-05-30T21:39:47+00:00\" \/>\n<meta name=\"twitter:card\" content=\"summary_large_image\" \/>\n<script type=\"application\/ld+json\" class=\"yoast-schema-graph\">{\"@context\":\"https:\\\/\\\/schema.org\",\"@graph\":[{\"@type\":\"WebPage\",\"@id\":\"https:\\\/\\\/easyoriginal.com\\\/ueber-easyoriginal\\\/\",\"url\":\"https:\\\/\\\/easyoriginal.com\\\/ueber-easyoriginal\\\/\",\"name\":\"EasyOriginal.com - \u00dcber easyOriginal\",\"isPartOf\":{\"@id\":\"https:\\\/\\\/easyoriginal.com\\\/#website\"},\"datePublished\":\"2022-09-12T10:38:09+00:00\",\"dateModified\":\"2024-05-30T21:39:47+00:00\",\"breadcrumb\":{\"@id\":\"https:\\\/\\\/easyoriginal.com\\\/ueber-easyoriginal\\\/#breadcrumb\"},\"inLanguage\":\"en-GB\",\"potentialAction\":[{\"@type\":\"ReadAction\",\"target\":[\"https:\\\/\\\/easyoriginal.com\\\/ueber-easyoriginal\\\/\"]}]},{\"@type\":\"BreadcrumbList\",\"@id\":\"https:\\\/\\\/easyoriginal.com\\\/ueber-easyoriginal\\\/#breadcrumb\",\"itemListElement\":[{\"@type\":\"ListItem\",\"position\":1,\"name\":\"Startseite\",\"item\":\"https:\\\/\\\/easyoriginal.com\\\/\"},{\"@type\":\"ListItem\",\"position\":2,\"name\":\"\u00dcber easyOriginal\"}]},{\"@type\":\"WebSite\",\"@id\":\"https:\\\/\\\/easyoriginal.com\\\/#website\",\"url\":\"https:\\\/\\\/easyoriginal.com\\\/\",\"name\":\"EasyOriginal.com\",\"description\":\"Spa\u00df am Lesen im Original - Innovative Lesemethode f\u00fcr Fremdsprachen\",\"publisher\":{\"@id\":\"https:\\\/\\\/easyoriginal.com\\\/#organization\"},\"potentialAction\":[{\"@type\":\"SearchAction\",\"target\":{\"@type\":\"EntryPoint\",\"urlTemplate\":\"https:\\\/\\\/easyoriginal.com\\\/?s={search_term_string}\"},\"query-input\":{\"@type\":\"PropertyValueSpecification\",\"valueRequired\":true,\"valueName\":\"search_term_string\"}}],\"inLanguage\":\"en-GB\"},{\"@type\":\"Organization\",\"@id\":\"https:\\\/\\\/easyoriginal.com\\\/#organization\",\"name\":\"EasyOriginal Verlag\",\"url\":\"https:\\\/\\\/easyoriginal.com\\\/\",\"logo\":{\"@type\":\"ImageObject\",\"inLanguage\":\"en-GB\",\"@id\":\"https:\\\/\\\/easyoriginal.com\\\/#\\\/schema\\\/logo\\\/image\\\/\",\"url\":\"https:\\\/\\\/easyoriginal.com\\\/wp-content\\\/uploads\\\/2020\\\/08\\\/logo_main.png\",\"contentUrl\":\"https:\\\/\\\/easyoriginal.com\\\/wp-content\\\/uploads\\\/2020\\\/08\\\/logo_main.png\",\"width\":500,\"height\":103,\"caption\":\"EasyOriginal Verlag\"},\"image\":{\"@id\":\"https:\\\/\\\/easyoriginal.com\\\/#\\\/schema\\\/logo\\\/image\\\/\"}}]}<\/script>\n<!-- \/ Yoast SEO plugin. -->","yoast_head_json":{"title":"EasyOriginal.com - \u00dcber easyOriginal","robots":{"index":"index","follow":"follow","max-snippet":"max-snippet:-1","max-image-preview":"max-image-preview:large","max-video-preview":"max-video-preview:-1"},"canonical":"https:\/\/easyoriginal.com\/en\/ueber-easyoriginal\/","og_locale":"en_GB","og_type":"article","og_title":"EasyOriginal.com - \u00dcber easyOriginal","og_description":"\u00dcber easyOriginalDie Idee, B\u00fccher nach der Ilya-Frank-Methode f\u00fcr Deutsch- und Englischsprachige zu ver\u00f6ffentlichen, entstand in Erinnerung daran, wie diese Methode mir pers\u00f6nlich geholfen hat, meinen Frust an Literatur in Originalsprache zu \u00fcberwinden. Das Problem wurde vor 20 Jahren ein f\u00fcr alle Mal gel\u00f6st. Mir ist bisher keine andere Methode bekannt, die so effektiv ist, um [&hellip;]","og_url":"https:\/\/easyoriginal.com\/en\/ueber-easyoriginal\/","og_site_name":"EasyOriginal.com","article_modified_time":"2024-05-30T21:39:47+00:00","twitter_card":"summary_large_image","schema":{"@context":"https:\/\/schema.org","@graph":[{"@type":"WebPage","@id":"https:\/\/easyoriginal.com\/ueber-easyoriginal\/","url":"https:\/\/easyoriginal.com\/ueber-easyoriginal\/","name":"EasyOriginal.com - \u00dcber easyOriginal","isPartOf":{"@id":"https:\/\/easyoriginal.com\/#website"},"datePublished":"2022-09-12T10:38:09+00:00","dateModified":"2024-05-30T21:39:47+00:00","breadcrumb":{"@id":"https:\/\/easyoriginal.com\/ueber-easyoriginal\/#breadcrumb"},"inLanguage":"en-GB","potentialAction":[{"@type":"ReadAction","target":["https:\/\/easyoriginal.com\/ueber-easyoriginal\/"]}]},{"@type":"BreadcrumbList","@id":"https:\/\/easyoriginal.com\/ueber-easyoriginal\/#breadcrumb","itemListElement":[{"@type":"ListItem","position":1,"name":"Startseite","item":"https:\/\/easyoriginal.com\/"},{"@type":"ListItem","position":2,"name":"\u00dcber easyOriginal"}]},{"@type":"WebSite","@id":"https:\/\/easyoriginal.com\/#website","url":"https:\/\/easyoriginal.com\/","name":"EasyOriginal.com","description":"Spa\u00df am Lesen im Original - Innovative Lesemethode f\u00fcr Fremdsprachen","publisher":{"@id":"https:\/\/easyoriginal.com\/#organization"},"potentialAction":[{"@type":"SearchAction","target":{"@type":"EntryPoint","urlTemplate":"https:\/\/easyoriginal.com\/?s={search_term_string}"},"query-input":{"@type":"PropertyValueSpecification","valueRequired":true,"valueName":"search_term_string"}}],"inLanguage":"en-GB"},{"@type":"Organization","@id":"https:\/\/easyoriginal.com\/#organization","name":"EasyOriginal Verlag","url":"https:\/\/easyoriginal.com\/","logo":{"@type":"ImageObject","inLanguage":"en-GB","@id":"https:\/\/easyoriginal.com\/#\/schema\/logo\/image\/","url":"https:\/\/easyoriginal.com\/wp-content\/uploads\/2020\/08\/logo_main.png","contentUrl":"https:\/\/easyoriginal.com\/wp-content\/uploads\/2020\/08\/logo_main.png","width":500,"height":103,"caption":"EasyOriginal Verlag"},"image":{"@id":"https:\/\/easyoriginal.com\/#\/schema\/logo\/image\/"}}]}},"_links":{"self":[{"href":"https:\/\/easyoriginal.com\/en\/wp-json\/wp\/v2\/pages\/10330","targetHints":{"allow":["GET"]}}],"collection":[{"href":"https:\/\/easyoriginal.com\/en\/wp-json\/wp\/v2\/pages"}],"about":[{"href":"https:\/\/easyoriginal.com\/en\/wp-json\/wp\/v2\/types\/page"}],"author":[{"embeddable":true,"href":"https:\/\/easyoriginal.com\/en\/wp-json\/wp\/v2\/users\/1"}],"replies":[{"embeddable":true,"href":"https:\/\/easyoriginal.com\/en\/wp-json\/wp\/v2\/comments?post=10330"}],"version-history":[{"count":2,"href":"https:\/\/easyoriginal.com\/en\/wp-json\/wp\/v2\/pages\/10330\/revisions"}],"predecessor-version":[{"id":13436,"href":"https:\/\/easyoriginal.com\/en\/wp-json\/wp\/v2\/pages\/10330\/revisions\/13436"}],"wp:attachment":[{"href":"https:\/\/easyoriginal.com\/en\/wp-json\/wp\/v2\/media?parent=10330"}],"curies":[{"name":"wp","href":"https:\/\/api.w.org\/{rel}","templated":true}]}}