{"id":10323,"date":"2022-09-12T12:10:27","date_gmt":"2022-09-12T10:10:27","guid":{"rendered":"https:\/\/easyoriginal.com\/?page_id=10323"},"modified":"2022-09-12T12:26:04","modified_gmt":"2022-09-12T10:26:04","slug":"ilya-frank-wer-ist-das","status":"publish","type":"page","link":"https:\/\/easyoriginal.com\/en\/ilya-frank-wer-ist-das\/","title":{"rendered":"Ilya Frank &#8211; wer ist das?"},"content":{"rendered":"<p>[et_pb_section fb_built=&#8220;1&#8243; admin_label=&#8220;section&#8220; _builder_version=&#8220;4.16&#8243; top_divider_style=&#8220;clouds2&#8243; top_divider_color=&#8220;#f9f5f1&#8243; global_colors_info=&#8220;{}&#8220; theme_builder_area=&#8220;post_content&#8220;][et_pb_row admin_label=&#8220;row&#8220; _builder_version=&#8220;4.16&#8243; background_size=&#8220;initial&#8220; background_position=&#8220;top_left&#8220; background_repeat=&#8220;repeat&#8220; custom_padding=&#8220;117px|||||&#8220; global_colors_info=&#8220;{}&#8220; theme_builder_area=&#8220;post_content&#8220;][et_pb_column type=&#8220;4_4&#8243; _builder_version=&#8220;4.16&#8243; custom_padding=&#8220;|||&#8220; global_colors_info=&#8220;{}&#8220; custom_padding__hover=&#8220;|||&#8220; theme_builder_area=&#8220;post_content&#8220;][et_pb_text _builder_version=&#8220;4.18.0&#8243; _module_preset=&#8220;default&#8220; hover_enabled=&#8220;0&#8243; global_colors_info=&#8220;{}&#8220; theme_builder_area=&#8220;post_content&#8220; sticky_enabled=&#8220;0&#8243;]<\/p>\n<h1>Ilya Frank &#8211; wer ist das?<\/h1>\n<p>[\/et_pb_text][et_pb_text admin_label=&#8220;Text&#8220; _builder_version=&#8220;4.18.0&#8243; background_size=&#8220;initial&#8220; background_position=&#8220;top_left&#8220; background_repeat=&#8220;repeat&#8220; hover_enabled=&#8220;0&#8243; global_colors_info=&#8220;{}&#8220; theme_builder_area=&#8220;post_content&#8220; sticky_enabled=&#8220;0&#8243; module_class=&#8220;text&#8220;]<\/p>\n<p>Ilya Frank wurde 1963 in Moskau geboren. 1985 absolvierte er die philologische Fakult\u00e4t der Moskauer Staatlichen Universit\u00e4t mit einem Abschluss als Deutscher Philologe und Deutschlehrer. Er unterrichtete mehrere Jahre lang in der Schule, dann in Fremdsprachenkursen und auch als Professor an der Russischen Staatlichen Universit\u00e4t f\u00fcr Geisteswissenschaften.<\/p>\n<p>Seit 2001 werden in Russland fremdsprachige B\u00fccher nach der Lesemethode von Ilja Frank ver\u00f6ffentlicht. Bis Juli 2019 wurden \u00fcber 400 B\u00fccher f\u00fcr russischsprachige Leser in 62 Sprachen vorbereitet. Es werden st\u00e4ndig neue B\u00fccher ver\u00f6ffentlicht und das Sprachspektrum erweitert sich weiter. Ilya Frank \u00fcbersetzt selbst (aus einer Reihe von germanischen, romanischen und auch orientalischen Sprachen) und koordiniert und lektoriert die Arbeit der Mit\u00fcbersetzer.<\/p>\n<p>Ilya Frank ist der Autor mehrerer deutschsprachiger Lehrb\u00fccher f\u00fcr Russischsprachige.<\/p>\n<p>[\/et_pb_text][et_pb_button button_text=&#8220;Ilya Frank \u00fcber seine Lesemethode&#8220; _builder_version=&#8220;4.18.0&#8243; _module_preset=&#8220;default&#8220; theme_builder_area=&#8220;post_content&#8220; button_url=&#8220;@ET-DC@eyJkeW5hbWljIjp0cnVlLCJjb250ZW50IjoicG9zdF9saW5rX3VybF9wYWdlIiwic2V0dGluZ3MiOnsicG9zdF9pZCI6IjEwMzE1In19@&#8220; _dynamic_attributes=&#8220;button_url&#8220; button_alignment=&#8220;center&#8220; custom_button=&#8220;on&#8220; button_bg_color=&#8220;#BD9661&#8243; button_bg_enable_color=&#8220;on&#8220; button_text_color=&#8220;#1D160C&#8220; button_border_width=&#8220;0px&#8220; button_use_icon=&#8220;off&#8220; button_font=&#8220;|600||||||RGBA(255,255,255,0)|&#8220; button_border_radius=&#8220;3px&#8220; button_text_size=&#8220;22px&#8220; hover_enabled=&#8220;0&#8243; sticky_enabled=&#8220;0&#8243;][\/et_pb_button][\/et_pb_column][\/et_pb_row][\/et_pb_section]<\/p>\n","protected":false},"excerpt":{"rendered":"<p>Ilya Frank &#8211; wer ist das?Ilya Frank wurde 1963 in Moskau geboren. 1985 absolvierte er die philologische Fakult\u00e4t der Moskauer Staatlichen Universit\u00e4t mit einem Abschluss als Deutscher Philologe und Deutschlehrer. Er unterrichtete mehrere Jahre lang in der Schule, dann in Fremdsprachenkursen und auch als Professor an der Russischen Staatlichen Universit\u00e4t f\u00fcr Geisteswissenschaften. Seit 2001 werden [&hellip;]<\/p>\n","protected":false},"author":1,"featured_media":0,"parent":0,"menu_order":0,"comment_status":"closed","ping_status":"closed","template":"","meta":{"_acf_changed":false,"_et_pb_use_builder":"on","_et_pb_old_content":"","_et_gb_content_width":"","footnotes":""},"class_list":["post-10323","page","type-page","status-publish","hentry"],"acf":[],"yoast_head":"<!-- This site is optimized with the Yoast SEO plugin v27.4 - https:\/\/yoast.com\/product\/yoast-seo-wordpress\/ -->\n<title>EasyOriginal.com - Ilya Frank - wer ist das?<\/title>\n<meta name=\"robots\" content=\"index, follow, max-snippet:-1, max-image-preview:large, max-video-preview:-1\" \/>\n<link rel=\"canonical\" href=\"https:\/\/easyoriginal.com\/en\/ilya-frank-wer-ist-das\/\" \/>\n<meta property=\"og:locale\" content=\"en_GB\" \/>\n<meta property=\"og:type\" content=\"article\" \/>\n<meta property=\"og:title\" content=\"EasyOriginal.com - Ilya Frank - wer ist das?\" \/>\n<meta property=\"og:description\" content=\"Ilya Frank - wer ist das?Ilya Frank wurde 1963 in Moskau geboren. 1985 absolvierte er die philologische Fakult\u00e4t der Moskauer Staatlichen Universit\u00e4t mit einem Abschluss als Deutscher Philologe und Deutschlehrer. Er unterrichtete mehrere Jahre lang in der Schule, dann in Fremdsprachenkursen und auch als Professor an der Russischen Staatlichen Universit\u00e4t f\u00fcr Geisteswissenschaften. Seit 2001 werden [&hellip;]\" \/>\n<meta property=\"og:url\" content=\"https:\/\/easyoriginal.com\/en\/ilya-frank-wer-ist-das\/\" \/>\n<meta property=\"og:site_name\" content=\"EasyOriginal.com\" \/>\n<meta property=\"article:modified_time\" content=\"2022-09-12T10:26:04+00:00\" \/>\n<meta name=\"twitter:card\" content=\"summary_large_image\" \/>\n<script type=\"application\/ld+json\" class=\"yoast-schema-graph\">{\"@context\":\"https:\\\/\\\/schema.org\",\"@graph\":[{\"@type\":\"WebPage\",\"@id\":\"https:\\\/\\\/easyoriginal.com\\\/ilya-frank-wer-ist-das\\\/\",\"url\":\"https:\\\/\\\/easyoriginal.com\\\/ilya-frank-wer-ist-das\\\/\",\"name\":\"EasyOriginal.com - Ilya Frank - wer ist das?\",\"isPartOf\":{\"@id\":\"https:\\\/\\\/easyoriginal.com\\\/#website\"},\"datePublished\":\"2022-09-12T10:10:27+00:00\",\"dateModified\":\"2022-09-12T10:26:04+00:00\",\"breadcrumb\":{\"@id\":\"https:\\\/\\\/easyoriginal.com\\\/ilya-frank-wer-ist-das\\\/#breadcrumb\"},\"inLanguage\":\"en-GB\",\"potentialAction\":[{\"@type\":\"ReadAction\",\"target\":[\"https:\\\/\\\/easyoriginal.com\\\/ilya-frank-wer-ist-das\\\/\"]}]},{\"@type\":\"BreadcrumbList\",\"@id\":\"https:\\\/\\\/easyoriginal.com\\\/ilya-frank-wer-ist-das\\\/#breadcrumb\",\"itemListElement\":[{\"@type\":\"ListItem\",\"position\":1,\"name\":\"Startseite\",\"item\":\"https:\\\/\\\/easyoriginal.com\\\/\"},{\"@type\":\"ListItem\",\"position\":2,\"name\":\"Ilya Frank &#8211; wer ist das?\"}]},{\"@type\":\"WebSite\",\"@id\":\"https:\\\/\\\/easyoriginal.com\\\/#website\",\"url\":\"https:\\\/\\\/easyoriginal.com\\\/\",\"name\":\"EasyOriginal.com\",\"description\":\"Spa\u00df am Lesen im Original - Innovative Lesemethode f\u00fcr Fremdsprachen\",\"publisher\":{\"@id\":\"https:\\\/\\\/easyoriginal.com\\\/#organization\"},\"potentialAction\":[{\"@type\":\"SearchAction\",\"target\":{\"@type\":\"EntryPoint\",\"urlTemplate\":\"https:\\\/\\\/easyoriginal.com\\\/?s={search_term_string}\"},\"query-input\":{\"@type\":\"PropertyValueSpecification\",\"valueRequired\":true,\"valueName\":\"search_term_string\"}}],\"inLanguage\":\"en-GB\"},{\"@type\":\"Organization\",\"@id\":\"https:\\\/\\\/easyoriginal.com\\\/#organization\",\"name\":\"EasyOriginal Verlag\",\"url\":\"https:\\\/\\\/easyoriginal.com\\\/\",\"logo\":{\"@type\":\"ImageObject\",\"inLanguage\":\"en-GB\",\"@id\":\"https:\\\/\\\/easyoriginal.com\\\/#\\\/schema\\\/logo\\\/image\\\/\",\"url\":\"https:\\\/\\\/easyoriginal.com\\\/wp-content\\\/uploads\\\/2020\\\/08\\\/logo_main.png\",\"contentUrl\":\"https:\\\/\\\/easyoriginal.com\\\/wp-content\\\/uploads\\\/2020\\\/08\\\/logo_main.png\",\"width\":500,\"height\":103,\"caption\":\"EasyOriginal Verlag\"},\"image\":{\"@id\":\"https:\\\/\\\/easyoriginal.com\\\/#\\\/schema\\\/logo\\\/image\\\/\"}}]}<\/script>\n<!-- \/ Yoast SEO plugin. -->","yoast_head_json":{"title":"EasyOriginal.com - Ilya Frank - wer ist das?","robots":{"index":"index","follow":"follow","max-snippet":"max-snippet:-1","max-image-preview":"max-image-preview:large","max-video-preview":"max-video-preview:-1"},"canonical":"https:\/\/easyoriginal.com\/en\/ilya-frank-wer-ist-das\/","og_locale":"en_GB","og_type":"article","og_title":"EasyOriginal.com - Ilya Frank - wer ist das?","og_description":"Ilya Frank - wer ist das?Ilya Frank wurde 1963 in Moskau geboren. 1985 absolvierte er die philologische Fakult\u00e4t der Moskauer Staatlichen Universit\u00e4t mit einem Abschluss als Deutscher Philologe und Deutschlehrer. Er unterrichtete mehrere Jahre lang in der Schule, dann in Fremdsprachenkursen und auch als Professor an der Russischen Staatlichen Universit\u00e4t f\u00fcr Geisteswissenschaften. Seit 2001 werden [&hellip;]","og_url":"https:\/\/easyoriginal.com\/en\/ilya-frank-wer-ist-das\/","og_site_name":"EasyOriginal.com","article_modified_time":"2022-09-12T10:26:04+00:00","twitter_card":"summary_large_image","schema":{"@context":"https:\/\/schema.org","@graph":[{"@type":"WebPage","@id":"https:\/\/easyoriginal.com\/ilya-frank-wer-ist-das\/","url":"https:\/\/easyoriginal.com\/ilya-frank-wer-ist-das\/","name":"EasyOriginal.com - Ilya Frank - wer ist das?","isPartOf":{"@id":"https:\/\/easyoriginal.com\/#website"},"datePublished":"2022-09-12T10:10:27+00:00","dateModified":"2022-09-12T10:26:04+00:00","breadcrumb":{"@id":"https:\/\/easyoriginal.com\/ilya-frank-wer-ist-das\/#breadcrumb"},"inLanguage":"en-GB","potentialAction":[{"@type":"ReadAction","target":["https:\/\/easyoriginal.com\/ilya-frank-wer-ist-das\/"]}]},{"@type":"BreadcrumbList","@id":"https:\/\/easyoriginal.com\/ilya-frank-wer-ist-das\/#breadcrumb","itemListElement":[{"@type":"ListItem","position":1,"name":"Startseite","item":"https:\/\/easyoriginal.com\/"},{"@type":"ListItem","position":2,"name":"Ilya Frank &#8211; wer ist das?"}]},{"@type":"WebSite","@id":"https:\/\/easyoriginal.com\/#website","url":"https:\/\/easyoriginal.com\/","name":"EasyOriginal.com","description":"Spa\u00df am Lesen im Original - Innovative Lesemethode f\u00fcr Fremdsprachen","publisher":{"@id":"https:\/\/easyoriginal.com\/#organization"},"potentialAction":[{"@type":"SearchAction","target":{"@type":"EntryPoint","urlTemplate":"https:\/\/easyoriginal.com\/?s={search_term_string}"},"query-input":{"@type":"PropertyValueSpecification","valueRequired":true,"valueName":"search_term_string"}}],"inLanguage":"en-GB"},{"@type":"Organization","@id":"https:\/\/easyoriginal.com\/#organization","name":"EasyOriginal Verlag","url":"https:\/\/easyoriginal.com\/","logo":{"@type":"ImageObject","inLanguage":"en-GB","@id":"https:\/\/easyoriginal.com\/#\/schema\/logo\/image\/","url":"https:\/\/easyoriginal.com\/wp-content\/uploads\/2020\/08\/logo_main.png","contentUrl":"https:\/\/easyoriginal.com\/wp-content\/uploads\/2020\/08\/logo_main.png","width":500,"height":103,"caption":"EasyOriginal Verlag"},"image":{"@id":"https:\/\/easyoriginal.com\/#\/schema\/logo\/image\/"}}]}},"_links":{"self":[{"href":"https:\/\/easyoriginal.com\/en\/wp-json\/wp\/v2\/pages\/10323","targetHints":{"allow":["GET"]}}],"collection":[{"href":"https:\/\/easyoriginal.com\/en\/wp-json\/wp\/v2\/pages"}],"about":[{"href":"https:\/\/easyoriginal.com\/en\/wp-json\/wp\/v2\/types\/page"}],"author":[{"embeddable":true,"href":"https:\/\/easyoriginal.com\/en\/wp-json\/wp\/v2\/users\/1"}],"replies":[{"embeddable":true,"href":"https:\/\/easyoriginal.com\/en\/wp-json\/wp\/v2\/comments?post=10323"}],"version-history":[{"count":0,"href":"https:\/\/easyoriginal.com\/en\/wp-json\/wp\/v2\/pages\/10323\/revisions"}],"wp:attachment":[{"href":"https:\/\/easyoriginal.com\/en\/wp-json\/wp\/v2\/media?parent=10323"}],"curies":[{"name":"wp","href":"https:\/\/api.w.org\/{rel}","templated":true}]}}