{"id":10310,"date":"2022-09-12T11:44:10","date_gmt":"2022-09-12T09:44:10","guid":{"rendered":"https:\/\/easyoriginal.com\/?page_id=10310"},"modified":"2024-07-07T19:59:00","modified_gmt":"2024-07-07T17:59:00","slug":"wie-lese-ich-das-easyoriginal-buch","status":"publish","type":"page","link":"https:\/\/easyoriginal.com\/en\/wie-lese-ich-das-easyoriginal-buch\/","title":{"rendered":"Wie lese ich das easyOriginal Buch?"},"content":{"rendered":"<p>[et_pb_section fb_built=&#8220;1&#8243; admin_label=&#8220;section&#8220; _builder_version=&#8220;4.25.1&#8243; top_divider_style=&#8220;arrow2&#8243; top_divider_color=&#8220;#f9f5f1&#8243; global_colors_info=&#8220;{}&#8220;][et_pb_row admin_label=&#8220;row&#8220; _builder_version=&#8220;4.16&#8243; background_size=&#8220;initial&#8220; background_position=&#8220;top_left&#8220; background_repeat=&#8220;repeat&#8220; custom_padding=&#8220;117px|||||&#8220; global_colors_info=&#8220;{}&#8220;][et_pb_column type=&#8220;4_4&#8243; _builder_version=&#8220;4.16&#8243; custom_padding=&#8220;|||&#8220; global_colors_info=&#8220;{}&#8220; custom_padding__hover=&#8220;|||&#8220;][et_pb_text _builder_version=&#8220;4.18.0&#8243; _module_preset=&#8220;default&#8220; global_colors_info=&#8220;{}&#8220;]<\/p>\n<h1>Wie lese ich das easyOriginal Buch?<\/h1>\n<p>[\/et_pb_text][et_pb_text admin_label=&#8220;Text&#8220; _builder_version=&#8220;4.18.0&#8243; header_2_font=&#8220;|600|||||||&#8220; background_size=&#8220;initial&#8220; background_position=&#8220;top_left&#8220; background_repeat=&#8220;repeat&#8220; global_colors_info=&#8220;{}&#8220;]<\/p>\n<p>Liebe Leserinnen und Leser!<\/p>\n<p>Sie haben hier <strong>nicht<\/strong> das n\u00e4chste adaptierte Buch vor sich, das auf einer gek\u00fcrzten \u00a0und vereinfachten Fassung des Originaltexts basiert.<\/p>\n<p>Sondern vor allem ein <strong>interessantes Buch in einer Fremdsprache<\/strong>, das in der echten, &#8222;lebendigen&#8220; Sprache in der <strong>Originalfassung des Autors <\/strong>wiedergegeben wird.<\/p>\n<p>Sie m\u00fcssen sich \u00fcberhaupt nicht an einen Tisch setzen, um mit dem Unterricht zu beginnen. Dieses Buch kann <strong>\u00fcberall gelesen werden<\/strong> \u2013 zum Beispiel in der U-Bahn oder auf der Couch, wenn Sie sich nach der Arbeit ausruhen. Denn die Einzigartigkeit dieser Methode liegt gerade darin, dass Sie sich die fremdsprachigen Vokabeln ganz ohne Pauken und ohne zus\u00e4tzliches W\u00f6rterbuch schnell von selbst merken, einfach, weil sich diese im Text wiederholen.<\/p>\n<p>&nbsp;<\/p>\n<p><strong>Sie lesen ganz entspannt einen Originaltext und verstehen dabei jedes Wort und jeden Ausdruck ohne W\u00f6rterbuch!<\/strong><\/p>\n<p>Es gibt viele Klischees, wenn es darum geht, eine Fremdsprache zu erlernen: dass nur Menschen mit einem besonderen Talent oder bestimmten Vorkenntnissen (Zweit- oder Drittsprache usw.) eine neue Sprache lernen k\u00f6nnten, dass dies fast von der Wiege aus erfolgen sollte und vor allem, dass es im Allgemeinen eine schwierige und ziemlich m\u00fchsame Aufgabe ist.<\/p>\n<p>Das stimmt aber alles nicht! Die langj\u00e4hrige und erfolgreiche Anwendung von Ilya Franks Lesemethode beweist:<\/p>\n<p>&nbsp;<\/p>\n<p><strong>Jeder kann interessante B\u00fccher in einer Fremdsprache lesen!<\/strong><\/p>\n<p>Und das<\/p>\n<p><strong>In jeder Sprache<\/strong><\/p>\n<p><strong>In jedem Alter<\/strong><\/p>\n<p>und auch <strong>auf jedem Niveau<\/strong> (beginnend mit Anf\u00e4nger)!<\/p>\n<p>&nbsp;<\/p>\n<p>&nbsp;<\/p>\n<h2>Also, &#8222;wie geht das?&#8220;<\/h2>\n<p>Bitte \u00f6ffnen Sie eine Seite dieses Buches. Sie werden sehen, dass der Text in Abschnitte unterteilt ist. Zuerst kommt die angepasste Passage &#8211; ein Text mit einer w\u00f6rtlichen deutschen \u00dcbersetzung und einem kleinen lexikogrammatischen Kommentar. Dann folgt derselbe Text noch einmal, aber diesmal ohne \u00dcbersetzung und Kommentare.<\/p>\n<p>Wenn Sie die Fremdsprache erst seit Kurzem lernen, sollten Sie zuerst den kommentierten Text und daraufhin denselben Text ohne die Kommentare lesen. Wenn Sie die Bedeutung eines Wortes vergessen haben, aber Ihnen der Zusammenhang im Gro\u00dfen und Ganzen klar ist, dann m\u00fcssen Sie dieses Wort nicht extra im kommentierten Abschnitt heraussuchen. Sie werden diesem Wort wiederbegegnen. Der nicht-adaptierte Text dient dazu, dass Sie eine Zeit lang &#8211; wenn auch nur kurz &#8211; \u201eins kalte Wasser geworfen werden\u201c. Nachdem Sie den nicht-adaptierten Text gelesen haben, lesen Sie den darauffolgenden, angepassten Text. Zum Zweck der Wiederholung zur\u00fcckgehen brauchen Sie nicht! Lesen Sie einfach weiter.<\/p>\n<p>Mit diesem Buch k\u00f6nnen Sie auch Ihr H\u00f6rverst\u00e4ndnis trainieren\/verbessern.<\/p>\n<p>Das Buch enth\u00e4lt ein H\u00f6rbuch, das entsprechend der Adaptionsabschnitte in Fragmente aufgeteilt ist. Vor jedem Originaltextfragment finden Sie dessen Nummer.<\/p>\n<p>Zuerst wird die Flut an unbekannten W\u00f6rtern und Formen \u00fcberw\u00e4ltigend auf Sie wirken. Aber haben Sie keine Angst: niemand testet sie! Beim Lesen &#8222;beruhigt sich alles&#8220; (auch, wenn es erst bei der Mitte oder sogar gegen Ende des Buches passiert) \u00a0und Sie werden \u00fcberrascht sein: &#8222;Warum kommt schon wieder die \u00dcbersetzung und der Wortstamm \u2013 mir ist alles klar!&#8220; Wenn dieser Moment der \u201eKlarheit\u201c eintritt, k\u00f6nnen Sie das Gegenteil machen: Lesen Sie zuerst den nicht-adaptierten Teil und schauen Sie sich dann den adaptierten an. Diese Art zu lesen ist auch f\u00fcr jene empfehlenswert, die die Sprache bereits auf einem fortgeschrittenen Niveau beherrschen.<\/p>\n<p>Sprache ist von Natur aus ein Mittel zum Zweck, aber kein Selbstzweck. Deshalb wird eine neue Sprache nicht dann am besten aufgenommen, wenn \u201eeingepaukt\u201c wird, sondern wenn sie auf nat\u00fcrliche Weise verwendet wird &#8211; entweder in der Live-Kommunikation oder in Form einer unterhaltsamen Lekt\u00fcre. Damit lernt es sich von selbst.<\/p>\n<p>Vokabellernen\u00a0sollte\u00a0nicht langweiliges Auswendiglernen von W\u00f6rtern und Regeln bedeuten, sondern lebendig sein und auf vielen neuen Eindr\u00fccken basieren.\u00a0<\/p>\n<p>Anstatt ein Wort mehrmals zu wiederholen, ist es oft besser, dem Vokabel in verschiedenen Kombinationen und in verschiedenen semantischen Kontexten zu begegnen. Der Gro\u00dfteil des allgemeinen Wortschatzes bleibt Ihnen aufgrund der Textlekt\u00fcre auf eine nat\u00fcrliche Weise und ohne Pauken erhalten, weil der Wortschatz st\u00e4ndig wiederholt wird. Daher m\u00fcssen Sie nach dem Lesen des Textes nicht aktiv versuchen, sich W\u00f6rter daraus zu merken. \u201eIch mache nicht weiter, bevor ich das hier nicht kann\u201c &#8211; dieses Prinzip passt hier nicht. Je intensiver Sie lesen und je schneller Sie im Text vorankommen, desto besser f\u00fcr Sie. Auch wenn es seltsam klingt, in diesem Fall gilt: je oberfl\u00e4chlicher und je entspannter Sie lesen, desto besser. Denn dann erledigt die Menge an Stoff die Arbeit von alleine und die Menge f\u00fchrt schlie\u00dflich zu Qualit\u00e4t. Sie m\u00fcssen also nur lesen \u2013 denken Sie am besten gar nicht daran, dass Sie eine Fremdsprache erlernen wollen, sondern konzentrieren Sie sich einfach auf den Inhalt des Buches!<\/p>\n<p>Das Hauptproblem aller, die jahrelang eine Sprache lernen, ist, dass sie die Sprache sehr langsam erlernen und sich nicht voll darauf einlassen. In Wirklichkeit muss man eine \u00a0Sprache aber nicht so sehr erlernen, als sich daran gew\u00f6hnen. Beim Spracherwerb geht es weniger um rationales Verst\u00e4ndnis oder ein gutes Ged\u00e4chtnis als um praktische \u00dcbung. In diesem Sinne \u00e4hnelt das Erlernen einer Sprache dem Erlernen einer Sportart \u2013 auch sie muss st\u00e4ndig betrieben werden, um Ergebnisse zu erzielen. Wenn Sie kompletter Anf\u00e4nger sind und viel lesen, k\u00f6nnen Sie damit rechnen, innerhalb von drei bis vier Monaten eine neue Sprache fl\u00fcssig lesen zu k\u00f6nnen. Wenn Sie im Gegensatz dazu nur ab und zu pauken, qu\u00e4len Sie sich damit nur selbst und treten am Fleck. Sprache in diesem Sinne ist wie ein Eisberg &#8211; Sie m\u00fcssen ihn schnell erklimmen! Solange Sie es nicht bis zur Spitze schaffen, werden Sie immer wieder hinunterrollen. Wenn Sie einmal so weit sind, dass Sie frei lesen k\u00f6nnen, werden Sie diese F\u00e4higkeit nie wieder verlieren, auch wenn Sie erst Jahre sp\u00e4ter wieder in dieser Sprache lesen. Aber Sie sollten gleich von Beginn an aktiv lesen, um dieses K\u00f6nnen zu erwerben \u2013 ansonsten\u00a0besteht das Risiko, dass\u00a0alles Gelernte wieder verschwindet.\u00a0\u00a0<\/p>\n<p>Und was mit der Grammatik? Um einen derart kommentierten Text zu verstehen, sind keine ausf\u00fchrlichen Grammatikkenntnisse erforderlich \u2013 es wird alles von selbst klar. Bestimmte Formen tauchen immer wieder auf und die Grammatik wird auch intuitiv verstanden. Schlie\u00dflich lernen Menschen, die in eine neue Sprachumgebung gezogen sind, die Sprache auch oft einfach durch das Umfeld und ohne sich jemals mit Grammatik befasst zu haben. Dies soll Sie nicht von der Grammatik abhalten (Grammatik ist sehr interessant, befassen Sie sich ruhig damit). Aber Sie sollen nicht glauben, dass Sie mit dem Lesen dieses Buches nur anfangen k\u00f6nnen, wenn Sie alle Regeln und grammatischen Grundlagen kennen.<\/p>\n<p>Diese B\u00fccher helfen Ihnen, eine wichtige Barriere zu \u00fcberwinden: Sie gewinnen an Wortschatz, gew\u00f6hnen sich an die Logik der Sprache und sparen viel Zeit und M\u00fche.<\/p>\n<p>[\/et_pb_text][\/et_pb_column][\/et_pb_row][\/et_pb_section]<\/p>\n","protected":false},"excerpt":{"rendered":"<p>Wie lese ich das easyOriginal Buch?Liebe Leserinnen und Leser! Sie haben hier nicht das n\u00e4chste adaptierte Buch vor sich, das auf einer gek\u00fcrzten \u00a0und vereinfachten Fassung des Originaltexts basiert. Sondern vor allem ein interessantes Buch in einer Fremdsprache, das in der echten, &#8222;lebendigen&#8220; Sprache in der Originalfassung des Autors wiedergegeben wird. Sie m\u00fcssen sich \u00fcberhaupt [&hellip;]<\/p>\n","protected":false},"author":1,"featured_media":0,"parent":0,"menu_order":0,"comment_status":"closed","ping_status":"closed","template":"","meta":{"_acf_changed":false,"_et_pb_use_builder":"on","_et_pb_old_content":"","_et_gb_content_width":"","footnotes":""},"class_list":["post-10310","page","type-page","status-publish","hentry"],"acf":[],"yoast_head":"<!-- This site is optimized with the Yoast SEO plugin v27.3 - https:\/\/yoast.com\/product\/yoast-seo-wordpress\/ -->\n<title>EasyOriginal.com - Wie lese ich das easyOriginal Buch?<\/title>\n<meta name=\"robots\" content=\"index, follow, max-snippet:-1, max-image-preview:large, max-video-preview:-1\" \/>\n<link rel=\"canonical\" href=\"https:\/\/easyoriginal.com\/en\/wie-lese-ich-das-easyoriginal-buch\/\" \/>\n<meta property=\"og:locale\" content=\"en_GB\" \/>\n<meta property=\"og:type\" content=\"article\" \/>\n<meta property=\"og:title\" content=\"EasyOriginal.com - Wie lese ich das easyOriginal Buch?\" \/>\n<meta property=\"og:description\" content=\"Wie lese ich das easyOriginal Buch?Liebe Leserinnen und Leser! Sie haben hier nicht das n\u00e4chste adaptierte Buch vor sich, das auf einer gek\u00fcrzten \u00a0und vereinfachten Fassung des Originaltexts basiert. Sondern vor allem ein interessantes Buch in einer Fremdsprache, das in der echten, &quot;lebendigen&quot; Sprache in der Originalfassung des Autors wiedergegeben wird. Sie m\u00fcssen sich \u00fcberhaupt [&hellip;]\" \/>\n<meta property=\"og:url\" content=\"https:\/\/easyoriginal.com\/en\/wie-lese-ich-das-easyoriginal-buch\/\" \/>\n<meta property=\"og:site_name\" content=\"EasyOriginal.com\" \/>\n<meta property=\"article:modified_time\" content=\"2024-07-07T17:59:00+00:00\" \/>\n<meta name=\"twitter:card\" content=\"summary_large_image\" \/>\n<script type=\"application\/ld+json\" class=\"yoast-schema-graph\">{\"@context\":\"https:\\\/\\\/schema.org\",\"@graph\":[{\"@type\":\"WebPage\",\"@id\":\"https:\\\/\\\/easyoriginal.com\\\/wie-lese-ich-das-easyoriginal-buch\\\/\",\"url\":\"https:\\\/\\\/easyoriginal.com\\\/wie-lese-ich-das-easyoriginal-buch\\\/\",\"name\":\"EasyOriginal.com - Wie lese ich das easyOriginal Buch?\",\"isPartOf\":{\"@id\":\"https:\\\/\\\/easyoriginal.com\\\/#website\"},\"datePublished\":\"2022-09-12T09:44:10+00:00\",\"dateModified\":\"2024-07-07T17:59:00+00:00\",\"breadcrumb\":{\"@id\":\"https:\\\/\\\/easyoriginal.com\\\/wie-lese-ich-das-easyoriginal-buch\\\/#breadcrumb\"},\"inLanguage\":\"en-GB\",\"potentialAction\":[{\"@type\":\"ReadAction\",\"target\":[\"https:\\\/\\\/easyoriginal.com\\\/wie-lese-ich-das-easyoriginal-buch\\\/\"]}]},{\"@type\":\"BreadcrumbList\",\"@id\":\"https:\\\/\\\/easyoriginal.com\\\/wie-lese-ich-das-easyoriginal-buch\\\/#breadcrumb\",\"itemListElement\":[{\"@type\":\"ListItem\",\"position\":1,\"name\":\"Startseite\",\"item\":\"https:\\\/\\\/easyoriginal.com\\\/\"},{\"@type\":\"ListItem\",\"position\":2,\"name\":\"Wie lese ich das easyOriginal Buch?\"}]},{\"@type\":\"WebSite\",\"@id\":\"https:\\\/\\\/easyoriginal.com\\\/#website\",\"url\":\"https:\\\/\\\/easyoriginal.com\\\/\",\"name\":\"EasyOriginal.com\",\"description\":\"Spa\u00df am Lesen im Original - Innovative Lesemethode f\u00fcr Fremdsprachen\",\"publisher\":{\"@id\":\"https:\\\/\\\/easyoriginal.com\\\/#organization\"},\"potentialAction\":[{\"@type\":\"SearchAction\",\"target\":{\"@type\":\"EntryPoint\",\"urlTemplate\":\"https:\\\/\\\/easyoriginal.com\\\/?s={search_term_string}\"},\"query-input\":{\"@type\":\"PropertyValueSpecification\",\"valueRequired\":true,\"valueName\":\"search_term_string\"}}],\"inLanguage\":\"en-GB\"},{\"@type\":\"Organization\",\"@id\":\"https:\\\/\\\/easyoriginal.com\\\/#organization\",\"name\":\"EasyOriginal Verlag\",\"url\":\"https:\\\/\\\/easyoriginal.com\\\/\",\"logo\":{\"@type\":\"ImageObject\",\"inLanguage\":\"en-GB\",\"@id\":\"https:\\\/\\\/easyoriginal.com\\\/#\\\/schema\\\/logo\\\/image\\\/\",\"url\":\"https:\\\/\\\/easyoriginal.com\\\/wp-content\\\/uploads\\\/2020\\\/08\\\/logo_main.png\",\"contentUrl\":\"https:\\\/\\\/easyoriginal.com\\\/wp-content\\\/uploads\\\/2020\\\/08\\\/logo_main.png\",\"width\":500,\"height\":103,\"caption\":\"EasyOriginal Verlag\"},\"image\":{\"@id\":\"https:\\\/\\\/easyoriginal.com\\\/#\\\/schema\\\/logo\\\/image\\\/\"}}]}<\/script>\n<!-- \/ Yoast SEO plugin. -->","yoast_head_json":{"title":"EasyOriginal.com - Wie lese ich das easyOriginal Buch?","robots":{"index":"index","follow":"follow","max-snippet":"max-snippet:-1","max-image-preview":"max-image-preview:large","max-video-preview":"max-video-preview:-1"},"canonical":"https:\/\/easyoriginal.com\/en\/wie-lese-ich-das-easyoriginal-buch\/","og_locale":"en_GB","og_type":"article","og_title":"EasyOriginal.com - Wie lese ich das easyOriginal Buch?","og_description":"Wie lese ich das easyOriginal Buch?Liebe Leserinnen und Leser! Sie haben hier nicht das n\u00e4chste adaptierte Buch vor sich, das auf einer gek\u00fcrzten \u00a0und vereinfachten Fassung des Originaltexts basiert. Sondern vor allem ein interessantes Buch in einer Fremdsprache, das in der echten, \"lebendigen\" Sprache in der Originalfassung des Autors wiedergegeben wird. Sie m\u00fcssen sich \u00fcberhaupt [&hellip;]","og_url":"https:\/\/easyoriginal.com\/en\/wie-lese-ich-das-easyoriginal-buch\/","og_site_name":"EasyOriginal.com","article_modified_time":"2024-07-07T17:59:00+00:00","twitter_card":"summary_large_image","schema":{"@context":"https:\/\/schema.org","@graph":[{"@type":"WebPage","@id":"https:\/\/easyoriginal.com\/wie-lese-ich-das-easyoriginal-buch\/","url":"https:\/\/easyoriginal.com\/wie-lese-ich-das-easyoriginal-buch\/","name":"EasyOriginal.com - Wie lese ich das easyOriginal Buch?","isPartOf":{"@id":"https:\/\/easyoriginal.com\/#website"},"datePublished":"2022-09-12T09:44:10+00:00","dateModified":"2024-07-07T17:59:00+00:00","breadcrumb":{"@id":"https:\/\/easyoriginal.com\/wie-lese-ich-das-easyoriginal-buch\/#breadcrumb"},"inLanguage":"en-GB","potentialAction":[{"@type":"ReadAction","target":["https:\/\/easyoriginal.com\/wie-lese-ich-das-easyoriginal-buch\/"]}]},{"@type":"BreadcrumbList","@id":"https:\/\/easyoriginal.com\/wie-lese-ich-das-easyoriginal-buch\/#breadcrumb","itemListElement":[{"@type":"ListItem","position":1,"name":"Startseite","item":"https:\/\/easyoriginal.com\/"},{"@type":"ListItem","position":2,"name":"Wie lese ich das easyOriginal Buch?"}]},{"@type":"WebSite","@id":"https:\/\/easyoriginal.com\/#website","url":"https:\/\/easyoriginal.com\/","name":"EasyOriginal.com","description":"Spa\u00df am Lesen im Original - Innovative Lesemethode f\u00fcr Fremdsprachen","publisher":{"@id":"https:\/\/easyoriginal.com\/#organization"},"potentialAction":[{"@type":"SearchAction","target":{"@type":"EntryPoint","urlTemplate":"https:\/\/easyoriginal.com\/?s={search_term_string}"},"query-input":{"@type":"PropertyValueSpecification","valueRequired":true,"valueName":"search_term_string"}}],"inLanguage":"en-GB"},{"@type":"Organization","@id":"https:\/\/easyoriginal.com\/#organization","name":"EasyOriginal Verlag","url":"https:\/\/easyoriginal.com\/","logo":{"@type":"ImageObject","inLanguage":"en-GB","@id":"https:\/\/easyoriginal.com\/#\/schema\/logo\/image\/","url":"https:\/\/easyoriginal.com\/wp-content\/uploads\/2020\/08\/logo_main.png","contentUrl":"https:\/\/easyoriginal.com\/wp-content\/uploads\/2020\/08\/logo_main.png","width":500,"height":103,"caption":"EasyOriginal Verlag"},"image":{"@id":"https:\/\/easyoriginal.com\/#\/schema\/logo\/image\/"}}]}},"_links":{"self":[{"href":"https:\/\/easyoriginal.com\/en\/wp-json\/wp\/v2\/pages\/10310","targetHints":{"allow":["GET"]}}],"collection":[{"href":"https:\/\/easyoriginal.com\/en\/wp-json\/wp\/v2\/pages"}],"about":[{"href":"https:\/\/easyoriginal.com\/en\/wp-json\/wp\/v2\/types\/page"}],"author":[{"embeddable":true,"href":"https:\/\/easyoriginal.com\/en\/wp-json\/wp\/v2\/users\/1"}],"replies":[{"embeddable":true,"href":"https:\/\/easyoriginal.com\/en\/wp-json\/wp\/v2\/comments?post=10310"}],"version-history":[{"count":2,"href":"https:\/\/easyoriginal.com\/en\/wp-json\/wp\/v2\/pages\/10310\/revisions"}],"predecessor-version":[{"id":13721,"href":"https:\/\/easyoriginal.com\/en\/wp-json\/wp\/v2\/pages\/10310\/revisions\/13721"}],"wp:attachment":[{"href":"https:\/\/easyoriginal.com\/en\/wp-json\/wp\/v2\/media?parent=10310"}],"curies":[{"name":"wp","href":"https:\/\/api.w.org\/{rel}","templated":true}]}}